{"id":2576,"date":"2025-11-19T19:00:11","date_gmt":"2025-11-19T19:00:11","guid":{"rendered":"https:\/\/dev.batima.ch\/soluzioni\/partner\/"},"modified":"2026-03-09T17:55:15","modified_gmt":"2026-03-09T17:55:15","slug":"partner","status":"publish","type":"page","link":"https:\/\/batima.ch\/it\/soluzioni\/partner\/","title":{"rendered":"PARTNER"},"content":{"rendered":"\t\t<div data-elementor-type=\"wp-post\" data-elementor-id=\"2576\" class=\"elementor elementor-2576 elementor-59\" data-elementor-post-type=\"page\">\n\t\t\t\t<div class=\"elementor-element elementor-element-7bd0dc2 e-con-full e-flex e-con e-parent\" data-id=\"7bd0dc2\" data-element_type=\"container\" data-settings=\"{&quot;background_background&quot;:&quot;classic&quot;}\">\n\t\t\t\t<div class=\"elementor-element elementor-element-46ad4ac elementor-hidden-desktop elementor-hidden-tablet elementor-hidden-mobile elementor-invisible elementor-widget elementor-widget-text-editor\" data-id=\"46ad4ac\" data-element_type=\"widget\" data-settings=\"{&quot;_animation&quot;:&quot;fadeInLeft&quot;}\" data-widget_type=\"text-editor.default\">\n\t\t\t\t\t\t\t\t\t<p>PARTNER DI RIFERIMENTO<\/p>\t\t\t\t\t\t\t\t<\/div>\n\t\t<div class=\"elementor-element elementor-element-6d8e548 e-con-full elementor-hidden-desktop elementor-hidden-tablet elementor-hidden-mobile e-flex e-con e-child\" data-id=\"6d8e548\" data-element_type=\"container\">\n\t\t<div class=\"elementor-element elementor-element-96ad801 e-con-full e-flex e-con e-child\" data-id=\"96ad801\" data-element_type=\"container\">\n\t\t\t\t<div class=\"elementor-element elementor-element-4482d27 elementor-invisible elementor-widget elementor-widget-text-editor\" data-id=\"4482d27\" data-element_type=\"widget\" data-settings=\"{&quot;_animation&quot;:&quot;fadeInLeft&quot;}\" data-widget_type=\"text-editor.default\">\n\t\t\t\t\t\t\t\t\t<h5 data-start=\"798\" data-end=\"826\"><strong data-start=\"802\" data-end=\"826\">AGENZIE <\/strong><strong data-start=\"802\" data-end=\"826\">IMMOBILIARE<\/strong><\/h5><p data-start=\"827\" data-end=\"866\">Nome dell&#8217;agenzia<br data-start=\"842\" data-end=\"845\"><a class=\"decorated-link cursor-pointer\" rel=\"noopener\" data-start=\"845\" data-end=\"864\">contact@exemple.com<\/a><\/p><p data-start=\"868\" data-end=\"907\">Nome dell&#8217;agenzia<br data-start=\"883\" data-end=\"886\"><a class=\"decorated-link cursor-pointer\" rel=\"noopener\" data-start=\"886\" data-end=\"905\">contact@exemple.com<\/a><\/p><p data-start=\"909\" data-end=\"948\">Nome dell&#8217;agenzia<br data-start=\"924\" data-end=\"927\"><a class=\"decorated-link cursor-pointer\" rel=\"noopener\" data-start=\"927\" data-end=\"946\">contact@exemple.com<\/a><\/p><p data-start=\"950\" data-end=\"989\">Nome dell&#8217;agenzia<br data-start=\"965\" data-end=\"968\"><a class=\"decorated-link cursor-pointer\" rel=\"noopener\" data-start=\"968\" data-end=\"987\">contact@exemple.com<\/a><\/p><p data-start=\"991\" data-end=\"1030\">Nome dell&#8217;agenzia<br data-start=\"1006\" data-end=\"1009\"><a class=\"decorated-link cursor-pointer\" rel=\"noopener\" data-start=\"1009\" data-end=\"1028\">contact@exemple.com<\/a><\/p><p data-start=\"1032\" data-end=\"1071\">Nome dell&#8217;agenzia<br data-start=\"1047\" data-end=\"1050\"><a class=\"decorated-link cursor-pointer\" rel=\"noopener\" data-start=\"1050\" data-end=\"1069\">contact@exemple.com<\/a><\/p><h3 data-start=\"1078\" data-end=\"1094\"> <\/h3><h5 data-start=\"1078\" data-end=\"1094\"><strong data-start=\"1082\" data-end=\"1094\">NOTARI<\/strong><\/h5><p data-start=\"1095\" data-end=\"1133\">Nome del notaio<br data-start=\"1109\" data-end=\"1112\"><a class=\"decorated-link cursor-pointer\" rel=\"noopener\" data-start=\"1112\" data-end=\"1131\">contact@exemple.com<\/a><\/p><h3 data-start=\"1140\" data-end=\"1155\"> <\/h3><h5 data-start=\"1140\" data-end=\"1155\"><strong data-start=\"1144\" data-end=\"1155\">AVVOCATI<\/strong><\/h5><p data-start=\"1156\" data-end=\"1194\">Nome dell&#8217;azienda<br data-start=\"1170\" data-end=\"1173\"><a class=\"decorated-link cursor-pointer\" rel=\"noopener\" data-start=\"1173\" data-end=\"1192\">contact@exemple.com<\/a><\/p><p data-start=\"1196\" data-end=\"1234\">Nome dell&#8217;azienda<br data-start=\"1210\" data-end=\"1213\"><a class=\"decorated-link cursor-pointer\" rel=\"noopener\" data-start=\"1213\" data-end=\"1232\">contact@exemple.com<\/a><\/p><p data-start=\"1236\" data-end=\"1274\">Nome dell&#8217;azienda<br data-start=\"1250\" data-end=\"1253\"><a class=\"decorated-link cursor-pointer\" rel=\"noopener\" data-start=\"1253\" data-end=\"1272\">contact@exemple.com<\/a><\/p><p data-start=\"1276\" data-end=\"1314\">Nome dell&#8217;azienda<br data-start=\"1290\" data-end=\"1293\"><a class=\"decorated-link cursor-pointer\" rel=\"noopener\" data-start=\"1293\" data-end=\"1312\">contact@exemple.com<\/a><\/p><p data-start=\"1316\" data-end=\"1354\">Nome dell&#8217;azienda<br data-start=\"1330\" data-end=\"1333\"><a class=\"decorated-link cursor-pointer\" rel=\"noopener\" data-start=\"1333\" data-end=\"1352\">contact@exemple.com<\/a><\/p>\t\t\t\t\t\t\t\t<\/div>\n\t\t\t\t<\/div>\n\t\t<div class=\"elementor-element elementor-element-6bafdb0 e-con-full e-flex e-con e-child\" data-id=\"6bafdb0\" data-element_type=\"container\">\n\t\t\t\t<div class=\"elementor-element elementor-element-6c1eaed elementor-invisible elementor-widget elementor-widget-text-editor\" data-id=\"6c1eaed\" data-element_type=\"widget\" data-settings=\"{&quot;_animation&quot;:&quot;fadeInRight&quot;}\" data-widget_type=\"text-editor.default\">\n\t\t\t\t\t\t\t\t\t<h5 data-start=\"202\" data-end=\"221\"><strong data-start=\"206\" data-end=\"221\">ARCHITETTI<\/strong><\/h5><p data-start=\"222\" data-end=\"271\">Nome del partner &#8211; Citt\u00e0<br data-start=\"247\" data-end=\"250\"><a class=\"decorated-link cursor-pointer\" rel=\"noopener\" data-start=\"250\" data-end=\"269\">contact@exemple.com<\/a><\/p><p data-start=\"273\" data-end=\"322\">Nome del partner &#8211; Citt\u00e0<br data-start=\"298\" data-end=\"301\"><a class=\"decorated-link cursor-pointer\" rel=\"noopener\" data-start=\"301\" data-end=\"320\">contact@exemple.com<\/a><\/p><p data-start=\"324\" data-end=\"373\">Nome del partner &#8211; Citt\u00e0<br data-start=\"349\" data-end=\"352\"><a class=\"decorated-link cursor-pointer\" rel=\"noopener\" data-start=\"352\" data-end=\"371\">contact@exemple.com<\/a><\/p><p data-start=\"375\" data-end=\"424\">Nome del partner &#8211; Citt\u00e0<br data-start=\"400\" data-end=\"403\"><a class=\"decorated-link cursor-pointer\" rel=\"noopener\" data-start=\"403\" data-end=\"422\">contact@exemple.com<\/a><\/p><p data-start=\"426\" data-end=\"445\">Nome del partner<\/p><h3 data-start=\"452\" data-end=\"470\"> <\/h3><h5 data-start=\"452\" data-end=\"470\"><strong data-start=\"456\" data-end=\"470\">INGEGNERI<\/strong><\/h5><p data-start=\"471\" data-end=\"520\">Nome del partner &#8211; Citt\u00e0<br data-start=\"496\" data-end=\"499\"><a class=\"decorated-link cursor-pointer\" rel=\"noopener\" data-start=\"499\" data-end=\"518\">contact@exemple.com<\/a><\/p><p data-start=\"522\" data-end=\"571\">Nome del partner &#8211; Citt\u00e0<br data-start=\"547\" data-end=\"550\"><a class=\"decorated-link cursor-pointer\" rel=\"noopener\" data-start=\"550\" data-end=\"569\">contact@exemple.com<\/a><\/p><p data-start=\"573\" data-end=\"622\">Nome del partner &#8211; Citt\u00e0<br data-start=\"598\" data-end=\"601\"><a class=\"decorated-link cursor-pointer\" rel=\"noopener\" data-start=\"601\" data-end=\"620\">contact@exemple.com<\/a><\/p><p data-start=\"624\" data-end=\"673\">Nome del partner &#8211; Citt\u00e0<br data-start=\"649\" data-end=\"652\"><a class=\"decorated-link cursor-pointer\" rel=\"noopener\" data-start=\"652\" data-end=\"671\">contact@exemple.com<\/a><\/p><h3 data-start=\"680\" data-end=\"700\"> <\/h3><h5 data-start=\"680\" data-end=\"700\"><strong data-start=\"684\" data-end=\"700\">ISTITUZIONI<\/strong><\/h5><p data-start=\"701\" data-end=\"745\">Nome dell&#8217;istituto<br data-start=\"721\" data-end=\"724\"><a class=\"decorated-link cursor-pointer\" rel=\"noopener\" data-start=\"724\" data-end=\"743\">contact@exemple.com<\/a><\/p><p data-start=\"747\" data-end=\"791\">Nome dell&#8217;istituto<br data-start=\"767\" data-end=\"770\"><a class=\"decorated-link cursor-pointer\" rel=\"noopener\" data-start=\"770\" data-end=\"789\">contact@exemple.com<\/a><\/p><h3 data-start=\"798\" data-end=\"826\"> <\/h3><p data-start=\"1316\" data-end=\"1354\"> <\/p>\t\t\t\t\t\t\t\t<\/div>\n\t\t\t\t<\/div>\n\t\t\t\t<\/div>\n\t\t\t\t<div class=\"elementor-element elementor-element-a15834c elementor-widget elementor-widget-text-editor\" data-id=\"a15834c\" data-element_type=\"widget\" data-widget_type=\"text-editor.default\">\n\t\t\t\t\t\t\t\t\t<p>PROSSIMAMENTE<\/p>\t\t\t\t\t\t\t\t<\/div>\n\t\t\t\t<\/div>\n\t\t\t\t<\/div>\n\t\t","protected":false},"excerpt":{"rendered":"<p>PARTNER DI RIFERIMENTO AGENZIE IMMOBILIARE Nome dell&#8217;agenziacontact@exemple.com Nome dell&#8217;agenziacontact@exemple.com Nome dell&#8217;agenziacontact@exemple.com Nome dell&#8217;agenziacontact@exemple.com Nome dell&#8217;agenziacontact@exemple.com Nome dell&#8217;agenziacontact@exemple.com NOTARI Nome del notaiocontact@exemple.com AVVOCATI Nome dell&#8217;aziendacontact@exemple.com Nome dell&#8217;aziendacontact@exemple.com Nome dell&#8217;aziendacontact@exemple.com Nome dell&#8217;aziendacontact@exemple.com Nome dell&#8217;aziendacontact@exemple.com ARCHITETTI Nome del partner &#8211; Citt\u00e0contact@exemple.com Nome del partner &#8211; Citt\u00e0contact@exemple.com Nome del partner &#8211; Citt\u00e0contact@exemple.com Nome del partner &#8211; Citt\u00e0contact@exemple.com Nome del [&hellip;]<\/p>\n","protected":false},"author":1,"featured_media":0,"parent":2462,"menu_order":0,"comment_status":"closed","ping_status":"closed","template":"","meta":{"footnotes":""},"class_list":["post-2576","page","type-page","status-publish","hentry"],"yoast_head":"<!-- This site is optimized with the Yoast SEO plugin v27.4 - https:\/\/yoast.com\/product\/yoast-seo-wordpress\/ -->\n<title>PARTNER - batima.ch<\/title>\n<meta name=\"robots\" content=\"index, follow, max-snippet:-1, max-image-preview:large, max-video-preview:-1\" \/>\n<link rel=\"canonical\" href=\"https:\/\/batima.ch\/it\/soluzioni\/partner\/\" \/>\n<meta property=\"og:locale\" content=\"it_IT\" \/>\n<meta property=\"og:type\" content=\"article\" \/>\n<meta property=\"og:title\" content=\"PARTNER - batima.ch\" \/>\n<meta property=\"og:description\" content=\"PARTNER DI RIFERIMENTO AGENZIE IMMOBILIARE Nome dell&#8217;agenziacontact@exemple.com Nome dell&#8217;agenziacontact@exemple.com Nome dell&#8217;agenziacontact@exemple.com Nome dell&#8217;agenziacontact@exemple.com Nome dell&#8217;agenziacontact@exemple.com Nome dell&#8217;agenziacontact@exemple.com NOTARI Nome del notaiocontact@exemple.com AVVOCATI Nome dell&#8217;aziendacontact@exemple.com Nome dell&#8217;aziendacontact@exemple.com Nome dell&#8217;aziendacontact@exemple.com Nome dell&#8217;aziendacontact@exemple.com Nome dell&#8217;aziendacontact@exemple.com ARCHITETTI Nome del partner &#8211; Citt\u00e0contact@exemple.com Nome del partner &#8211; Citt\u00e0contact@exemple.com Nome del partner &#8211; Citt\u00e0contact@exemple.com Nome del partner &#8211; Citt\u00e0contact@exemple.com Nome del [&hellip;]\" \/>\n<meta property=\"og:url\" content=\"https:\/\/batima.ch\/it\/soluzioni\/partner\/\" \/>\n<meta property=\"og:site_name\" content=\"batima.ch\" \/>\n<meta property=\"article:modified_time\" content=\"2026-03-09T17:55:15+00:00\" \/>\n<meta name=\"twitter:card\" content=\"summary_large_image\" \/>\n<meta name=\"twitter:label1\" content=\"Tempo di lettura stimato\" \/>\n\t<meta name=\"twitter:data1\" content=\"1 minuto\" \/>\n<script type=\"application\/ld+json\" class=\"yoast-schema-graph\">{\"@context\":\"https:\\\/\\\/schema.org\",\"@graph\":[{\"@type\":\"WebPage\",\"@id\":\"https:\\\/\\\/batima.ch\\\/it\\\/soluzioni\\\/partner\\\/\",\"url\":\"https:\\\/\\\/batima.ch\\\/it\\\/soluzioni\\\/partner\\\/\",\"name\":\"PARTNER - batima.ch\",\"isPartOf\":{\"@id\":\"https:\\\/\\\/batima.ch\\\/it\\\/#website\"},\"datePublished\":\"2025-11-19T19:00:11+00:00\",\"dateModified\":\"2026-03-09T17:55:15+00:00\",\"breadcrumb\":{\"@id\":\"https:\\\/\\\/batima.ch\\\/it\\\/soluzioni\\\/partner\\\/#breadcrumb\"},\"inLanguage\":\"it-IT\",\"potentialAction\":[{\"@type\":\"ReadAction\",\"target\":[\"https:\\\/\\\/batima.ch\\\/it\\\/soluzioni\\\/partner\\\/\"]}]},{\"@type\":\"BreadcrumbList\",\"@id\":\"https:\\\/\\\/batima.ch\\\/it\\\/soluzioni\\\/partner\\\/#breadcrumb\",\"itemListElement\":[{\"@type\":\"ListItem\",\"position\":1,\"name\":\"Home\",\"item\":\"https:\\\/\\\/batima.ch\\\/it\\\/casa\\\/\"},{\"@type\":\"ListItem\",\"position\":2,\"name\":\"SOLUZIONI\",\"item\":\"https:\\\/\\\/batima.ch\\\/it\\\/solutions\\\/\"},{\"@type\":\"ListItem\",\"position\":3,\"name\":\"PARTNER\"}]},{\"@type\":\"WebSite\",\"@id\":\"https:\\\/\\\/batima.ch\\\/it\\\/#website\",\"url\":\"https:\\\/\\\/batima.ch\\\/it\\\/\",\"name\":\"batima.ch\",\"description\":\"\",\"publisher\":{\"@id\":\"https:\\\/\\\/batima.ch\\\/it\\\/#organization\"},\"potentialAction\":[{\"@type\":\"SearchAction\",\"target\":{\"@type\":\"EntryPoint\",\"urlTemplate\":\"https:\\\/\\\/batima.ch\\\/it\\\/?s={search_term_string}\"},\"query-input\":{\"@type\":\"PropertyValueSpecification\",\"valueRequired\":true,\"valueName\":\"search_term_string\"}}],\"inLanguage\":\"it-IT\"},{\"@type\":\"Organization\",\"@id\":\"https:\\\/\\\/batima.ch\\\/it\\\/#organization\",\"name\":\"Batima S.A\",\"url\":\"https:\\\/\\\/batima.ch\\\/it\\\/\",\"logo\":{\"@type\":\"ImageObject\",\"inLanguage\":\"it-IT\",\"@id\":\"https:\\\/\\\/batima.ch\\\/it\\\/#\\\/schema\\\/logo\\\/image\\\/\",\"url\":\"https:\\\/\\\/batima.ch\\\/wp-content\\\/uploads\\\/2025\\\/11\\\/Asset-22.svg\",\"contentUrl\":\"https:\\\/\\\/batima.ch\\\/wp-content\\\/uploads\\\/2025\\\/11\\\/Asset-22.svg\",\"width\":733,\"height\":185,\"caption\":\"Batima S.A\"},\"image\":{\"@id\":\"https:\\\/\\\/batima.ch\\\/it\\\/#\\\/schema\\\/logo\\\/image\\\/\"},\"sameAs\":[\"https:\\\/\\\/www.instagram.com\\\/groupebatima\\\/\"]}]}<\/script>\n<!-- \/ Yoast SEO plugin. -->","yoast_head_json":{"title":"PARTNER - batima.ch","robots":{"index":"index","follow":"follow","max-snippet":"max-snippet:-1","max-image-preview":"max-image-preview:large","max-video-preview":"max-video-preview:-1"},"canonical":"https:\/\/batima.ch\/it\/soluzioni\/partner\/","og_locale":"it_IT","og_type":"article","og_title":"PARTNER - batima.ch","og_description":"PARTNER DI RIFERIMENTO AGENZIE IMMOBILIARE Nome dell&#8217;agenziacontact@exemple.com Nome dell&#8217;agenziacontact@exemple.com Nome dell&#8217;agenziacontact@exemple.com Nome dell&#8217;agenziacontact@exemple.com Nome dell&#8217;agenziacontact@exemple.com Nome dell&#8217;agenziacontact@exemple.com NOTARI Nome del notaiocontact@exemple.com AVVOCATI Nome dell&#8217;aziendacontact@exemple.com Nome dell&#8217;aziendacontact@exemple.com Nome dell&#8217;aziendacontact@exemple.com Nome dell&#8217;aziendacontact@exemple.com Nome dell&#8217;aziendacontact@exemple.com ARCHITETTI Nome del partner &#8211; Citt\u00e0contact@exemple.com Nome del partner &#8211; Citt\u00e0contact@exemple.com Nome del partner &#8211; Citt\u00e0contact@exemple.com Nome del partner &#8211; Citt\u00e0contact@exemple.com Nome del [&hellip;]","og_url":"https:\/\/batima.ch\/it\/soluzioni\/partner\/","og_site_name":"batima.ch","article_modified_time":"2026-03-09T17:55:15+00:00","twitter_card":"summary_large_image","twitter_misc":{"Tempo di lettura stimato":"1 minuto"},"schema":{"@context":"https:\/\/schema.org","@graph":[{"@type":"WebPage","@id":"https:\/\/batima.ch\/it\/soluzioni\/partner\/","url":"https:\/\/batima.ch\/it\/soluzioni\/partner\/","name":"PARTNER - batima.ch","isPartOf":{"@id":"https:\/\/batima.ch\/it\/#website"},"datePublished":"2025-11-19T19:00:11+00:00","dateModified":"2026-03-09T17:55:15+00:00","breadcrumb":{"@id":"https:\/\/batima.ch\/it\/soluzioni\/partner\/#breadcrumb"},"inLanguage":"it-IT","potentialAction":[{"@type":"ReadAction","target":["https:\/\/batima.ch\/it\/soluzioni\/partner\/"]}]},{"@type":"BreadcrumbList","@id":"https:\/\/batima.ch\/it\/soluzioni\/partner\/#breadcrumb","itemListElement":[{"@type":"ListItem","position":1,"name":"Home","item":"https:\/\/batima.ch\/it\/casa\/"},{"@type":"ListItem","position":2,"name":"SOLUZIONI","item":"https:\/\/batima.ch\/it\/solutions\/"},{"@type":"ListItem","position":3,"name":"PARTNER"}]},{"@type":"WebSite","@id":"https:\/\/batima.ch\/it\/#website","url":"https:\/\/batima.ch\/it\/","name":"batima.ch","description":"","publisher":{"@id":"https:\/\/batima.ch\/it\/#organization"},"potentialAction":[{"@type":"SearchAction","target":{"@type":"EntryPoint","urlTemplate":"https:\/\/batima.ch\/it\/?s={search_term_string}"},"query-input":{"@type":"PropertyValueSpecification","valueRequired":true,"valueName":"search_term_string"}}],"inLanguage":"it-IT"},{"@type":"Organization","@id":"https:\/\/batima.ch\/it\/#organization","name":"Batima S.A","url":"https:\/\/batima.ch\/it\/","logo":{"@type":"ImageObject","inLanguage":"it-IT","@id":"https:\/\/batima.ch\/it\/#\/schema\/logo\/image\/","url":"https:\/\/batima.ch\/wp-content\/uploads\/2025\/11\/Asset-22.svg","contentUrl":"https:\/\/batima.ch\/wp-content\/uploads\/2025\/11\/Asset-22.svg","width":733,"height":185,"caption":"Batima S.A"},"image":{"@id":"https:\/\/batima.ch\/it\/#\/schema\/logo\/image\/"},"sameAs":["https:\/\/www.instagram.com\/groupebatima\/"]}]}},"_links":{"self":[{"href":"https:\/\/batima.ch\/it\/wp-json\/wp\/v2\/pages\/2576","targetHints":{"allow":["GET"]}}],"collection":[{"href":"https:\/\/batima.ch\/it\/wp-json\/wp\/v2\/pages"}],"about":[{"href":"https:\/\/batima.ch\/it\/wp-json\/wp\/v2\/types\/page"}],"author":[{"embeddable":true,"href":"https:\/\/batima.ch\/it\/wp-json\/wp\/v2\/users\/1"}],"replies":[{"embeddable":true,"href":"https:\/\/batima.ch\/it\/wp-json\/wp\/v2\/comments?post=2576"}],"version-history":[{"count":1,"href":"https:\/\/batima.ch\/it\/wp-json\/wp\/v2\/pages\/2576\/revisions"}],"predecessor-version":[{"id":3125,"href":"https:\/\/batima.ch\/it\/wp-json\/wp\/v2\/pages\/2576\/revisions\/3125"}],"up":[{"embeddable":true,"href":"https:\/\/batima.ch\/it\/wp-json\/wp\/v2\/pages\/2462"}],"wp:attachment":[{"href":"https:\/\/batima.ch\/it\/wp-json\/wp\/v2\/media?parent=2576"}],"curies":[{"name":"wp","href":"https:\/\/api.w.org\/{rel}","templated":true}]}}