{"id":2565,"date":"2025-11-19T19:00:11","date_gmt":"2025-11-19T19:00:11","guid":{"rendered":"https:\/\/dev.batima.ch\/legacia\/storia-della-famiglia\/"},"modified":"2026-04-14T13:08:26","modified_gmt":"2026-04-14T13:08:26","slug":"storia-della-famiglia","status":"publish","type":"page","link":"https:\/\/batima.ch\/it\/legacia\/storia-della-famiglia\/","title":{"rendered":"STORIA DELLA FAMIGLIA"},"content":{"rendered":"\t\t<div data-elementor-type=\"wp-post\" data-elementor-id=\"2565\" class=\"elementor elementor-2565 elementor-61\" data-elementor-post-type=\"page\">\n\t\t\t\t<div class=\"elementor-element elementor-element-ec1e72d e-flex e-con-boxed e-con e-parent\" data-id=\"ec1e72d\" data-element_type=\"container\">\n\t\t\t\t\t<div class=\"e-con-inner\">\n\t\t<div class=\"elementor-element elementor-element-8b6b47d e-con-full e-flex e-con e-child\" data-id=\"8b6b47d\" data-element_type=\"container\">\n\t\t\t\t<div class=\"elementor-element elementor-element-9a7207f elementor-invisible elementor-widget elementor-widget-heading\" data-id=\"9a7207f\" data-element_type=\"widget\" data-settings=\"{&quot;_animation&quot;:&quot;fadeInLeft&quot;}\" data-widget_type=\"heading.default\">\n\t\t\t\t\t<h2 class=\"elementor-heading-title elementor-size-default\">UNA STORIA DI FAMIGLIA<br><\/h2>\t\t\t\t<\/div>\n\t\t<div class=\"elementor-element elementor-element-f10a09c e-con-full e-flex e-con e-child\" data-id=\"f10a09c\" data-element_type=\"container\">\n\t\t\t\t<div class=\"elementor-element elementor-element-7620143 elementor-invisible elementor-widget elementor-widget-text-editor\" data-id=\"7620143\" data-element_type=\"widget\" data-settings=\"{&quot;_animation&quot;:&quot;fadeInLeft&quot;}\" data-widget_type=\"text-editor.default\">\n\t\t\t\t\t\t\t\t\t<p>Nel 1965 Gabriel Aknin fond\u00f2 Batima con l&#8217;intento di mettere al passo con i tempi lo sviluppo immobiliare, allora in piena trasformazione. I suoi primi progetti, che combinavano <strong>inventiva, creativit\u00e0, agilit\u00e0 imprenditoriale e riflessione sociologica<\/strong>, hanno rafforzato una reputazione che si \u00e8 costruita nel corso degli anni attraverso progetti su larga scala. <\/p><p>Per oltre 25 anni, i suoi due figli, Yves e Gilles Aknin, hanno fatto s\u00ec che questa visione, in sintonia con le esigenze del mercato, venisse mantenuta, nell&#8217;ambito di un processo di miglioramento continuo.<\/p>\t\t\t\t\t\t\t\t<\/div>\n\t\t\t\t<\/div>\n\t\t\t\t<div class=\"elementor-element elementor-element-237f3d1 elementor-widget elementor-widget-image\" data-id=\"237f3d1\" data-element_type=\"widget\" data-widget_type=\"image.default\">\n\t\t\t\t\t\t\t\t\t\t\t\t\t\t\t<img decoding=\"async\" src=\"https:\/\/batima.ch\/wp-content\/uploads\/2025\/12\/Asset-5.jpg\" title=\"\" alt=\"\" loading=\"lazy\" \/>\t\t\t\t\t\t\t\t\t\t\t\t\t\t\t<\/div>\n\t\t\t\t<\/div>\n\t\t<div class=\"elementor-element elementor-element-0d6bc7e e-con-full e-flex e-con e-child\" data-id=\"0d6bc7e\" data-element_type=\"container\" data-settings=\"{&quot;background_background&quot;:&quot;classic&quot;}\">\n\t\t\t\t<div class=\"elementor-element elementor-element-ea667d2 elementor-hidden-desktop elementor-hidden-tablet elementor-widget elementor-widget-heading\" data-id=\"ea667d2\" data-element_type=\"widget\" data-widget_type=\"heading.default\">\n\t\t\t\t\t<h2 class=\"elementor-heading-title elementor-size-default\">61 ANNI<br>PASSIONE<br>IMMOBILIARE<br>DA PADRE IN FIGLIO<\/h2>\t\t\t\t<\/div>\n\t\t\t\t<div class=\"elementor-element elementor-element-7572416 elementor-hidden-mobile elementor-widget elementor-widget-heading\" data-id=\"7572416\" data-element_type=\"widget\" data-widget_type=\"heading.default\">\n\t\t\t\t\t<h2 class=\"elementor-heading-title elementor-size-default\">61 ANNI<br>PASSIONE<br>IMMOBILIARE<br>DA PADRE IN FIGLIO<\/h2>\t\t\t\t<\/div>\n\t\t\t\t<\/div>\n\t\t\t\t\t<\/div>\n\t\t\t\t<\/div>\n\t\t<div class=\"elementor-element elementor-element-2ae63c2 e-flex e-con-boxed e-con e-parent\" data-id=\"2ae63c2\" data-element_type=\"container\">\n\t\t\t\t\t<div class=\"e-con-inner\">\n\t\t\t\t<div class=\"elementor-element elementor-element-79127b9 elementor-align-center elementor-widget elementor-widget-button\" data-id=\"79127b9\" data-element_type=\"widget\" data-widget_type=\"button.default\">\n\t\t\t\t\t\t\t\t\t\t<a class=\"elementor-button elementor-button-link elementor-size-sm\" href=\"https:\/\/batima.ch\/wp-content\/uploads\/2026\/02\/BATIMA_Histoire-de-famille.pdf\" target=\"_blank\">\n\t\t\t\t\t\t<span class=\"elementor-button-content-wrapper\">\n\t\t\t\t\t\t\t\t\t<span class=\"elementor-button-text\">SCARICA LA BROCHURE<\/span>\n\t\t\t\t\t<\/span>\n\t\t\t\t\t<\/a>\n\t\t\t\t\t\t\t\t<\/div>\n\t\t\t\t\t<\/div>\n\t\t\t\t<\/div>\n\t\t<div class=\"elementor-element elementor-element-b598b0f e-flex e-con-boxed e-con e-parent\" data-id=\"b598b0f\" data-element_type=\"container\" data-settings=\"{&quot;background_background&quot;:&quot;classic&quot;}\">\n\t\t\t\t\t<div class=\"e-con-inner\">\n\t\t<div class=\"elementor-element elementor-element-f7e61a7 e-con-full e-flex e-con e-child\" data-id=\"f7e61a7\" data-element_type=\"container\">\n\t\t\t\t<div class=\"elementor-element elementor-element-05edc68 elementor-widget elementor-widget-heading\" data-id=\"05edc68\" data-element_type=\"widget\" data-widget_type=\"heading.default\">\n\t\t\t\t\t<h2 class=\"elementor-heading-title elementor-size-default\">UN SENSO CONCRETO DI<br>,<br>COMBINATO CON<br>UNA SOLIDA<br>ATTITUDINE ALL'INNOVAZIONE<br>,<\/h2>\t\t\t\t<\/div>\n\t\t\t\t<div class=\"elementor-element elementor-element-0d23639 elementor-widget elementor-widget-heading\" data-id=\"0d23639\" data-element_type=\"widget\" data-widget_type=\"heading.default\">\n\t\t\t\t\t<h2 class=\"elementor-heading-title elementor-size-default\">LA FIRMA DI<br>GABRIEL AKNIN<\/h2>\t\t\t\t<\/div>\n\t\t\t\t<\/div>\n\t\t<div class=\"elementor-element elementor-element-3d0c419 e-con-full elementor-hidden-mobile e-flex e-con e-child\" data-id=\"3d0c419\" data-element_type=\"container\">\n\t\t\t\t<\/div>\n\t\t<div class=\"elementor-element elementor-element-f0a1619 e-con-full elementor-hidden-mobile e-flex e-con e-child\" data-id=\"f0a1619\" data-element_type=\"container\">\n\t\t\t\t<\/div>\n\t\t\t\t\t<\/div>\n\t\t\t\t<\/div>\n\t\t<div class=\"elementor-element elementor-element-851f16f e-flex e-con-boxed e-con e-parent\" data-id=\"851f16f\" data-element_type=\"container\">\n\t\t\t\t\t<div class=\"e-con-inner\">\n\t\t\t\t\t<\/div>\n\t\t\t\t<\/div>\n\t\t<div class=\"elementor-element elementor-element-6a19044 e-flex e-con-boxed e-con e-parent\" data-id=\"6a19044\" data-element_type=\"container\">\n\t\t\t\t\t<div class=\"e-con-inner\">\n\t\t<div class=\"elementor-element elementor-element-8f4ccb5 e-con-full e-flex e-con e-child\" data-id=\"8f4ccb5\" data-element_type=\"container\">\n\t\t\t\t<div class=\"elementor-element elementor-element-2ffb6f2 elementor-invisible elementor-widget elementor-widget-heading\" data-id=\"2ffb6f2\" data-element_type=\"widget\" data-settings=\"{&quot;_animation&quot;:&quot;fadeInLeft&quot;}\" data-widget_type=\"heading.default\">\n\t\t\t\t\t<h2 class=\"elementor-heading-title elementor-size-default\">LA NOSTRA FILOSOFIA<\/h2>\t\t\t\t<\/div>\n\t\t\t\t<div class=\"elementor-element elementor-element-1de06b0 elementor-invisible elementor-widget elementor-widget-text-editor\" data-id=\"1de06b0\" data-element_type=\"widget\" data-settings=\"{&quot;_animation&quot;:&quot;fadeInLeft&quot;}\" data-widget_type=\"text-editor.default\">\n\t\t\t\t\t\t\t\t\t<p>Il nostro approccio allo sviluppo immobiliare consiste nel <strong>realizzare un progetto come se dovessimo tenerlo noi stessi<\/strong>, cosa che a volte accade. Un&#8217;altra caratteristica della nostra attivit\u00e0 \u00e8 che offriamo ai venditori di terreni l&#8217;opportunit\u00e0 di tenere uno o pi\u00f9 appartamenti nel nuovo sviluppo. Questo avr\u00e0 un grande impatto sulla loro percezione del progetto, oltre che sulla nostra, in quanto pone il concetto di qualit\u00e0 in una prospettiva a lungo termine.  <\/p>\t\t\t\t\t\t\t\t<\/div>\n\t\t\t\t<\/div>\n\t\t<div class=\"elementor-element elementor-element-201d570 e-con-full e-flex e-con e-child\" data-id=\"201d570\" data-element_type=\"container\" data-settings=\"{&quot;background_background&quot;:&quot;classic&quot;}\">\n\t\t\t\t<\/div>\n\t\t\t\t\t<\/div>\n\t\t\t\t<\/div>\n\t\t<div class=\"elementor-element elementor-element-afde48a e-flex e-con-boxed e-con e-parent\" data-id=\"afde48a\" data-element_type=\"container\">\n\t\t\t\t\t<div class=\"e-con-inner\">\n\t\t<div class=\"elementor-element elementor-element-6c8ff02 e-con-full e-flex e-con e-child\" data-id=\"6c8ff02\" data-element_type=\"container\" data-settings=\"{&quot;background_background&quot;:&quot;classic&quot;}\">\n\t\t\t\t<\/div>\n\t\t<div class=\"elementor-element elementor-element-6468915 e-con-full elementor-hidden-mobile e-flex e-con e-child\" data-id=\"6468915\" data-element_type=\"container\" data-settings=\"{&quot;background_background&quot;:&quot;classic&quot;}\">\n\t\t\t\t<\/div>\n\t\t\t\t\t<\/div>\n\t\t\t\t<\/div>\n\t\t<div class=\"elementor-element elementor-element-c2b3315 e-flex e-con-boxed e-con e-parent\" data-id=\"c2b3315\" data-element_type=\"container\">\n\t\t\t\t\t<div class=\"e-con-inner\">\n\t\t\t\t<div class=\"elementor-element elementor-element-9fd1011 elementor-invisible elementor-widget elementor-widget-heading\" data-id=\"9fd1011\" data-element_type=\"widget\" data-settings=\"{&quot;_animation&quot;:&quot;fadeInUp&quot;}\" data-widget_type=\"heading.default\">\n\t\t\t\t\t<h2 class=\"elementor-heading-title elementor-size-default\">LA NOSTRA AMBIZIONE \u00c8 QUELLA DI ANTICIPARE GLI STANDARD FUTURI APPLICANDO\nOGGI PRINCIPI AMBIZIOSI DI SOSTENIBILIT\u00c0,\nPRESTAZIONI ENERGETICHE E BENESSERE IN OGNI FASE DEL PROGETTO.<\/h2>\t\t\t\t<\/div>\n\t\t\t\t<div class=\"elementor-element elementor-element-2ff2740 elementor-invisible elementor-widget elementor-widget-heading\" data-id=\"2ff2740\" data-element_type=\"widget\" data-settings=\"{&quot;_animation&quot;:&quot;fadeInUp&quot;}\" data-widget_type=\"heading.default\">\n\t\t\t\t\t<h2 class=\"elementor-heading-title elementor-size-default\">YVES E GILLES AKNIN<\/h2>\t\t\t\t<\/div>\n\t\t\t\t\t<\/div>\n\t\t\t\t<\/div>\n\t\t<div class=\"elementor-element elementor-element-e72a1c7 e-flex e-con-boxed e-con e-parent\" data-id=\"e72a1c7\" data-element_type=\"container\">\n\t\t\t\t\t<div class=\"e-con-inner\">\n\t\t\t\t<div class=\"elementor-element elementor-element-fb0fc47 elementor-widget elementor-widget-spacer\" data-id=\"fb0fc47\" data-element_type=\"widget\" data-widget_type=\"spacer.default\">\n\t\t\t\t\t\t\t<div class=\"elementor-spacer\">\n\t\t\t<div class=\"elementor-spacer-inner\"><\/div>\n\t\t<\/div>\n\t\t\t\t\t\t<\/div>\n\t\t\t\t\t<\/div>\n\t\t\t\t<\/div>\n\t\t\t\t<\/div>\n\t\t","protected":false},"excerpt":{"rendered":"<p>UNA STORIA DI FAMIGLIA Nel 1965 Gabriel Aknin fond\u00f2 Batima con l&#8217;intento di mettere al passo con i tempi lo sviluppo immobiliare, allora in piena trasformazione. I suoi primi progetti, che combinavano inventiva, creativit\u00e0, agilit\u00e0 imprenditoriale e riflessione sociologica, hanno rafforzato una reputazione che si \u00e8 costruita nel corso degli anni attraverso progetti su larga [&hellip;]<\/p>\n","protected":false},"author":1,"featured_media":0,"parent":2474,"menu_order":0,"comment_status":"closed","ping_status":"closed","template":"","meta":{"footnotes":""},"class_list":["post-2565","page","type-page","status-publish","hentry"],"yoast_head":"<!-- This site is optimized with the Yoast SEO plugin v27.4 - https:\/\/yoast.com\/product\/yoast-seo-wordpress\/ -->\n<title>STORIA DELLA FAMIGLIA - batima.ch<\/title>\n<meta name=\"robots\" content=\"index, follow, max-snippet:-1, max-image-preview:large, max-video-preview:-1\" \/>\n<link rel=\"canonical\" href=\"https:\/\/batima.ch\/it\/legacia\/storia-della-famiglia\/\" \/>\n<meta property=\"og:locale\" content=\"it_IT\" \/>\n<meta property=\"og:type\" content=\"article\" \/>\n<meta property=\"og:title\" content=\"STORIA DELLA FAMIGLIA - batima.ch\" \/>\n<meta property=\"og:description\" content=\"UNA STORIA DI FAMIGLIA Nel 1965 Gabriel Aknin fond\u00f2 Batima con l&#8217;intento di mettere al passo con i tempi lo sviluppo immobiliare, allora in piena trasformazione. I suoi primi progetti, che combinavano inventiva, creativit\u00e0, agilit\u00e0 imprenditoriale e riflessione sociologica, hanno rafforzato una reputazione che si \u00e8 costruita nel corso degli anni attraverso progetti su larga [&hellip;]\" \/>\n<meta property=\"og:url\" content=\"https:\/\/batima.ch\/it\/legacia\/storia-della-famiglia\/\" \/>\n<meta property=\"og:site_name\" content=\"batima.ch\" \/>\n<meta property=\"article:modified_time\" content=\"2026-04-14T13:08:26+00:00\" \/>\n<meta property=\"og:image\" content=\"https:\/\/batima.ch\/wp-content\/uploads\/2025\/12\/Asset-5.jpg\" \/>\n<meta name=\"twitter:card\" content=\"summary_large_image\" \/>\n<meta name=\"twitter:label1\" content=\"Tempo di lettura stimato\" \/>\n\t<meta name=\"twitter:data1\" content=\"1 minuto\" \/>\n<script type=\"application\/ld+json\" class=\"yoast-schema-graph\">{\"@context\":\"https:\\\/\\\/schema.org\",\"@graph\":[{\"@type\":\"WebPage\",\"@id\":\"https:\\\/\\\/batima.ch\\\/it\\\/legacia\\\/storia-della-famiglia\\\/\",\"url\":\"https:\\\/\\\/batima.ch\\\/it\\\/legacia\\\/storia-della-famiglia\\\/\",\"name\":\"STORIA DELLA FAMIGLIA - batima.ch\",\"isPartOf\":{\"@id\":\"https:\\\/\\\/batima.ch\\\/it\\\/#website\"},\"primaryImageOfPage\":{\"@id\":\"https:\\\/\\\/batima.ch\\\/it\\\/legacia\\\/storia-della-famiglia\\\/#primaryimage\"},\"image\":{\"@id\":\"https:\\\/\\\/batima.ch\\\/it\\\/legacia\\\/storia-della-famiglia\\\/#primaryimage\"},\"thumbnailUrl\":\"https:\\\/\\\/batima.ch\\\/wp-content\\\/uploads\\\/2025\\\/12\\\/Asset-5.jpg\",\"datePublished\":\"2025-11-19T19:00:11+00:00\",\"dateModified\":\"2026-04-14T13:08:26+00:00\",\"breadcrumb\":{\"@id\":\"https:\\\/\\\/batima.ch\\\/it\\\/legacia\\\/storia-della-famiglia\\\/#breadcrumb\"},\"inLanguage\":\"it-IT\",\"potentialAction\":[{\"@type\":\"ReadAction\",\"target\":[\"https:\\\/\\\/batima.ch\\\/it\\\/legacia\\\/storia-della-famiglia\\\/\"]}]},{\"@type\":\"ImageObject\",\"inLanguage\":\"it-IT\",\"@id\":\"https:\\\/\\\/batima.ch\\\/it\\\/legacia\\\/storia-della-famiglia\\\/#primaryimage\",\"url\":\"https:\\\/\\\/batima.ch\\\/wp-content\\\/uploads\\\/2025\\\/12\\\/Asset-5.jpg\",\"contentUrl\":\"https:\\\/\\\/batima.ch\\\/wp-content\\\/uploads\\\/2025\\\/12\\\/Asset-5.jpg\"},{\"@type\":\"BreadcrumbList\",\"@id\":\"https:\\\/\\\/batima.ch\\\/it\\\/legacia\\\/storia-della-famiglia\\\/#breadcrumb\",\"itemListElement\":[{\"@type\":\"ListItem\",\"position\":1,\"name\":\"Home\",\"item\":\"https:\\\/\\\/batima.ch\\\/it\\\/\"},{\"@type\":\"ListItem\",\"position\":2,\"name\":\"LEGACIA\",\"item\":\"https:\\\/\\\/batima.ch\\\/it\\\/legacy\\\/\"},{\"@type\":\"ListItem\",\"position\":3,\"name\":\"STORIA DELLA FAMIGLIA\"}]},{\"@type\":\"WebSite\",\"@id\":\"https:\\\/\\\/batima.ch\\\/it\\\/#website\",\"url\":\"https:\\\/\\\/batima.ch\\\/it\\\/\",\"name\":\"batima.ch\",\"description\":\"\",\"publisher\":{\"@id\":\"https:\\\/\\\/batima.ch\\\/it\\\/#organization\"},\"potentialAction\":[{\"@type\":\"SearchAction\",\"target\":{\"@type\":\"EntryPoint\",\"urlTemplate\":\"https:\\\/\\\/batima.ch\\\/it\\\/?s={search_term_string}\"},\"query-input\":{\"@type\":\"PropertyValueSpecification\",\"valueRequired\":true,\"valueName\":\"search_term_string\"}}],\"inLanguage\":\"it-IT\"},{\"@type\":\"Organization\",\"@id\":\"https:\\\/\\\/batima.ch\\\/it\\\/#organization\",\"name\":\"Batima S.A\",\"url\":\"https:\\\/\\\/batima.ch\\\/it\\\/\",\"logo\":{\"@type\":\"ImageObject\",\"inLanguage\":\"it-IT\",\"@id\":\"https:\\\/\\\/batima.ch\\\/it\\\/#\\\/schema\\\/logo\\\/image\\\/\",\"url\":\"https:\\\/\\\/batima.ch\\\/wp-content\\\/uploads\\\/2025\\\/11\\\/Asset-22.svg\",\"contentUrl\":\"https:\\\/\\\/batima.ch\\\/wp-content\\\/uploads\\\/2025\\\/11\\\/Asset-22.svg\",\"width\":733,\"height\":185,\"caption\":\"Batima S.A\"},\"image\":{\"@id\":\"https:\\\/\\\/batima.ch\\\/it\\\/#\\\/schema\\\/logo\\\/image\\\/\"},\"sameAs\":[\"https:\\\/\\\/www.instagram.com\\\/groupebatima\\\/\"]}]}<\/script>\n<!-- \/ Yoast SEO plugin. -->","yoast_head_json":{"title":"STORIA DELLA FAMIGLIA - batima.ch","robots":{"index":"index","follow":"follow","max-snippet":"max-snippet:-1","max-image-preview":"max-image-preview:large","max-video-preview":"max-video-preview:-1"},"canonical":"https:\/\/batima.ch\/it\/legacia\/storia-della-famiglia\/","og_locale":"it_IT","og_type":"article","og_title":"STORIA DELLA FAMIGLIA - batima.ch","og_description":"UNA STORIA DI FAMIGLIA Nel 1965 Gabriel Aknin fond\u00f2 Batima con l&#8217;intento di mettere al passo con i tempi lo sviluppo immobiliare, allora in piena trasformazione. I suoi primi progetti, che combinavano inventiva, creativit\u00e0, agilit\u00e0 imprenditoriale e riflessione sociologica, hanno rafforzato una reputazione che si \u00e8 costruita nel corso degli anni attraverso progetti su larga [&hellip;]","og_url":"https:\/\/batima.ch\/it\/legacia\/storia-della-famiglia\/","og_site_name":"batima.ch","article_modified_time":"2026-04-14T13:08:26+00:00","og_image":[{"url":"https:\/\/batima.ch\/wp-content\/uploads\/2025\/12\/Asset-5.jpg","type":"","width":"","height":""}],"twitter_card":"summary_large_image","twitter_misc":{"Tempo di lettura stimato":"1 minuto"},"schema":{"@context":"https:\/\/schema.org","@graph":[{"@type":"WebPage","@id":"https:\/\/batima.ch\/it\/legacia\/storia-della-famiglia\/","url":"https:\/\/batima.ch\/it\/legacia\/storia-della-famiglia\/","name":"STORIA DELLA FAMIGLIA - batima.ch","isPartOf":{"@id":"https:\/\/batima.ch\/it\/#website"},"primaryImageOfPage":{"@id":"https:\/\/batima.ch\/it\/legacia\/storia-della-famiglia\/#primaryimage"},"image":{"@id":"https:\/\/batima.ch\/it\/legacia\/storia-della-famiglia\/#primaryimage"},"thumbnailUrl":"https:\/\/batima.ch\/wp-content\/uploads\/2025\/12\/Asset-5.jpg","datePublished":"2025-11-19T19:00:11+00:00","dateModified":"2026-04-14T13:08:26+00:00","breadcrumb":{"@id":"https:\/\/batima.ch\/it\/legacia\/storia-della-famiglia\/#breadcrumb"},"inLanguage":"it-IT","potentialAction":[{"@type":"ReadAction","target":["https:\/\/batima.ch\/it\/legacia\/storia-della-famiglia\/"]}]},{"@type":"ImageObject","inLanguage":"it-IT","@id":"https:\/\/batima.ch\/it\/legacia\/storia-della-famiglia\/#primaryimage","url":"https:\/\/batima.ch\/wp-content\/uploads\/2025\/12\/Asset-5.jpg","contentUrl":"https:\/\/batima.ch\/wp-content\/uploads\/2025\/12\/Asset-5.jpg"},{"@type":"BreadcrumbList","@id":"https:\/\/batima.ch\/it\/legacia\/storia-della-famiglia\/#breadcrumb","itemListElement":[{"@type":"ListItem","position":1,"name":"Home","item":"https:\/\/batima.ch\/it\/"},{"@type":"ListItem","position":2,"name":"LEGACIA","item":"https:\/\/batima.ch\/it\/legacy\/"},{"@type":"ListItem","position":3,"name":"STORIA DELLA FAMIGLIA"}]},{"@type":"WebSite","@id":"https:\/\/batima.ch\/it\/#website","url":"https:\/\/batima.ch\/it\/","name":"batima.ch","description":"","publisher":{"@id":"https:\/\/batima.ch\/it\/#organization"},"potentialAction":[{"@type":"SearchAction","target":{"@type":"EntryPoint","urlTemplate":"https:\/\/batima.ch\/it\/?s={search_term_string}"},"query-input":{"@type":"PropertyValueSpecification","valueRequired":true,"valueName":"search_term_string"}}],"inLanguage":"it-IT"},{"@type":"Organization","@id":"https:\/\/batima.ch\/it\/#organization","name":"Batima S.A","url":"https:\/\/batima.ch\/it\/","logo":{"@type":"ImageObject","inLanguage":"it-IT","@id":"https:\/\/batima.ch\/it\/#\/schema\/logo\/image\/","url":"https:\/\/batima.ch\/wp-content\/uploads\/2025\/11\/Asset-22.svg","contentUrl":"https:\/\/batima.ch\/wp-content\/uploads\/2025\/11\/Asset-22.svg","width":733,"height":185,"caption":"Batima S.A"},"image":{"@id":"https:\/\/batima.ch\/it\/#\/schema\/logo\/image\/"},"sameAs":["https:\/\/www.instagram.com\/groupebatima\/"]}]}},"_links":{"self":[{"href":"https:\/\/batima.ch\/it\/wp-json\/wp\/v2\/pages\/2565","targetHints":{"allow":["GET"]}}],"collection":[{"href":"https:\/\/batima.ch\/it\/wp-json\/wp\/v2\/pages"}],"about":[{"href":"https:\/\/batima.ch\/it\/wp-json\/wp\/v2\/types\/page"}],"author":[{"embeddable":true,"href":"https:\/\/batima.ch\/it\/wp-json\/wp\/v2\/users\/1"}],"replies":[{"embeddable":true,"href":"https:\/\/batima.ch\/it\/wp-json\/wp\/v2\/comments?post=2565"}],"version-history":[{"count":20,"href":"https:\/\/batima.ch\/it\/wp-json\/wp\/v2\/pages\/2565\/revisions"}],"predecessor-version":[{"id":3810,"href":"https:\/\/batima.ch\/it\/wp-json\/wp\/v2\/pages\/2565\/revisions\/3810"}],"up":[{"embeddable":true,"href":"https:\/\/batima.ch\/it\/wp-json\/wp\/v2\/pages\/2474"}],"wp:attachment":[{"href":"https:\/\/batima.ch\/it\/wp-json\/wp\/v2\/media?parent=2565"}],"curies":[{"name":"wp","href":"https:\/\/api.w.org\/{rel}","templated":true}]}}