{"id":2536,"date":"2025-12-10T13:08:10","date_gmt":"2025-12-10T13:08:10","guid":{"rendered":"https:\/\/dev.batima.ch\/la-canopee\/"},"modified":"2026-04-12T11:36:58","modified_gmt":"2026-04-12T11:36:58","slug":"la-canopee","status":"publish","type":"page","link":"https:\/\/batima.ch\/it\/legacia\/i-nostri-risultati\/la-canopee\/","title":{"rendered":"LA CANOP\u00c9E"},"content":{"rendered":"\t\t<div data-elementor-type=\"wp-page\" data-elementor-id=\"2536\" class=\"elementor elementor-2536 elementor-336\" data-elementor-post-type=\"page\">\n\t\t\t\t<div class=\"elementor-element elementor-element-f8a6c4d e-flex e-con-boxed e-con e-parent\" data-id=\"f8a6c4d\" data-element_type=\"container\" data-settings=\"{&quot;background_background&quot;:&quot;classic&quot;}\">\n\t\t\t\t\t<div class=\"e-con-inner\">\n\t\t<div class=\"elementor-element elementor-element-323743e e-con-full e-flex e-con e-child\" data-id=\"323743e\" data-element_type=\"container\">\n\t\t\t\t<div class=\"elementor-element elementor-element-736e2d7 elementor-invisible elementor-widget elementor-widget-heading\" data-id=\"736e2d7\" data-element_type=\"widget\" data-settings=\"{&quot;_animation&quot;:&quot;fadeInLeft&quot;}\" data-widget_type=\"heading.default\">\n\t\t\t\t\t<h2 class=\"elementor-heading-title elementor-size-default\">LA CANOP\u00c9E<\/h2>\t\t\t\t<\/div>\n\t\t\t\t<div class=\"elementor-element elementor-element-5ca10c3 elementor-invisible elementor-widget elementor-widget-text-editor\" data-id=\"5ca10c3\" data-element_type=\"widget\" data-settings=\"{&quot;_animation&quot;:&quot;fadeInLeft&quot;}\" data-widget_type=\"text-editor.default\">\n\t\t\t\t\t\t\t\t\t<p data-start=\"74\" data-end=\"406\"><strong>La diversit\u00e0 dei paesaggi \u00e8 pari solo a quella degli edifici<\/strong>, che sono stati progettati come blocchi, ognuno con una propria personalit\u00e0. Ci sono abitazioni bifamiliari con ampi spazi esterni e accessi privati. Ci sono edifici con volumi ben studiati che rivelano volumi generosi, estesi all&#8217;esterno da splendide terrazze.  <\/p><p data-start=\"408\" data-end=\"887\">Ogni casa ha <strong data-start=\"434\" data-end=\"479\">la stessa attenzione ai dettagli<\/strong>, la stessa cura per le finiture e lo stesso desiderio di conciliare il comfort moderno con un design sostenibile. Tetti verdi, materiali da costruzione sostenibili e attrezzature ecologiche, design RT2012-20%.<br data-start=\"732\" data-end=\"735\"><strong data-start=\"735\" data-end=\"778\">Case intelligenti e connesse<\/strong>, dove la domotica ti aiuter\u00e0 a migliorare il comfort e la sicurezza, riducendo al contempo le bollette energetiche.<\/p>\t\t\t\t\t\t\t\t<\/div>\n\t\t\t\t<\/div>\n\t\t<div class=\"elementor-element elementor-element-2868f40 e-con-full e-flex elementor-invisible e-con e-child\" data-id=\"2868f40\" data-element_type=\"container\" data-settings=\"{&quot;background_background&quot;:&quot;classic&quot;,&quot;animation&quot;:&quot;fadeInRight&quot;}\">\n\t\t\t\t<\/div>\n\t\t\t\t\t<\/div>\n\t\t\t\t<\/div>\n\t\t<div class=\"elementor-element elementor-element-447b971 e-flex e-con-boxed elementor-invisible e-con e-parent\" data-id=\"447b971\" data-element_type=\"container\" data-settings=\"{&quot;animation&quot;:&quot;fadeInDown&quot;}\">\n\t\t\t\t\t<div class=\"e-con-inner\">\n\t\t\t\t<div class=\"elementor-element elementor-element-677dd8e elementor-widget elementor-widget-counter\" data-id=\"677dd8e\" data-element_type=\"widget\" data-widget_type=\"counter.default\">\n\t\t\t\t\t\t\t<div class=\"elementor-counter\">\n\t\t\t<div class=\"elementor-counter-title\">M2 DI SPAZIO VERDE APERTO <br> <\/div>\t\t\t<div class=\"elementor-counter-number-wrapper\">\n\t\t\t\t<span class=\"elementor-counter-number-prefix\"><\/span>\n\t\t\t\t<span class=\"elementor-counter-number\" data-duration=\"2000\" data-to-value=\"8000\" data-from-value=\"0\" data-delimiter=\",\">0<\/span>\n\t\t\t\t<span class=\"elementor-counter-number-suffix\"><\/span>\n\t\t\t<\/div>\n\t\t<\/div>\n\t\t\t\t\t\t<\/div>\n\t\t\t\t<div class=\"elementor-element elementor-element-0c97c05 elementor-widget elementor-widget-counter\" data-id=\"0c97c05\" data-element_type=\"widget\" data-widget_type=\"counter.default\">\n\t\t\t\t\t\t\t<div class=\"elementor-counter\">\n\t\t\t<div class=\"elementor-counter-title\">ALBERI PIANTATI <br> DURANTE IL PROGRAMMA <br><\/div>\t\t\t<div class=\"elementor-counter-number-wrapper\">\n\t\t\t\t<span class=\"elementor-counter-number-prefix\"><\/span>\n\t\t\t\t<span class=\"elementor-counter-number\" data-duration=\"2000\" data-to-value=\"150\" data-from-value=\"0\" data-delimiter=\",\">0<\/span>\n\t\t\t\t<span class=\"elementor-counter-number-suffix\"><\/span>\n\t\t\t<\/div>\n\t\t<\/div>\n\t\t\t\t\t\t<\/div>\n\t\t\t\t<div class=\"elementor-element elementor-element-937f23f elementor-widget elementor-widget-counter\" data-id=\"937f23f\" data-element_type=\"widget\" data-widget_type=\"counter.default\">\n\t\t\t\t\t\t\t<div class=\"elementor-counter\">\n\t\t\t<div class=\"elementor-counter-title\">M2 DI SPAZIO VERDE SU LASTRE E GIARDINI PENSILI<\/div>\t\t\t<div class=\"elementor-counter-number-wrapper\">\n\t\t\t\t<span class=\"elementor-counter-number-prefix\"><\/span>\n\t\t\t\t<span class=\"elementor-counter-number\" data-duration=\"2000\" data-to-value=\"5000\" data-from-value=\"0\" data-delimiter=\",\">0<\/span>\n\t\t\t\t<span class=\"elementor-counter-number-suffix\"><\/span>\n\t\t\t<\/div>\n\t\t<\/div>\n\t\t\t\t\t\t<\/div>\n\t\t\t\t\t<\/div>\n\t\t\t\t<\/div>\n\t\t<div class=\"elementor-element elementor-element-143ad37 e-flex e-con-boxed e-con e-parent\" data-id=\"143ad37\" data-element_type=\"container\" data-settings=\"{&quot;background_background&quot;:&quot;classic&quot;}\">\n\t\t\t\t\t<div class=\"e-con-inner\">\n\t\t<div class=\"elementor-element elementor-element-ae18095 e-con-full e-flex elementor-invisible e-con e-child\" data-id=\"ae18095\" data-element_type=\"container\" data-settings=\"{&quot;background_background&quot;:&quot;video&quot;,&quot;background_video_link&quot;:&quot;https:\\\/\\\/vimeo.com\\\/1169954752?share=copy&amp;fl=sv&amp;fe=ci&quot;,&quot;animation&quot;:&quot;fadeInLeft&quot;,&quot;background_play_on_mobile&quot;:&quot;yes&quot;}\">\n\t\t<div class=\"elementor-background-video-container\" aria-hidden=\"true\">\n\t\t\t\t\t\t\t<div class=\"elementor-background-video-embed\"><\/div>\n\t\t\t\t\t\t<\/div>\t\t<\/div>\n\t\t<div class=\"elementor-element elementor-element-65de1bb e-con-full e-flex e-con e-child\" data-id=\"65de1bb\" data-element_type=\"container\">\n\t\t\t\t<div class=\"elementor-element elementor-element-6527935 eael_vto-vertical-rl elementor-invisible elementor-widget elementor-widget-heading\" data-id=\"6527935\" data-element_type=\"widget\" data-settings=\"{&quot;_animation&quot;:&quot;fadeInUp&quot;}\" data-widget_type=\"heading.default\">\n\t\t\t\t\t<h2 class=\"elementor-heading-title elementor-size-default\">UN'OASI <br>DI VERDE<\/h2>\t\t\t\t<\/div>\n\t\t\t\t<div class=\"elementor-element elementor-element-f2c223e elementor-invisible elementor-widget elementor-widget-text-editor\" data-id=\"f2c223e\" data-element_type=\"widget\" data-settings=\"{&quot;_animation&quot;:&quot;fadeInRight&quot;}\" data-widget_type=\"text-editor.default\">\n\t\t\t\t\t\t\t\t\t<p style=\"text-align: left;\" data-start=\"74\" data-end=\"406\"><strong>Se c&#8217;\u00e8 un luogo che merita di essere chiamato &#8220;luogo da vivere&#8221;, questo \u00e8 La Canop\u00e9e<\/strong>, con servizi in loco e aree comuni che facilitano la vita quotidiana e creano un vero senso di comunit\u00e0.  <\/p>\t\t\t\t\t\t\t\t<\/div>\n\t\t\t\t<\/div>\n\t\t\t\t\t<\/div>\n\t\t\t\t<\/div>\n\t\t<div class=\"elementor-element elementor-element-a92560e e-flex e-con-boxed e-con e-parent\" data-id=\"a92560e\" data-element_type=\"container\" data-settings=\"{&quot;background_background&quot;:&quot;classic&quot;}\">\n\t\t\t\t\t<div class=\"e-con-inner\">\n\t\t<div class=\"elementor-element elementor-element-ff0674f e-con-full e-flex e-con e-child\" data-id=\"ff0674f\" data-element_type=\"container\" data-settings=\"{&quot;background_background&quot;:&quot;classic&quot;}\">\n\t\t\t\t<div class=\"elementor-element elementor-element-0a0adcb elementor-invisible elementor-widget elementor-widget-heading\" data-id=\"0a0adcb\" data-element_type=\"widget\" data-settings=\"{&quot;_animation&quot;:&quot;fadeInLeft&quot;}\" data-widget_type=\"heading.default\">\n\t\t\t\t\t<h2 class=\"elementor-heading-title elementor-size-default\">ALLE PORTE DI <br>GINEVRA, SULLE <br>RIVE DEL FORON, <br>UN GRANDE PARCO, <br>GIARDINI PENSILI, <br>VIALI ALBERATI <br>E PIAZZE OMBREGGIATE <br><\/h2>\t\t\t\t<\/div>\n\t\t\t\t<\/div>\n\t\t<div class=\"elementor-element elementor-element-135fe3c e-con-full e-flex e-con e-child\" data-id=\"135fe3c\" data-element_type=\"container\">\n\t\t\t\t<div class=\"elementor-element elementor-element-3fc6d4b gallery-spacing-custom elementor-invisible elementor-widget elementor-widget-image-gallery\" data-id=\"3fc6d4b\" data-element_type=\"widget\" data-settings=\"{&quot;_animation&quot;:&quot;fadeInRight&quot;}\" data-widget_type=\"image-gallery.default\">\n\t\t\t\t\t\t\t<div class=\"elementor-image-gallery\">\n\t\t\t<div id='gallery-1' class='gallery galleryid-2536 gallery-columns-2 gallery-size-full'><figure class='gallery-item'>\n\t\t\t<div class='gallery-icon portrait'>\n\t\t\t\t<a data-elementor-open-lightbox=\"yes\" data-elementor-lightbox-slideshow=\"3fc6d4b\" data-elementor-lightbox-title=\"la-canope-1_1 (1)\" data-e-action-hash=\"#elementor-action%3Aaction%3Dlightbox%26settings%3DeyJpZCI6MjQ5OSwidXJsIjoiaHR0cHM6XC9cL2JhdGltYS5jaFwvd3AtY29udGVudFwvdXBsb2Fkc1wvMjAyNlwvMDFcL2xhLWNhbm9wZS0xXzEtMS5qcGciLCJzbGlkZXNob3ciOiIzZmM2ZDRiIn0%3D\" href='https:\/\/batima.ch\/wp-content\/uploads\/2026\/01\/la-canope-1_1-1.jpg'><img loading=\"lazy\" decoding=\"async\" width=\"639\" height=\"1046\" src=\"https:\/\/batima.ch\/wp-content\/uploads\/2026\/01\/la-canope-1_1-1.jpg\" class=\"attachment-full size-full\" alt=\"\" srcset=\"https:\/\/batima.ch\/wp-content\/uploads\/2026\/01\/la-canope-1_1-1.jpg 639w, https:\/\/batima.ch\/wp-content\/uploads\/2026\/01\/la-canope-1_1-1-183x300.jpg 183w, https:\/\/batima.ch\/wp-content\/uploads\/2026\/01\/la-canope-1_1-1-626x1024.jpg 626w\" sizes=\"auto, (max-width: 639px) 100vw, 639px\" \/><\/a>\n\t\t\t<\/div><\/figure><figure class='gallery-item'>\n\t\t\t<div class='gallery-icon portrait'>\n\t\t\t\t<a data-elementor-open-lightbox=\"yes\" data-elementor-lightbox-slideshow=\"3fc6d4b\" data-elementor-lightbox-title=\"la-canope-2\" data-e-action-hash=\"#elementor-action%3Aaction%3Dlightbox%26settings%3DeyJpZCI6MjUwMSwidXJsIjoiaHR0cHM6XC9cL2JhdGltYS5jaFwvd3AtY29udGVudFwvdXBsb2Fkc1wvMjAyNlwvMDFcL2xhLWNhbm9wZS0yLmpwZyIsInNsaWRlc2hvdyI6IjNmYzZkNGIifQ%3D%3D\" href='https:\/\/batima.ch\/wp-content\/uploads\/2026\/01\/la-canope-2.jpg'><img loading=\"lazy\" decoding=\"async\" width=\"639\" height=\"1046\" src=\"https:\/\/batima.ch\/wp-content\/uploads\/2026\/01\/la-canope-2.jpg\" class=\"attachment-full size-full\" alt=\"\" srcset=\"https:\/\/batima.ch\/wp-content\/uploads\/2026\/01\/la-canope-2.jpg 639w, https:\/\/batima.ch\/wp-content\/uploads\/2026\/01\/la-canope-2-183x300.jpg 183w, https:\/\/batima.ch\/wp-content\/uploads\/2026\/01\/la-canope-2-626x1024.jpg 626w\" sizes=\"auto, (max-width: 639px) 100vw, 639px\" \/><\/a>\n\t\t\t<\/div><\/figure>\n\t\t<\/div>\n\t\t<\/div>\n\t\t\t\t\t\t<\/div>\n\t\t\t\t<\/div>\n\t\t\t\t\t<\/div>\n\t\t\t\t<\/div>\n\t\t<div class=\"elementor-element elementor-element-71de09c e-flex e-con-boxed e-con e-parent\" data-id=\"71de09c\" data-element_type=\"container\" data-settings=\"{&quot;background_background&quot;:&quot;classic&quot;}\">\n\t\t\t\t\t<div class=\"e-con-inner\">\n\t\t<div class=\"elementor-element elementor-element-1160cf0 e-con-full e-flex e-con e-child\" data-id=\"1160cf0\" data-element_type=\"container\" data-settings=\"{&quot;background_background&quot;:&quot;classic&quot;}\">\n\t\t\t\t<div class=\"elementor-element elementor-element-9079e9e elementor-invisible elementor-widget elementor-widget-text-editor\" data-id=\"9079e9e\" data-element_type=\"widget\" data-settings=\"{&quot;_animation&quot;:&quot;fadeInLeft&quot;}\" data-widget_type=\"text-editor.default\">\n\t\t\t\t\t\t\t\t\t<p><a href=\"https:\/\/batima.ch\/it\/legacia\/i-nostri-risultati\/\"> <strong>&gt; Scopri i nostri <\/strong><strong>altri progetti<\/strong><\/a><\/p>\t\t\t\t\t\t\t\t<\/div>\n\t\t\t\t<\/div>\n\t\t<div class=\"elementor-element elementor-element-63adb3c e-con-full e-flex elementor-invisible e-con e-child\" data-id=\"63adb3c\" data-element_type=\"container\" data-settings=\"{&quot;background_background&quot;:&quot;video&quot;,&quot;background_video_link&quot;:&quot;https:\\\/\\\/vimeo.com\\\/1169954931\\\/f6ae2133a6?share=copy&amp;fl=sv&amp;fe=ci&quot;,&quot;animation&quot;:&quot;fadeInRight&quot;,&quot;background_play_on_mobile&quot;:&quot;yes&quot;}\">\n\t\t<div class=\"elementor-background-video-container\" aria-hidden=\"true\">\n\t\t\t\t\t\t\t<div class=\"elementor-background-video-embed\"><\/div>\n\t\t\t\t\t\t<\/div>\t\t<\/div>\n\t\t\t\t\t<\/div>\n\t\t\t\t<\/div>\n\t\t\t\t<\/div>\n\t\t","protected":false},"excerpt":{"rendered":"<p>LA CANOP\u00c9E La diversit\u00e0 dei paesaggi \u00e8 pari solo a quella degli edifici, che sono stati progettati come blocchi, ognuno con una propria personalit\u00e0. Ci sono abitazioni bifamiliari con ampi spazi esterni e accessi privati. Ci sono edifici con volumi ben studiati che rivelano volumi generosi, estesi all&#8217;esterno da splendide terrazze. Ogni casa ha la [&hellip;]<\/p>\n","protected":false},"author":1,"featured_media":0,"parent":2538,"menu_order":0,"comment_status":"open","ping_status":"closed","template":"","meta":{"footnotes":""},"class_list":["post-2536","page","type-page","status-publish","hentry"],"yoast_head":"<!-- This site is optimized with the Yoast SEO plugin v27.4 - https:\/\/yoast.com\/product\/yoast-seo-wordpress\/ -->\n<title>LA CANOP\u00c9E - batima.ch<\/title>\n<meta name=\"robots\" content=\"index, follow, max-snippet:-1, max-image-preview:large, max-video-preview:-1\" \/>\n<link rel=\"canonical\" href=\"https:\/\/batima.ch\/it\/legacia\/i-nostri-risultati\/la-canopee\/\" \/>\n<meta property=\"og:locale\" content=\"it_IT\" \/>\n<meta property=\"og:type\" content=\"article\" \/>\n<meta property=\"og:title\" content=\"LA CANOP\u00c9E - batima.ch\" \/>\n<meta property=\"og:description\" content=\"LA CANOP\u00c9E La diversit\u00e0 dei paesaggi \u00e8 pari solo a quella degli edifici, che sono stati progettati come blocchi, ognuno con una propria personalit\u00e0. Ci sono abitazioni bifamiliari con ampi spazi esterni e accessi privati. Ci sono edifici con volumi ben studiati che rivelano volumi generosi, estesi all&#8217;esterno da splendide terrazze. Ogni casa ha la [&hellip;]\" \/>\n<meta property=\"og:url\" content=\"https:\/\/batima.ch\/it\/legacia\/i-nostri-risultati\/la-canopee\/\" \/>\n<meta property=\"og:site_name\" content=\"batima.ch\" \/>\n<meta property=\"article:modified_time\" content=\"2026-04-12T11:36:58+00:00\" \/>\n<meta property=\"og:image\" content=\"https:\/\/batima.ch\/wp-content\/uploads\/2026\/01\/la-canope-1_1-1.jpg\" \/>\n<meta name=\"twitter:card\" content=\"summary_large_image\" \/>\n<meta name=\"twitter:label1\" content=\"Tempo di lettura stimato\" \/>\n\t<meta name=\"twitter:data1\" content=\"1 minuto\" \/>\n<script type=\"application\/ld+json\" class=\"yoast-schema-graph\">{\"@context\":\"https:\\\/\\\/schema.org\",\"@graph\":[{\"@type\":\"WebPage\",\"@id\":\"https:\\\/\\\/batima.ch\\\/it\\\/legacia\\\/i-nostri-risultati\\\/la-canopee\\\/\",\"url\":\"https:\\\/\\\/batima.ch\\\/it\\\/legacia\\\/i-nostri-risultati\\\/la-canopee\\\/\",\"name\":\"LA CANOP\u00c9E - batima.ch\",\"isPartOf\":{\"@id\":\"https:\\\/\\\/batima.ch\\\/it\\\/#website\"},\"primaryImageOfPage\":{\"@id\":\"https:\\\/\\\/batima.ch\\\/it\\\/legacia\\\/i-nostri-risultati\\\/la-canopee\\\/#primaryimage\"},\"image\":{\"@id\":\"https:\\\/\\\/batima.ch\\\/it\\\/legacia\\\/i-nostri-risultati\\\/la-canopee\\\/#primaryimage\"},\"thumbnailUrl\":\"https:\\\/\\\/batima.ch\\\/wp-content\\\/uploads\\\/2026\\\/01\\\/la-canope-1_1-1.jpg\",\"datePublished\":\"2025-12-10T13:08:10+00:00\",\"dateModified\":\"2026-04-12T11:36:58+00:00\",\"breadcrumb\":{\"@id\":\"https:\\\/\\\/batima.ch\\\/it\\\/legacia\\\/i-nostri-risultati\\\/la-canopee\\\/#breadcrumb\"},\"inLanguage\":\"it-IT\",\"potentialAction\":[{\"@type\":\"ReadAction\",\"target\":[\"https:\\\/\\\/batima.ch\\\/it\\\/legacia\\\/i-nostri-risultati\\\/la-canopee\\\/\"]}]},{\"@type\":\"ImageObject\",\"inLanguage\":\"it-IT\",\"@id\":\"https:\\\/\\\/batima.ch\\\/it\\\/legacia\\\/i-nostri-risultati\\\/la-canopee\\\/#primaryimage\",\"url\":\"https:\\\/\\\/batima.ch\\\/wp-content\\\/uploads\\\/2026\\\/01\\\/la-canope-1_1-1.jpg\",\"contentUrl\":\"https:\\\/\\\/batima.ch\\\/wp-content\\\/uploads\\\/2026\\\/01\\\/la-canope-1_1-1.jpg\"},{\"@type\":\"BreadcrumbList\",\"@id\":\"https:\\\/\\\/batima.ch\\\/it\\\/legacia\\\/i-nostri-risultati\\\/la-canopee\\\/#breadcrumb\",\"itemListElement\":[{\"@type\":\"ListItem\",\"position\":1,\"name\":\"Home\",\"item\":\"https:\\\/\\\/batima.ch\\\/it\\\/\"},{\"@type\":\"ListItem\",\"position\":2,\"name\":\"LEGACIA\",\"item\":\"https:\\\/\\\/batima.ch\\\/it\\\/legacy\\\/\"},{\"@type\":\"ListItem\",\"position\":3,\"name\":\"I NOSTRI RISULTATI\",\"item\":\"https:\\\/\\\/batima.ch\\\/it\\\/legacy\\\/nos-realisations\\\/\"},{\"@type\":\"ListItem\",\"position\":4,\"name\":\"LA CANOP\u00c9E\"}]},{\"@type\":\"WebSite\",\"@id\":\"https:\\\/\\\/batima.ch\\\/it\\\/#website\",\"url\":\"https:\\\/\\\/batima.ch\\\/it\\\/\",\"name\":\"batima.ch\",\"description\":\"\",\"publisher\":{\"@id\":\"https:\\\/\\\/batima.ch\\\/it\\\/#organization\"},\"potentialAction\":[{\"@type\":\"SearchAction\",\"target\":{\"@type\":\"EntryPoint\",\"urlTemplate\":\"https:\\\/\\\/batima.ch\\\/it\\\/?s={search_term_string}\"},\"query-input\":{\"@type\":\"PropertyValueSpecification\",\"valueRequired\":true,\"valueName\":\"search_term_string\"}}],\"inLanguage\":\"it-IT\"},{\"@type\":\"Organization\",\"@id\":\"https:\\\/\\\/batima.ch\\\/it\\\/#organization\",\"name\":\"Batima S.A\",\"url\":\"https:\\\/\\\/batima.ch\\\/it\\\/\",\"logo\":{\"@type\":\"ImageObject\",\"inLanguage\":\"it-IT\",\"@id\":\"https:\\\/\\\/batima.ch\\\/it\\\/#\\\/schema\\\/logo\\\/image\\\/\",\"url\":\"https:\\\/\\\/batima.ch\\\/wp-content\\\/uploads\\\/2025\\\/11\\\/Asset-22.svg\",\"contentUrl\":\"https:\\\/\\\/batima.ch\\\/wp-content\\\/uploads\\\/2025\\\/11\\\/Asset-22.svg\",\"width\":733,\"height\":185,\"caption\":\"Batima S.A\"},\"image\":{\"@id\":\"https:\\\/\\\/batima.ch\\\/it\\\/#\\\/schema\\\/logo\\\/image\\\/\"},\"sameAs\":[\"https:\\\/\\\/www.instagram.com\\\/groupebatima\\\/\"]}]}<\/script>\n<!-- \/ Yoast SEO plugin. -->","yoast_head_json":{"title":"LA CANOP\u00c9E - batima.ch","robots":{"index":"index","follow":"follow","max-snippet":"max-snippet:-1","max-image-preview":"max-image-preview:large","max-video-preview":"max-video-preview:-1"},"canonical":"https:\/\/batima.ch\/it\/legacia\/i-nostri-risultati\/la-canopee\/","og_locale":"it_IT","og_type":"article","og_title":"LA CANOP\u00c9E - batima.ch","og_description":"LA CANOP\u00c9E La diversit\u00e0 dei paesaggi \u00e8 pari solo a quella degli edifici, che sono stati progettati come blocchi, ognuno con una propria personalit\u00e0. Ci sono abitazioni bifamiliari con ampi spazi esterni e accessi privati. Ci sono edifici con volumi ben studiati che rivelano volumi generosi, estesi all&#8217;esterno da splendide terrazze. Ogni casa ha la [&hellip;]","og_url":"https:\/\/batima.ch\/it\/legacia\/i-nostri-risultati\/la-canopee\/","og_site_name":"batima.ch","article_modified_time":"2026-04-12T11:36:58+00:00","og_image":[{"url":"https:\/\/batima.ch\/wp-content\/uploads\/2026\/01\/la-canope-1_1-1.jpg","type":"","width":"","height":""}],"twitter_card":"summary_large_image","twitter_misc":{"Tempo di lettura stimato":"1 minuto"},"schema":{"@context":"https:\/\/schema.org","@graph":[{"@type":"WebPage","@id":"https:\/\/batima.ch\/it\/legacia\/i-nostri-risultati\/la-canopee\/","url":"https:\/\/batima.ch\/it\/legacia\/i-nostri-risultati\/la-canopee\/","name":"LA CANOP\u00c9E - batima.ch","isPartOf":{"@id":"https:\/\/batima.ch\/it\/#website"},"primaryImageOfPage":{"@id":"https:\/\/batima.ch\/it\/legacia\/i-nostri-risultati\/la-canopee\/#primaryimage"},"image":{"@id":"https:\/\/batima.ch\/it\/legacia\/i-nostri-risultati\/la-canopee\/#primaryimage"},"thumbnailUrl":"https:\/\/batima.ch\/wp-content\/uploads\/2026\/01\/la-canope-1_1-1.jpg","datePublished":"2025-12-10T13:08:10+00:00","dateModified":"2026-04-12T11:36:58+00:00","breadcrumb":{"@id":"https:\/\/batima.ch\/it\/legacia\/i-nostri-risultati\/la-canopee\/#breadcrumb"},"inLanguage":"it-IT","potentialAction":[{"@type":"ReadAction","target":["https:\/\/batima.ch\/it\/legacia\/i-nostri-risultati\/la-canopee\/"]}]},{"@type":"ImageObject","inLanguage":"it-IT","@id":"https:\/\/batima.ch\/it\/legacia\/i-nostri-risultati\/la-canopee\/#primaryimage","url":"https:\/\/batima.ch\/wp-content\/uploads\/2026\/01\/la-canope-1_1-1.jpg","contentUrl":"https:\/\/batima.ch\/wp-content\/uploads\/2026\/01\/la-canope-1_1-1.jpg"},{"@type":"BreadcrumbList","@id":"https:\/\/batima.ch\/it\/legacia\/i-nostri-risultati\/la-canopee\/#breadcrumb","itemListElement":[{"@type":"ListItem","position":1,"name":"Home","item":"https:\/\/batima.ch\/it\/"},{"@type":"ListItem","position":2,"name":"LEGACIA","item":"https:\/\/batima.ch\/it\/legacy\/"},{"@type":"ListItem","position":3,"name":"I NOSTRI RISULTATI","item":"https:\/\/batima.ch\/it\/legacy\/nos-realisations\/"},{"@type":"ListItem","position":4,"name":"LA CANOP\u00c9E"}]},{"@type":"WebSite","@id":"https:\/\/batima.ch\/it\/#website","url":"https:\/\/batima.ch\/it\/","name":"batima.ch","description":"","publisher":{"@id":"https:\/\/batima.ch\/it\/#organization"},"potentialAction":[{"@type":"SearchAction","target":{"@type":"EntryPoint","urlTemplate":"https:\/\/batima.ch\/it\/?s={search_term_string}"},"query-input":{"@type":"PropertyValueSpecification","valueRequired":true,"valueName":"search_term_string"}}],"inLanguage":"it-IT"},{"@type":"Organization","@id":"https:\/\/batima.ch\/it\/#organization","name":"Batima S.A","url":"https:\/\/batima.ch\/it\/","logo":{"@type":"ImageObject","inLanguage":"it-IT","@id":"https:\/\/batima.ch\/it\/#\/schema\/logo\/image\/","url":"https:\/\/batima.ch\/wp-content\/uploads\/2025\/11\/Asset-22.svg","contentUrl":"https:\/\/batima.ch\/wp-content\/uploads\/2025\/11\/Asset-22.svg","width":733,"height":185,"caption":"Batima S.A"},"image":{"@id":"https:\/\/batima.ch\/it\/#\/schema\/logo\/image\/"},"sameAs":["https:\/\/www.instagram.com\/groupebatima\/"]}]}},"_links":{"self":[{"href":"https:\/\/batima.ch\/it\/wp-json\/wp\/v2\/pages\/2536","targetHints":{"allow":["GET"]}}],"collection":[{"href":"https:\/\/batima.ch\/it\/wp-json\/wp\/v2\/pages"}],"about":[{"href":"https:\/\/batima.ch\/it\/wp-json\/wp\/v2\/types\/page"}],"author":[{"embeddable":true,"href":"https:\/\/batima.ch\/it\/wp-json\/wp\/v2\/users\/1"}],"replies":[{"embeddable":true,"href":"https:\/\/batima.ch\/it\/wp-json\/wp\/v2\/comments?post=2536"}],"version-history":[{"count":6,"href":"https:\/\/batima.ch\/it\/wp-json\/wp\/v2\/pages\/2536\/revisions"}],"predecessor-version":[{"id":3726,"href":"https:\/\/batima.ch\/it\/wp-json\/wp\/v2\/pages\/2536\/revisions\/3726"}],"up":[{"embeddable":true,"href":"https:\/\/batima.ch\/it\/wp-json\/wp\/v2\/pages\/2538"}],"wp:attachment":[{"href":"https:\/\/batima.ch\/it\/wp-json\/wp\/v2\/media?parent=2536"}],"curies":[{"name":"wp","href":"https:\/\/api.w.org\/{rel}","templated":true}]}}