{"id":2524,"date":"2025-12-10T13:20:18","date_gmt":"2025-12-10T13:20:18","guid":{"rendered":"https:\/\/dev.batima.ch\/legacia\/progetti-in-corso\/"},"modified":"2026-04-12T10:23:11","modified_gmt":"2026-04-12T10:23:11","slug":"progetti-in-corso","status":"publish","type":"page","link":"https:\/\/batima.ch\/it\/legacia\/progetti-in-corso\/","title":{"rendered":"PROGETTI IN CORSO"},"content":{"rendered":"\t\t<div data-elementor-type=\"wp-post\" data-elementor-id=\"2524\" class=\"elementor elementor-2524 elementor-346\" data-elementor-post-type=\"page\">\n\t\t\t\t<div class=\"elementor-element elementor-element-b4f2b76 e-flex e-con-boxed e-con e-parent\" data-id=\"b4f2b76\" data-element_type=\"container\">\n\t\t\t\t\t<div class=\"e-con-inner\">\n\t\t\t\t<div class=\"elementor-element elementor-element-b313bc1 elementor-widget elementor-widget-heading\" data-id=\"b313bc1\" data-element_type=\"widget\" data-widget_type=\"heading.default\">\n\t\t\t\t\t<h2 class=\"elementor-heading-title elementor-size-default\">PROGETTI IN CORSO<\/h2>\t\t\t\t<\/div>\n\t\t\t\t\t<\/div>\n\t\t\t\t<\/div>\n\t\t<div class=\"elementor-element elementor-element-0ad9b9a e-flex e-con-boxed e-con e-parent\" data-id=\"0ad9b9a\" data-element_type=\"container\">\n\t\t\t\t\t<div class=\"e-con-inner\">\n\t\t<div class=\"elementor-element elementor-element-320dbee e-con-full e-flex e-con e-child\" data-id=\"320dbee\" data-element_type=\"container\">\n\t\t\t\t<div class=\"elementor-element elementor-element-8f11e97 elementor-invisible elementor-widget elementor-widget-heading\" data-id=\"8f11e97\" data-element_type=\"widget\" data-settings=\"{&quot;_animation&quot;:&quot;fadeInLeft&quot;}\" data-widget_type=\"heading.default\">\n\t\t\t\t\t<h2 class=\"elementor-heading-title elementor-size-default\">Belle-Terre <br>Fase 1<\/h2>\t\t\t\t<\/div>\n\t\t\t\t<div class=\"elementor-element elementor-element-ada3c3f elementor-widget elementor-widget-spacer\" data-id=\"ada3c3f\" data-element_type=\"widget\" data-widget_type=\"spacer.default\">\n\t\t\t\t\t\t\t<div class=\"elementor-spacer\">\n\t\t\t<div class=\"elementor-spacer-inner\"><\/div>\n\t\t<\/div>\n\t\t\t\t\t\t<\/div>\n\t\t\t\t<div class=\"elementor-element elementor-element-ba3f1de elementor-invisible elementor-widget elementor-widget-text-editor\" data-id=\"ba3f1de\" data-element_type=\"widget\" data-settings=\"{&quot;_animation&quot;:&quot;fadeInLeft&quot;}\" data-widget_type=\"text-editor.default\">\n\t\t\t\t\t\t\t\t\t<p>A Th\u00f4nex, nella campagna ginevrina, la prima fase del quartiere Belle-Terre \u00e8 stata progettata e costruita collettivamente e armoniosamente da quattro studi di architettura, sotto lo stesso impulso.<\/p><p><strong>Il quartiere Belle-Terre, il cui sviluppo \u00e8 previsto in tre fasi da qui al 2035<\/strong>, ha recentemente visto la consegna e la messa in funzione della sua prima fase. Progettata e realizzata da un team di architetti e sviluppatori, questa prima fase, che comprende due spazi urbani, funziona come un&#8217;entit\u00e0 coerente. <\/p>\t\t\t\t\t\t\t\t<\/div>\n\t\t\t\t<div class=\"elementor-element elementor-element-5723d9c elementor-widget elementor-widget-text-editor\" data-id=\"5723d9c\" data-element_type=\"widget\" data-widget_type=\"text-editor.default\">\n\t\t\t\t\t\t\t\t\t<p><strong><a href=\"https:\/\/batima.ch\/it\/legacia\/progetti-in-corso\/belle-terre-fase-1\/\">&gt;  Scopri Belle-Terre Fase 1  <\/a><\/strong><\/p>\t\t\t\t\t\t\t\t<\/div>\n\t\t\t\t<\/div>\n\t\t<div class=\"elementor-element elementor-element-6e5e614 e-con-full e-flex e-con e-child\" data-id=\"6e5e614\" data-element_type=\"container\">\n\t\t\t\t<div class=\"elementor-element elementor-element-89a18f8 elementor-invisible elementor-widget elementor-widget-image\" data-id=\"89a18f8\" data-element_type=\"widget\" data-settings=\"{&quot;_animation&quot;:&quot;fadeInRight&quot;}\" data-widget_type=\"image.default\">\n\t\t\t\t\t\t\t\t\t\t\t\t\t\t\t<img decoding=\"async\" src=\"https:\/\/batima.ch\/wp-content\/uploads\/2025\/11\/lin2@250x-100.jpg\" title=\"\" alt=\"\" loading=\"lazy\" \/>\t\t\t\t\t\t\t\t\t\t\t\t\t\t\t<\/div>\n\t\t\t\t<\/div>\n\t\t\t\t\t<\/div>\n\t\t\t\t<\/div>\n\t\t<div class=\"elementor-element elementor-element-63e669e e-con-full e-flex e-con e-parent\" data-id=\"63e669e\" data-element_type=\"container\">\n\t\t\t\t<div class=\"elementor-element elementor-element-a9d6678 elementor-widget-divider--view-line elementor-widget elementor-widget-divider\" data-id=\"a9d6678\" data-element_type=\"widget\" data-widget_type=\"divider.default\">\n\t\t\t\t\t\t\t<div class=\"elementor-divider\">\n\t\t\t<span class=\"elementor-divider-separator\">\n\t\t\t\t\t\t<\/span>\n\t\t<\/div>\n\t\t\t\t\t\t<\/div>\n\t\t\t\t<\/div>\n\t\t<div class=\"elementor-element elementor-element-3bc8190 e-flex e-con-boxed e-con e-parent\" data-id=\"3bc8190\" data-element_type=\"container\">\n\t\t\t\t\t<div class=\"e-con-inner\">\n\t\t<div class=\"elementor-element elementor-element-8c04a12 e-con-full e-flex e-con e-child\" data-id=\"8c04a12\" data-element_type=\"container\">\n\t\t\t\t<div class=\"elementor-element elementor-element-45014fe elementor-invisible elementor-widget elementor-widget-heading\" data-id=\"45014fe\" data-element_type=\"widget\" data-settings=\"{&quot;_animation&quot;:&quot;fadeInLeft&quot;}\" data-widget_type=\"heading.default\">\n\t\t\t\t\t<h2 class=\"elementor-heading-title elementor-size-default\">Belle-Terre <br>Fase 2 (2027)<\/h2>\t\t\t\t<\/div>\n\t\t\t\t<div class=\"elementor-element elementor-element-8b864dd elementor-widget elementor-widget-spacer\" data-id=\"8b864dd\" data-element_type=\"widget\" data-widget_type=\"spacer.default\">\n\t\t\t\t\t\t\t<div class=\"elementor-spacer\">\n\t\t\t<div class=\"elementor-spacer-inner\"><\/div>\n\t\t<\/div>\n\t\t\t\t\t\t<\/div>\n\t\t\t\t<div class=\"elementor-element elementor-element-f88a26d elementor-invisible elementor-widget elementor-widget-text-editor\" data-id=\"f88a26d\" data-element_type=\"widget\" data-settings=\"{&quot;_animation&quot;:&quot;fadeInLeft&quot;}\" data-widget_type=\"text-editor.default\">\n\t\t\t\t\t\t\t\t\t<p>Il quartiere Belle-Terre, il cui sviluppo \u00e8 previsto in tre fasi da qui al 2035, vedr\u00e0 la sua seconda fase completata nel 2027. Belle-Terre \u00e8 destinato a trasformare il volto di Th\u00f4nex, diventando una pietra miliare dello sviluppo urbano di Ginevra. <strong>Con 2.670 nuove abitazioni previste da qui al 2035<\/strong> in risposta all&#8217;emergenza abitativa, questo quartiere in progetto accoglier\u00e0 circa 6.000 nuovi abitanti. Un cambiamento importante, visto che rappresenteranno il 40% dei residenti del comune.  <\/p>\t\t\t\t\t\t\t\t<\/div>\n\t\t\t\t<div class=\"elementor-element elementor-element-9786ed3 elementor-widget elementor-widget-text-editor\" data-id=\"9786ed3\" data-element_type=\"widget\" data-widget_type=\"text-editor.default\">\n\t\t\t\t\t\t\t\t\t<p><strong><a href=\"https:\/\/batima.ch\/it\/legacia\/progetti-in-corso\/belle-terre-fase-2-2027\/\">&gt;  Scopri Belle-Terre Fase 2 2027<\/a><\/strong><\/p>\t\t\t\t\t\t\t\t<\/div>\n\t\t\t\t<\/div>\n\t\t<div class=\"elementor-element elementor-element-559d138 e-con-full e-flex e-con e-child\" data-id=\"559d138\" data-element_type=\"container\">\n\t\t\t\t<div class=\"elementor-element elementor-element-78db408 elementor-invisible elementor-widget elementor-widget-image\" data-id=\"78db408\" data-element_type=\"widget\" data-settings=\"{&quot;_animation&quot;:&quot;fadeInRight&quot;}\" data-widget_type=\"image.default\">\n\t\t\t\t\t\t\t\t\t\t\t\t\t\t\t<img loading=\"lazy\" decoding=\"async\" width=\"725\" height=\"1024\" src=\"https:\/\/batima.ch\/wp-content\/uploads\/2026\/02\/legacy-725x1024.png\" class=\"attachment-large size-large wp-image-2476\" alt=\"\" srcset=\"https:\/\/batima.ch\/wp-content\/uploads\/2026\/02\/legacy-725x1024.png 725w, https:\/\/batima.ch\/wp-content\/uploads\/2026\/02\/legacy-212x300.png 212w, https:\/\/batima.ch\/wp-content\/uploads\/2026\/02\/legacy-768x1085.png 768w, https:\/\/batima.ch\/wp-content\/uploads\/2026\/02\/legacy-1087x1536.png 1087w, https:\/\/batima.ch\/wp-content\/uploads\/2026\/02\/legacy-1450x2048.png 1450w, https:\/\/batima.ch\/wp-content\/uploads\/2026\/02\/legacy.png 1584w\" sizes=\"auto, (max-width: 725px) 100vw, 725px\" \/>\t\t\t\t\t\t\t\t\t\t\t\t\t\t\t<\/div>\n\t\t\t\t<\/div>\n\t\t\t\t\t<\/div>\n\t\t\t\t<\/div>\n\t\t\t\t<\/div>\n\t\t","protected":false},"excerpt":{"rendered":"<p>PROGETTI IN CORSO Belle-Terre Fase 1 A Th\u00f4nex, nella campagna ginevrina, la prima fase del quartiere Belle-Terre \u00e8 stata progettata e costruita collettivamente e armoniosamente da quattro studi di architettura, sotto lo stesso impulso. Il quartiere Belle-Terre, il cui sviluppo \u00e8 previsto in tre fasi da qui al 2035, ha recentemente visto la consegna e [&hellip;]<\/p>\n","protected":false},"author":1,"featured_media":0,"parent":2474,"menu_order":0,"comment_status":"closed","ping_status":"closed","template":"","meta":{"footnotes":""},"class_list":["post-2524","page","type-page","status-publish","hentry"],"yoast_head":"<!-- This site is optimized with the Yoast SEO plugin v27.4 - https:\/\/yoast.com\/product\/yoast-seo-wordpress\/ -->\n<title>PROGETTI IN CORSO - batima.ch<\/title>\n<meta name=\"robots\" content=\"index, follow, max-snippet:-1, max-image-preview:large, max-video-preview:-1\" \/>\n<link rel=\"canonical\" href=\"https:\/\/batima.ch\/it\/legacia\/progetti-in-corso\/\" \/>\n<meta property=\"og:locale\" content=\"it_IT\" \/>\n<meta property=\"og:type\" content=\"article\" \/>\n<meta property=\"og:title\" content=\"PROGETTI IN CORSO - batima.ch\" \/>\n<meta property=\"og:description\" content=\"PROGETTI IN CORSO Belle-Terre Fase 1 A Th\u00f4nex, nella campagna ginevrina, la prima fase del quartiere Belle-Terre \u00e8 stata progettata e costruita collettivamente e armoniosamente da quattro studi di architettura, sotto lo stesso impulso. Il quartiere Belle-Terre, il cui sviluppo \u00e8 previsto in tre fasi da qui al 2035, ha recentemente visto la consegna e [&hellip;]\" \/>\n<meta property=\"og:url\" content=\"https:\/\/batima.ch\/it\/legacia\/progetti-in-corso\/\" \/>\n<meta property=\"og:site_name\" content=\"batima.ch\" \/>\n<meta property=\"article:modified_time\" content=\"2026-04-12T10:23:11+00:00\" \/>\n<meta property=\"og:image\" content=\"https:\/\/batima.ch\/wp-content\/uploads\/2025\/11\/lin2@250x-100.jpg\" \/>\n<meta name=\"twitter:card\" content=\"summary_large_image\" \/>\n<meta name=\"twitter:label1\" content=\"Tempo di lettura stimato\" \/>\n\t<meta name=\"twitter:data1\" content=\"1 minuto\" \/>\n<script type=\"application\/ld+json\" class=\"yoast-schema-graph\">{\"@context\":\"https:\\\/\\\/schema.org\",\"@graph\":[{\"@type\":\"WebPage\",\"@id\":\"https:\\\/\\\/batima.ch\\\/it\\\/legacia\\\/progetti-in-corso\\\/\",\"url\":\"https:\\\/\\\/batima.ch\\\/it\\\/legacia\\\/progetti-in-corso\\\/\",\"name\":\"PROGETTI IN CORSO - batima.ch\",\"isPartOf\":{\"@id\":\"https:\\\/\\\/batima.ch\\\/it\\\/#website\"},\"primaryImageOfPage\":{\"@id\":\"https:\\\/\\\/batima.ch\\\/it\\\/legacia\\\/progetti-in-corso\\\/#primaryimage\"},\"image\":{\"@id\":\"https:\\\/\\\/batima.ch\\\/it\\\/legacia\\\/progetti-in-corso\\\/#primaryimage\"},\"thumbnailUrl\":\"https:\\\/\\\/batima.ch\\\/wp-content\\\/uploads\\\/2025\\\/11\\\/lin2@250x-100.jpg\",\"datePublished\":\"2025-12-10T13:20:18+00:00\",\"dateModified\":\"2026-04-12T10:23:11+00:00\",\"breadcrumb\":{\"@id\":\"https:\\\/\\\/batima.ch\\\/it\\\/legacia\\\/progetti-in-corso\\\/#breadcrumb\"},\"inLanguage\":\"it-IT\",\"potentialAction\":[{\"@type\":\"ReadAction\",\"target\":[\"https:\\\/\\\/batima.ch\\\/it\\\/legacia\\\/progetti-in-corso\\\/\"]}]},{\"@type\":\"ImageObject\",\"inLanguage\":\"it-IT\",\"@id\":\"https:\\\/\\\/batima.ch\\\/it\\\/legacia\\\/progetti-in-corso\\\/#primaryimage\",\"url\":\"https:\\\/\\\/batima.ch\\\/wp-content\\\/uploads\\\/2025\\\/11\\\/lin2@250x-100.jpg\",\"contentUrl\":\"https:\\\/\\\/batima.ch\\\/wp-content\\\/uploads\\\/2025\\\/11\\\/lin2@250x-100.jpg\"},{\"@type\":\"BreadcrumbList\",\"@id\":\"https:\\\/\\\/batima.ch\\\/it\\\/legacia\\\/progetti-in-corso\\\/#breadcrumb\",\"itemListElement\":[{\"@type\":\"ListItem\",\"position\":1,\"name\":\"Home\",\"item\":\"https:\\\/\\\/batima.ch\\\/it\\\/\"},{\"@type\":\"ListItem\",\"position\":2,\"name\":\"LEGACIA\",\"item\":\"https:\\\/\\\/batima.ch\\\/it\\\/legacy\\\/\"},{\"@type\":\"ListItem\",\"position\":3,\"name\":\"PROGETTI IN CORSO\"}]},{\"@type\":\"WebSite\",\"@id\":\"https:\\\/\\\/batima.ch\\\/it\\\/#website\",\"url\":\"https:\\\/\\\/batima.ch\\\/it\\\/\",\"name\":\"batima.ch\",\"description\":\"\",\"publisher\":{\"@id\":\"https:\\\/\\\/batima.ch\\\/it\\\/#organization\"},\"potentialAction\":[{\"@type\":\"SearchAction\",\"target\":{\"@type\":\"EntryPoint\",\"urlTemplate\":\"https:\\\/\\\/batima.ch\\\/it\\\/?s={search_term_string}\"},\"query-input\":{\"@type\":\"PropertyValueSpecification\",\"valueRequired\":true,\"valueName\":\"search_term_string\"}}],\"inLanguage\":\"it-IT\"},{\"@type\":\"Organization\",\"@id\":\"https:\\\/\\\/batima.ch\\\/it\\\/#organization\",\"name\":\"Batima S.A\",\"url\":\"https:\\\/\\\/batima.ch\\\/it\\\/\",\"logo\":{\"@type\":\"ImageObject\",\"inLanguage\":\"it-IT\",\"@id\":\"https:\\\/\\\/batima.ch\\\/it\\\/#\\\/schema\\\/logo\\\/image\\\/\",\"url\":\"https:\\\/\\\/batima.ch\\\/wp-content\\\/uploads\\\/2025\\\/11\\\/Asset-22.svg\",\"contentUrl\":\"https:\\\/\\\/batima.ch\\\/wp-content\\\/uploads\\\/2025\\\/11\\\/Asset-22.svg\",\"width\":733,\"height\":185,\"caption\":\"Batima S.A\"},\"image\":{\"@id\":\"https:\\\/\\\/batima.ch\\\/it\\\/#\\\/schema\\\/logo\\\/image\\\/\"},\"sameAs\":[\"https:\\\/\\\/www.instagram.com\\\/groupebatima\\\/\"]}]}<\/script>\n<!-- \/ Yoast SEO plugin. -->","yoast_head_json":{"title":"PROGETTI IN CORSO - batima.ch","robots":{"index":"index","follow":"follow","max-snippet":"max-snippet:-1","max-image-preview":"max-image-preview:large","max-video-preview":"max-video-preview:-1"},"canonical":"https:\/\/batima.ch\/it\/legacia\/progetti-in-corso\/","og_locale":"it_IT","og_type":"article","og_title":"PROGETTI IN CORSO - batima.ch","og_description":"PROGETTI IN CORSO Belle-Terre Fase 1 A Th\u00f4nex, nella campagna ginevrina, la prima fase del quartiere Belle-Terre \u00e8 stata progettata e costruita collettivamente e armoniosamente da quattro studi di architettura, sotto lo stesso impulso. Il quartiere Belle-Terre, il cui sviluppo \u00e8 previsto in tre fasi da qui al 2035, ha recentemente visto la consegna e [&hellip;]","og_url":"https:\/\/batima.ch\/it\/legacia\/progetti-in-corso\/","og_site_name":"batima.ch","article_modified_time":"2026-04-12T10:23:11+00:00","og_image":[{"url":"https:\/\/batima.ch\/wp-content\/uploads\/2025\/11\/lin2@250x-100.jpg","type":"","width":"","height":""}],"twitter_card":"summary_large_image","twitter_misc":{"Tempo di lettura stimato":"1 minuto"},"schema":{"@context":"https:\/\/schema.org","@graph":[{"@type":"WebPage","@id":"https:\/\/batima.ch\/it\/legacia\/progetti-in-corso\/","url":"https:\/\/batima.ch\/it\/legacia\/progetti-in-corso\/","name":"PROGETTI IN CORSO - batima.ch","isPartOf":{"@id":"https:\/\/batima.ch\/it\/#website"},"primaryImageOfPage":{"@id":"https:\/\/batima.ch\/it\/legacia\/progetti-in-corso\/#primaryimage"},"image":{"@id":"https:\/\/batima.ch\/it\/legacia\/progetti-in-corso\/#primaryimage"},"thumbnailUrl":"https:\/\/batima.ch\/wp-content\/uploads\/2025\/11\/lin2@250x-100.jpg","datePublished":"2025-12-10T13:20:18+00:00","dateModified":"2026-04-12T10:23:11+00:00","breadcrumb":{"@id":"https:\/\/batima.ch\/it\/legacia\/progetti-in-corso\/#breadcrumb"},"inLanguage":"it-IT","potentialAction":[{"@type":"ReadAction","target":["https:\/\/batima.ch\/it\/legacia\/progetti-in-corso\/"]}]},{"@type":"ImageObject","inLanguage":"it-IT","@id":"https:\/\/batima.ch\/it\/legacia\/progetti-in-corso\/#primaryimage","url":"https:\/\/batima.ch\/wp-content\/uploads\/2025\/11\/lin2@250x-100.jpg","contentUrl":"https:\/\/batima.ch\/wp-content\/uploads\/2025\/11\/lin2@250x-100.jpg"},{"@type":"BreadcrumbList","@id":"https:\/\/batima.ch\/it\/legacia\/progetti-in-corso\/#breadcrumb","itemListElement":[{"@type":"ListItem","position":1,"name":"Home","item":"https:\/\/batima.ch\/it\/"},{"@type":"ListItem","position":2,"name":"LEGACIA","item":"https:\/\/batima.ch\/it\/legacy\/"},{"@type":"ListItem","position":3,"name":"PROGETTI IN CORSO"}]},{"@type":"WebSite","@id":"https:\/\/batima.ch\/it\/#website","url":"https:\/\/batima.ch\/it\/","name":"batima.ch","description":"","publisher":{"@id":"https:\/\/batima.ch\/it\/#organization"},"potentialAction":[{"@type":"SearchAction","target":{"@type":"EntryPoint","urlTemplate":"https:\/\/batima.ch\/it\/?s={search_term_string}"},"query-input":{"@type":"PropertyValueSpecification","valueRequired":true,"valueName":"search_term_string"}}],"inLanguage":"it-IT"},{"@type":"Organization","@id":"https:\/\/batima.ch\/it\/#organization","name":"Batima S.A","url":"https:\/\/batima.ch\/it\/","logo":{"@type":"ImageObject","inLanguage":"it-IT","@id":"https:\/\/batima.ch\/it\/#\/schema\/logo\/image\/","url":"https:\/\/batima.ch\/wp-content\/uploads\/2025\/11\/Asset-22.svg","contentUrl":"https:\/\/batima.ch\/wp-content\/uploads\/2025\/11\/Asset-22.svg","width":733,"height":185,"caption":"Batima S.A"},"image":{"@id":"https:\/\/batima.ch\/it\/#\/schema\/logo\/image\/"},"sameAs":["https:\/\/www.instagram.com\/groupebatima\/"]}]}},"_links":{"self":[{"href":"https:\/\/batima.ch\/it\/wp-json\/wp\/v2\/pages\/2524","targetHints":{"allow":["GET"]}}],"collection":[{"href":"https:\/\/batima.ch\/it\/wp-json\/wp\/v2\/pages"}],"about":[{"href":"https:\/\/batima.ch\/it\/wp-json\/wp\/v2\/types\/page"}],"author":[{"embeddable":true,"href":"https:\/\/batima.ch\/it\/wp-json\/wp\/v2\/users\/1"}],"replies":[{"embeddable":true,"href":"https:\/\/batima.ch\/it\/wp-json\/wp\/v2\/comments?post=2524"}],"version-history":[{"count":5,"href":"https:\/\/batima.ch\/it\/wp-json\/wp\/v2\/pages\/2524\/revisions"}],"predecessor-version":[{"id":3671,"href":"https:\/\/batima.ch\/it\/wp-json\/wp\/v2\/pages\/2524\/revisions\/3671"}],"up":[{"embeddable":true,"href":"https:\/\/batima.ch\/it\/wp-json\/wp\/v2\/pages\/2474"}],"wp:attachment":[{"href":"https:\/\/batima.ch\/it\/wp-json\/wp\/v2\/media?parent=2524"}],"curies":[{"name":"wp","href":"https:\/\/api.w.org\/{rel}","templated":true}]}}