{"id":2514,"date":"2025-12-10T13:21:57","date_gmt":"2025-12-10T13:21:57","guid":{"rendered":"https:\/\/dev.batima.ch\/torre-della-riva-sinistra\/"},"modified":"2026-04-12T11:44:34","modified_gmt":"2026-04-12T11:44:34","slug":"torre-della-riva-sinistra","status":"publish","type":"page","link":"https:\/\/batima.ch\/it\/legacia\/i-nostri-risultati\/torre-della-riva-sinistra\/","title":{"rendered":"TORRE DELLA RIVA SINISTRA"},"content":{"rendered":"\t\t<div data-elementor-type=\"wp-page\" data-elementor-id=\"2514\" class=\"elementor elementor-2514 elementor-357\" data-elementor-post-type=\"page\">\n\t\t\t\t<div class=\"elementor-element elementor-element-4d4c944 e-flex e-con-boxed e-con e-parent\" data-id=\"4d4c944\" data-element_type=\"container\" data-settings=\"{&quot;background_background&quot;:&quot;classic&quot;}\">\n\t\t\t\t\t<div class=\"e-con-inner\">\n\t\t<div class=\"elementor-element elementor-element-a9869f4 e-con-full e-flex e-con e-child\" data-id=\"a9869f4\" data-element_type=\"container\">\n\t\t\t\t<div class=\"elementor-element elementor-element-dce966f elementor-invisible elementor-widget elementor-widget-heading\" data-id=\"dce966f\" data-element_type=\"widget\" data-settings=\"{&quot;_animation&quot;:&quot;fadeInLeft&quot;}\" data-widget_type=\"heading.default\">\n\t\t\t\t\t<h2 class=\"elementor-heading-title elementor-size-default\">Torre Le Rive Gauche<\/h2>\t\t\t\t<\/div>\n\t\t\t\t<div class=\"elementor-element elementor-element-6781107 elementor-invisible elementor-widget elementor-widget-text-editor\" data-id=\"6781107\" data-element_type=\"widget\" data-settings=\"{&quot;_animation&quot;:&quot;fadeInLeft&quot;}\" data-widget_type=\"text-editor.default\">\n\t\t\t\t\t\t\t\t\t<p><strong>Marzo 1973. Una pubblicit\u00e0 a colori a tutta pagina su Le Figaro proclama i meriti degli appartamenti messi in vendita da Batima<\/strong> nel cuore del grattacielo &#8220;Le Rive Gauche&#8221; di Parigi.<\/p><p>Le frasi sono brevi, ma mirate al punto. Ogni parola porta con s\u00e9 un&#8217;argomentazione importante. \u02ddSaloni-terrazze sul fronte della Senna\u02dd &#8211; \u02ddNessuno spazio morto\u02dd &#8211; \u02ddNessun corridoio inutile\u02dd &#8211; \u02ddVista panoramica\u02dd &#8211; \u02ddPrezzo di lancio sicuro e definitivo\u02dd. Un piano a colori illustrava queste affermazioni. Finalmente un promotore che si assume i rischi per se stesso \u02dd conclude la pubblicit\u00e0 che afferma \u02ddBatima ha sempre mantenuto la parola data\u02dd.    <\/p><p><strong>Questa pubblicit\u00e0, assolutamente innovativa per l&#8217;epoca, riassume la filosofia di Gabriel Aknin, un imprenditore visionario.  <\/strong><\/p>\t\t\t\t\t\t\t\t<\/div>\n\t\t\t\t<\/div>\n\t\t<div class=\"elementor-element elementor-element-d0a00a9 e-con-full e-flex elementor-invisible e-con e-child\" data-id=\"d0a00a9\" data-element_type=\"container\" data-settings=\"{&quot;background_background&quot;:&quot;classic&quot;,&quot;animation&quot;:&quot;fadeInRight&quot;}\">\n\t\t\t\t<\/div>\n\t\t\t\t\t<\/div>\n\t\t\t\t<\/div>\n\t\t<div class=\"elementor-element elementor-element-715c9b5 e-flex e-con-boxed elementor-invisible e-con e-parent\" data-id=\"715c9b5\" data-element_type=\"container\" data-settings=\"{&quot;animation&quot;:&quot;fadeInDown&quot;}\">\n\t\t\t\t\t<div class=\"e-con-inner\">\n\t\t\t\t<div class=\"elementor-element elementor-element-0079f3a elementor-widget elementor-widget-counter\" data-id=\"0079f3a\" data-element_type=\"widget\" data-widget_type=\"counter.default\">\n\t\t\t\t\t\t\t<div class=\"elementor-counter\">\n\t\t\t<div class=\"elementor-counter-title\">PAVIMENTI<\/div>\t\t\t<div class=\"elementor-counter-number-wrapper\">\n\t\t\t\t<span class=\"elementor-counter-number-prefix\"><\/span>\n\t\t\t\t<span class=\"elementor-counter-number\" data-duration=\"2000\" data-to-value=\"33\" data-from-value=\"0\" data-delimiter=\",\">0<\/span>\n\t\t\t\t<span class=\"elementor-counter-number-suffix\"><\/span>\n\t\t\t<\/div>\n\t\t<\/div>\n\t\t\t\t\t\t<\/div>\n\t\t\t\t<div class=\"elementor-element elementor-element-e8238ce elementor-widget elementor-widget-counter\" data-id=\"e8238ce\" data-element_type=\"widget\" data-widget_type=\"counter.default\">\n\t\t\t\t\t\t\t<div class=\"elementor-counter\">\n\t\t\t<div class=\"elementor-counter-title\">APPARTAMENTI<\/div>\t\t\t<div class=\"elementor-counter-number-wrapper\">\n\t\t\t\t<span class=\"elementor-counter-number-prefix\"><\/span>\n\t\t\t\t<span class=\"elementor-counter-number\" data-duration=\"2000\" data-to-value=\"240\" data-from-value=\"0\" data-delimiter=\",\">0<\/span>\n\t\t\t\t<span class=\"elementor-counter-number-suffix\"><\/span>\n\t\t\t<\/div>\n\t\t<\/div>\n\t\t\t\t\t\t<\/div>\n\t\t\t\t<div class=\"elementor-element elementor-element-06c0812 elementor-widget elementor-widget-counter\" data-id=\"06c0812\" data-element_type=\"widget\" data-widget_type=\"counter.default\">\n\t\t\t\t\t\t\t<div class=\"elementor-counter\">\n\t\t\t<div class=\"elementor-counter-title\">M2 COSTRUITO<\/div>\t\t\t<div class=\"elementor-counter-number-wrapper\">\n\t\t\t\t<span class=\"elementor-counter-number-prefix\">+ altro  <\/span>\n\t\t\t\t<span class=\"elementor-counter-number\" data-duration=\"2000\" data-to-value=\"25000\" data-from-value=\"0\" data-delimiter=\",\">0<\/span>\n\t\t\t\t<span class=\"elementor-counter-number-suffix\"><\/span>\n\t\t\t<\/div>\n\t\t<\/div>\n\t\t\t\t\t\t<\/div>\n\t\t\t\t\t<\/div>\n\t\t\t\t<\/div>\n\t\t<div class=\"elementor-element elementor-element-3dea9c4 e-flex e-con-boxed e-con e-parent\" data-id=\"3dea9c4\" data-element_type=\"container\" data-settings=\"{&quot;background_background&quot;:&quot;classic&quot;}\">\n\t\t\t\t\t<div class=\"e-con-inner\">\n\t\t<div class=\"elementor-element elementor-element-63be563 e-con-full e-flex elementor-invisible e-con e-child\" data-id=\"63be563\" data-element_type=\"container\" data-settings=\"{&quot;background_background&quot;:&quot;classic&quot;,&quot;animation&quot;:&quot;fadeInLeft&quot;}\">\n\t\t\t\t<\/div>\n\t\t<div class=\"elementor-element elementor-element-6350d07 e-con-full e-flex e-con e-child\" data-id=\"6350d07\" data-element_type=\"container\">\n\t\t\t\t<div class=\"elementor-element elementor-element-8cedbb5 eael_vto-vertical-rl elementor-invisible elementor-widget elementor-widget-heading\" data-id=\"8cedbb5\" data-element_type=\"widget\" data-settings=\"{&quot;_animation&quot;:&quot;fadeInUp&quot;}\" data-widget_type=\"heading.default\">\n\t\t\t\t\t<h2 class=\"elementor-heading-title elementor-size-default\">OSARE\nIN MODO DIVERSO<\/h2>\t\t\t\t<\/div>\n\t\t\t\t<div class=\"elementor-element elementor-element-9a10f5d elementor-invisible elementor-widget elementor-widget-text-editor\" data-id=\"9a10f5d\" data-element_type=\"widget\" data-settings=\"{&quot;_animation&quot;:&quot;fadeInRight&quot;}\" data-widget_type=\"text-editor.default\">\n\t\t\t\t\t\t\t\t\t<p style=\"text-align: left;\"><strong>La sua firma<\/strong>: la ricerca della massima qualit\u00e0 e un approccio attraente alle abitazioni. E un senso di praticit\u00e0, unito a una solida attitudine all&#8217;innovazione, che sboccer\u00e0 nella realizzazione di numerosi progetti, sempre coronati da successo, tra Parigi e Ginevra. <\/p><p style=\"text-align: left;\"> <\/p>\t\t\t\t\t\t\t\t<\/div>\n\t\t\t\t<\/div>\n\t\t\t\t\t<\/div>\n\t\t\t\t<\/div>\n\t\t<div class=\"elementor-element elementor-element-2301150 e-flex e-con-boxed e-con e-parent\" data-id=\"2301150\" data-element_type=\"container\" data-settings=\"{&quot;background_background&quot;:&quot;classic&quot;}\">\n\t\t\t\t\t<div class=\"e-con-inner\">\n\t\t<div class=\"elementor-element elementor-element-d0ef62a e-con-full e-flex elementor-invisible e-con e-child\" data-id=\"d0ef62a\" data-element_type=\"container\" data-settings=\"{&quot;background_background&quot;:&quot;classic&quot;,&quot;animation&quot;:&quot;fadeInLeft&quot;}\">\n\t\t\t\t<div class=\"elementor-element elementor-element-a217ac1 elementor-widget elementor-widget-heading\" data-id=\"a217ac1\" data-element_type=\"widget\" data-widget_type=\"heading.default\">\n\t\t\t\t\t<h2 class=\"elementor-heading-title elementor-size-default\">\nLA TORRE <br>LE RIVE GAUCHE, <br>\nSVILUPPO<br>\nEMBLEMATICO <br>\nDEL GRUPPO BATIMA<\/h2>\t\t\t\t<\/div>\n\t\t\t\t<\/div>\n\t\t<div class=\"elementor-element elementor-element-2bca23c e-con-full e-flex elementor-invisible e-con e-child\" data-id=\"2bca23c\" data-element_type=\"container\" data-settings=\"{&quot;animation&quot;:&quot;fadeInRight&quot;}\">\n\t\t\t\t<div class=\"elementor-element elementor-element-9d162e1 gallery-spacing-custom elementor-widget elementor-widget-image-gallery\" data-id=\"9d162e1\" data-element_type=\"widget\" data-widget_type=\"image-gallery.default\">\n\t\t\t\t\t\t\t<div class=\"elementor-image-gallery\">\n\t\t\t<div id='gallery-1' class='gallery galleryid-2514 gallery-columns-2 gallery-size-full'><figure class='gallery-item'>\n\t\t\t<div class='gallery-icon portrait'>\n\t\t\t\t<a data-elementor-open-lightbox=\"yes\" data-elementor-lightbox-slideshow=\"9d162e1\" data-elementor-lightbox-title=\"Tour Rive Gauche 3\" data-e-action-hash=\"#elementor-action%3Aaction%3Dlightbox%26settings%3DeyJpZCI6MjUxOCwidXJsIjoiaHR0cHM6XC9cL2JhdGltYS5jaFwvd3AtY29udGVudFwvdXBsb2Fkc1wvMjAyNlwvMDJcL1RvdXItUml2ZS1HYXVjaGUtMy1zY2FsZWQuanBnIiwic2xpZGVzaG93IjoiOWQxNjJlMSJ9\" href='https:\/\/batima.ch\/wp-content\/uploads\/2026\/02\/Tour-Rive-Gauche-3-scaled.jpg'><img loading=\"lazy\" decoding=\"async\" width=\"1907\" height=\"2560\" src=\"https:\/\/batima.ch\/wp-content\/uploads\/2026\/02\/Tour-Rive-Gauche-3-scaled.jpg\" class=\"attachment-full size-full\" alt=\"\" srcset=\"https:\/\/batima.ch\/wp-content\/uploads\/2026\/02\/Tour-Rive-Gauche-3-scaled.jpg 1907w, https:\/\/batima.ch\/wp-content\/uploads\/2026\/02\/Tour-Rive-Gauche-3-224x300.jpg 224w, https:\/\/batima.ch\/wp-content\/uploads\/2026\/02\/Tour-Rive-Gauche-3-763x1024.jpg 763w, https:\/\/batima.ch\/wp-content\/uploads\/2026\/02\/Tour-Rive-Gauche-3-768x1031.jpg 768w, https:\/\/batima.ch\/wp-content\/uploads\/2026\/02\/Tour-Rive-Gauche-3-1144x1536.jpg 1144w, https:\/\/batima.ch\/wp-content\/uploads\/2026\/02\/Tour-Rive-Gauche-3-1526x2048.jpg 1526w\" sizes=\"auto, (max-width: 1907px) 100vw, 1907px\" \/><\/a>\n\t\t\t<\/div><\/figure><figure class='gallery-item'>\n\t\t\t<div class='gallery-icon landscape'>\n\t\t\t\t<a data-elementor-open-lightbox=\"yes\" data-elementor-lightbox-slideshow=\"9d162e1\" data-elementor-lightbox-title=\"Opuscolo Pub Tour Rive Gauche 2\" data-e-action-hash=\"#elementor-action%3Aaction%3Dlightbox%26settings%3DeyJpZCI6MjQ3MiwidXJsIjoiaHR0cHM6XC9cL2JhdGltYS5jaFwvd3AtY29udGVudFwvdXBsb2Fkc1wvMjAyNlwvMDJcL0Jyb2NodXJlLVB1Yi1Ub3VyLVJpdmUtR2F1Y2hlLTItc2NhbGVkLmpwZyIsInNsaWRlc2hvdyI6IjlkMTYyZTEifQ%3D%3D\" href='https:\/\/batima.ch\/wp-content\/uploads\/2026\/02\/Brochure-Pub-Tour-Rive-Gauche-2-scaled.jpg'><img loading=\"lazy\" decoding=\"async\" width=\"2560\" height=\"1707\" src=\"https:\/\/batima.ch\/wp-content\/uploads\/2026\/02\/Brochure-Pub-Tour-Rive-Gauche-2-scaled.jpg\" class=\"attachment-full size-full\" alt=\"\" srcset=\"https:\/\/batima.ch\/wp-content\/uploads\/2026\/02\/Brochure-Pub-Tour-Rive-Gauche-2-scaled.jpg 2560w, https:\/\/batima.ch\/wp-content\/uploads\/2026\/02\/Brochure-Pub-Tour-Rive-Gauche-2-300x200.jpg 300w, https:\/\/batima.ch\/wp-content\/uploads\/2026\/02\/Brochure-Pub-Tour-Rive-Gauche-2-1024x683.jpg 1024w, https:\/\/batima.ch\/wp-content\/uploads\/2026\/02\/Brochure-Pub-Tour-Rive-Gauche-2-768x512.jpg 768w, https:\/\/batima.ch\/wp-content\/uploads\/2026\/02\/Brochure-Pub-Tour-Rive-Gauche-2-1536x1024.jpg 1536w, https:\/\/batima.ch\/wp-content\/uploads\/2026\/02\/Brochure-Pub-Tour-Rive-Gauche-2-2048x1365.jpg 2048w\" sizes=\"auto, (max-width: 2560px) 100vw, 2560px\" \/><\/a>\n\t\t\t<\/div><\/figure>\n\t\t<\/div>\n\t\t<\/div>\n\t\t\t\t\t\t<\/div>\n\t\t\t\t<\/div>\n\t\t\t\t\t<\/div>\n\t\t\t\t<\/div>\n\t\t<div class=\"elementor-element elementor-element-9a339ac e-flex e-con-boxed e-con e-parent\" data-id=\"9a339ac\" data-element_type=\"container\" data-settings=\"{&quot;background_background&quot;:&quot;classic&quot;}\">\n\t\t\t\t\t<div class=\"e-con-inner\">\n\t\t<div class=\"elementor-element elementor-element-812417f e-con-full e-flex e-con e-child\" data-id=\"812417f\" data-element_type=\"container\" data-settings=\"{&quot;background_background&quot;:&quot;classic&quot;}\">\n\t\t\t\t<div class=\"elementor-element elementor-element-beb9d2f elementor-invisible elementor-widget elementor-widget-text-editor\" data-id=\"beb9d2f\" data-element_type=\"widget\" data-settings=\"{&quot;_animation&quot;:&quot;fadeInLeft&quot;}\" data-widget_type=\"text-editor.default\">\n\t\t\t\t\t\t\t\t\t<p><a href=\"https:\/\/batima.ch\/it\/legacia\/i-nostri-risultati\/\"> <strong>&gt; Scopri i nostri <\/strong><strong>altri progetti<\/strong><\/a><\/p>\t\t\t\t\t\t\t\t<\/div>\n\t\t\t\t<\/div>\n\t\t<div class=\"elementor-element elementor-element-6a8976d e-con-full e-flex elementor-invisible e-con e-child\" data-id=\"6a8976d\" data-element_type=\"container\" data-settings=\"{&quot;background_background&quot;:&quot;classic&quot;,&quot;animation&quot;:&quot;fadeInRight&quot;}\">\n\t\t\t\t<\/div>\n\t\t\t\t\t<\/div>\n\t\t\t\t<\/div>\n\t\t\t\t<\/div>\n\t\t","protected":false},"excerpt":{"rendered":"<p>Torre Le Rive Gauche Marzo 1973. Una pubblicit\u00e0 a colori a tutta pagina su Le Figaro proclama i meriti degli appartamenti messi in vendita da Batima nel cuore del grattacielo &#8220;Le Rive Gauche&#8221; di Parigi. Le frasi sono brevi, ma mirate al punto. Ogni parola porta con s\u00e9 un&#8217;argomentazione importante. \u02ddSaloni-terrazze sul fronte della Senna\u02dd [&hellip;]<\/p>\n","protected":false},"author":1,"featured_media":0,"parent":2538,"menu_order":0,"comment_status":"closed","ping_status":"closed","template":"","meta":{"footnotes":""},"class_list":["post-2514","page","type-page","status-publish","hentry"],"yoast_head":"<!-- This site is optimized with the Yoast SEO plugin v27.4 - https:\/\/yoast.com\/product\/yoast-seo-wordpress\/ -->\n<title>TORRE DELLA RIVA SINISTRA - batima.ch<\/title>\n<meta name=\"robots\" content=\"index, follow, max-snippet:-1, max-image-preview:large, max-video-preview:-1\" \/>\n<link rel=\"canonical\" href=\"https:\/\/batima.ch\/it\/legacia\/i-nostri-risultati\/torre-della-riva-sinistra\/\" \/>\n<meta property=\"og:locale\" content=\"it_IT\" \/>\n<meta property=\"og:type\" content=\"article\" \/>\n<meta property=\"og:title\" content=\"TORRE DELLA RIVA SINISTRA - batima.ch\" \/>\n<meta property=\"og:description\" content=\"Torre Le Rive Gauche Marzo 1973. Una pubblicit\u00e0 a colori a tutta pagina su Le Figaro proclama i meriti degli appartamenti messi in vendita da Batima nel cuore del grattacielo &#8220;Le Rive Gauche&#8221; di Parigi. Le frasi sono brevi, ma mirate al punto. Ogni parola porta con s\u00e9 un&#8217;argomentazione importante. \u02ddSaloni-terrazze sul fronte della Senna\u02dd [&hellip;]\" \/>\n<meta property=\"og:url\" content=\"https:\/\/batima.ch\/it\/legacia\/i-nostri-risultati\/torre-della-riva-sinistra\/\" \/>\n<meta property=\"og:site_name\" content=\"batima.ch\" \/>\n<meta property=\"article:modified_time\" content=\"2026-04-12T11:44:34+00:00\" \/>\n<meta property=\"og:image\" content=\"https:\/\/batima.ch\/wp-content\/uploads\/2026\/02\/Tour-Rive-Gauche-3-scaled.jpg\" \/>\n<meta name=\"twitter:card\" content=\"summary_large_image\" \/>\n<meta name=\"twitter:label1\" content=\"Tempo di lettura stimato\" \/>\n\t<meta name=\"twitter:data1\" content=\"1 minuto\" \/>\n<script type=\"application\/ld+json\" class=\"yoast-schema-graph\">{\"@context\":\"https:\\\/\\\/schema.org\",\"@graph\":[{\"@type\":\"WebPage\",\"@id\":\"https:\\\/\\\/batima.ch\\\/it\\\/legacia\\\/i-nostri-risultati\\\/torre-della-riva-sinistra\\\/\",\"url\":\"https:\\\/\\\/batima.ch\\\/it\\\/legacia\\\/i-nostri-risultati\\\/torre-della-riva-sinistra\\\/\",\"name\":\"TORRE DELLA RIVA SINISTRA - batima.ch\",\"isPartOf\":{\"@id\":\"https:\\\/\\\/batima.ch\\\/it\\\/#website\"},\"primaryImageOfPage\":{\"@id\":\"https:\\\/\\\/batima.ch\\\/it\\\/legacia\\\/i-nostri-risultati\\\/torre-della-riva-sinistra\\\/#primaryimage\"},\"image\":{\"@id\":\"https:\\\/\\\/batima.ch\\\/it\\\/legacia\\\/i-nostri-risultati\\\/torre-della-riva-sinistra\\\/#primaryimage\"},\"thumbnailUrl\":\"https:\\\/\\\/batima.ch\\\/wp-content\\\/uploads\\\/2026\\\/02\\\/Tour-Rive-Gauche-3-scaled.jpg\",\"datePublished\":\"2025-12-10T13:21:57+00:00\",\"dateModified\":\"2026-04-12T11:44:34+00:00\",\"breadcrumb\":{\"@id\":\"https:\\\/\\\/batima.ch\\\/it\\\/legacia\\\/i-nostri-risultati\\\/torre-della-riva-sinistra\\\/#breadcrumb\"},\"inLanguage\":\"it-IT\",\"potentialAction\":[{\"@type\":\"ReadAction\",\"target\":[\"https:\\\/\\\/batima.ch\\\/it\\\/legacia\\\/i-nostri-risultati\\\/torre-della-riva-sinistra\\\/\"]}]},{\"@type\":\"ImageObject\",\"inLanguage\":\"it-IT\",\"@id\":\"https:\\\/\\\/batima.ch\\\/it\\\/legacia\\\/i-nostri-risultati\\\/torre-della-riva-sinistra\\\/#primaryimage\",\"url\":\"https:\\\/\\\/batima.ch\\\/wp-content\\\/uploads\\\/2026\\\/02\\\/Tour-Rive-Gauche-3-scaled.jpg\",\"contentUrl\":\"https:\\\/\\\/batima.ch\\\/wp-content\\\/uploads\\\/2026\\\/02\\\/Tour-Rive-Gauche-3-scaled.jpg\"},{\"@type\":\"BreadcrumbList\",\"@id\":\"https:\\\/\\\/batima.ch\\\/it\\\/legacia\\\/i-nostri-risultati\\\/torre-della-riva-sinistra\\\/#breadcrumb\",\"itemListElement\":[{\"@type\":\"ListItem\",\"position\":1,\"name\":\"Home\",\"item\":\"https:\\\/\\\/batima.ch\\\/it\\\/\"},{\"@type\":\"ListItem\",\"position\":2,\"name\":\"LEGACIA\",\"item\":\"https:\\\/\\\/batima.ch\\\/it\\\/legacy\\\/\"},{\"@type\":\"ListItem\",\"position\":3,\"name\":\"I NOSTRI RISULTATI\",\"item\":\"https:\\\/\\\/batima.ch\\\/it\\\/legacy\\\/nos-realisations\\\/\"},{\"@type\":\"ListItem\",\"position\":4,\"name\":\"TORRE DELLA RIVA SINISTRA\"}]},{\"@type\":\"WebSite\",\"@id\":\"https:\\\/\\\/batima.ch\\\/it\\\/#website\",\"url\":\"https:\\\/\\\/batima.ch\\\/it\\\/\",\"name\":\"batima.ch\",\"description\":\"\",\"publisher\":{\"@id\":\"https:\\\/\\\/batima.ch\\\/it\\\/#organization\"},\"potentialAction\":[{\"@type\":\"SearchAction\",\"target\":{\"@type\":\"EntryPoint\",\"urlTemplate\":\"https:\\\/\\\/batima.ch\\\/it\\\/?s={search_term_string}\"},\"query-input\":{\"@type\":\"PropertyValueSpecification\",\"valueRequired\":true,\"valueName\":\"search_term_string\"}}],\"inLanguage\":\"it-IT\"},{\"@type\":\"Organization\",\"@id\":\"https:\\\/\\\/batima.ch\\\/it\\\/#organization\",\"name\":\"Batima S.A\",\"url\":\"https:\\\/\\\/batima.ch\\\/it\\\/\",\"logo\":{\"@type\":\"ImageObject\",\"inLanguage\":\"it-IT\",\"@id\":\"https:\\\/\\\/batima.ch\\\/it\\\/#\\\/schema\\\/logo\\\/image\\\/\",\"url\":\"https:\\\/\\\/batima.ch\\\/wp-content\\\/uploads\\\/2025\\\/11\\\/Asset-22.svg\",\"contentUrl\":\"https:\\\/\\\/batima.ch\\\/wp-content\\\/uploads\\\/2025\\\/11\\\/Asset-22.svg\",\"width\":733,\"height\":185,\"caption\":\"Batima S.A\"},\"image\":{\"@id\":\"https:\\\/\\\/batima.ch\\\/it\\\/#\\\/schema\\\/logo\\\/image\\\/\"},\"sameAs\":[\"https:\\\/\\\/www.instagram.com\\\/groupebatima\\\/\"]}]}<\/script>\n<!-- \/ Yoast SEO plugin. -->","yoast_head_json":{"title":"TORRE DELLA RIVA SINISTRA - batima.ch","robots":{"index":"index","follow":"follow","max-snippet":"max-snippet:-1","max-image-preview":"max-image-preview:large","max-video-preview":"max-video-preview:-1"},"canonical":"https:\/\/batima.ch\/it\/legacia\/i-nostri-risultati\/torre-della-riva-sinistra\/","og_locale":"it_IT","og_type":"article","og_title":"TORRE DELLA RIVA SINISTRA - batima.ch","og_description":"Torre Le Rive Gauche Marzo 1973. Una pubblicit\u00e0 a colori a tutta pagina su Le Figaro proclama i meriti degli appartamenti messi in vendita da Batima nel cuore del grattacielo &#8220;Le Rive Gauche&#8221; di Parigi. Le frasi sono brevi, ma mirate al punto. Ogni parola porta con s\u00e9 un&#8217;argomentazione importante. \u02ddSaloni-terrazze sul fronte della Senna\u02dd [&hellip;]","og_url":"https:\/\/batima.ch\/it\/legacia\/i-nostri-risultati\/torre-della-riva-sinistra\/","og_site_name":"batima.ch","article_modified_time":"2026-04-12T11:44:34+00:00","og_image":[{"url":"https:\/\/batima.ch\/wp-content\/uploads\/2026\/02\/Tour-Rive-Gauche-3-scaled.jpg","type":"","width":"","height":""}],"twitter_card":"summary_large_image","twitter_misc":{"Tempo di lettura stimato":"1 minuto"},"schema":{"@context":"https:\/\/schema.org","@graph":[{"@type":"WebPage","@id":"https:\/\/batima.ch\/it\/legacia\/i-nostri-risultati\/torre-della-riva-sinistra\/","url":"https:\/\/batima.ch\/it\/legacia\/i-nostri-risultati\/torre-della-riva-sinistra\/","name":"TORRE DELLA RIVA SINISTRA - batima.ch","isPartOf":{"@id":"https:\/\/batima.ch\/it\/#website"},"primaryImageOfPage":{"@id":"https:\/\/batima.ch\/it\/legacia\/i-nostri-risultati\/torre-della-riva-sinistra\/#primaryimage"},"image":{"@id":"https:\/\/batima.ch\/it\/legacia\/i-nostri-risultati\/torre-della-riva-sinistra\/#primaryimage"},"thumbnailUrl":"https:\/\/batima.ch\/wp-content\/uploads\/2026\/02\/Tour-Rive-Gauche-3-scaled.jpg","datePublished":"2025-12-10T13:21:57+00:00","dateModified":"2026-04-12T11:44:34+00:00","breadcrumb":{"@id":"https:\/\/batima.ch\/it\/legacia\/i-nostri-risultati\/torre-della-riva-sinistra\/#breadcrumb"},"inLanguage":"it-IT","potentialAction":[{"@type":"ReadAction","target":["https:\/\/batima.ch\/it\/legacia\/i-nostri-risultati\/torre-della-riva-sinistra\/"]}]},{"@type":"ImageObject","inLanguage":"it-IT","@id":"https:\/\/batima.ch\/it\/legacia\/i-nostri-risultati\/torre-della-riva-sinistra\/#primaryimage","url":"https:\/\/batima.ch\/wp-content\/uploads\/2026\/02\/Tour-Rive-Gauche-3-scaled.jpg","contentUrl":"https:\/\/batima.ch\/wp-content\/uploads\/2026\/02\/Tour-Rive-Gauche-3-scaled.jpg"},{"@type":"BreadcrumbList","@id":"https:\/\/batima.ch\/it\/legacia\/i-nostri-risultati\/torre-della-riva-sinistra\/#breadcrumb","itemListElement":[{"@type":"ListItem","position":1,"name":"Home","item":"https:\/\/batima.ch\/it\/"},{"@type":"ListItem","position":2,"name":"LEGACIA","item":"https:\/\/batima.ch\/it\/legacy\/"},{"@type":"ListItem","position":3,"name":"I NOSTRI RISULTATI","item":"https:\/\/batima.ch\/it\/legacy\/nos-realisations\/"},{"@type":"ListItem","position":4,"name":"TORRE DELLA RIVA SINISTRA"}]},{"@type":"WebSite","@id":"https:\/\/batima.ch\/it\/#website","url":"https:\/\/batima.ch\/it\/","name":"batima.ch","description":"","publisher":{"@id":"https:\/\/batima.ch\/it\/#organization"},"potentialAction":[{"@type":"SearchAction","target":{"@type":"EntryPoint","urlTemplate":"https:\/\/batima.ch\/it\/?s={search_term_string}"},"query-input":{"@type":"PropertyValueSpecification","valueRequired":true,"valueName":"search_term_string"}}],"inLanguage":"it-IT"},{"@type":"Organization","@id":"https:\/\/batima.ch\/it\/#organization","name":"Batima S.A","url":"https:\/\/batima.ch\/it\/","logo":{"@type":"ImageObject","inLanguage":"it-IT","@id":"https:\/\/batima.ch\/it\/#\/schema\/logo\/image\/","url":"https:\/\/batima.ch\/wp-content\/uploads\/2025\/11\/Asset-22.svg","contentUrl":"https:\/\/batima.ch\/wp-content\/uploads\/2025\/11\/Asset-22.svg","width":733,"height":185,"caption":"Batima S.A"},"image":{"@id":"https:\/\/batima.ch\/it\/#\/schema\/logo\/image\/"},"sameAs":["https:\/\/www.instagram.com\/groupebatima\/"]}]}},"_links":{"self":[{"href":"https:\/\/batima.ch\/it\/wp-json\/wp\/v2\/pages\/2514","targetHints":{"allow":["GET"]}}],"collection":[{"href":"https:\/\/batima.ch\/it\/wp-json\/wp\/v2\/pages"}],"about":[{"href":"https:\/\/batima.ch\/it\/wp-json\/wp\/v2\/types\/page"}],"author":[{"embeddable":true,"href":"https:\/\/batima.ch\/it\/wp-json\/wp\/v2\/users\/1"}],"replies":[{"embeddable":true,"href":"https:\/\/batima.ch\/it\/wp-json\/wp\/v2\/comments?post=2514"}],"version-history":[{"count":5,"href":"https:\/\/batima.ch\/it\/wp-json\/wp\/v2\/pages\/2514\/revisions"}],"predecessor-version":[{"id":3744,"href":"https:\/\/batima.ch\/it\/wp-json\/wp\/v2\/pages\/2514\/revisions\/3744"}],"up":[{"embeddable":true,"href":"https:\/\/batima.ch\/it\/wp-json\/wp\/v2\/pages\/2538"}],"wp:attachment":[{"href":"https:\/\/batima.ch\/it\/wp-json\/wp\/v2\/media?parent=2514"}],"curies":[{"name":"wp","href":"https:\/\/api.w.org\/{rel}","templated":true}]}}