{"id":2492,"date":"2025-12-10T13:22:35","date_gmt":"2025-12-10T13:22:35","guid":{"rendered":"https:\/\/dev.batima.ch\/parigi-9eme-10eme-e-17eme\/"},"modified":"2026-02-26T14:01:48","modified_gmt":"2026-02-26T14:01:48","slug":"parigi-9eme-10eme-e-17eme","status":"publish","type":"page","link":"https:\/\/batima.ch\/it\/legacia\/i-nostri-risultati\/parigi-9eme-10eme-e-17eme\/","title":{"rendered":"PARIGI 9\u00c8ME, 10\u00c8ME e 17\u00c8ME"},"content":{"rendered":"\t\t<div data-elementor-type=\"wp-page\" data-elementor-id=\"2492\" class=\"elementor elementor-2492 elementor-361\" data-elementor-post-type=\"page\">\n\t\t\t\t<div class=\"elementor-element elementor-element-80abc76 e-flex e-con-boxed e-con e-parent\" data-id=\"80abc76\" data-element_type=\"container\" data-settings=\"{&quot;background_background&quot;:&quot;classic&quot;}\">\n\t\t\t\t\t<div class=\"e-con-inner\">\n\t\t<div class=\"elementor-element elementor-element-c884699 e-con-full e-flex e-con e-child\" data-id=\"c884699\" data-element_type=\"container\">\n\t\t\t\t<div class=\"elementor-element elementor-element-1aa6123 elementor-widget elementor-widget-heading\" data-id=\"1aa6123\" data-element_type=\"widget\" data-widget_type=\"heading.default\">\n\t\t\t\t\t<h2 class=\"elementor-heading-title elementor-size-default\">PARIGI 9\u00c8ME, 10\u00c8ME e 17\u00c8ME<\/h2>\t\t\t\t<\/div>\n\t\t\t\t<div class=\"elementor-element elementor-element-44fa4ba elementor-widget elementor-widget-text-editor\" data-id=\"44fa4ba\" data-element_type=\"widget\" data-widget_type=\"text-editor.default\">\n\t\t\t\t\t\t\t\t\t<p>PIGALLE \/ BADESSE<\/p><p>Parigi <sup>9\u00b0<\/sup> | Francia<\/p><p>Con la ristrutturazione e la valorizzazione di uno degli edifici borghesi pi\u00f9 belli dell&#8217;inizio <sup>del XX<\/sup> secolo, di fronte al Moulin Rouge e con una vista ininterrotta sul Sacro Cuore, Batima sta partecipando attivamente alla rigenerazione del Boulevard de Clichy.<\/p><p>GRANDS BOULEVARDS \/ POISSONNIERE<\/p><p>Parigi <sup>9\u00b0<\/sup> e <sup>10\u00b0<\/sup> arrondissement | Francia<\/p><p>Batima \u00e8 uno dei protagonisti del rinnovamento di uno dei quartieri pi\u00f9 vivaci di Parigi, con la ristrutturazione di edifici a uso misto, la conversione di laboratori e uffici in abitazioni e la valorizzazione degli spazi commerciali al piano terra con una gamma ricca e diversificata di punti di ristoro.<\/p>\t\t\t\t\t\t\t\t<\/div>\n\t\t\t\t<\/div>\n\t\t<div class=\"elementor-element elementor-element-519ddad e-con-full e-flex e-con e-child\" data-id=\"519ddad\" data-element_type=\"container\" data-settings=\"{&quot;background_background&quot;:&quot;classic&quot;}\">\n\t\t\t\t<\/div>\n\t\t\t\t\t<\/div>\n\t\t\t\t<\/div>\n\t\t<div class=\"elementor-element elementor-element-ae203e3 e-flex e-con-boxed e-con e-parent\" data-id=\"ae203e3\" data-element_type=\"container\">\n\t\t\t\t\t<div class=\"e-con-inner\">\n\t\t\t\t<div class=\"elementor-element elementor-element-43dd4aa elementor-widget elementor-widget-counter\" data-id=\"43dd4aa\" data-element_type=\"widget\" data-widget_type=\"counter.default\">\n\t\t\t\t\t\t\t<div class=\"elementor-counter\">\n\t\t\t<div class=\"elementor-counter-title\">M2 DI SPAZIO VERDE APERTO <br> <\/div>\t\t\t<div class=\"elementor-counter-number-wrapper\">\n\t\t\t\t<span class=\"elementor-counter-number-prefix\"><\/span>\n\t\t\t\t<span class=\"elementor-counter-number\" data-duration=\"2000\" data-to-value=\"8000\" data-from-value=\"0\" data-delimiter=\",\">0<\/span>\n\t\t\t\t<span class=\"elementor-counter-number-suffix\"><\/span>\n\t\t\t<\/div>\n\t\t<\/div>\n\t\t\t\t\t\t<\/div>\n\t\t\t\t<div class=\"elementor-element elementor-element-483d1b9 elementor-widget elementor-widget-counter\" data-id=\"483d1b9\" data-element_type=\"widget\" data-widget_type=\"counter.default\">\n\t\t\t\t\t\t\t<div class=\"elementor-counter\">\n\t\t\t<div class=\"elementor-counter-title\">ALBERI PIANTATI <br> DURANTE IL PROGRAMMA <br><\/div>\t\t\t<div class=\"elementor-counter-number-wrapper\">\n\t\t\t\t<span class=\"elementor-counter-number-prefix\"><\/span>\n\t\t\t\t<span class=\"elementor-counter-number\" data-duration=\"2000\" data-to-value=\"150\" data-from-value=\"0\" data-delimiter=\",\">0<\/span>\n\t\t\t\t<span class=\"elementor-counter-number-suffix\"><\/span>\n\t\t\t<\/div>\n\t\t<\/div>\n\t\t\t\t\t\t<\/div>\n\t\t\t\t<div class=\"elementor-element elementor-element-42f2f06 elementor-widget elementor-widget-counter\" data-id=\"42f2f06\" data-element_type=\"widget\" data-widget_type=\"counter.default\">\n\t\t\t\t\t\t\t<div class=\"elementor-counter\">\n\t\t\t<div class=\"elementor-counter-title\">M2 DI SPAZIO VERDE SU LASTRE E GIARDINI PENSILI<\/div>\t\t\t<div class=\"elementor-counter-number-wrapper\">\n\t\t\t\t<span class=\"elementor-counter-number-prefix\"><\/span>\n\t\t\t\t<span class=\"elementor-counter-number\" data-duration=\"2000\" data-to-value=\"5000\" data-from-value=\"0\" data-delimiter=\",\">0<\/span>\n\t\t\t\t<span class=\"elementor-counter-number-suffix\"><\/span>\n\t\t\t<\/div>\n\t\t<\/div>\n\t\t\t\t\t\t<\/div>\n\t\t\t\t\t<\/div>\n\t\t\t\t<\/div>\n\t\t<div class=\"elementor-element elementor-element-0a63aff e-flex e-con-boxed e-con e-parent\" data-id=\"0a63aff\" data-element_type=\"container\" data-settings=\"{&quot;background_background&quot;:&quot;classic&quot;}\">\n\t\t\t\t\t<div class=\"e-con-inner\">\n\t\t<div class=\"elementor-element elementor-element-8c0966e e-con-full e-flex e-con e-child\" data-id=\"8c0966e\" data-element_type=\"container\" data-settings=\"{&quot;background_background&quot;:&quot;classic&quot;}\">\n\t\t\t\t<\/div>\n\t\t<div class=\"elementor-element elementor-element-12604d0 e-con-full e-flex e-con e-child\" data-id=\"12604d0\" data-element_type=\"container\">\n\t\t\t\t<div class=\"elementor-element elementor-element-a58c704 eael_vto-vertical-rl elementor-widget elementor-widget-heading\" data-id=\"a58c704\" data-element_type=\"widget\" data-widget_type=\"heading.default\">\n\t\t\t\t\t<h2 class=\"elementor-heading-title elementor-size-default\">UN'OASI <br>DI VERDE<\/h2>\t\t\t\t<\/div>\n\t\t\t\t<div class=\"elementor-element elementor-element-500bcc8 elementor-widget elementor-widget-text-editor\" data-id=\"500bcc8\" data-element_type=\"widget\" data-widget_type=\"text-editor.default\">\n\t\t\t\t\t\t\t\t\t<p style=\"text-align: left;\">BATIGNOLI<\/p><p style=\"text-align: left;\">Parigi <sup>17\u00b0<\/sup> | Francia<\/p><p style=\"text-align: left;\">Costruzione di un edificio a uso misto con unit\u00e0 residenziali ai piani superiori, negozi al piano terra e una clinica al centro del lotto.<\/p>\t\t\t\t\t\t\t\t<\/div>\n\t\t\t\t<\/div>\n\t\t\t\t\t<\/div>\n\t\t\t\t<\/div>\n\t\t<div class=\"elementor-element elementor-element-6f74465 e-flex e-con-boxed e-con e-parent\" data-id=\"6f74465\" data-element_type=\"container\" data-settings=\"{&quot;background_background&quot;:&quot;classic&quot;}\">\n\t\t\t\t\t<div class=\"e-con-inner\">\n\t\t<div class=\"elementor-element elementor-element-b3ba79c e-con-full e-flex e-con e-child\" data-id=\"b3ba79c\" data-element_type=\"container\" data-settings=\"{&quot;background_background&quot;:&quot;classic&quot;}\">\n\t\t\t\t<div class=\"elementor-element elementor-element-2bdaf5d elementor-widget elementor-widget-heading\" data-id=\"2bdaf5d\" data-element_type=\"widget\" data-widget_type=\"heading.default\">\n\t\t\t\t\t<h2 class=\"elementor-heading-title elementor-size-default\">ALLE PORTE DI <br>GINEVRA, SULLE <br>RIVE DEL FORON, <br>UN GRANDE PARCO, <br>GIARDINI PENSILI, <br>VIALI ALBERATI <br>E PIAZZE OMBREGGIATE <br><\/h2>\t\t\t\t<\/div>\n\t\t\t\t<\/div>\n\t\t<div class=\"elementor-element elementor-element-7fd5bdf e-con-full e-flex e-con e-child\" data-id=\"7fd5bdf\" data-element_type=\"container\">\n\t\t\t\t<div class=\"elementor-element elementor-element-07a1c49 gallery-spacing-custom elementor-widget elementor-widget-image-gallery\" data-id=\"07a1c49\" data-element_type=\"widget\" data-widget_type=\"image-gallery.default\">\n\t\t\t\t\t\t\t<div class=\"elementor-image-gallery\">\n\t\t\t<div id='gallery-1' class='gallery galleryid-2492 gallery-columns-2 gallery-size-full'><figure class='gallery-item'>\n\t\t\t<div class='gallery-icon portrait'>\n\t\t\t\t<a data-elementor-open-lightbox=\"yes\" data-elementor-lightbox-slideshow=\"07a1c49\" data-elementor-lightbox-title=\"la-canope-1_1 (1)\" data-e-action-hash=\"#elementor-action%3Aaction%3Dlightbox%26settings%3DeyJpZCI6MjQ5OSwidXJsIjoiaHR0cHM6XC9cL2JhdGltYS5jaFwvd3AtY29udGVudFwvdXBsb2Fkc1wvMjAyNlwvMDFcL2xhLWNhbm9wZS0xXzEtMS5qcGciLCJzbGlkZXNob3ciOiIwN2ExYzQ5In0%3D\" href='https:\/\/batima.ch\/wp-content\/uploads\/2026\/01\/la-canope-1_1-1.jpg'><img width=\"639\" height=\"1046\" src=\"https:\/\/batima.ch\/wp-content\/uploads\/2026\/01\/la-canope-1_1-1.jpg\" class=\"attachment-full size-full\" alt=\"\" decoding=\"async\" fetchpriority=\"high\" srcset=\"https:\/\/batima.ch\/wp-content\/uploads\/2026\/01\/la-canope-1_1-1.jpg 639w, https:\/\/batima.ch\/wp-content\/uploads\/2026\/01\/la-canope-1_1-1-183x300.jpg 183w, https:\/\/batima.ch\/wp-content\/uploads\/2026\/01\/la-canope-1_1-1-626x1024.jpg 626w\" sizes=\"(max-width: 639px) 100vw, 639px\" \/><\/a>\n\t\t\t<\/div><\/figure><figure class='gallery-item'>\n\t\t\t<div class='gallery-icon portrait'>\n\t\t\t\t<a data-elementor-open-lightbox=\"yes\" data-elementor-lightbox-slideshow=\"07a1c49\" data-elementor-lightbox-title=\"la-canope-2\" data-e-action-hash=\"#elementor-action%3Aaction%3Dlightbox%26settings%3DeyJpZCI6MjUwMSwidXJsIjoiaHR0cHM6XC9cL2JhdGltYS5jaFwvd3AtY29udGVudFwvdXBsb2Fkc1wvMjAyNlwvMDFcL2xhLWNhbm9wZS0yLmpwZyIsInNsaWRlc2hvdyI6IjA3YTFjNDkifQ%3D%3D\" href='https:\/\/batima.ch\/wp-content\/uploads\/2026\/01\/la-canope-2.jpg'><img loading=\"lazy\" width=\"639\" height=\"1046\" src=\"https:\/\/batima.ch\/wp-content\/uploads\/2026\/01\/la-canope-2.jpg\" class=\"attachment-full size-full\" alt=\"\" decoding=\"async\" srcset=\"https:\/\/batima.ch\/wp-content\/uploads\/2026\/01\/la-canope-2.jpg 639w, https:\/\/batima.ch\/wp-content\/uploads\/2026\/01\/la-canope-2-183x300.jpg 183w, https:\/\/batima.ch\/wp-content\/uploads\/2026\/01\/la-canope-2-626x1024.jpg 626w\" sizes=\"auto, (max-width: 639px) 100vw, 639px\" \/><\/a>\n\t\t\t<\/div><\/figure>\n\t\t<\/div>\n\t\t<\/div>\n\t\t\t\t\t\t<\/div>\n\t\t\t\t<\/div>\n\t\t\t\t\t<\/div>\n\t\t\t\t<\/div>\n\t\t<div class=\"elementor-element elementor-element-91d9d98 e-flex e-con-boxed e-con e-parent\" data-id=\"91d9d98\" data-element_type=\"container\" data-settings=\"{&quot;background_background&quot;:&quot;classic&quot;}\">\n\t\t\t\t\t<div class=\"e-con-inner\">\n\t\t<div class=\"elementor-element elementor-element-d753480 e-con-full e-flex e-con e-child\" data-id=\"d753480\" data-element_type=\"container\" data-settings=\"{&quot;background_background&quot;:&quot;classic&quot;}\">\n\t\t\t\t<div class=\"elementor-element elementor-element-892d4bf elementor-widget elementor-widget-text-editor\" data-id=\"892d4bf\" data-element_type=\"widget\" data-widget_type=\"text-editor.default\">\n\t\t\t\t\t\t\t\t\t<p><a href=\"https:\/\/batima.ch\/legacy\/nos-realisations\/\"> <strong>&gt; Scopri i nostri <\/strong><strong>altri progetti<\/strong><\/a><\/p>\t\t\t\t\t\t\t\t<\/div>\n\t\t\t\t<\/div>\n\t\t<div class=\"elementor-element elementor-element-e011ef8 e-con-full e-flex e-con e-child\" data-id=\"e011ef8\" data-element_type=\"container\" data-settings=\"{&quot;background_background&quot;:&quot;classic&quot;}\">\n\t\t\t\t<\/div>\n\t\t\t\t\t<\/div>\n\t\t\t\t<\/div>\n\t\t\t\t<\/div>\n\t\t","protected":false},"excerpt":{"rendered":"<p>PARIGI 9\u00c8ME, 10\u00c8ME e 17\u00c8ME PIGALLE \/ BADESSE Parigi 9\u00b0 | Francia Con la ristrutturazione e la valorizzazione di uno degli edifici borghesi pi\u00f9 belli dell&#8217;inizio del XX secolo, di fronte al Moulin Rouge e con una vista ininterrotta sul Sacro Cuore, Batima sta partecipando attivamente alla rigenerazione del Boulevard de Clichy. GRANDS BOULEVARDS \/ [&hellip;]<\/p>\n","protected":false},"author":1,"featured_media":0,"parent":2538,"menu_order":0,"comment_status":"closed","ping_status":"closed","template":"","meta":{"footnotes":""},"class_list":["post-2492","page","type-page","status-publish","hentry"],"yoast_head":"<!-- This site is optimized with the Yoast SEO plugin v27.4 - https:\/\/yoast.com\/product\/yoast-seo-wordpress\/ -->\n<title>PARIGI 9\u00c8ME, 10\u00c8ME e 17\u00c8ME - batima.ch<\/title>\n<meta name=\"robots\" content=\"index, follow, max-snippet:-1, max-image-preview:large, max-video-preview:-1\" \/>\n<link rel=\"canonical\" href=\"https:\/\/batima.ch\/it\/legacia\/i-nostri-risultati\/parigi-9eme-10eme-e-17eme\/\" \/>\n<meta property=\"og:locale\" content=\"it_IT\" \/>\n<meta property=\"og:type\" content=\"article\" \/>\n<meta property=\"og:title\" content=\"PARIGI 9\u00c8ME, 10\u00c8ME e 17\u00c8ME - batima.ch\" \/>\n<meta property=\"og:description\" content=\"PARIGI 9\u00c8ME, 10\u00c8ME e 17\u00c8ME PIGALLE \/ BADESSE Parigi 9\u00b0 | Francia Con la ristrutturazione e la valorizzazione di uno degli edifici borghesi pi\u00f9 belli dell&#8217;inizio del XX secolo, di fronte al Moulin Rouge e con una vista ininterrotta sul Sacro Cuore, Batima sta partecipando attivamente alla rigenerazione del Boulevard de Clichy. GRANDS BOULEVARDS \/ [&hellip;]\" \/>\n<meta property=\"og:url\" content=\"https:\/\/batima.ch\/it\/legacia\/i-nostri-risultati\/parigi-9eme-10eme-e-17eme\/\" \/>\n<meta property=\"og:site_name\" content=\"batima.ch\" \/>\n<meta property=\"article:modified_time\" content=\"2026-02-26T14:01:48+00:00\" \/>\n<meta property=\"og:image\" content=\"https:\/\/dev.batima.ch\/wp-content\/uploads\/2026\/01\/la-canope-1_1-1.jpg\" \/>\n<meta name=\"twitter:card\" content=\"summary_large_image\" \/>\n<meta name=\"twitter:label1\" content=\"Tempo di lettura stimato\" \/>\n\t<meta name=\"twitter:data1\" content=\"1 minuto\" \/>\n<script type=\"application\/ld+json\" class=\"yoast-schema-graph\">{\"@context\":\"https:\\\/\\\/schema.org\",\"@graph\":[{\"@type\":\"WebPage\",\"@id\":\"https:\\\/\\\/batima.ch\\\/it\\\/legacia\\\/i-nostri-risultati\\\/parigi-9eme-10eme-e-17eme\\\/\",\"url\":\"https:\\\/\\\/batima.ch\\\/it\\\/legacia\\\/i-nostri-risultati\\\/parigi-9eme-10eme-e-17eme\\\/\",\"name\":\"PARIGI 9\u00c8ME, 10\u00c8ME e 17\u00c8ME - batima.ch\",\"isPartOf\":{\"@id\":\"https:\\\/\\\/batima.ch\\\/it\\\/#website\"},\"primaryImageOfPage\":{\"@id\":\"https:\\\/\\\/batima.ch\\\/it\\\/legacia\\\/i-nostri-risultati\\\/parigi-9eme-10eme-e-17eme\\\/#primaryimage\"},\"image\":{\"@id\":\"https:\\\/\\\/batima.ch\\\/it\\\/legacia\\\/i-nostri-risultati\\\/parigi-9eme-10eme-e-17eme\\\/#primaryimage\"},\"thumbnailUrl\":\"https:\\\/\\\/dev.batima.ch\\\/wp-content\\\/uploads\\\/2026\\\/01\\\/la-canope-1_1-1.jpg\",\"datePublished\":\"2025-12-10T13:22:35+00:00\",\"dateModified\":\"2026-02-26T14:01:48+00:00\",\"breadcrumb\":{\"@id\":\"https:\\\/\\\/batima.ch\\\/it\\\/legacia\\\/i-nostri-risultati\\\/parigi-9eme-10eme-e-17eme\\\/#breadcrumb\"},\"inLanguage\":\"it-IT\",\"potentialAction\":[{\"@type\":\"ReadAction\",\"target\":[\"https:\\\/\\\/batima.ch\\\/it\\\/legacia\\\/i-nostri-risultati\\\/parigi-9eme-10eme-e-17eme\\\/\"]}]},{\"@type\":\"ImageObject\",\"inLanguage\":\"it-IT\",\"@id\":\"https:\\\/\\\/batima.ch\\\/it\\\/legacia\\\/i-nostri-risultati\\\/parigi-9eme-10eme-e-17eme\\\/#primaryimage\",\"url\":\"https:\\\/\\\/dev.batima.ch\\\/wp-content\\\/uploads\\\/2026\\\/01\\\/la-canope-1_1-1.jpg\",\"contentUrl\":\"https:\\\/\\\/dev.batima.ch\\\/wp-content\\\/uploads\\\/2026\\\/01\\\/la-canope-1_1-1.jpg\"},{\"@type\":\"BreadcrumbList\",\"@id\":\"https:\\\/\\\/batima.ch\\\/it\\\/legacia\\\/i-nostri-risultati\\\/parigi-9eme-10eme-e-17eme\\\/#breadcrumb\",\"itemListElement\":[{\"@type\":\"ListItem\",\"position\":1,\"name\":\"Home\",\"item\":\"https:\\\/\\\/batima.ch\\\/it\\\/\"},{\"@type\":\"ListItem\",\"position\":2,\"name\":\"LEGACIA\",\"item\":\"https:\\\/\\\/batima.ch\\\/it\\\/legacy\\\/\"},{\"@type\":\"ListItem\",\"position\":3,\"name\":\"I NOSTRI RISULTATI\",\"item\":\"https:\\\/\\\/batima.ch\\\/it\\\/legacy\\\/nos-realisations\\\/\"},{\"@type\":\"ListItem\",\"position\":4,\"name\":\"PARIGI 9\u00c8ME, 10\u00c8ME e 17\u00c8ME\"}]},{\"@type\":\"WebSite\",\"@id\":\"https:\\\/\\\/batima.ch\\\/it\\\/#website\",\"url\":\"https:\\\/\\\/batima.ch\\\/it\\\/\",\"name\":\"batima.ch\",\"description\":\"\",\"publisher\":{\"@id\":\"https:\\\/\\\/batima.ch\\\/it\\\/#organization\"},\"potentialAction\":[{\"@type\":\"SearchAction\",\"target\":{\"@type\":\"EntryPoint\",\"urlTemplate\":\"https:\\\/\\\/batima.ch\\\/it\\\/?s={search_term_string}\"},\"query-input\":{\"@type\":\"PropertyValueSpecification\",\"valueRequired\":true,\"valueName\":\"search_term_string\"}}],\"inLanguage\":\"it-IT\"},{\"@type\":\"Organization\",\"@id\":\"https:\\\/\\\/batima.ch\\\/it\\\/#organization\",\"name\":\"Batima S.A\",\"url\":\"https:\\\/\\\/batima.ch\\\/it\\\/\",\"logo\":{\"@type\":\"ImageObject\",\"inLanguage\":\"it-IT\",\"@id\":\"https:\\\/\\\/batima.ch\\\/it\\\/#\\\/schema\\\/logo\\\/image\\\/\",\"url\":\"https:\\\/\\\/batima.ch\\\/wp-content\\\/uploads\\\/2025\\\/11\\\/Asset-22.svg\",\"contentUrl\":\"https:\\\/\\\/batima.ch\\\/wp-content\\\/uploads\\\/2025\\\/11\\\/Asset-22.svg\",\"width\":733,\"height\":185,\"caption\":\"Batima S.A\"},\"image\":{\"@id\":\"https:\\\/\\\/batima.ch\\\/it\\\/#\\\/schema\\\/logo\\\/image\\\/\"},\"sameAs\":[\"https:\\\/\\\/www.instagram.com\\\/groupebatima\\\/\"]}]}<\/script>\n<!-- \/ Yoast SEO plugin. -->","yoast_head_json":{"title":"PARIGI 9\u00c8ME, 10\u00c8ME e 17\u00c8ME - batima.ch","robots":{"index":"index","follow":"follow","max-snippet":"max-snippet:-1","max-image-preview":"max-image-preview:large","max-video-preview":"max-video-preview:-1"},"canonical":"https:\/\/batima.ch\/it\/legacia\/i-nostri-risultati\/parigi-9eme-10eme-e-17eme\/","og_locale":"it_IT","og_type":"article","og_title":"PARIGI 9\u00c8ME, 10\u00c8ME e 17\u00c8ME - batima.ch","og_description":"PARIGI 9\u00c8ME, 10\u00c8ME e 17\u00c8ME PIGALLE \/ BADESSE Parigi 9\u00b0 | Francia Con la ristrutturazione e la valorizzazione di uno degli edifici borghesi pi\u00f9 belli dell&#8217;inizio del XX secolo, di fronte al Moulin Rouge e con una vista ininterrotta sul Sacro Cuore, Batima sta partecipando attivamente alla rigenerazione del Boulevard de Clichy. GRANDS BOULEVARDS \/ [&hellip;]","og_url":"https:\/\/batima.ch\/it\/legacia\/i-nostri-risultati\/parigi-9eme-10eme-e-17eme\/","og_site_name":"batima.ch","article_modified_time":"2026-02-26T14:01:48+00:00","og_image":[{"url":"https:\/\/dev.batima.ch\/wp-content\/uploads\/2026\/01\/la-canope-1_1-1.jpg","type":"","width":"","height":""}],"twitter_card":"summary_large_image","twitter_misc":{"Tempo di lettura stimato":"1 minuto"},"schema":{"@context":"https:\/\/schema.org","@graph":[{"@type":"WebPage","@id":"https:\/\/batima.ch\/it\/legacia\/i-nostri-risultati\/parigi-9eme-10eme-e-17eme\/","url":"https:\/\/batima.ch\/it\/legacia\/i-nostri-risultati\/parigi-9eme-10eme-e-17eme\/","name":"PARIGI 9\u00c8ME, 10\u00c8ME e 17\u00c8ME - batima.ch","isPartOf":{"@id":"https:\/\/batima.ch\/it\/#website"},"primaryImageOfPage":{"@id":"https:\/\/batima.ch\/it\/legacia\/i-nostri-risultati\/parigi-9eme-10eme-e-17eme\/#primaryimage"},"image":{"@id":"https:\/\/batima.ch\/it\/legacia\/i-nostri-risultati\/parigi-9eme-10eme-e-17eme\/#primaryimage"},"thumbnailUrl":"https:\/\/dev.batima.ch\/wp-content\/uploads\/2026\/01\/la-canope-1_1-1.jpg","datePublished":"2025-12-10T13:22:35+00:00","dateModified":"2026-02-26T14:01:48+00:00","breadcrumb":{"@id":"https:\/\/batima.ch\/it\/legacia\/i-nostri-risultati\/parigi-9eme-10eme-e-17eme\/#breadcrumb"},"inLanguage":"it-IT","potentialAction":[{"@type":"ReadAction","target":["https:\/\/batima.ch\/it\/legacia\/i-nostri-risultati\/parigi-9eme-10eme-e-17eme\/"]}]},{"@type":"ImageObject","inLanguage":"it-IT","@id":"https:\/\/batima.ch\/it\/legacia\/i-nostri-risultati\/parigi-9eme-10eme-e-17eme\/#primaryimage","url":"https:\/\/dev.batima.ch\/wp-content\/uploads\/2026\/01\/la-canope-1_1-1.jpg","contentUrl":"https:\/\/dev.batima.ch\/wp-content\/uploads\/2026\/01\/la-canope-1_1-1.jpg"},{"@type":"BreadcrumbList","@id":"https:\/\/batima.ch\/it\/legacia\/i-nostri-risultati\/parigi-9eme-10eme-e-17eme\/#breadcrumb","itemListElement":[{"@type":"ListItem","position":1,"name":"Home","item":"https:\/\/batima.ch\/it\/"},{"@type":"ListItem","position":2,"name":"LEGACIA","item":"https:\/\/batima.ch\/it\/legacy\/"},{"@type":"ListItem","position":3,"name":"I NOSTRI RISULTATI","item":"https:\/\/batima.ch\/it\/legacy\/nos-realisations\/"},{"@type":"ListItem","position":4,"name":"PARIGI 9\u00c8ME, 10\u00c8ME e 17\u00c8ME"}]},{"@type":"WebSite","@id":"https:\/\/batima.ch\/it\/#website","url":"https:\/\/batima.ch\/it\/","name":"batima.ch","description":"","publisher":{"@id":"https:\/\/batima.ch\/it\/#organization"},"potentialAction":[{"@type":"SearchAction","target":{"@type":"EntryPoint","urlTemplate":"https:\/\/batima.ch\/it\/?s={search_term_string}"},"query-input":{"@type":"PropertyValueSpecification","valueRequired":true,"valueName":"search_term_string"}}],"inLanguage":"it-IT"},{"@type":"Organization","@id":"https:\/\/batima.ch\/it\/#organization","name":"Batima S.A","url":"https:\/\/batima.ch\/it\/","logo":{"@type":"ImageObject","inLanguage":"it-IT","@id":"https:\/\/batima.ch\/it\/#\/schema\/logo\/image\/","url":"https:\/\/batima.ch\/wp-content\/uploads\/2025\/11\/Asset-22.svg","contentUrl":"https:\/\/batima.ch\/wp-content\/uploads\/2025\/11\/Asset-22.svg","width":733,"height":185,"caption":"Batima S.A"},"image":{"@id":"https:\/\/batima.ch\/it\/#\/schema\/logo\/image\/"},"sameAs":["https:\/\/www.instagram.com\/groupebatima\/"]}]}},"_links":{"self":[{"href":"https:\/\/batima.ch\/it\/wp-json\/wp\/v2\/pages\/2492","targetHints":{"allow":["GET"]}}],"collection":[{"href":"https:\/\/batima.ch\/it\/wp-json\/wp\/v2\/pages"}],"about":[{"href":"https:\/\/batima.ch\/it\/wp-json\/wp\/v2\/types\/page"}],"author":[{"embeddable":true,"href":"https:\/\/batima.ch\/it\/wp-json\/wp\/v2\/users\/1"}],"replies":[{"embeddable":true,"href":"https:\/\/batima.ch\/it\/wp-json\/wp\/v2\/comments?post=2492"}],"version-history":[{"count":0,"href":"https:\/\/batima.ch\/it\/wp-json\/wp\/v2\/pages\/2492\/revisions"}],"up":[{"embeddable":true,"href":"https:\/\/batima.ch\/it\/wp-json\/wp\/v2\/pages\/2538"}],"wp:attachment":[{"href":"https:\/\/batima.ch\/it\/wp-json\/wp\/v2\/media?parent=2492"}],"curies":[{"name":"wp","href":"https:\/\/api.w.org\/{rel}","templated":true}]}}