{"id":2198,"date":"2025-12-10T13:22:35","date_gmt":"2025-12-10T13:22:35","guid":{"rendered":"https:\/\/dev.batima.ch\/our-achievements\/paris-9eme-10eme-and-17eme\/"},"modified":"2026-02-26T13:29:53","modified_gmt":"2026-02-26T13:29:53","slug":"paris-9eme-10eme-and-17eme","status":"publish","type":"page","link":"https:\/\/batima.ch\/en\/legacy\/our-achievements\/paris-9eme-10eme-and-17eme\/","title":{"rendered":"PARIS 9\u00c8ME, 10\u00c8ME and 17\u00c8ME"},"content":{"rendered":"\t\t<div data-elementor-type=\"wp-page\" data-elementor-id=\"2198\" class=\"elementor elementor-2198 elementor-361\" data-elementor-post-type=\"page\">\n\t\t\t\t<div class=\"elementor-element elementor-element-80abc76 e-flex e-con-boxed e-con e-parent\" data-id=\"80abc76\" data-element_type=\"container\" data-settings=\"{&quot;background_background&quot;:&quot;classic&quot;}\">\n\t\t\t\t\t<div class=\"e-con-inner\">\n\t\t<div class=\"elementor-element elementor-element-c884699 e-con-full e-flex e-con e-child\" data-id=\"c884699\" data-element_type=\"container\">\n\t\t\t\t<div class=\"elementor-element elementor-element-1aa6123 elementor-widget elementor-widget-heading\" data-id=\"1aa6123\" data-element_type=\"widget\" data-widget_type=\"heading.default\">\n\t\t\t\t\t<h2 class=\"elementor-heading-title elementor-size-default\">PARIS 9\u00c8ME, 10\u00c8ME and 17\u00c8ME<\/h2>\t\t\t\t<\/div>\n\t\t\t\t<div class=\"elementor-element elementor-element-44fa4ba elementor-widget elementor-widget-text-editor\" data-id=\"44fa4ba\" data-element_type=\"widget\" data-widget_type=\"text-editor.default\">\n\t\t\t\t\t\t\t\t\t<p>PIGALLE \/ ABBESSES<\/p><p>Paris <sup>9th<\/sup> | France<\/p><p>With the renovation and enhancement of one of the most beautiful bourgeois buildings of the early <sup>20th<\/sup> century, facing the Moulin Rouge and with a breathtaking view of the Sacr\u00e9-C\u0153ur, Batima is playing an active part in the regeneration of Boulevard de Clichy.<\/p><p>GRANDS BOULEVARDS \/ POISSONNIERE<\/p><p>Paris <sup>9th<\/sup> and <sup>10th<\/sup> | France<\/p><p>Batima is one of the key players in the renewal of one of Paris&#8217;s liveliest neighborhoods: refurbishing mixed-use buildings, converting workshops and offices into residential units, and enhancing ground-floor retail space with a rich and diverse range of eateries.<\/p>\t\t\t\t\t\t\t\t<\/div>\n\t\t\t\t<\/div>\n\t\t<div class=\"elementor-element elementor-element-519ddad e-con-full e-flex e-con e-child\" data-id=\"519ddad\" data-element_type=\"container\" data-settings=\"{&quot;background_background&quot;:&quot;classic&quot;}\">\n\t\t\t\t<\/div>\n\t\t\t\t\t<\/div>\n\t\t\t\t<\/div>\n\t\t<div class=\"elementor-element elementor-element-ae203e3 e-flex e-con-boxed e-con e-parent\" data-id=\"ae203e3\" data-element_type=\"container\">\n\t\t\t\t\t<div class=\"e-con-inner\">\n\t\t\t\t<div class=\"elementor-element elementor-element-43dd4aa elementor-widget elementor-widget-counter\" data-id=\"43dd4aa\" data-element_type=\"widget\" data-widget_type=\"counter.default\">\n\t\t\t\t\t\t\t<div class=\"elementor-counter\">\n\t\t\t<div class=\"elementor-counter-title\">M2 OF OPEN GREEN SPACE <br> <\/div>\t\t\t<div class=\"elementor-counter-number-wrapper\">\n\t\t\t\t<span class=\"elementor-counter-number-prefix\"><\/span>\n\t\t\t\t<span class=\"elementor-counter-number\" data-duration=\"2000\" data-to-value=\"8000\" data-from-value=\"0\" data-delimiter=\",\">0<\/span>\n\t\t\t\t<span class=\"elementor-counter-number-suffix\"><\/span>\n\t\t\t<\/div>\n\t\t<\/div>\n\t\t\t\t\t\t<\/div>\n\t\t\t\t<div class=\"elementor-element elementor-element-483d1b9 elementor-widget elementor-widget-counter\" data-id=\"483d1b9\" data-element_type=\"widget\" data-widget_type=\"counter.default\">\n\t\t\t\t\t\t\t<div class=\"elementor-counter\">\n\t\t\t<div class=\"elementor-counter-title\">TREES PLANTED <br> ACROSS THE <br>PROGRAM<\/div>\t\t\t<div class=\"elementor-counter-number-wrapper\">\n\t\t\t\t<span class=\"elementor-counter-number-prefix\"><\/span>\n\t\t\t\t<span class=\"elementor-counter-number\" data-duration=\"2000\" data-to-value=\"150\" data-from-value=\"0\" data-delimiter=\",\">0<\/span>\n\t\t\t\t<span class=\"elementor-counter-number-suffix\"><\/span>\n\t\t\t<\/div>\n\t\t<\/div>\n\t\t\t\t\t\t<\/div>\n\t\t\t\t<div class=\"elementor-element elementor-element-42f2f06 elementor-widget elementor-widget-counter\" data-id=\"42f2f06\" data-element_type=\"widget\" data-widget_type=\"counter.default\">\n\t\t\t\t\t\t\t<div class=\"elementor-counter\">\n\t\t\t<div class=\"elementor-counter-title\">M2 OF GREEN SPACE ON SLABS AND HANGING GARDENS<\/div>\t\t\t<div class=\"elementor-counter-number-wrapper\">\n\t\t\t\t<span class=\"elementor-counter-number-prefix\"><\/span>\n\t\t\t\t<span class=\"elementor-counter-number\" data-duration=\"2000\" data-to-value=\"5000\" data-from-value=\"0\" data-delimiter=\",\">0<\/span>\n\t\t\t\t<span class=\"elementor-counter-number-suffix\"><\/span>\n\t\t\t<\/div>\n\t\t<\/div>\n\t\t\t\t\t\t<\/div>\n\t\t\t\t\t<\/div>\n\t\t\t\t<\/div>\n\t\t<div class=\"elementor-element elementor-element-0a63aff e-flex e-con-boxed e-con e-parent\" data-id=\"0a63aff\" data-element_type=\"container\" data-settings=\"{&quot;background_background&quot;:&quot;classic&quot;}\">\n\t\t\t\t\t<div class=\"e-con-inner\">\n\t\t<div class=\"elementor-element elementor-element-8c0966e e-con-full e-flex e-con e-child\" data-id=\"8c0966e\" data-element_type=\"container\" data-settings=\"{&quot;background_background&quot;:&quot;classic&quot;}\">\n\t\t\t\t<\/div>\n\t\t<div class=\"elementor-element elementor-element-12604d0 e-con-full e-flex e-con e-child\" data-id=\"12604d0\" data-element_type=\"container\">\n\t\t\t\t<div class=\"elementor-element elementor-element-a58c704 eael_vto-vertical-rl elementor-widget elementor-widget-heading\" data-id=\"a58c704\" data-element_type=\"widget\" data-widget_type=\"heading.default\">\n\t\t\t\t\t<h2 class=\"elementor-heading-title elementor-size-default\">A GREEN OASIS <br><\/h2>\t\t\t\t<\/div>\n\t\t\t\t<div class=\"elementor-element elementor-element-500bcc8 elementor-widget elementor-widget-text-editor\" data-id=\"500bcc8\" data-element_type=\"widget\" data-widget_type=\"text-editor.default\">\n\t\t\t\t\t\t\t\t\t<p style=\"text-align: left;\">BATIGNOLLES<\/p><p style=\"text-align: left;\">Paris <sup>17th<\/sup> | France<\/p><p style=\"text-align: left;\">Construction of a mixed-use building with residential units on the upper floor, shops on the first floor and a clinic at the heart of the plot.<\/p>\t\t\t\t\t\t\t\t<\/div>\n\t\t\t\t<\/div>\n\t\t\t\t\t<\/div>\n\t\t\t\t<\/div>\n\t\t<div class=\"elementor-element elementor-element-6f74465 e-flex e-con-boxed e-con e-parent\" data-id=\"6f74465\" data-element_type=\"container\" data-settings=\"{&quot;background_background&quot;:&quot;classic&quot;}\">\n\t\t\t\t\t<div class=\"e-con-inner\">\n\t\t<div class=\"elementor-element elementor-element-b3ba79c e-con-full e-flex e-con e-child\" data-id=\"b3ba79c\" data-element_type=\"container\" data-settings=\"{&quot;background_background&quot;:&quot;classic&quot;}\">\n\t\t\t\t<div class=\"elementor-element elementor-element-2bdaf5d elementor-widget elementor-widget-heading\" data-id=\"2bdaf5d\" data-element_type=\"widget\" data-widget_type=\"heading.default\">\n\t\t\t\t\t<h2 class=\"elementor-heading-title elementor-size-default\">AT THE GATES OF <br>GENEVA, BACKING ONTO THE <br>BANKS OF THE FORON, <br>A LARGE PARK, <br>HANGING GARDENS, <br>TREE-LINED AVENUES <br>AND SHADED PLAZAS <br><\/h2>\t\t\t\t<\/div>\n\t\t\t\t<\/div>\n\t\t<div class=\"elementor-element elementor-element-7fd5bdf e-con-full e-flex e-con e-child\" data-id=\"7fd5bdf\" data-element_type=\"container\">\n\t\t\t\t<div class=\"elementor-element elementor-element-07a1c49 gallery-spacing-custom elementor-widget elementor-widget-image-gallery\" data-id=\"07a1c49\" data-element_type=\"widget\" data-widget_type=\"image-gallery.default\">\n\t\t\t\t\t\t\t<div class=\"elementor-image-gallery\">\n\t\t\t<div id='gallery-1' class='gallery galleryid-2198 gallery-columns-2 gallery-size-full'><figure class='gallery-item'>\n\t\t\t<div class='gallery-icon portrait'>\n\t\t\t\t<a data-elementor-open-lightbox=\"yes\" data-elementor-lightbox-slideshow=\"07a1c49\" data-elementor-lightbox-title=\"la-canope-1_1 (1)\" data-e-action-hash=\"#elementor-action%3Aaction%3Dlightbox%26settings%3DeyJpZCI6MjEzNSwidXJsIjoiaHR0cHM6XC9cL2JhdGltYS5jaFwvd3AtY29udGVudFwvdXBsb2Fkc1wvMjAyNlwvMDFcL2xhLWNhbm9wZS0xXzEtMS5qcGciLCJzbGlkZXNob3ciOiIwN2ExYzQ5In0%3D\" href='https:\/\/batima.ch\/wp-content\/uploads\/2026\/01\/la-canope-1_1-1.jpg'><img width=\"639\" height=\"1046\" src=\"https:\/\/batima.ch\/wp-content\/uploads\/2026\/01\/la-canope-1_1-1.jpg\" class=\"attachment-full size-full\" alt=\"\" decoding=\"async\" fetchpriority=\"high\" srcset=\"https:\/\/batima.ch\/wp-content\/uploads\/2026\/01\/la-canope-1_1-1.jpg 639w, https:\/\/batima.ch\/wp-content\/uploads\/2026\/01\/la-canope-1_1-1-183x300.jpg 183w, https:\/\/batima.ch\/wp-content\/uploads\/2026\/01\/la-canope-1_1-1-626x1024.jpg 626w\" sizes=\"(max-width: 639px) 100vw, 639px\" \/><\/a>\n\t\t\t<\/div><\/figure><figure class='gallery-item'>\n\t\t\t<div class='gallery-icon portrait'>\n\t\t\t\t<a data-elementor-open-lightbox=\"yes\" data-elementor-lightbox-slideshow=\"07a1c49\" data-elementor-lightbox-title=\"la-canope-2\" data-e-action-hash=\"#elementor-action%3Aaction%3Dlightbox%26settings%3DeyJpZCI6MjEzOCwidXJsIjoiaHR0cHM6XC9cL2JhdGltYS5jaFwvd3AtY29udGVudFwvdXBsb2Fkc1wvMjAyNlwvMDFcL2xhLWNhbm9wZS0yLmpwZyIsInNsaWRlc2hvdyI6IjA3YTFjNDkifQ%3D%3D\" href='https:\/\/batima.ch\/wp-content\/uploads\/2026\/01\/la-canope-2.jpg'><img loading=\"lazy\" width=\"639\" height=\"1046\" src=\"https:\/\/batima.ch\/wp-content\/uploads\/2026\/01\/la-canope-2.jpg\" class=\"attachment-full size-full\" alt=\"\" decoding=\"async\" srcset=\"https:\/\/batima.ch\/wp-content\/uploads\/2026\/01\/la-canope-2.jpg 639w, https:\/\/batima.ch\/wp-content\/uploads\/2026\/01\/la-canope-2-183x300.jpg 183w, https:\/\/batima.ch\/wp-content\/uploads\/2026\/01\/la-canope-2-626x1024.jpg 626w\" sizes=\"auto, (max-width: 639px) 100vw, 639px\" \/><\/a>\n\t\t\t<\/div><\/figure>\n\t\t<\/div>\n\t\t<\/div>\n\t\t\t\t\t\t<\/div>\n\t\t\t\t<\/div>\n\t\t\t\t\t<\/div>\n\t\t\t\t<\/div>\n\t\t<div class=\"elementor-element elementor-element-91d9d98 e-flex e-con-boxed e-con e-parent\" data-id=\"91d9d98\" data-element_type=\"container\" data-settings=\"{&quot;background_background&quot;:&quot;classic&quot;}\">\n\t\t\t\t\t<div class=\"e-con-inner\">\n\t\t<div class=\"elementor-element elementor-element-d753480 e-con-full e-flex e-con e-child\" data-id=\"d753480\" data-element_type=\"container\" data-settings=\"{&quot;background_background&quot;:&quot;classic&quot;}\">\n\t\t\t\t<div class=\"elementor-element elementor-element-892d4bf elementor-widget elementor-widget-text-editor\" data-id=\"892d4bf\" data-element_type=\"widget\" data-widget_type=\"text-editor.default\">\n\t\t\t\t\t\t\t\t\t<p><a href=\"https:\/\/batima.ch\/en\/our-achievements\/\"> <strong>&gt; Discover our <\/strong><strong>other projects<\/strong><\/a><\/p>\t\t\t\t\t\t\t\t<\/div>\n\t\t\t\t<\/div>\n\t\t<div class=\"elementor-element elementor-element-e011ef8 e-con-full e-flex e-con e-child\" data-id=\"e011ef8\" data-element_type=\"container\" data-settings=\"{&quot;background_background&quot;:&quot;classic&quot;}\">\n\t\t\t\t<\/div>\n\t\t\t\t\t<\/div>\n\t\t\t\t<\/div>\n\t\t\t\t<\/div>\n\t\t","protected":false},"excerpt":{"rendered":"<p>PARIS 9\u00c8ME, 10\u00c8ME and 17\u00c8ME PIGALLE \/ ABBESSES Paris 9th | France With the renovation and enhancement of one of the most beautiful bourgeois buildings of the early 20th century, facing the Moulin Rouge and with a breathtaking view of the Sacr\u00e9-C\u0153ur, Batima is playing an active part in the regeneration of Boulevard de Clichy. [&hellip;]<\/p>\n","protected":false},"author":1,"featured_media":0,"parent":2079,"menu_order":0,"comment_status":"closed","ping_status":"closed","template":"","meta":{"footnotes":""},"class_list":["post-2198","page","type-page","status-publish","hentry"],"yoast_head":"<!-- This site is optimized with the Yoast SEO plugin v27.4 - https:\/\/yoast.com\/product\/yoast-seo-wordpress\/ -->\n<title>PARIS 9\u00c8ME, 10\u00c8ME and 17\u00c8ME - batima.ch<\/title>\n<meta name=\"robots\" content=\"index, follow, max-snippet:-1, max-image-preview:large, max-video-preview:-1\" \/>\n<link rel=\"canonical\" href=\"https:\/\/batima.ch\/en\/legacy\/our-achievements\/paris-9eme-10eme-and-17eme\/\" \/>\n<meta property=\"og:locale\" content=\"en_US\" \/>\n<meta property=\"og:type\" content=\"article\" \/>\n<meta property=\"og:title\" content=\"PARIS 9\u00c8ME, 10\u00c8ME and 17\u00c8ME - batima.ch\" \/>\n<meta property=\"og:description\" content=\"PARIS 9\u00c8ME, 10\u00c8ME and 17\u00c8ME PIGALLE \/ ABBESSES Paris 9th | France With the renovation and enhancement of one of the most beautiful bourgeois buildings of the early 20th century, facing the Moulin Rouge and with a breathtaking view of the Sacr\u00e9-C\u0153ur, Batima is playing an active part in the regeneration of Boulevard de Clichy. [&hellip;]\" \/>\n<meta property=\"og:url\" content=\"https:\/\/batima.ch\/en\/legacy\/our-achievements\/paris-9eme-10eme-and-17eme\/\" \/>\n<meta property=\"og:site_name\" content=\"batima.ch\" \/>\n<meta property=\"article:modified_time\" content=\"2026-02-26T13:29:53+00:00\" \/>\n<meta property=\"og:image\" content=\"https:\/\/dev.batima.ch\/wp-content\/uploads\/2026\/01\/la-canope-1_1-1.jpg\" \/>\n<meta name=\"twitter:card\" content=\"summary_large_image\" \/>\n<meta name=\"twitter:label1\" content=\"Est. reading time\" \/>\n\t<meta name=\"twitter:data1\" content=\"1 minute\" \/>\n<script type=\"application\/ld+json\" class=\"yoast-schema-graph\">{\"@context\":\"https:\\\/\\\/schema.org\",\"@graph\":[{\"@type\":\"WebPage\",\"@id\":\"https:\\\/\\\/batima.ch\\\/en\\\/legacy\\\/our-achievements\\\/paris-9eme-10eme-and-17eme\\\/\",\"url\":\"https:\\\/\\\/batima.ch\\\/en\\\/legacy\\\/our-achievements\\\/paris-9eme-10eme-and-17eme\\\/\",\"name\":\"PARIS 9\u00c8ME, 10\u00c8ME and 17\u00c8ME - batima.ch\",\"isPartOf\":{\"@id\":\"https:\\\/\\\/batima.ch\\\/en\\\/#website\"},\"primaryImageOfPage\":{\"@id\":\"https:\\\/\\\/batima.ch\\\/en\\\/legacy\\\/our-achievements\\\/paris-9eme-10eme-and-17eme\\\/#primaryimage\"},\"image\":{\"@id\":\"https:\\\/\\\/batima.ch\\\/en\\\/legacy\\\/our-achievements\\\/paris-9eme-10eme-and-17eme\\\/#primaryimage\"},\"thumbnailUrl\":\"https:\\\/\\\/dev.batima.ch\\\/wp-content\\\/uploads\\\/2026\\\/01\\\/la-canope-1_1-1.jpg\",\"datePublished\":\"2025-12-10T13:22:35+00:00\",\"dateModified\":\"2026-02-26T13:29:53+00:00\",\"breadcrumb\":{\"@id\":\"https:\\\/\\\/batima.ch\\\/en\\\/legacy\\\/our-achievements\\\/paris-9eme-10eme-and-17eme\\\/#breadcrumb\"},\"inLanguage\":\"en-US\",\"potentialAction\":[{\"@type\":\"ReadAction\",\"target\":[\"https:\\\/\\\/batima.ch\\\/en\\\/legacy\\\/our-achievements\\\/paris-9eme-10eme-and-17eme\\\/\"]}]},{\"@type\":\"ImageObject\",\"inLanguage\":\"en-US\",\"@id\":\"https:\\\/\\\/batima.ch\\\/en\\\/legacy\\\/our-achievements\\\/paris-9eme-10eme-and-17eme\\\/#primaryimage\",\"url\":\"https:\\\/\\\/dev.batima.ch\\\/wp-content\\\/uploads\\\/2026\\\/01\\\/la-canope-1_1-1.jpg\",\"contentUrl\":\"https:\\\/\\\/dev.batima.ch\\\/wp-content\\\/uploads\\\/2026\\\/01\\\/la-canope-1_1-1.jpg\"},{\"@type\":\"BreadcrumbList\",\"@id\":\"https:\\\/\\\/batima.ch\\\/en\\\/legacy\\\/our-achievements\\\/paris-9eme-10eme-and-17eme\\\/#breadcrumb\",\"itemListElement\":[{\"@type\":\"ListItem\",\"position\":1,\"name\":\"Home\",\"item\":\"https:\\\/\\\/batima.ch\\\/en\\\/home\\\/\"},{\"@type\":\"ListItem\",\"position\":2,\"name\":\"LEGACY\",\"item\":\"https:\\\/\\\/batima.ch\\\/en\\\/legacy\\\/\"},{\"@type\":\"ListItem\",\"position\":3,\"name\":\"OUR ACHIEVEMENTS\",\"item\":\"https:\\\/\\\/batima.ch\\\/en\\\/legacy\\\/nos-realisations\\\/\"},{\"@type\":\"ListItem\",\"position\":4,\"name\":\"PARIS 9\u00c8ME, 10\u00c8ME and 17\u00c8ME\"}]},{\"@type\":\"WebSite\",\"@id\":\"https:\\\/\\\/batima.ch\\\/en\\\/#website\",\"url\":\"https:\\\/\\\/batima.ch\\\/en\\\/\",\"name\":\"batima.ch\",\"description\":\"\",\"publisher\":{\"@id\":\"https:\\\/\\\/batima.ch\\\/en\\\/#organization\"},\"potentialAction\":[{\"@type\":\"SearchAction\",\"target\":{\"@type\":\"EntryPoint\",\"urlTemplate\":\"https:\\\/\\\/batima.ch\\\/en\\\/?s={search_term_string}\"},\"query-input\":{\"@type\":\"PropertyValueSpecification\",\"valueRequired\":true,\"valueName\":\"search_term_string\"}}],\"inLanguage\":\"en-US\"},{\"@type\":\"Organization\",\"@id\":\"https:\\\/\\\/batima.ch\\\/en\\\/#organization\",\"name\":\"Batima S.A\",\"url\":\"https:\\\/\\\/batima.ch\\\/en\\\/\",\"logo\":{\"@type\":\"ImageObject\",\"inLanguage\":\"en-US\",\"@id\":\"https:\\\/\\\/batima.ch\\\/en\\\/#\\\/schema\\\/logo\\\/image\\\/\",\"url\":\"https:\\\/\\\/batima.ch\\\/wp-content\\\/uploads\\\/2025\\\/11\\\/Asset-22.svg\",\"contentUrl\":\"https:\\\/\\\/batima.ch\\\/wp-content\\\/uploads\\\/2025\\\/11\\\/Asset-22.svg\",\"width\":733,\"height\":185,\"caption\":\"Batima S.A\"},\"image\":{\"@id\":\"https:\\\/\\\/batima.ch\\\/en\\\/#\\\/schema\\\/logo\\\/image\\\/\"},\"sameAs\":[\"https:\\\/\\\/www.instagram.com\\\/groupebatima\\\/\"]}]}<\/script>\n<!-- \/ Yoast SEO plugin. -->","yoast_head_json":{"title":"PARIS 9\u00c8ME, 10\u00c8ME and 17\u00c8ME - batima.ch","robots":{"index":"index","follow":"follow","max-snippet":"max-snippet:-1","max-image-preview":"max-image-preview:large","max-video-preview":"max-video-preview:-1"},"canonical":"https:\/\/batima.ch\/en\/legacy\/our-achievements\/paris-9eme-10eme-and-17eme\/","og_locale":"en_US","og_type":"article","og_title":"PARIS 9\u00c8ME, 10\u00c8ME and 17\u00c8ME - batima.ch","og_description":"PARIS 9\u00c8ME, 10\u00c8ME and 17\u00c8ME PIGALLE \/ ABBESSES Paris 9th | France With the renovation and enhancement of one of the most beautiful bourgeois buildings of the early 20th century, facing the Moulin Rouge and with a breathtaking view of the Sacr\u00e9-C\u0153ur, Batima is playing an active part in the regeneration of Boulevard de Clichy. [&hellip;]","og_url":"https:\/\/batima.ch\/en\/legacy\/our-achievements\/paris-9eme-10eme-and-17eme\/","og_site_name":"batima.ch","article_modified_time":"2026-02-26T13:29:53+00:00","og_image":[{"url":"https:\/\/dev.batima.ch\/wp-content\/uploads\/2026\/01\/la-canope-1_1-1.jpg","type":"","width":"","height":""}],"twitter_card":"summary_large_image","twitter_misc":{"Est. reading time":"1 minute"},"schema":{"@context":"https:\/\/schema.org","@graph":[{"@type":"WebPage","@id":"https:\/\/batima.ch\/en\/legacy\/our-achievements\/paris-9eme-10eme-and-17eme\/","url":"https:\/\/batima.ch\/en\/legacy\/our-achievements\/paris-9eme-10eme-and-17eme\/","name":"PARIS 9\u00c8ME, 10\u00c8ME and 17\u00c8ME - batima.ch","isPartOf":{"@id":"https:\/\/batima.ch\/en\/#website"},"primaryImageOfPage":{"@id":"https:\/\/batima.ch\/en\/legacy\/our-achievements\/paris-9eme-10eme-and-17eme\/#primaryimage"},"image":{"@id":"https:\/\/batima.ch\/en\/legacy\/our-achievements\/paris-9eme-10eme-and-17eme\/#primaryimage"},"thumbnailUrl":"https:\/\/dev.batima.ch\/wp-content\/uploads\/2026\/01\/la-canope-1_1-1.jpg","datePublished":"2025-12-10T13:22:35+00:00","dateModified":"2026-02-26T13:29:53+00:00","breadcrumb":{"@id":"https:\/\/batima.ch\/en\/legacy\/our-achievements\/paris-9eme-10eme-and-17eme\/#breadcrumb"},"inLanguage":"en-US","potentialAction":[{"@type":"ReadAction","target":["https:\/\/batima.ch\/en\/legacy\/our-achievements\/paris-9eme-10eme-and-17eme\/"]}]},{"@type":"ImageObject","inLanguage":"en-US","@id":"https:\/\/batima.ch\/en\/legacy\/our-achievements\/paris-9eme-10eme-and-17eme\/#primaryimage","url":"https:\/\/dev.batima.ch\/wp-content\/uploads\/2026\/01\/la-canope-1_1-1.jpg","contentUrl":"https:\/\/dev.batima.ch\/wp-content\/uploads\/2026\/01\/la-canope-1_1-1.jpg"},{"@type":"BreadcrumbList","@id":"https:\/\/batima.ch\/en\/legacy\/our-achievements\/paris-9eme-10eme-and-17eme\/#breadcrumb","itemListElement":[{"@type":"ListItem","position":1,"name":"Home","item":"https:\/\/batima.ch\/en\/home\/"},{"@type":"ListItem","position":2,"name":"LEGACY","item":"https:\/\/batima.ch\/en\/legacy\/"},{"@type":"ListItem","position":3,"name":"OUR ACHIEVEMENTS","item":"https:\/\/batima.ch\/en\/legacy\/nos-realisations\/"},{"@type":"ListItem","position":4,"name":"PARIS 9\u00c8ME, 10\u00c8ME and 17\u00c8ME"}]},{"@type":"WebSite","@id":"https:\/\/batima.ch\/en\/#website","url":"https:\/\/batima.ch\/en\/","name":"batima.ch","description":"","publisher":{"@id":"https:\/\/batima.ch\/en\/#organization"},"potentialAction":[{"@type":"SearchAction","target":{"@type":"EntryPoint","urlTemplate":"https:\/\/batima.ch\/en\/?s={search_term_string}"},"query-input":{"@type":"PropertyValueSpecification","valueRequired":true,"valueName":"search_term_string"}}],"inLanguage":"en-US"},{"@type":"Organization","@id":"https:\/\/batima.ch\/en\/#organization","name":"Batima S.A","url":"https:\/\/batima.ch\/en\/","logo":{"@type":"ImageObject","inLanguage":"en-US","@id":"https:\/\/batima.ch\/en\/#\/schema\/logo\/image\/","url":"https:\/\/batima.ch\/wp-content\/uploads\/2025\/11\/Asset-22.svg","contentUrl":"https:\/\/batima.ch\/wp-content\/uploads\/2025\/11\/Asset-22.svg","width":733,"height":185,"caption":"Batima S.A"},"image":{"@id":"https:\/\/batima.ch\/en\/#\/schema\/logo\/image\/"},"sameAs":["https:\/\/www.instagram.com\/groupebatima\/"]}]}},"_links":{"self":[{"href":"https:\/\/batima.ch\/en\/wp-json\/wp\/v2\/pages\/2198","targetHints":{"allow":["GET"]}}],"collection":[{"href":"https:\/\/batima.ch\/en\/wp-json\/wp\/v2\/pages"}],"about":[{"href":"https:\/\/batima.ch\/en\/wp-json\/wp\/v2\/types\/page"}],"author":[{"embeddable":true,"href":"https:\/\/batima.ch\/en\/wp-json\/wp\/v2\/users\/1"}],"replies":[{"embeddable":true,"href":"https:\/\/batima.ch\/en\/wp-json\/wp\/v2\/comments?post=2198"}],"version-history":[{"count":0,"href":"https:\/\/batima.ch\/en\/wp-json\/wp\/v2\/pages\/2198\/revisions"}],"up":[{"embeddable":true,"href":"https:\/\/batima.ch\/en\/wp-json\/wp\/v2\/pages\/2079"}],"wp:attachment":[{"href":"https:\/\/batima.ch\/en\/wp-json\/wp\/v2\/media?parent=2198"}],"curies":[{"name":"wp","href":"https:\/\/api.w.org\/{rel}","templated":true}]}}