{"id":2260,"date":"2025-12-25T10:49:21","date_gmt":"2025-12-25T10:49:21","guid":{"rendered":"https:\/\/dev.batima.ch\/vermaechtnis\/"},"modified":"2026-04-14T13:05:56","modified_gmt":"2026-04-14T13:05:56","slug":"vermaechtnis","status":"publish","type":"page","link":"https:\/\/batima.ch\/de\/vermaechtnis\/","title":{"rendered":"VERM\u00c4CHTNIS"},"content":{"rendered":"\t\t<div data-elementor-type=\"wp-page\" data-elementor-id=\"2260\" class=\"elementor elementor-2260 elementor-642\" data-elementor-post-type=\"page\">\n\t\t\t\t<div class=\"elementor-element elementor-element-01a5e98 e-flex e-con-boxed e-con e-parent\" data-id=\"01a5e98\" data-element_type=\"container\">\n\t\t\t\t\t<div class=\"e-con-inner\">\n\t\t<div class=\"elementor-element elementor-element-08a869b e-con-full e-flex e-con e-child\" data-id=\"08a869b\" data-element_type=\"container\">\n\t\t\t\t<div class=\"elementor-element elementor-element-7979c0e elementor-invisible elementor-widget elementor-widget-heading\" data-id=\"7979c0e\" data-element_type=\"widget\" data-settings=\"{&quot;_animation&quot;:&quot;fadeInLeft&quot;}\" data-widget_type=\"heading.default\">\n\t\t\t\t\t<h2 class=\"elementor-heading-title elementor-size-default\">VERM\u00c4CHTNIS<\/h2>\t\t\t\t<\/div>\n\t\t<div class=\"elementor-element elementor-element-357f0c7 e-con-full e-flex e-con e-child\" data-id=\"357f0c7\" data-element_type=\"container\">\n\t\t\t\t<div class=\"elementor-element elementor-element-e828c6d elementor-invisible elementor-widget elementor-widget-text-editor\" data-id=\"e828c6d\" data-element_type=\"widget\" data-settings=\"{&quot;_animation&quot;:&quot;fadeInLeft&quot;}\" data-widget_type=\"text-editor.default\">\n\t\t\t\t\t\t\t\t\t<p>1965 gr\u00fcndete Gabriel Aknin das Unternehmen Batima mit der Absicht, die Immobilienentwicklung, die sich damals im Umbruch befand, mit der Zeit in Einklang zu bringen. Seine ersten Projekte, die <strong>kreativen Einfallsreichtum, unternehmerische Agilit\u00e4t und soziologisches Denken<\/strong> in sich vereinten, begr\u00fcndeten seinen Ruf, der sich im Laufe der Jahre in bedeutenden Projekten niederschlug. <\/p><p>Seine beiden S\u00f6hne, Yves und Gilles Aknin, sorgen seit 20 Jahren f\u00fcr den Fortbestand dieser Vision im Einklang mit den Bed\u00fcrfnissen des Marktes in einem kontinuierlichen Prozess der Verbesserung.<\/p>\t\t\t\t\t\t\t\t<\/div>\n\t\t\t\t<div class=\"elementor-element elementor-element-4e5d45a elementor-invisible elementor-widget elementor-widget-text-editor\" data-id=\"4e5d45a\" data-element_type=\"widget\" data-settings=\"{&quot;_animation&quot;:&quot;fadeInLeft&quot;}\" data-widget_type=\"text-editor.default\">\n\t\t\t\t\t\t\t\t\t<p><a href=\"https:\/\/batima.ch\/de\/vermaechtnis\/familiengeschichte\/\">&gt;  Eine Familiengeschichte<\/a><\/p>\t\t\t\t\t\t\t\t<\/div>\n\t\t\t\t<\/div>\n\t\t\t\t<div class=\"elementor-element elementor-element-3f665f4 elementor-widget elementor-widget-image\" data-id=\"3f665f4\" data-element_type=\"widget\" data-widget_type=\"image.default\">\n\t\t\t\t\t\t\t\t\t\t\t\t\t\t\t<img loading=\"lazy\" decoding=\"async\" width=\"831\" height=\"602\" src=\"https:\/\/batima.ch\/wp-content\/uploads\/2026\/02\/legacy-2.png\" class=\"attachment-full size-full wp-image-2262\" alt=\"\" srcset=\"https:\/\/batima.ch\/wp-content\/uploads\/2026\/02\/legacy-2.png 831w, https:\/\/batima.ch\/wp-content\/uploads\/2026\/02\/legacy-2-300x217.png 300w, https:\/\/batima.ch\/wp-content\/uploads\/2026\/02\/legacy-2-768x556.png 768w\" sizes=\"auto, (max-width: 831px) 100vw, 831px\" \/>\t\t\t\t\t\t\t\t\t\t\t\t\t\t\t<\/div>\n\t\t\t\t<\/div>\n\t\t<div class=\"elementor-element elementor-element-1a8c037 e-con-full e-flex e-con e-child\" data-id=\"1a8c037\" data-element_type=\"container\" data-settings=\"{&quot;background_background&quot;:&quot;classic&quot;}\">\n\t\t\t\t<\/div>\n\t\t\t\t\t<\/div>\n\t\t\t\t<\/div>\n\t\t<div class=\"elementor-element elementor-element-5a1e1cb e-flex e-con-boxed e-con e-parent\" data-id=\"5a1e1cb\" data-element_type=\"container\" data-settings=\"{&quot;background_background&quot;:&quot;classic&quot;}\">\n\t\t\t\t\t<div class=\"e-con-inner\">\n\t\t\t\t<div class=\"elementor-element elementor-element-7dffa49 elementor-align-center elementor-widget elementor-widget-button\" data-id=\"7dffa49\" data-element_type=\"widget\" data-widget_type=\"button.default\">\n\t\t\t\t\t\t\t\t\t\t<a class=\"elementor-button elementor-button-link elementor-size-sm\" href=\"https:\/\/batima.ch\/de\/vermaechtnis\/unsere-realisierungen\/\">\n\t\t\t\t\t\t<span class=\"elementor-button-content-wrapper\">\n\t\t\t\t\t\t\t\t\t<span class=\"elementor-button-text\">UNSERE REALISIERUNGEN<\/span>\n\t\t\t\t\t<\/span>\n\t\t\t\t\t<\/a>\n\t\t\t\t\t\t\t\t<\/div>\n\t\t\t\t<div class=\"elementor-element elementor-element-a823bec elementor-align-center elementor-widget elementor-widget-button\" data-id=\"a823bec\" data-element_type=\"widget\" data-widget_type=\"button.default\">\n\t\t\t\t\t\t\t\t\t\t<a class=\"elementor-button elementor-button-link elementor-size-sm\" href=\"https:\/\/batima.ch\/de\/vermaechtnis\/laufende-projekte\/\">\n\t\t\t\t\t\t<span class=\"elementor-button-content-wrapper\">\n\t\t\t\t\t\t\t\t\t<span class=\"elementor-button-text\">LAUFENDE PROJEKTE<\/span>\n\t\t\t\t\t<\/span>\n\t\t\t\t\t<\/a>\n\t\t\t\t\t\t\t\t<\/div>\n\t\t\t\t\t<\/div>\n\t\t\t\t<\/div>\n\t\t<div class=\"elementor-element elementor-element-d27ad72 e-flex e-con-boxed e-con e-parent\" data-id=\"d27ad72\" data-element_type=\"container\" data-settings=\"{&quot;background_background&quot;:&quot;video&quot;,&quot;background_video_link&quot;:&quot;https:\\\/\\\/vimeo.com\\\/1169949830?share=copy&amp;fl=sv&amp;fe=ci&quot;,&quot;background_play_on_mobile&quot;:&quot;yes&quot;}\">\n\t\t\t\t\t<div class=\"e-con-inner\">\n\t\t<div class=\"elementor-background-video-container\" aria-hidden=\"true\">\n\t\t\t\t\t\t\t<div class=\"elementor-background-video-embed\"><\/div>\n\t\t\t\t\t\t<\/div>\t\t\t<\/div>\n\t\t\t\t<\/div>\n\t\t<div class=\"elementor-element elementor-element-fed04bc e-flex e-con-boxed e-con e-parent\" data-id=\"fed04bc\" data-element_type=\"container\" data-settings=\"{&quot;background_background&quot;:&quot;classic&quot;}\">\n\t\t\t\t\t<div class=\"e-con-inner\">\n\t\t<div class=\"elementor-element elementor-element-0fa4256 e-con-full e-flex e-con e-child\" data-id=\"0fa4256\" data-element_type=\"container\">\n\t\t\t\t<div class=\"elementor-element elementor-element-b9aec6a elementor-widget elementor-widget-heading\" data-id=\"b9aec6a\" data-element_type=\"widget\" data-widget_type=\"heading.default\">\n\t\t\t\t\t<h2 class=\"elementor-heading-title elementor-size-default\">LEIDENSCHAFT UND <br>INTEGRIT\u00c4T,<br>DER FUSSABDRUCK<br>BATIMA <br>F\u00dcR EIN <br>NACHHALTIGES ERBE <br><\/h2>\t\t\t\t<\/div>\n\t\t\t\t<\/div>\n\t\t<div class=\"elementor-element elementor-element-0e085ba e-con-full e-flex e-con e-child\" data-id=\"0e085ba\" data-element_type=\"container\">\n\t\t\t\t<\/div>\n\t\t<div class=\"elementor-element elementor-element-3040343 e-con-full elementor-hidden-mobile e-flex e-con e-child\" data-id=\"3040343\" data-element_type=\"container\">\n\t\t\t\t<\/div>\n\t\t\t\t\t<\/div>\n\t\t\t\t<\/div>\n\t\t<div class=\"elementor-element elementor-element-be9bd59 e-flex e-con-boxed e-con e-parent\" data-id=\"be9bd59\" data-element_type=\"container\">\n\t\t\t\t\t<div class=\"e-con-inner\">\n\t\t\t\t<div class=\"elementor-element elementor-element-08c0939 elementor-align-center elementor-widget elementor-widget-button\" data-id=\"08c0939\" data-element_type=\"widget\" data-widget_type=\"button.default\">\n\t\t\t\t\t\t\t\t\t\t<a class=\"elementor-button elementor-button-link elementor-size-sm\" href=\"https:\/\/batima.ch\/de\/vermaechtnis\/presse-archiv\/\">\n\t\t\t\t\t\t<span class=\"elementor-button-content-wrapper\">\n\t\t\t\t\t\t\t\t\t<span class=\"elementor-button-text\">PRESSE \/ ARCHIV<\/span>\n\t\t\t\t\t<\/span>\n\t\t\t\t\t<\/a>\n\t\t\t\t\t\t\t\t<\/div>\n\t\t\t\t\t<\/div>\n\t\t\t\t<\/div>\n\t\t\t\t<\/div>\n\t\t","protected":false},"excerpt":{"rendered":"<p>VERM\u00c4CHTNIS 1965 gr\u00fcndete Gabriel Aknin das Unternehmen Batima mit der Absicht, die Immobilienentwicklung, die sich damals im Umbruch befand, mit der Zeit in Einklang zu bringen. Seine ersten Projekte, die kreativen Einfallsreichtum, unternehmerische Agilit\u00e4t und soziologisches Denken in sich vereinten, begr\u00fcndeten seinen Ruf, der sich im Laufe der Jahre in bedeutenden Projekten niederschlug. Seine beiden [&hellip;]<\/p>\n","protected":false},"author":1,"featured_media":0,"parent":0,"menu_order":0,"comment_status":"closed","ping_status":"closed","template":"elementor_header_footer","meta":{"footnotes":""},"class_list":["post-2260","page","type-page","status-publish","hentry"],"yoast_head":"<!-- This site is optimized with the Yoast SEO plugin v27.4 - https:\/\/yoast.com\/product\/yoast-seo-wordpress\/ -->\n<title>VERM\u00c4CHTNIS - batima.ch<\/title>\n<meta name=\"robots\" content=\"index, follow, max-snippet:-1, max-image-preview:large, max-video-preview:-1\" \/>\n<link rel=\"canonical\" href=\"https:\/\/batima.ch\/de\/vermaechtnis\/\" \/>\n<meta property=\"og:locale\" content=\"de_DE\" \/>\n<meta property=\"og:type\" content=\"article\" \/>\n<meta property=\"og:title\" content=\"VERM\u00c4CHTNIS - batima.ch\" \/>\n<meta property=\"og:description\" content=\"VERM\u00c4CHTNIS 1965 gr\u00fcndete Gabriel Aknin das Unternehmen Batima mit der Absicht, die Immobilienentwicklung, die sich damals im Umbruch befand, mit der Zeit in Einklang zu bringen. Seine ersten Projekte, die kreativen Einfallsreichtum, unternehmerische Agilit\u00e4t und soziologisches Denken in sich vereinten, begr\u00fcndeten seinen Ruf, der sich im Laufe der Jahre in bedeutenden Projekten niederschlug. Seine beiden [&hellip;]\" \/>\n<meta property=\"og:url\" content=\"https:\/\/batima.ch\/de\/vermaechtnis\/\" \/>\n<meta property=\"og:site_name\" content=\"batima.ch\" \/>\n<meta property=\"article:modified_time\" content=\"2026-04-14T13:05:56+00:00\" \/>\n<meta property=\"og:image\" content=\"https:\/\/batima.ch\/wp-content\/uploads\/2026\/02\/legacy-2.png\" \/>\n\t<meta property=\"og:image:width\" content=\"831\" \/>\n\t<meta property=\"og:image:height\" content=\"602\" \/>\n\t<meta property=\"og:image:type\" content=\"image\/png\" \/>\n<meta name=\"twitter:card\" content=\"summary_large_image\" \/>\n<meta name=\"twitter:label1\" content=\"Gesch\u00e4tzte Lesezeit\" \/>\n\t<meta name=\"twitter:data1\" content=\"1\u00a0Minute\" \/>\n<script type=\"application\/ld+json\" class=\"yoast-schema-graph\">{\"@context\":\"https:\\\/\\\/schema.org\",\"@graph\":[{\"@type\":\"WebPage\",\"@id\":\"https:\\\/\\\/batima.ch\\\/de\\\/vermaechtnis\\\/\",\"url\":\"https:\\\/\\\/batima.ch\\\/de\\\/vermaechtnis\\\/\",\"name\":\"VERM\u00c4CHTNIS - batima.ch\",\"isPartOf\":{\"@id\":\"https:\\\/\\\/batima.ch\\\/de\\\/#website\"},\"primaryImageOfPage\":{\"@id\":\"https:\\\/\\\/batima.ch\\\/de\\\/vermaechtnis\\\/#primaryimage\"},\"image\":{\"@id\":\"https:\\\/\\\/batima.ch\\\/de\\\/vermaechtnis\\\/#primaryimage\"},\"thumbnailUrl\":\"https:\\\/\\\/batima.ch\\\/wp-content\\\/uploads\\\/2026\\\/02\\\/legacy-2.png\",\"datePublished\":\"2025-12-25T10:49:21+00:00\",\"dateModified\":\"2026-04-14T13:05:56+00:00\",\"breadcrumb\":{\"@id\":\"https:\\\/\\\/batima.ch\\\/de\\\/vermaechtnis\\\/#breadcrumb\"},\"inLanguage\":\"de\",\"potentialAction\":[{\"@type\":\"ReadAction\",\"target\":[\"https:\\\/\\\/batima.ch\\\/de\\\/vermaechtnis\\\/\"]}]},{\"@type\":\"ImageObject\",\"inLanguage\":\"de\",\"@id\":\"https:\\\/\\\/batima.ch\\\/de\\\/vermaechtnis\\\/#primaryimage\",\"url\":\"https:\\\/\\\/batima.ch\\\/wp-content\\\/uploads\\\/2026\\\/02\\\/legacy-2.png\",\"contentUrl\":\"https:\\\/\\\/batima.ch\\\/wp-content\\\/uploads\\\/2026\\\/02\\\/legacy-2.png\"},{\"@type\":\"BreadcrumbList\",\"@id\":\"https:\\\/\\\/batima.ch\\\/de\\\/vermaechtnis\\\/#breadcrumb\",\"itemListElement\":[{\"@type\":\"ListItem\",\"position\":1,\"name\":\"Home\",\"item\":\"https:\\\/\\\/batima.ch\\\/de\\\/\"},{\"@type\":\"ListItem\",\"position\":2,\"name\":\"VERM\u00c4CHTNIS\"}]},{\"@type\":\"WebSite\",\"@id\":\"https:\\\/\\\/batima.ch\\\/de\\\/#website\",\"url\":\"https:\\\/\\\/batima.ch\\\/de\\\/\",\"name\":\"batima.ch\",\"description\":\"\",\"publisher\":{\"@id\":\"https:\\\/\\\/batima.ch\\\/de\\\/#organization\"},\"potentialAction\":[{\"@type\":\"SearchAction\",\"target\":{\"@type\":\"EntryPoint\",\"urlTemplate\":\"https:\\\/\\\/batima.ch\\\/de\\\/?s={search_term_string}\"},\"query-input\":{\"@type\":\"PropertyValueSpecification\",\"valueRequired\":true,\"valueName\":\"search_term_string\"}}],\"inLanguage\":\"de\"},{\"@type\":\"Organization\",\"@id\":\"https:\\\/\\\/batima.ch\\\/de\\\/#organization\",\"name\":\"Batima S.A\",\"url\":\"https:\\\/\\\/batima.ch\\\/de\\\/\",\"logo\":{\"@type\":\"ImageObject\",\"inLanguage\":\"de\",\"@id\":\"https:\\\/\\\/batima.ch\\\/de\\\/#\\\/schema\\\/logo\\\/image\\\/\",\"url\":\"https:\\\/\\\/batima.ch\\\/wp-content\\\/uploads\\\/2025\\\/11\\\/Asset-22.svg\",\"contentUrl\":\"https:\\\/\\\/batima.ch\\\/wp-content\\\/uploads\\\/2025\\\/11\\\/Asset-22.svg\",\"width\":733,\"height\":185,\"caption\":\"Batima S.A\"},\"image\":{\"@id\":\"https:\\\/\\\/batima.ch\\\/de\\\/#\\\/schema\\\/logo\\\/image\\\/\"},\"sameAs\":[\"https:\\\/\\\/www.instagram.com\\\/groupebatima\\\/\"]}]}<\/script>\n<!-- \/ Yoast SEO plugin. -->","yoast_head_json":{"title":"VERM\u00c4CHTNIS - batima.ch","robots":{"index":"index","follow":"follow","max-snippet":"max-snippet:-1","max-image-preview":"max-image-preview:large","max-video-preview":"max-video-preview:-1"},"canonical":"https:\/\/batima.ch\/de\/vermaechtnis\/","og_locale":"de_DE","og_type":"article","og_title":"VERM\u00c4CHTNIS - batima.ch","og_description":"VERM\u00c4CHTNIS 1965 gr\u00fcndete Gabriel Aknin das Unternehmen Batima mit der Absicht, die Immobilienentwicklung, die sich damals im Umbruch befand, mit der Zeit in Einklang zu bringen. Seine ersten Projekte, die kreativen Einfallsreichtum, unternehmerische Agilit\u00e4t und soziologisches Denken in sich vereinten, begr\u00fcndeten seinen Ruf, der sich im Laufe der Jahre in bedeutenden Projekten niederschlug. Seine beiden [&hellip;]","og_url":"https:\/\/batima.ch\/de\/vermaechtnis\/","og_site_name":"batima.ch","article_modified_time":"2026-04-14T13:05:56+00:00","og_image":[{"width":831,"height":602,"url":"https:\/\/batima.ch\/wp-content\/uploads\/2026\/02\/legacy-2.png","type":"image\/png"}],"twitter_card":"summary_large_image","twitter_misc":{"Gesch\u00e4tzte Lesezeit":"1\u00a0Minute"},"schema":{"@context":"https:\/\/schema.org","@graph":[{"@type":"WebPage","@id":"https:\/\/batima.ch\/de\/vermaechtnis\/","url":"https:\/\/batima.ch\/de\/vermaechtnis\/","name":"VERM\u00c4CHTNIS - batima.ch","isPartOf":{"@id":"https:\/\/batima.ch\/de\/#website"},"primaryImageOfPage":{"@id":"https:\/\/batima.ch\/de\/vermaechtnis\/#primaryimage"},"image":{"@id":"https:\/\/batima.ch\/de\/vermaechtnis\/#primaryimage"},"thumbnailUrl":"https:\/\/batima.ch\/wp-content\/uploads\/2026\/02\/legacy-2.png","datePublished":"2025-12-25T10:49:21+00:00","dateModified":"2026-04-14T13:05:56+00:00","breadcrumb":{"@id":"https:\/\/batima.ch\/de\/vermaechtnis\/#breadcrumb"},"inLanguage":"de","potentialAction":[{"@type":"ReadAction","target":["https:\/\/batima.ch\/de\/vermaechtnis\/"]}]},{"@type":"ImageObject","inLanguage":"de","@id":"https:\/\/batima.ch\/de\/vermaechtnis\/#primaryimage","url":"https:\/\/batima.ch\/wp-content\/uploads\/2026\/02\/legacy-2.png","contentUrl":"https:\/\/batima.ch\/wp-content\/uploads\/2026\/02\/legacy-2.png"},{"@type":"BreadcrumbList","@id":"https:\/\/batima.ch\/de\/vermaechtnis\/#breadcrumb","itemListElement":[{"@type":"ListItem","position":1,"name":"Home","item":"https:\/\/batima.ch\/de\/"},{"@type":"ListItem","position":2,"name":"VERM\u00c4CHTNIS"}]},{"@type":"WebSite","@id":"https:\/\/batima.ch\/de\/#website","url":"https:\/\/batima.ch\/de\/","name":"batima.ch","description":"","publisher":{"@id":"https:\/\/batima.ch\/de\/#organization"},"potentialAction":[{"@type":"SearchAction","target":{"@type":"EntryPoint","urlTemplate":"https:\/\/batima.ch\/de\/?s={search_term_string}"},"query-input":{"@type":"PropertyValueSpecification","valueRequired":true,"valueName":"search_term_string"}}],"inLanguage":"de"},{"@type":"Organization","@id":"https:\/\/batima.ch\/de\/#organization","name":"Batima S.A","url":"https:\/\/batima.ch\/de\/","logo":{"@type":"ImageObject","inLanguage":"de","@id":"https:\/\/batima.ch\/de\/#\/schema\/logo\/image\/","url":"https:\/\/batima.ch\/wp-content\/uploads\/2025\/11\/Asset-22.svg","contentUrl":"https:\/\/batima.ch\/wp-content\/uploads\/2025\/11\/Asset-22.svg","width":733,"height":185,"caption":"Batima S.A"},"image":{"@id":"https:\/\/batima.ch\/de\/#\/schema\/logo\/image\/"},"sameAs":["https:\/\/www.instagram.com\/groupebatima\/"]}]}},"_links":{"self":[{"href":"https:\/\/batima.ch\/de\/wp-json\/wp\/v2\/pages\/2260","targetHints":{"allow":["GET"]}}],"collection":[{"href":"https:\/\/batima.ch\/de\/wp-json\/wp\/v2\/pages"}],"about":[{"href":"https:\/\/batima.ch\/de\/wp-json\/wp\/v2\/types\/page"}],"author":[{"embeddable":true,"href":"https:\/\/batima.ch\/de\/wp-json\/wp\/v2\/users\/1"}],"replies":[{"embeddable":true,"href":"https:\/\/batima.ch\/de\/wp-json\/wp\/v2\/comments?post=2260"}],"version-history":[{"count":9,"href":"https:\/\/batima.ch\/de\/wp-json\/wp\/v2\/pages\/2260\/revisions"}],"predecessor-version":[{"id":3802,"href":"https:\/\/batima.ch\/de\/wp-json\/wp\/v2\/pages\/2260\/revisions\/3802"}],"wp:attachment":[{"href":"https:\/\/batima.ch\/de\/wp-json\/wp\/v2\/media?parent=2260"}],"curies":[{"name":"wp","href":"https:\/\/api.w.org\/{rel}","templated":true}]}}