{"id":2228,"date":"2025-12-25T10:49:33","date_gmt":"2025-12-25T10:49:33","guid":{"rendered":"https:\/\/dev.batima.ch\/loesungen\/"},"modified":"2026-04-10T08:58:06","modified_gmt":"2026-04-10T08:58:06","slug":"loesungen","status":"publish","type":"page","link":"https:\/\/batima.ch\/de\/loesungen\/","title":{"rendered":"L\u00d6SUNGEN"},"content":{"rendered":"\t\t<div data-elementor-type=\"wp-page\" data-elementor-id=\"2228\" class=\"elementor elementor-2228 elementor-644\" data-elementor-post-type=\"page\">\n\t\t\t\t<div class=\"elementor-element elementor-element-c486168 e-flex e-con-boxed e-con e-child\" data-id=\"c486168\" data-element_type=\"container\">\n\t\t\t\t\t<div class=\"e-con-inner\">\n\t\t<div class=\"elementor-element elementor-element-5be9d5b e-con-full e-flex e-con e-child\" data-id=\"5be9d5b\" data-element_type=\"container\">\n\t\t\t\t<div class=\"elementor-element elementor-element-a097818 elementor-invisible elementor-widget elementor-widget-heading\" data-id=\"a097818\" data-element_type=\"widget\" data-settings=\"{&quot;_animation&quot;:&quot;fadeInLeft&quot;}\" data-widget_type=\"heading.default\">\n\t\t\t\t\t<h2 class=\"elementor-heading-title elementor-size-default\">L\u00d6SUNGEN<\/h2>\t\t\t\t<\/div>\n\t\t\t\t<div class=\"elementor-element elementor-element-7a30e91 elementor-widget-mobile__width-inherit elementor-invisible elementor-widget elementor-widget-text-editor\" data-id=\"7a30e91\" data-element_type=\"widget\" data-settings=\"{&quot;_animation&quot;:&quot;fadeInLeft&quot;}\" data-widget_type=\"text-editor.default\">\n\t\t\t\t\t\t\t\t\t<p>Einfallsreiches Design von renommierten Architekturb\u00fcros. Beherrschte technische und \u00e4sthetische Qualit\u00e4t in allen Phasen des Lebenszyklus des Geb\u00e4udes.<br>Umsetzung ehrgeiziger Prinzipien der nachhaltigen Entwicklung. Die Projekte von Batima sind das Ergebnis von Zuh\u00f6ren und<br>Dialog im Dienste einer Architektur<br>, die in einer patrimonialen Logik entworfen wurde.  <\/p>\t\t\t\t\t\t\t\t<\/div>\n\t\t\t\t<div class=\"elementor-element elementor-element-8df327d elementor-widget elementor-widget-text-editor\" data-id=\"8df327d\" data-element_type=\"widget\" data-widget_type=\"text-editor.default\">\n\t\t\t\t\t\t\t\t\t<p><a href=\"https:\/\/batima.ch\/de\/loesungen\/entwicklungsvision\/\">&gt; Unsere Vision der Entwicklung<\/a><\/p>\t\t\t\t\t\t\t\t<\/div>\n\t\t\t\t<\/div>\n\t\t<div class=\"elementor-element elementor-element-13e057a e-con-full e-flex elementor-invisible e-con e-child\" data-id=\"13e057a\" data-element_type=\"container\" data-settings=\"{&quot;background_background&quot;:&quot;classic&quot;,&quot;animation&quot;:&quot;fadeInRight&quot;}\">\n\t\t\t\t<div class=\"elementor-element elementor-element-4af9c84 elementor-invisible elementor-widget elementor-widget-text-editor\" data-id=\"4af9c84\" data-element_type=\"widget\" data-settings=\"{&quot;_animation&quot;:&quot;fadeInRight&quot;}\" data-widget_type=\"text-editor.default\">\n\t\t\t\t\t\t\t\t\t<p>BATIMA<br>DIE KUNST DES BAUENS<br>NACHHALTIG<\/p>\t\t\t\t\t\t\t\t<\/div>\n\t\t\t\t<\/div>\n\t\t\t\t\t<\/div>\n\t\t\t\t<\/div>\n\t\t<div class=\"elementor-element elementor-element-66b4472 e-flex e-con-boxed e-con e-child\" data-id=\"66b4472\" data-element_type=\"container\">\n\t\t\t\t\t<div class=\"e-con-inner\">\n\t\t<div class=\"elementor-element elementor-element-26e7292 e-con-full e-flex elementor-invisible e-con e-child\" data-id=\"26e7292\" data-element_type=\"container\" data-settings=\"{&quot;background_background&quot;:&quot;classic&quot;,&quot;animation&quot;:&quot;fadeInLeft&quot;}\">\n\t\t\t\t<\/div>\n\t\t<div class=\"elementor-element elementor-element-613ac2e e-con-full e-flex e-con e-child\" data-id=\"613ac2e\" data-element_type=\"container\" data-settings=\"{&quot;background_background&quot;:&quot;classic&quot;}\">\n\t\t\t\t<div class=\"elementor-element elementor-element-8a76485 elementor-invisible elementor-widget elementor-widget-text-editor\" data-id=\"8a76485\" data-element_type=\"widget\" data-settings=\"{&quot;_animation&quot;:&quot;fadeInRight&quot;}\" data-widget_type=\"text-editor.default\">\n\t\t\t\t\t\t\t\t\t<p>MASSGESCHNEIDERTE L\u00d6SUNGEN<br>,<br>AUSGERICHTET AUF<br>IHRE ZIELE<br>KOMMERZIELL UND<br>VERM\u00d6GENSBEZOGEN<\/p>\t\t\t\t\t\t\t\t<\/div>\n\t\t\t\t<\/div>\n\t\t\t\t\t<\/div>\n\t\t\t\t<\/div>\n\t\t<div class=\"elementor-element elementor-element-707c720 e-flex e-con-boxed e-con e-parent\" data-id=\"707c720\" data-element_type=\"container\">\n\t\t\t\t\t<div class=\"e-con-inner\">\n\t\t\t\t<div class=\"elementor-element elementor-element-e93045e elementor-align-center elementor-widget elementor-widget-button\" data-id=\"e93045e\" data-element_type=\"widget\" data-widget_type=\"button.default\">\n\t\t\t\t\t\t\t\t\t\t<a class=\"elementor-button elementor-button-link elementor-size-sm\" href=\"https:\/\/batima.ch\/de\/loesungen\/unsere-loesungen\/\">\n\t\t\t\t\t\t<span class=\"elementor-button-content-wrapper\">\n\t\t\t\t\t\t\t\t\t<span class=\"elementor-button-text\">UNSERE L\u00d6SUNGEN<\/span>\n\t\t\t\t\t<\/span>\n\t\t\t\t\t<\/a>\n\t\t\t\t\t\t\t\t<\/div>\n\t\t\t\t\t<\/div>\n\t\t\t\t<\/div>\n\t\t<div class=\"elementor-element elementor-element-8d1c4fd e-flex e-con-boxed e-con e-parent\" data-id=\"8d1c4fd\" data-element_type=\"container\" data-settings=\"{&quot;background_background&quot;:&quot;video&quot;,&quot;background_video_link&quot;:&quot;https:\\\/\\\/vimeo.com\\\/1169868187\\\/a58648995d?share=copy&amp;fl=sv&amp;fe=ci&quot;,&quot;background_video_start&quot;:1,&quot;background_play_on_mobile&quot;:&quot;yes&quot;}\">\n\t\t\t\t\t<div class=\"e-con-inner\">\n\t\t<div class=\"elementor-background-video-container\" aria-hidden=\"true\">\n\t\t\t\t\t\t\t<div class=\"elementor-background-video-embed\"><\/div>\n\t\t\t\t\t\t<\/div>\t\t<div class=\"elementor-element elementor-element-d70475e elementor-widget elementor-widget-text-editor\" data-id=\"d70475e\" data-element_type=\"widget\" data-widget_type=\"text-editor.default\">\n\t\t\t\t\t\t\t\t\t<p>WIR ENTWERFEN EIN EINZIGARTIGES UND NACHHALTIGES PROJEKT<br>, DAS VON IHREN ERWARTUNGEN UND DER IDENTIT\u00c4T DES ORTES GEPR\u00c4GT IST UND<br>UNSERE VISION EINES BAUUNTERNEHMERS WIDERSPIEGELT.<\/p>\t\t\t\t\t\t\t\t<\/div>\n\t\t\t\t\t<\/div>\n\t\t\t\t<\/div>\n\t\t<div class=\"elementor-element elementor-element-4ae1678 e-flex e-con-boxed e-con e-child\" data-id=\"4ae1678\" data-element_type=\"container\">\n\t\t\t\t\t<div class=\"e-con-inner\">\n\t\t<div class=\"elementor-element elementor-element-16c109c e-con-full e-flex e-con e-child\" data-id=\"16c109c\" data-element_type=\"container\">\n\t\t\t\t<div class=\"elementor-element elementor-element-b4c81bc elementor-invisible elementor-widget elementor-widget-heading\" data-id=\"b4c81bc\" data-element_type=\"widget\" data-settings=\"{&quot;_animation&quot;:&quot;fadeInLeft&quot;}\" data-widget_type=\"heading.default\">\n\t\t\t\t\t<h2 class=\"elementor-heading-title elementor-size-default\">UNSERE PHILOSOPHIE,<br>DIE KULTUR DER<br>\u00dcBERTRAGUNG<\/h2>\t\t\t\t<\/div>\n\t\t\t\t<div class=\"elementor-element elementor-element-b7d956b elementor-widget-mobile__width-inherit elementor-invisible elementor-widget elementor-widget-text-editor\" data-id=\"b7d956b\" data-element_type=\"widget\" data-settings=\"{&quot;_animation&quot;:&quot;fadeInLeft&quot;}\" data-widget_type=\"text-editor.default\">\n\t\t\t\t\t\t\t\t\t<p>Wir arbeiten mit renommierten Dienstleistern und Architekten in einem Geist des Respekts und der Kreativit\u00e4t zusammen.<\/p>\t\t\t\t\t\t\t\t<\/div>\n\t\t\t\t<div class=\"elementor-element elementor-element-0b7e3e0 elementor-invisible elementor-widget elementor-widget-text-editor\" data-id=\"0b7e3e0\" data-element_type=\"widget\" data-settings=\"{&quot;_animation&quot;:&quot;fadeInLeft&quot;}\" data-widget_type=\"text-editor.default\">\n\t\t\t\t\t\t\t\t\t<p><strong><a href=\"https:\/\/batima.ch\/de\/loesungen\/unsere-philosophie\/\">&gt; Unsere Philosophie<\/a><\/strong><\/p>\t\t\t\t\t\t\t\t<\/div>\n\t\t\t\t<\/div>\n\t\t<div class=\"elementor-element elementor-element-4ccaea3 e-con-full e-flex elementor-invisible e-con e-child\" data-id=\"4ccaea3\" data-element_type=\"container\" data-settings=\"{&quot;background_background&quot;:&quot;classic&quot;,&quot;animation&quot;:&quot;fadeInRight&quot;}\">\n\t\t\t\t<\/div>\n\t\t\t\t\t<\/div>\n\t\t\t\t<\/div>\n\t\t<div class=\"elementor-element elementor-element-10d5bcb e-flex e-con-boxed e-con e-parent\" data-id=\"10d5bcb\" data-element_type=\"container\" data-settings=\"{&quot;animation&quot;:&quot;none&quot;}\">\n\t\t\t\t\t<div class=\"e-con-inner\">\n\t\t<div class=\"elementor-element elementor-element-9dba8e8 e-con-full e-flex e-con e-child\" data-id=\"9dba8e8\" data-element_type=\"container\" data-settings=\"{&quot;background_background&quot;:&quot;classic&quot;}\">\n\t\t\t\t<div class=\"elementor-element elementor-element-7a10896 gallery-spacing-custom elementor-invisible elementor-widget elementor-widget-image-gallery\" data-id=\"7a10896\" data-element_type=\"widget\" data-settings=\"{&quot;_animation&quot;:&quot;fadeInLeft&quot;}\" data-widget_type=\"image-gallery.default\">\n\t\t\t\t\t\t\t<div class=\"elementor-image-gallery\">\n\t\t\t<div id='gallery-1' class='gallery galleryid-2228 gallery-columns-2 gallery-size-full'><figure class='gallery-item'>\n\t\t\t<div class='gallery-icon portrait'>\n\t\t\t\t<a data-elementor-open-lightbox=\"yes\" data-elementor-lightbox-slideshow=\"7a10896\" data-elementor-lightbox-title=\"L\u00f6sung 5\" data-e-action-hash=\"#elementor-action%3Aaction%3Dlightbox%26settings%3DeyJpZCI6MjIzNCwidXJsIjoiaHR0cHM6XC9cL2JhdGltYS5jaFwvd3AtY29udGVudFwvdXBsb2Fkc1wvMjAyNlwvMDJcL3NvbHV0aW9uLTUucG5nIiwic2xpZGVzaG93IjoiN2ExMDg5NiJ9\" href='https:\/\/batima.ch\/wp-content\/uploads\/2026\/02\/solution-5.png'><img loading=\"lazy\" decoding=\"async\" width=\"959\" height=\"1008\" src=\"https:\/\/batima.ch\/wp-content\/uploads\/2026\/02\/solution-5.png\" class=\"attachment-full size-full\" alt=\"\" srcset=\"https:\/\/batima.ch\/wp-content\/uploads\/2026\/02\/solution-5.png 959w, https:\/\/batima.ch\/wp-content\/uploads\/2026\/02\/solution-5-285x300.png 285w, https:\/\/batima.ch\/wp-content\/uploads\/2026\/02\/solution-5-768x807.png 768w\" sizes=\"auto, (max-width: 959px) 100vw, 959px\" \/><\/a>\n\t\t\t<\/div><\/figure><figure class='gallery-item'>\n\t\t\t<div class='gallery-icon portrait'>\n\t\t\t\t<a data-elementor-open-lightbox=\"yes\" data-elementor-lightbox-slideshow=\"7a10896\" data-elementor-lightbox-title=\"Low Quality JPG - Batima Juli 2025-19\" data-e-action-hash=\"#elementor-action%3Aaction%3Dlightbox%26settings%3DeyJpZCI6MjIzOSwidXJsIjoiaHR0cHM6XC9cL2JhdGltYS5jaFwvd3AtY29udGVudFwvdXBsb2Fkc1wvMjAyNlwvMDJcL0xvdy1RdWFsaXR5LUpQRy1CYXRpbWEtSnVpbGxldC0yMDI1LTE5LWUxNzcyMDkzNjIwNDkyLmpwZyIsInNsaWRlc2hvdyI6IjdhMTA4OTYifQ%3D%3D\" href='https:\/\/batima.ch\/wp-content\/uploads\/2026\/02\/Low-Quality-JPG-Batima-Juillet-2025-19-e1772093620492.jpg'><img loading=\"lazy\" decoding=\"async\" width=\"1314\" height=\"1382\" src=\"https:\/\/batima.ch\/wp-content\/uploads\/2026\/02\/Low-Quality-JPG-Batima-Juillet-2025-19-e1772093620492.jpg\" class=\"attachment-full size-full\" alt=\"\" srcset=\"https:\/\/batima.ch\/wp-content\/uploads\/2026\/02\/Low-Quality-JPG-Batima-Juillet-2025-19-e1772093620492.jpg 1314w, https:\/\/batima.ch\/wp-content\/uploads\/2026\/02\/Low-Quality-JPG-Batima-Juillet-2025-19-e1772093620492-285x300.jpg 285w, https:\/\/batima.ch\/wp-content\/uploads\/2026\/02\/Low-Quality-JPG-Batima-Juillet-2025-19-e1772093620492-974x1024.jpg 974w, https:\/\/batima.ch\/wp-content\/uploads\/2026\/02\/Low-Quality-JPG-Batima-Juillet-2025-19-e1772093620492-768x808.jpg 768w\" sizes=\"auto, (max-width: 1314px) 100vw, 1314px\" \/><\/a>\n\t\t\t<\/div><\/figure>\n\t\t<\/div>\n\t\t<\/div>\n\t\t\t\t\t\t<\/div>\n\t\t\t\t<\/div>\n\t\t\t\t<div class=\"elementor-element elementor-element-29c7eec elementor-align-center elementor-invisible elementor-widget elementor-widget-button\" data-id=\"29c7eec\" data-element_type=\"widget\" data-settings=\"{&quot;_animation&quot;:&quot;fadeInUp&quot;}\" data-widget_type=\"button.default\">\n\t\t\t\t\t\t\t\t\t\t<a class=\"elementor-button elementor-button-link elementor-size-sm\" href=\"https:\/\/batima.ch\/de\/loesungen\/partner\/\">\n\t\t\t\t\t\t<span class=\"elementor-button-content-wrapper\">\n\t\t\t\t\t\t\t\t\t<span class=\"elementor-button-text\">UNSERE PARTNER<\/span>\n\t\t\t\t\t<\/span>\n\t\t\t\t\t<\/a>\n\t\t\t\t\t\t\t\t<\/div>\n\t\t\t\t\t<\/div>\n\t\t\t\t<\/div>\n\t\t\t\t<\/div>\n\t\t","protected":false},"excerpt":{"rendered":"<p>L\u00d6SUNGEN Einfallsreiches Design von renommierten Architekturb\u00fcros. Beherrschte technische und \u00e4sthetische Qualit\u00e4t in allen Phasen des Lebenszyklus des Geb\u00e4udes.Umsetzung ehrgeiziger Prinzipien der nachhaltigen Entwicklung. Die Projekte von Batima sind das Ergebnis von Zuh\u00f6ren undDialog im Dienste einer Architektur, die in einer patrimonialen Logik entworfen wurde. &gt; Unsere Vision der Entwicklung BATIMADIE KUNST DES BAUENSNACHHALTIG MASSGESCHNEIDERTE L\u00d6SUNGEN,AUSGERICHTET [&hellip;]<\/p>\n","protected":false},"author":1,"featured_media":0,"parent":0,"menu_order":0,"comment_status":"closed","ping_status":"closed","template":"elementor_header_footer","meta":{"footnotes":""},"class_list":["post-2228","page","type-page","status-publish","hentry"],"yoast_head":"<!-- This site is optimized with the Yoast SEO plugin v27.4 - https:\/\/yoast.com\/product\/yoast-seo-wordpress\/ -->\n<title>L\u00d6SUNGEN - batima.ch<\/title>\n<meta name=\"robots\" content=\"index, follow, max-snippet:-1, max-image-preview:large, max-video-preview:-1\" \/>\n<link rel=\"canonical\" href=\"https:\/\/batima.ch\/de\/loesungen\/\" \/>\n<meta property=\"og:locale\" content=\"de_DE\" \/>\n<meta property=\"og:type\" content=\"article\" \/>\n<meta property=\"og:title\" content=\"L\u00d6SUNGEN - batima.ch\" \/>\n<meta property=\"og:description\" content=\"L\u00d6SUNGEN Einfallsreiches Design von renommierten Architekturb\u00fcros. Beherrschte technische und \u00e4sthetische Qualit\u00e4t in allen Phasen des Lebenszyklus des Geb\u00e4udes.Umsetzung ehrgeiziger Prinzipien der nachhaltigen Entwicklung. Die Projekte von Batima sind das Ergebnis von Zuh\u00f6ren undDialog im Dienste einer Architektur, die in einer patrimonialen Logik entworfen wurde. &gt; Unsere Vision der Entwicklung BATIMADIE KUNST DES BAUENSNACHHALTIG MASSGESCHNEIDERTE L\u00d6SUNGEN,AUSGERICHTET [&hellip;]\" \/>\n<meta property=\"og:url\" content=\"https:\/\/batima.ch\/de\/loesungen\/\" \/>\n<meta property=\"og:site_name\" content=\"batima.ch\" \/>\n<meta property=\"article:modified_time\" content=\"2026-04-10T08:58:06+00:00\" \/>\n<meta property=\"og:image\" content=\"https:\/\/batima.ch\/wp-content\/uploads\/2026\/02\/solution-5.png\" \/>\n<meta name=\"twitter:card\" content=\"summary_large_image\" \/>\n<meta name=\"twitter:label1\" content=\"Gesch\u00e4tzte Lesezeit\" \/>\n\t<meta name=\"twitter:data1\" content=\"1\u00a0Minute\" \/>\n<script type=\"application\/ld+json\" class=\"yoast-schema-graph\">{\"@context\":\"https:\\\/\\\/schema.org\",\"@graph\":[{\"@type\":\"WebPage\",\"@id\":\"https:\\\/\\\/batima.ch\\\/de\\\/loesungen\\\/\",\"url\":\"https:\\\/\\\/batima.ch\\\/de\\\/loesungen\\\/\",\"name\":\"L\u00d6SUNGEN - batima.ch\",\"isPartOf\":{\"@id\":\"https:\\\/\\\/batima.ch\\\/de\\\/#website\"},\"primaryImageOfPage\":{\"@id\":\"https:\\\/\\\/batima.ch\\\/de\\\/loesungen\\\/#primaryimage\"},\"image\":{\"@id\":\"https:\\\/\\\/batima.ch\\\/de\\\/loesungen\\\/#primaryimage\"},\"thumbnailUrl\":\"https:\\\/\\\/batima.ch\\\/wp-content\\\/uploads\\\/2026\\\/02\\\/solution-5.png\",\"datePublished\":\"2025-12-25T10:49:33+00:00\",\"dateModified\":\"2026-04-10T08:58:06+00:00\",\"breadcrumb\":{\"@id\":\"https:\\\/\\\/batima.ch\\\/de\\\/loesungen\\\/#breadcrumb\"},\"inLanguage\":\"de\",\"potentialAction\":[{\"@type\":\"ReadAction\",\"target\":[\"https:\\\/\\\/batima.ch\\\/de\\\/loesungen\\\/\"]}]},{\"@type\":\"ImageObject\",\"inLanguage\":\"de\",\"@id\":\"https:\\\/\\\/batima.ch\\\/de\\\/loesungen\\\/#primaryimage\",\"url\":\"https:\\\/\\\/batima.ch\\\/wp-content\\\/uploads\\\/2026\\\/02\\\/solution-5.png\",\"contentUrl\":\"https:\\\/\\\/batima.ch\\\/wp-content\\\/uploads\\\/2026\\\/02\\\/solution-5.png\"},{\"@type\":\"BreadcrumbList\",\"@id\":\"https:\\\/\\\/batima.ch\\\/de\\\/loesungen\\\/#breadcrumb\",\"itemListElement\":[{\"@type\":\"ListItem\",\"position\":1,\"name\":\"Home\",\"item\":\"https:\\\/\\\/batima.ch\\\/de\\\/home\\\/\"},{\"@type\":\"ListItem\",\"position\":2,\"name\":\"L\u00d6SUNGEN\"}]},{\"@type\":\"WebSite\",\"@id\":\"https:\\\/\\\/batima.ch\\\/de\\\/#website\",\"url\":\"https:\\\/\\\/batima.ch\\\/de\\\/\",\"name\":\"batima.ch\",\"description\":\"\",\"publisher\":{\"@id\":\"https:\\\/\\\/batima.ch\\\/de\\\/#organization\"},\"potentialAction\":[{\"@type\":\"SearchAction\",\"target\":{\"@type\":\"EntryPoint\",\"urlTemplate\":\"https:\\\/\\\/batima.ch\\\/de\\\/?s={search_term_string}\"},\"query-input\":{\"@type\":\"PropertyValueSpecification\",\"valueRequired\":true,\"valueName\":\"search_term_string\"}}],\"inLanguage\":\"de\"},{\"@type\":\"Organization\",\"@id\":\"https:\\\/\\\/batima.ch\\\/de\\\/#organization\",\"name\":\"Batima S.A\",\"url\":\"https:\\\/\\\/batima.ch\\\/de\\\/\",\"logo\":{\"@type\":\"ImageObject\",\"inLanguage\":\"de\",\"@id\":\"https:\\\/\\\/batima.ch\\\/de\\\/#\\\/schema\\\/logo\\\/image\\\/\",\"url\":\"https:\\\/\\\/batima.ch\\\/wp-content\\\/uploads\\\/2025\\\/11\\\/Asset-22.svg\",\"contentUrl\":\"https:\\\/\\\/batima.ch\\\/wp-content\\\/uploads\\\/2025\\\/11\\\/Asset-22.svg\",\"width\":733,\"height\":185,\"caption\":\"Batima S.A\"},\"image\":{\"@id\":\"https:\\\/\\\/batima.ch\\\/de\\\/#\\\/schema\\\/logo\\\/image\\\/\"},\"sameAs\":[\"https:\\\/\\\/www.instagram.com\\\/groupebatima\\\/\"]}]}<\/script>\n<!-- \/ Yoast SEO plugin. -->","yoast_head_json":{"title":"L\u00d6SUNGEN - batima.ch","robots":{"index":"index","follow":"follow","max-snippet":"max-snippet:-1","max-image-preview":"max-image-preview:large","max-video-preview":"max-video-preview:-1"},"canonical":"https:\/\/batima.ch\/de\/loesungen\/","og_locale":"de_DE","og_type":"article","og_title":"L\u00d6SUNGEN - batima.ch","og_description":"L\u00d6SUNGEN Einfallsreiches Design von renommierten Architekturb\u00fcros. Beherrschte technische und \u00e4sthetische Qualit\u00e4t in allen Phasen des Lebenszyklus des Geb\u00e4udes.Umsetzung ehrgeiziger Prinzipien der nachhaltigen Entwicklung. Die Projekte von Batima sind das Ergebnis von Zuh\u00f6ren undDialog im Dienste einer Architektur, die in einer patrimonialen Logik entworfen wurde. &gt; Unsere Vision der Entwicklung BATIMADIE KUNST DES BAUENSNACHHALTIG MASSGESCHNEIDERTE L\u00d6SUNGEN,AUSGERICHTET [&hellip;]","og_url":"https:\/\/batima.ch\/de\/loesungen\/","og_site_name":"batima.ch","article_modified_time":"2026-04-10T08:58:06+00:00","og_image":[{"url":"https:\/\/batima.ch\/wp-content\/uploads\/2026\/02\/solution-5.png","type":"","width":"","height":""}],"twitter_card":"summary_large_image","twitter_misc":{"Gesch\u00e4tzte Lesezeit":"1\u00a0Minute"},"schema":{"@context":"https:\/\/schema.org","@graph":[{"@type":"WebPage","@id":"https:\/\/batima.ch\/de\/loesungen\/","url":"https:\/\/batima.ch\/de\/loesungen\/","name":"L\u00d6SUNGEN - batima.ch","isPartOf":{"@id":"https:\/\/batima.ch\/de\/#website"},"primaryImageOfPage":{"@id":"https:\/\/batima.ch\/de\/loesungen\/#primaryimage"},"image":{"@id":"https:\/\/batima.ch\/de\/loesungen\/#primaryimage"},"thumbnailUrl":"https:\/\/batima.ch\/wp-content\/uploads\/2026\/02\/solution-5.png","datePublished":"2025-12-25T10:49:33+00:00","dateModified":"2026-04-10T08:58:06+00:00","breadcrumb":{"@id":"https:\/\/batima.ch\/de\/loesungen\/#breadcrumb"},"inLanguage":"de","potentialAction":[{"@type":"ReadAction","target":["https:\/\/batima.ch\/de\/loesungen\/"]}]},{"@type":"ImageObject","inLanguage":"de","@id":"https:\/\/batima.ch\/de\/loesungen\/#primaryimage","url":"https:\/\/batima.ch\/wp-content\/uploads\/2026\/02\/solution-5.png","contentUrl":"https:\/\/batima.ch\/wp-content\/uploads\/2026\/02\/solution-5.png"},{"@type":"BreadcrumbList","@id":"https:\/\/batima.ch\/de\/loesungen\/#breadcrumb","itemListElement":[{"@type":"ListItem","position":1,"name":"Home","item":"https:\/\/batima.ch\/de\/home\/"},{"@type":"ListItem","position":2,"name":"L\u00d6SUNGEN"}]},{"@type":"WebSite","@id":"https:\/\/batima.ch\/de\/#website","url":"https:\/\/batima.ch\/de\/","name":"batima.ch","description":"","publisher":{"@id":"https:\/\/batima.ch\/de\/#organization"},"potentialAction":[{"@type":"SearchAction","target":{"@type":"EntryPoint","urlTemplate":"https:\/\/batima.ch\/de\/?s={search_term_string}"},"query-input":{"@type":"PropertyValueSpecification","valueRequired":true,"valueName":"search_term_string"}}],"inLanguage":"de"},{"@type":"Organization","@id":"https:\/\/batima.ch\/de\/#organization","name":"Batima S.A","url":"https:\/\/batima.ch\/de\/","logo":{"@type":"ImageObject","inLanguage":"de","@id":"https:\/\/batima.ch\/de\/#\/schema\/logo\/image\/","url":"https:\/\/batima.ch\/wp-content\/uploads\/2025\/11\/Asset-22.svg","contentUrl":"https:\/\/batima.ch\/wp-content\/uploads\/2025\/11\/Asset-22.svg","width":733,"height":185,"caption":"Batima S.A"},"image":{"@id":"https:\/\/batima.ch\/de\/#\/schema\/logo\/image\/"},"sameAs":["https:\/\/www.instagram.com\/groupebatima\/"]}]}},"_links":{"self":[{"href":"https:\/\/batima.ch\/de\/wp-json\/wp\/v2\/pages\/2228","targetHints":{"allow":["GET"]}}],"collection":[{"href":"https:\/\/batima.ch\/de\/wp-json\/wp\/v2\/pages"}],"about":[{"href":"https:\/\/batima.ch\/de\/wp-json\/wp\/v2\/types\/page"}],"author":[{"embeddable":true,"href":"https:\/\/batima.ch\/de\/wp-json\/wp\/v2\/users\/1"}],"replies":[{"embeddable":true,"href":"https:\/\/batima.ch\/de\/wp-json\/wp\/v2\/comments?post=2228"}],"version-history":[{"count":3,"href":"https:\/\/batima.ch\/de\/wp-json\/wp\/v2\/pages\/2228\/revisions"}],"predecessor-version":[{"id":3531,"href":"https:\/\/batima.ch\/de\/wp-json\/wp\/v2\/pages\/2228\/revisions\/3531"}],"wp:attachment":[{"href":"https:\/\/batima.ch\/de\/wp-json\/wp\/v2\/media?parent=2228"}],"curies":[{"name":"wp","href":"https:\/\/api.w.org\/{rel}","templated":true}]}}