{"id":2169,"date":"2025-12-10T13:20:18","date_gmt":"2025-12-10T13:20:18","guid":{"rendered":"https:\/\/dev.batima.ch\/laufende-projekte\/"},"modified":"2026-04-12T10:23:10","modified_gmt":"2026-04-12T10:23:10","slug":"laufende-projekte","status":"publish","type":"page","link":"https:\/\/batima.ch\/de\/vermaechtnis\/laufende-projekte\/","title":{"rendered":"LAUFENDE PROJEKTE"},"content":{"rendered":"\t\t<div data-elementor-type=\"wp-post\" data-elementor-id=\"2169\" class=\"elementor elementor-2169 elementor-346\" data-elementor-post-type=\"page\">\n\t\t\t\t<div class=\"elementor-element elementor-element-b4f2b76 e-flex e-con-boxed e-con e-parent\" data-id=\"b4f2b76\" data-element_type=\"container\">\n\t\t\t\t\t<div class=\"e-con-inner\">\n\t\t\t\t<div class=\"elementor-element elementor-element-b313bc1 elementor-widget elementor-widget-heading\" data-id=\"b313bc1\" data-element_type=\"widget\" data-widget_type=\"heading.default\">\n\t\t\t\t\t<h2 class=\"elementor-heading-title elementor-size-default\">LAUFENDE PROJEKTE<\/h2>\t\t\t\t<\/div>\n\t\t\t\t\t<\/div>\n\t\t\t\t<\/div>\n\t\t<div class=\"elementor-element elementor-element-0ad9b9a e-flex e-con-boxed e-con e-parent\" data-id=\"0ad9b9a\" data-element_type=\"container\">\n\t\t\t\t\t<div class=\"e-con-inner\">\n\t\t<div class=\"elementor-element elementor-element-320dbee e-con-full e-flex e-con e-child\" data-id=\"320dbee\" data-element_type=\"container\">\n\t\t\t\t<div class=\"elementor-element elementor-element-8f11e97 elementor-invisible elementor-widget elementor-widget-heading\" data-id=\"8f11e97\" data-element_type=\"widget\" data-settings=\"{&quot;_animation&quot;:&quot;fadeInLeft&quot;}\" data-widget_type=\"heading.default\">\n\t\t\t\t\t<h2 class=\"elementor-heading-title elementor-size-default\">Belle-Terre <br>Phase 1<\/h2>\t\t\t\t<\/div>\n\t\t\t\t<div class=\"elementor-element elementor-element-ada3c3f elementor-widget elementor-widget-spacer\" data-id=\"ada3c3f\" data-element_type=\"widget\" data-widget_type=\"spacer.default\">\n\t\t\t\t\t\t\t<div class=\"elementor-spacer\">\n\t\t\t<div class=\"elementor-spacer-inner\"><\/div>\n\t\t<\/div>\n\t\t\t\t\t\t<\/div>\n\t\t\t\t<div class=\"elementor-element elementor-element-ba3f1de elementor-invisible elementor-widget elementor-widget-text-editor\" data-id=\"ba3f1de\" data-element_type=\"widget\" data-settings=\"{&quot;_animation&quot;:&quot;fadeInLeft&quot;}\" data-widget_type=\"text-editor.default\">\n\t\t\t\t\t\t\t\t\t<p>In Th\u00f4nex im l\u00e4ndlichen Genf wurde die erste Phase des Stadtviertels Belle-Terre von vier Architekturb\u00fcros gemeinsam und harmonisch entworfen und realisiert, die alle unter einem Dach zusammenarbeiten.<\/p><p><strong>Der Stadtteil Belle-Terre, der in drei Phasen bis 2035 realisiert<\/strong> werden soll, wurde k\u00fcrzlich \u00fcbergeben und in Betrieb genommen. Die erste Phase wurde von einem Team aus Architekten und Bautr\u00e4gern entworfen und umgesetzt und umfasst zwei st\u00e4dtische Bereiche, die als eine zusammenh\u00e4ngende Einheit funktionieren. <\/p>\t\t\t\t\t\t\t\t<\/div>\n\t\t\t\t<div class=\"elementor-element elementor-element-5723d9c elementor-widget elementor-widget-text-editor\" data-id=\"5723d9c\" data-element_type=\"widget\" data-widget_type=\"text-editor.default\">\n\t\t\t\t\t\t\t\t\t<p><strong><a href=\"https:\/\/batima.ch\/de\/vermaechtnis\/laufende-projekte\/belleterre-phase-1\/\">&gt;  Belle-Terre entdecken Phase 1  <\/a><\/strong><\/p>\t\t\t\t\t\t\t\t<\/div>\n\t\t\t\t<\/div>\n\t\t<div class=\"elementor-element elementor-element-6e5e614 e-con-full e-flex e-con e-child\" data-id=\"6e5e614\" data-element_type=\"container\">\n\t\t\t\t<div class=\"elementor-element elementor-element-89a18f8 elementor-invisible elementor-widget elementor-widget-image\" data-id=\"89a18f8\" data-element_type=\"widget\" data-settings=\"{&quot;_animation&quot;:&quot;fadeInRight&quot;}\" data-widget_type=\"image.default\">\n\t\t\t\t\t\t\t\t\t\t\t\t\t\t\t<img decoding=\"async\" src=\"https:\/\/batima.ch\/wp-content\/uploads\/2025\/11\/lin2@250x-100.jpg\" title=\"\" alt=\"\" loading=\"lazy\" \/>\t\t\t\t\t\t\t\t\t\t\t\t\t\t\t<\/div>\n\t\t\t\t<\/div>\n\t\t\t\t\t<\/div>\n\t\t\t\t<\/div>\n\t\t<div class=\"elementor-element elementor-element-63e669e e-con-full e-flex e-con e-parent\" data-id=\"63e669e\" data-element_type=\"container\">\n\t\t\t\t<div class=\"elementor-element elementor-element-a9d6678 elementor-widget-divider--view-line elementor-widget elementor-widget-divider\" data-id=\"a9d6678\" data-element_type=\"widget\" data-widget_type=\"divider.default\">\n\t\t\t\t\t\t\t<div class=\"elementor-divider\">\n\t\t\t<span class=\"elementor-divider-separator\">\n\t\t\t\t\t\t<\/span>\n\t\t<\/div>\n\t\t\t\t\t\t<\/div>\n\t\t\t\t<\/div>\n\t\t<div class=\"elementor-element elementor-element-3bc8190 e-flex e-con-boxed e-con e-parent\" data-id=\"3bc8190\" data-element_type=\"container\">\n\t\t\t\t\t<div class=\"e-con-inner\">\n\t\t<div class=\"elementor-element elementor-element-8c04a12 e-con-full e-flex e-con e-child\" data-id=\"8c04a12\" data-element_type=\"container\">\n\t\t\t\t<div class=\"elementor-element elementor-element-45014fe elementor-invisible elementor-widget elementor-widget-heading\" data-id=\"45014fe\" data-element_type=\"widget\" data-settings=\"{&quot;_animation&quot;:&quot;fadeInLeft&quot;}\" data-widget_type=\"heading.default\">\n\t\t\t\t\t<h2 class=\"elementor-heading-title elementor-size-default\">Belle-Terre <br>Phase 2 (2027)<\/h2>\t\t\t\t<\/div>\n\t\t\t\t<div class=\"elementor-element elementor-element-8b864dd elementor-widget elementor-widget-spacer\" data-id=\"8b864dd\" data-element_type=\"widget\" data-widget_type=\"spacer.default\">\n\t\t\t\t\t\t\t<div class=\"elementor-spacer\">\n\t\t\t<div class=\"elementor-spacer-inner\"><\/div>\n\t\t<\/div>\n\t\t\t\t\t\t<\/div>\n\t\t\t\t<div class=\"elementor-element elementor-element-f88a26d elementor-invisible elementor-widget elementor-widget-text-editor\" data-id=\"f88a26d\" data-element_type=\"widget\" data-settings=\"{&quot;_animation&quot;:&quot;fadeInLeft&quot;}\" data-widget_type=\"text-editor.default\">\n\t\t\t\t\t\t\t\t\t<p>Der Stadtteil Belle-Terre, der in drei Phasen bis 2035 realisiert werden soll, wird seine zweite Phase im Jahr 2027 abschlie\u00dfen. Belle-Terre ist ein wichtiger Pfeiler der Genfer Stadtentwicklung und wird das Gesicht von Th\u00f4nex ver\u00e4ndern. <strong>Mit 2.670 neuen Wohnungen, die bis 2035<\/strong> gebaut werden sollen, um dem Immobiliennotstand zu begegnen, wird dieser geplante Stadtteil rund 6.000 Neuank\u00f6mmlinge aufnehmen. Eine gro\u00dfe Ver\u00e4nderung, da sie 40% der Einwohner der Gemeinde ausmachen werden.  <\/p>\t\t\t\t\t\t\t\t<\/div>\n\t\t\t\t<div class=\"elementor-element elementor-element-9786ed3 elementor-widget elementor-widget-text-editor\" data-id=\"9786ed3\" data-element_type=\"widget\" data-widget_type=\"text-editor.default\">\n\t\t\t\t\t\t\t\t\t<p><strong><a href=\"https:\/\/batima.ch\/de\/vermaechtnis\/laufende-projekte\/belleterre-phase-2-2027\/\">&gt;  Entdecken Sie Belle-Terre Phase 2 2027<\/a><\/strong><\/p>\t\t\t\t\t\t\t\t<\/div>\n\t\t\t\t<\/div>\n\t\t<div class=\"elementor-element elementor-element-559d138 e-con-full e-flex e-con e-child\" data-id=\"559d138\" data-element_type=\"container\">\n\t\t\t\t<div class=\"elementor-element elementor-element-78db408 elementor-invisible elementor-widget elementor-widget-image\" data-id=\"78db408\" data-element_type=\"widget\" data-settings=\"{&quot;_animation&quot;:&quot;fadeInRight&quot;}\" data-widget_type=\"image.default\">\n\t\t\t\t\t\t\t\t\t\t\t\t\t\t\t<img loading=\"lazy\" decoding=\"async\" width=\"725\" height=\"1024\" src=\"https:\/\/batima.ch\/wp-content\/uploads\/2026\/02\/legacy-725x1024.png\" class=\"attachment-large size-large wp-image-2173\" alt=\"\" srcset=\"https:\/\/batima.ch\/wp-content\/uploads\/2026\/02\/legacy-725x1024.png 725w, https:\/\/batima.ch\/wp-content\/uploads\/2026\/02\/legacy-212x300.png 212w, https:\/\/batima.ch\/wp-content\/uploads\/2026\/02\/legacy-768x1085.png 768w, https:\/\/batima.ch\/wp-content\/uploads\/2026\/02\/legacy-1087x1536.png 1087w, https:\/\/batima.ch\/wp-content\/uploads\/2026\/02\/legacy-1450x2048.png 1450w, https:\/\/batima.ch\/wp-content\/uploads\/2026\/02\/legacy.png 1584w\" sizes=\"auto, (max-width: 725px) 100vw, 725px\" \/>\t\t\t\t\t\t\t\t\t\t\t\t\t\t\t<\/div>\n\t\t\t\t<\/div>\n\t\t\t\t\t<\/div>\n\t\t\t\t<\/div>\n\t\t\t\t<\/div>\n\t\t","protected":false},"excerpt":{"rendered":"<p>LAUFENDE PROJEKTE Belle-Terre Phase 1 In Th\u00f4nex im l\u00e4ndlichen Genf wurde die erste Phase des Stadtviertels Belle-Terre von vier Architekturb\u00fcros gemeinsam und harmonisch entworfen und realisiert, die alle unter einem Dach zusammenarbeiten. Der Stadtteil Belle-Terre, der in drei Phasen bis 2035 realisiert werden soll, wurde k\u00fcrzlich \u00fcbergeben und in Betrieb genommen. Die erste Phase wurde [&hellip;]<\/p>\n","protected":false},"author":1,"featured_media":0,"parent":2260,"menu_order":0,"comment_status":"closed","ping_status":"closed","template":"","meta":{"footnotes":""},"class_list":["post-2169","page","type-page","status-publish","hentry"],"yoast_head":"<!-- This site is optimized with the Yoast SEO plugin v27.4 - https:\/\/yoast.com\/product\/yoast-seo-wordpress\/ -->\n<title>LAUFENDE PROJEKTE - batima.ch<\/title>\n<meta name=\"robots\" content=\"index, follow, max-snippet:-1, max-image-preview:large, max-video-preview:-1\" \/>\n<link rel=\"canonical\" href=\"https:\/\/batima.ch\/de\/vermaechtnis\/laufende-projekte\/\" \/>\n<meta property=\"og:locale\" content=\"de_DE\" \/>\n<meta property=\"og:type\" content=\"article\" \/>\n<meta property=\"og:title\" content=\"LAUFENDE PROJEKTE - batima.ch\" \/>\n<meta property=\"og:description\" content=\"LAUFENDE PROJEKTE Belle-Terre Phase 1 In Th\u00f4nex im l\u00e4ndlichen Genf wurde die erste Phase des Stadtviertels Belle-Terre von vier Architekturb\u00fcros gemeinsam und harmonisch entworfen und realisiert, die alle unter einem Dach zusammenarbeiten. Der Stadtteil Belle-Terre, der in drei Phasen bis 2035 realisiert werden soll, wurde k\u00fcrzlich \u00fcbergeben und in Betrieb genommen. Die erste Phase wurde [&hellip;]\" \/>\n<meta property=\"og:url\" content=\"https:\/\/batima.ch\/de\/vermaechtnis\/laufende-projekte\/\" \/>\n<meta property=\"og:site_name\" content=\"batima.ch\" \/>\n<meta property=\"article:modified_time\" content=\"2026-04-12T10:23:10+00:00\" \/>\n<meta property=\"og:image\" content=\"https:\/\/batima.ch\/wp-content\/uploads\/2025\/11\/lin2@250x-100.jpg\" \/>\n<meta name=\"twitter:card\" content=\"summary_large_image\" \/>\n<meta name=\"twitter:label1\" content=\"Gesch\u00e4tzte Lesezeit\" \/>\n\t<meta name=\"twitter:data1\" content=\"1\u00a0Minute\" \/>\n<script type=\"application\/ld+json\" class=\"yoast-schema-graph\">{\"@context\":\"https:\\\/\\\/schema.org\",\"@graph\":[{\"@type\":\"WebPage\",\"@id\":\"https:\\\/\\\/batima.ch\\\/de\\\/vermaechtnis\\\/laufende-projekte\\\/\",\"url\":\"https:\\\/\\\/batima.ch\\\/de\\\/vermaechtnis\\\/laufende-projekte\\\/\",\"name\":\"LAUFENDE PROJEKTE - batima.ch\",\"isPartOf\":{\"@id\":\"https:\\\/\\\/batima.ch\\\/de\\\/#website\"},\"primaryImageOfPage\":{\"@id\":\"https:\\\/\\\/batima.ch\\\/de\\\/vermaechtnis\\\/laufende-projekte\\\/#primaryimage\"},\"image\":{\"@id\":\"https:\\\/\\\/batima.ch\\\/de\\\/vermaechtnis\\\/laufende-projekte\\\/#primaryimage\"},\"thumbnailUrl\":\"https:\\\/\\\/batima.ch\\\/wp-content\\\/uploads\\\/2025\\\/11\\\/lin2@250x-100.jpg\",\"datePublished\":\"2025-12-10T13:20:18+00:00\",\"dateModified\":\"2026-04-12T10:23:10+00:00\",\"breadcrumb\":{\"@id\":\"https:\\\/\\\/batima.ch\\\/de\\\/vermaechtnis\\\/laufende-projekte\\\/#breadcrumb\"},\"inLanguage\":\"de\",\"potentialAction\":[{\"@type\":\"ReadAction\",\"target\":[\"https:\\\/\\\/batima.ch\\\/de\\\/vermaechtnis\\\/laufende-projekte\\\/\"]}]},{\"@type\":\"ImageObject\",\"inLanguage\":\"de\",\"@id\":\"https:\\\/\\\/batima.ch\\\/de\\\/vermaechtnis\\\/laufende-projekte\\\/#primaryimage\",\"url\":\"https:\\\/\\\/batima.ch\\\/wp-content\\\/uploads\\\/2025\\\/11\\\/lin2@250x-100.jpg\",\"contentUrl\":\"https:\\\/\\\/batima.ch\\\/wp-content\\\/uploads\\\/2025\\\/11\\\/lin2@250x-100.jpg\"},{\"@type\":\"BreadcrumbList\",\"@id\":\"https:\\\/\\\/batima.ch\\\/de\\\/vermaechtnis\\\/laufende-projekte\\\/#breadcrumb\",\"itemListElement\":[{\"@type\":\"ListItem\",\"position\":1,\"name\":\"Home\",\"item\":\"https:\\\/\\\/batima.ch\\\/de\\\/home\\\/\"},{\"@type\":\"ListItem\",\"position\":2,\"name\":\"VERM\u00c4CHTNIS\",\"item\":\"https:\\\/\\\/batima.ch\\\/de\\\/legacy\\\/\"},{\"@type\":\"ListItem\",\"position\":3,\"name\":\"LAUFENDE PROJEKTE\"}]},{\"@type\":\"WebSite\",\"@id\":\"https:\\\/\\\/batima.ch\\\/de\\\/#website\",\"url\":\"https:\\\/\\\/batima.ch\\\/de\\\/\",\"name\":\"batima.ch\",\"description\":\"\",\"publisher\":{\"@id\":\"https:\\\/\\\/batima.ch\\\/de\\\/#organization\"},\"potentialAction\":[{\"@type\":\"SearchAction\",\"target\":{\"@type\":\"EntryPoint\",\"urlTemplate\":\"https:\\\/\\\/batima.ch\\\/de\\\/?s={search_term_string}\"},\"query-input\":{\"@type\":\"PropertyValueSpecification\",\"valueRequired\":true,\"valueName\":\"search_term_string\"}}],\"inLanguage\":\"de\"},{\"@type\":\"Organization\",\"@id\":\"https:\\\/\\\/batima.ch\\\/de\\\/#organization\",\"name\":\"Batima S.A\",\"url\":\"https:\\\/\\\/batima.ch\\\/de\\\/\",\"logo\":{\"@type\":\"ImageObject\",\"inLanguage\":\"de\",\"@id\":\"https:\\\/\\\/batima.ch\\\/de\\\/#\\\/schema\\\/logo\\\/image\\\/\",\"url\":\"https:\\\/\\\/batima.ch\\\/wp-content\\\/uploads\\\/2025\\\/11\\\/Asset-22.svg\",\"contentUrl\":\"https:\\\/\\\/batima.ch\\\/wp-content\\\/uploads\\\/2025\\\/11\\\/Asset-22.svg\",\"width\":733,\"height\":185,\"caption\":\"Batima S.A\"},\"image\":{\"@id\":\"https:\\\/\\\/batima.ch\\\/de\\\/#\\\/schema\\\/logo\\\/image\\\/\"},\"sameAs\":[\"https:\\\/\\\/www.instagram.com\\\/groupebatima\\\/\"]}]}<\/script>\n<!-- \/ Yoast SEO plugin. -->","yoast_head_json":{"title":"LAUFENDE PROJEKTE - batima.ch","robots":{"index":"index","follow":"follow","max-snippet":"max-snippet:-1","max-image-preview":"max-image-preview:large","max-video-preview":"max-video-preview:-1"},"canonical":"https:\/\/batima.ch\/de\/vermaechtnis\/laufende-projekte\/","og_locale":"de_DE","og_type":"article","og_title":"LAUFENDE PROJEKTE - batima.ch","og_description":"LAUFENDE PROJEKTE Belle-Terre Phase 1 In Th\u00f4nex im l\u00e4ndlichen Genf wurde die erste Phase des Stadtviertels Belle-Terre von vier Architekturb\u00fcros gemeinsam und harmonisch entworfen und realisiert, die alle unter einem Dach zusammenarbeiten. Der Stadtteil Belle-Terre, der in drei Phasen bis 2035 realisiert werden soll, wurde k\u00fcrzlich \u00fcbergeben und in Betrieb genommen. Die erste Phase wurde [&hellip;]","og_url":"https:\/\/batima.ch\/de\/vermaechtnis\/laufende-projekte\/","og_site_name":"batima.ch","article_modified_time":"2026-04-12T10:23:10+00:00","og_image":[{"url":"https:\/\/batima.ch\/wp-content\/uploads\/2025\/11\/lin2@250x-100.jpg","type":"","width":"","height":""}],"twitter_card":"summary_large_image","twitter_misc":{"Gesch\u00e4tzte Lesezeit":"1\u00a0Minute"},"schema":{"@context":"https:\/\/schema.org","@graph":[{"@type":"WebPage","@id":"https:\/\/batima.ch\/de\/vermaechtnis\/laufende-projekte\/","url":"https:\/\/batima.ch\/de\/vermaechtnis\/laufende-projekte\/","name":"LAUFENDE PROJEKTE - batima.ch","isPartOf":{"@id":"https:\/\/batima.ch\/de\/#website"},"primaryImageOfPage":{"@id":"https:\/\/batima.ch\/de\/vermaechtnis\/laufende-projekte\/#primaryimage"},"image":{"@id":"https:\/\/batima.ch\/de\/vermaechtnis\/laufende-projekte\/#primaryimage"},"thumbnailUrl":"https:\/\/batima.ch\/wp-content\/uploads\/2025\/11\/lin2@250x-100.jpg","datePublished":"2025-12-10T13:20:18+00:00","dateModified":"2026-04-12T10:23:10+00:00","breadcrumb":{"@id":"https:\/\/batima.ch\/de\/vermaechtnis\/laufende-projekte\/#breadcrumb"},"inLanguage":"de","potentialAction":[{"@type":"ReadAction","target":["https:\/\/batima.ch\/de\/vermaechtnis\/laufende-projekte\/"]}]},{"@type":"ImageObject","inLanguage":"de","@id":"https:\/\/batima.ch\/de\/vermaechtnis\/laufende-projekte\/#primaryimage","url":"https:\/\/batima.ch\/wp-content\/uploads\/2025\/11\/lin2@250x-100.jpg","contentUrl":"https:\/\/batima.ch\/wp-content\/uploads\/2025\/11\/lin2@250x-100.jpg"},{"@type":"BreadcrumbList","@id":"https:\/\/batima.ch\/de\/vermaechtnis\/laufende-projekte\/#breadcrumb","itemListElement":[{"@type":"ListItem","position":1,"name":"Home","item":"https:\/\/batima.ch\/de\/home\/"},{"@type":"ListItem","position":2,"name":"VERM\u00c4CHTNIS","item":"https:\/\/batima.ch\/de\/legacy\/"},{"@type":"ListItem","position":3,"name":"LAUFENDE PROJEKTE"}]},{"@type":"WebSite","@id":"https:\/\/batima.ch\/de\/#website","url":"https:\/\/batima.ch\/de\/","name":"batima.ch","description":"","publisher":{"@id":"https:\/\/batima.ch\/de\/#organization"},"potentialAction":[{"@type":"SearchAction","target":{"@type":"EntryPoint","urlTemplate":"https:\/\/batima.ch\/de\/?s={search_term_string}"},"query-input":{"@type":"PropertyValueSpecification","valueRequired":true,"valueName":"search_term_string"}}],"inLanguage":"de"},{"@type":"Organization","@id":"https:\/\/batima.ch\/de\/#organization","name":"Batima S.A","url":"https:\/\/batima.ch\/de\/","logo":{"@type":"ImageObject","inLanguage":"de","@id":"https:\/\/batima.ch\/de\/#\/schema\/logo\/image\/","url":"https:\/\/batima.ch\/wp-content\/uploads\/2025\/11\/Asset-22.svg","contentUrl":"https:\/\/batima.ch\/wp-content\/uploads\/2025\/11\/Asset-22.svg","width":733,"height":185,"caption":"Batima S.A"},"image":{"@id":"https:\/\/batima.ch\/de\/#\/schema\/logo\/image\/"},"sameAs":["https:\/\/www.instagram.com\/groupebatima\/"]}]}},"_links":{"self":[{"href":"https:\/\/batima.ch\/de\/wp-json\/wp\/v2\/pages\/2169","targetHints":{"allow":["GET"]}}],"collection":[{"href":"https:\/\/batima.ch\/de\/wp-json\/wp\/v2\/pages"}],"about":[{"href":"https:\/\/batima.ch\/de\/wp-json\/wp\/v2\/types\/page"}],"author":[{"embeddable":true,"href":"https:\/\/batima.ch\/de\/wp-json\/wp\/v2\/users\/1"}],"replies":[{"embeddable":true,"href":"https:\/\/batima.ch\/de\/wp-json\/wp\/v2\/comments?post=2169"}],"version-history":[{"count":5,"href":"https:\/\/batima.ch\/de\/wp-json\/wp\/v2\/pages\/2169\/revisions"}],"predecessor-version":[{"id":3669,"href":"https:\/\/batima.ch\/de\/wp-json\/wp\/v2\/pages\/2169\/revisions\/3669"}],"up":[{"embeddable":true,"href":"https:\/\/batima.ch\/de\/wp-json\/wp\/v2\/pages\/2260"}],"wp:attachment":[{"href":"https:\/\/batima.ch\/de\/wp-json\/wp\/v2\/media?parent=2169"}],"curies":[{"name":"wp","href":"https:\/\/api.w.org\/{rel}","templated":true}]}}