{"id":2142,"date":"2025-12-10T13:11:41","date_gmt":"2025-12-10T13:11:41","guid":{"rendered":"https:\/\/dev.batima.ch\/unsere-realisierungen\/119-oberkampf\/"},"modified":"2026-04-12T11:42:07","modified_gmt":"2026-04-12T11:42:07","slug":"119-oberkampf","status":"publish","type":"page","link":"https:\/\/batima.ch\/de\/vermaechtnis\/unsere-realisierungen\/119-oberkampf\/","title":{"rendered":"119 OBERKAMPF"},"content":{"rendered":"\t\t<div data-elementor-type=\"wp-page\" data-elementor-id=\"2142\" class=\"elementor elementor-2142 elementor-341\" data-elementor-post-type=\"page\">\n\t\t\t\t<div class=\"elementor-element elementor-element-93fb0c4 e-flex e-con-boxed e-con e-parent\" data-id=\"93fb0c4\" data-element_type=\"container\" data-settings=\"{&quot;background_background&quot;:&quot;classic&quot;}\">\n\t\t\t\t\t<div class=\"e-con-inner\">\n\t\t<div class=\"elementor-element elementor-element-9d6cbd3 e-con-full e-flex e-con e-child\" data-id=\"9d6cbd3\" data-element_type=\"container\">\n\t\t\t\t<div class=\"elementor-element elementor-element-7bb996e elementor-invisible elementor-widget elementor-widget-heading\" data-id=\"7bb996e\" data-element_type=\"widget\" data-settings=\"{&quot;_animation&quot;:&quot;fadeInLeft&quot;}\" data-widget_type=\"heading.default\">\n\t\t\t\t\t<h2 class=\"elementor-heading-title elementor-size-default\">119 OBERKAMPF<\/h2>\t\t\t\t<\/div>\n\t\t\t\t<div class=\"elementor-element elementor-element-98544ef elementor-invisible elementor-widget elementor-widget-text-editor\" data-id=\"98544ef\" data-element_type=\"widget\" data-settings=\"{&quot;_animation&quot;:&quot;fadeInLeft&quot;}\" data-widget_type=\"text-editor.default\">\n\t\t\t\t\t\t\t\t\t<p><strong>Die Rue Oberkampf 119 ist eine Hommage an die handwerkliche und industrielle Vergangenheit<\/strong> dieses historischen Pariser Viertels und steht gleichzeitig im Zeichen der Modernit\u00e4t des jungen und kosmopolitischen 11.<\/p><p>Das sechsst\u00f6ckige Geb\u00e4ude an der Stra\u00dfe zeichnet sich durch seine Art-Deco-Fassade und die Stahlfenster im Industriestil aus und bietet eine Vielzahl an modernen Lofts.<\/p><p>Im Innenhof befinden sich zwei Stadth\u00e4user mit G\u00e4rten und Holzverkleidung, die Wohnungen bieten, die von der Hektik der Stadt abgeschirmt sind.<\/p>\t\t\t\t\t\t\t\t<\/div>\n\t\t\t\t<\/div>\n\t\t<div class=\"elementor-element elementor-element-4cf0a75 e-con-full e-flex elementor-invisible e-con e-child\" data-id=\"4cf0a75\" data-element_type=\"container\" data-settings=\"{&quot;background_background&quot;:&quot;classic&quot;,&quot;animation&quot;:&quot;fadeInRight&quot;}\">\n\t\t\t\t<\/div>\n\t\t\t\t\t<\/div>\n\t\t\t\t<\/div>\n\t\t<div class=\"elementor-element elementor-element-64c8007 e-flex e-con-boxed e-con e-parent\" data-id=\"64c8007\" data-element_type=\"container\" data-settings=\"{&quot;background_background&quot;:&quot;classic&quot;,&quot;animation&quot;:&quot;none&quot;}\">\n\t\t\t\t\t<div class=\"e-con-inner\">\n\t\t<div class=\"elementor-element elementor-element-9c9d0a2 e-con-full e-flex elementor-invisible e-con e-child\" data-id=\"9c9d0a2\" data-element_type=\"container\" data-settings=\"{&quot;background_background&quot;:&quot;classic&quot;,&quot;animation&quot;:&quot;fadeInLeft&quot;}\">\n\t\t\t\t<\/div>\n\t\t<div class=\"elementor-element elementor-element-776aa71 e-con-full e-flex e-con e-child\" data-id=\"776aa71\" data-element_type=\"container\">\n\t\t<div class=\"elementor-element elementor-element-b697cab e-con-full e-flex e-con e-child\" data-id=\"b697cab\" data-element_type=\"container\">\n\t\t\t\t<div class=\"elementor-element elementor-element-b1662ae elementor-invisible elementor-widget elementor-widget-image\" data-id=\"b1662ae\" data-element_type=\"widget\" data-settings=\"{&quot;_animation&quot;:&quot;fadeInUp&quot;}\" data-widget_type=\"image.default\">\n\t\t\t\t\t\t\t\t\t\t\t\t\t\t\t<img loading=\"lazy\" decoding=\"async\" width=\"1707\" height=\"2560\" src=\"https:\/\/batima.ch\/wp-content\/uploads\/2026\/02\/MG_9644-scaled.jpg\" class=\"attachment-full size-full wp-image-2143\" alt=\"\" srcset=\"https:\/\/batima.ch\/wp-content\/uploads\/2026\/02\/MG_9644-scaled.jpg 1707w, https:\/\/batima.ch\/wp-content\/uploads\/2026\/02\/MG_9644-200x300.jpg 200w, https:\/\/batima.ch\/wp-content\/uploads\/2026\/02\/MG_9644-683x1024.jpg 683w, https:\/\/batima.ch\/wp-content\/uploads\/2026\/02\/MG_9644-768x1152.jpg 768w, https:\/\/batima.ch\/wp-content\/uploads\/2026\/02\/MG_9644-1024x1536.jpg 1024w, https:\/\/batima.ch\/wp-content\/uploads\/2026\/02\/MG_9644-1365x2048.jpg 1365w\" sizes=\"auto, (max-width: 1707px) 100vw, 1707px\" \/>\t\t\t\t\t\t\t\t\t\t\t\t\t\t\t<\/div>\n\t\t\t\t<\/div>\n\t\t<div class=\"elementor-element elementor-element-7bd3f0f e-con-full e-flex e-con e-child\" data-id=\"7bd3f0f\" data-element_type=\"container\">\n\t\t\t\t<div class=\"elementor-element elementor-element-b06262f eael_vto-vertical-rl elementor-invisible elementor-widget elementor-widget-heading\" data-id=\"b06262f\" data-element_type=\"widget\" data-settings=\"{&quot;_animation&quot;:&quot;fadeInUp&quot;}\" data-widget_type=\"heading.default\">\n\t\t\t\t\t<h2 class=\"elementor-heading-title elementor-size-default\">HANDWERKLICH <br>INDUSTRIELL<\/h2>\t\t\t\t<\/div>\n\t\t\t\t<\/div>\n\t\t\t\t<\/div>\n\t\t\t\t\t<\/div>\n\t\t\t\t<\/div>\n\t\t<div class=\"elementor-element elementor-element-09956a1 e-flex e-con-boxed e-con e-parent\" data-id=\"09956a1\" data-element_type=\"container\" data-settings=\"{&quot;background_background&quot;:&quot;classic&quot;}\">\n\t\t\t\t\t<div class=\"e-con-inner\">\n\t\t<div class=\"elementor-element elementor-element-6f836a0 e-con-full e-flex e-con e-child\" data-id=\"6f836a0\" data-element_type=\"container\" data-settings=\"{&quot;background_background&quot;:&quot;classic&quot;}\">\n\t\t\t\t<\/div>\n\t\t<div class=\"elementor-element elementor-element-c883f95 e-con-full e-flex e-con e-child\" data-id=\"c883f95\" data-element_type=\"container\">\n\t\t<div class=\"elementor-element elementor-element-a89d7e1 e-con-full e-flex e-con e-child\" data-id=\"a89d7e1\" data-element_type=\"container\">\n\t\t\t\t<\/div>\n\t\t<div class=\"elementor-element elementor-element-8ebe35d e-con-full e-flex e-con e-child\" data-id=\"8ebe35d\" data-element_type=\"container\">\n\t\t\t\t<div class=\"elementor-element elementor-element-2e6c1e1 elementor-invisible elementor-widget elementor-widget-image\" data-id=\"2e6c1e1\" data-element_type=\"widget\" data-settings=\"{&quot;_animation&quot;:&quot;fadeInRight&quot;}\" data-widget_type=\"image.default\">\n\t\t\t\t\t\t\t\t\t\t\t\t\t\t\t<img loading=\"lazy\" decoding=\"async\" width=\"1707\" height=\"2560\" src=\"https:\/\/batima.ch\/wp-content\/uploads\/2026\/02\/MG_9677-scaled.jpg\" class=\"attachment-full size-full wp-image-2144\" alt=\"\" srcset=\"https:\/\/batima.ch\/wp-content\/uploads\/2026\/02\/MG_9677-scaled.jpg 1707w, https:\/\/batima.ch\/wp-content\/uploads\/2026\/02\/MG_9677-200x300.jpg 200w, https:\/\/batima.ch\/wp-content\/uploads\/2026\/02\/MG_9677-683x1024.jpg 683w, https:\/\/batima.ch\/wp-content\/uploads\/2026\/02\/MG_9677-768x1152.jpg 768w, https:\/\/batima.ch\/wp-content\/uploads\/2026\/02\/MG_9677-1024x1536.jpg 1024w, https:\/\/batima.ch\/wp-content\/uploads\/2026\/02\/MG_9677-1365x2048.jpg 1365w\" sizes=\"auto, (max-width: 1707px) 100vw, 1707px\" \/>\t\t\t\t\t\t\t\t\t\t\t\t\t\t\t<\/div>\n\t\t\t\t<\/div>\n\t\t\t\t<\/div>\n\t\t\t\t\t<\/div>\n\t\t\t\t<\/div>\n\t\t<div class=\"elementor-element elementor-element-069bb4d e-flex e-con-boxed e-con e-parent\" data-id=\"069bb4d\" data-element_type=\"container\" data-settings=\"{&quot;background_background&quot;:&quot;classic&quot;}\">\n\t\t\t\t\t<div class=\"e-con-inner\">\n\t\t<div class=\"elementor-element elementor-element-e36ccef e-con-full e-flex e-con e-child\" data-id=\"e36ccef\" data-element_type=\"container\" data-settings=\"{&quot;background_background&quot;:&quot;classic&quot;}\">\n\t\t\t\t<div class=\"elementor-element elementor-element-770fb66 gallery-spacing-custom elementor-invisible elementor-widget elementor-widget-image-gallery\" data-id=\"770fb66\" data-element_type=\"widget\" data-settings=\"{&quot;_animation&quot;:&quot;fadeInLeft&quot;}\" data-widget_type=\"image-gallery.default\">\n\t\t\t\t\t\t\t<div class=\"elementor-image-gallery\">\n\t\t\t<div id='gallery-1' class='gallery galleryid-2142 gallery-columns-2 gallery-size-full'><figure class='gallery-item'>\n\t\t\t<div class='gallery-icon portrait'>\n\t\t\t\t<a data-elementor-open-lightbox=\"yes\" data-elementor-lightbox-slideshow=\"770fb66\" data-elementor-lightbox-title=\"_MG_9713\" data-e-action-hash=\"#elementor-action%3Aaction%3Dlightbox%26settings%3DeyJpZCI6MjE0NSwidXJsIjoiaHR0cHM6XC9cL2JhdGltYS5jaFwvd3AtY29udGVudFwvdXBsb2Fkc1wvMjAyNlwvMDJcL01HXzk3MTMtc2NhbGVkLmpwZyIsInNsaWRlc2hvdyI6Ijc3MGZiNjYifQ%3D%3D\" href='https:\/\/batima.ch\/wp-content\/uploads\/2026\/02\/MG_9713-scaled.jpg'><img loading=\"lazy\" width=\"1707\" height=\"2560\" src=\"https:\/\/batima.ch\/wp-content\/uploads\/2026\/02\/MG_9713-scaled.jpg\" class=\"attachment-full size-full\" alt=\"\" decoding=\"async\" srcset=\"https:\/\/batima.ch\/wp-content\/uploads\/2026\/02\/MG_9713-scaled.jpg 1707w, https:\/\/batima.ch\/wp-content\/uploads\/2026\/02\/MG_9713-200x300.jpg 200w, https:\/\/batima.ch\/wp-content\/uploads\/2026\/02\/MG_9713-683x1024.jpg 683w, https:\/\/batima.ch\/wp-content\/uploads\/2026\/02\/MG_9713-768x1152.jpg 768w, https:\/\/batima.ch\/wp-content\/uploads\/2026\/02\/MG_9713-1024x1536.jpg 1024w, https:\/\/batima.ch\/wp-content\/uploads\/2026\/02\/MG_9713-1365x2048.jpg 1365w\" sizes=\"auto, (max-width: 1707px) 100vw, 1707px\" \/><\/a>\n\t\t\t<\/div><\/figure><figure class='gallery-item'>\n\t\t\t<div class='gallery-icon portrait'>\n\t\t\t\t<a data-elementor-open-lightbox=\"yes\" data-elementor-lightbox-slideshow=\"770fb66\" data-elementor-lightbox-title=\"_MG_9569\" data-e-action-hash=\"#elementor-action%3Aaction%3Dlightbox%26settings%3DeyJpZCI6MjA3MSwidXJsIjoiaHR0cHM6XC9cL2JhdGltYS5jaFwvd3AtY29udGVudFwvdXBsb2Fkc1wvMjAyNlwvMDJcL01HXzk1Njktc2NhbGVkLmpwZyIsInNsaWRlc2hvdyI6Ijc3MGZiNjYifQ%3D%3D\" href='https:\/\/batima.ch\/wp-content\/uploads\/2026\/02\/MG_9569-scaled.jpg'><img width=\"1707\" height=\"2560\" src=\"https:\/\/batima.ch\/wp-content\/uploads\/2026\/02\/MG_9569-scaled.jpg\" class=\"attachment-full size-full\" alt=\"\" decoding=\"async\" loading=\"lazy\" srcset=\"https:\/\/batima.ch\/wp-content\/uploads\/2026\/02\/MG_9569-scaled.jpg 1707w, https:\/\/batima.ch\/wp-content\/uploads\/2026\/02\/MG_9569-200x300.jpg 200w, https:\/\/batima.ch\/wp-content\/uploads\/2026\/02\/MG_9569-683x1024.jpg 683w, https:\/\/batima.ch\/wp-content\/uploads\/2026\/02\/MG_9569-768x1152.jpg 768w, https:\/\/batima.ch\/wp-content\/uploads\/2026\/02\/MG_9569-1024x1536.jpg 1024w, https:\/\/batima.ch\/wp-content\/uploads\/2026\/02\/MG_9569-1365x2048.jpg 1365w\" sizes=\"auto, (max-width: 1707px) 100vw, 1707px\" \/><\/a>\n\t\t\t<\/div><\/figure>\n\t\t<\/div>\n\t\t<\/div>\n\t\t\t\t\t\t<\/div>\n\t\t\t\t<\/div>\n\t\t<div class=\"elementor-element elementor-element-3a9e4ac e-con-full e-flex e-con e-child\" data-id=\"3a9e4ac\" data-element_type=\"container\">\n\t\t\t\t<div class=\"elementor-element elementor-element-5a42734 elementor-invisible elementor-widget elementor-widget-text-editor\" data-id=\"5a42734\" data-element_type=\"widget\" data-settings=\"{&quot;_animation&quot;:&quot;fadeInRight&quot;}\" data-widget_type=\"text-editor.default\">\n\t\t\t\t\t\t\t\t\t<p><strong>Oberkampf, ein kosmopolitisches Viertel<\/strong> mit einer Mischung aus industriellen Lofts, unabh\u00e4ngigen Gesch\u00e4ften und versteckten Handwerksst\u00e4dten.<\/p>\t\t\t\t\t\t\t\t<\/div>\n\t\t\t\t<\/div>\n\t\t\t\t\t<\/div>\n\t\t\t\t<\/div>\n\t\t<div class=\"elementor-element elementor-element-70b6615 e-flex e-con-boxed e-con e-parent\" data-id=\"70b6615\" data-element_type=\"container\">\n\t\t\t\t\t<div class=\"e-con-inner\">\n\t\t\t\t<div class=\"elementor-element elementor-element-2d1e0ad elementor-invisible elementor-widget elementor-widget-text-editor\" data-id=\"2d1e0ad\" data-element_type=\"widget\" data-settings=\"{&quot;_animation&quot;:&quot;fadeInRight&quot;}\" data-widget_type=\"text-editor.default\">\n\t\t\t\t\t\t\t\t\t<p><a href=\"https:\/\/batima.ch\/de\/vermaechtnis\/unsere-realisierungen\/\"><strong>&gt;  Entdecken Sie unsere anderen Realisierungen<\/strong><\/a><\/p>\t\t\t\t\t\t\t\t<\/div>\n\t\t\t\t\t<\/div>\n\t\t\t\t<\/div>\n\t\t\t\t<\/div>\n\t\t","protected":false},"excerpt":{"rendered":"<p>119 OBERKAMPF Die Rue Oberkampf 119 ist eine Hommage an die handwerkliche und industrielle Vergangenheit dieses historischen Pariser Viertels und steht gleichzeitig im Zeichen der Modernit\u00e4t des jungen und kosmopolitischen 11. Das sechsst\u00f6ckige Geb\u00e4ude an der Stra\u00dfe zeichnet sich durch seine Art-Deco-Fassade und die Stahlfenster im Industriestil aus und bietet eine Vielzahl an modernen Lofts. [&hellip;]<\/p>\n","protected":false},"author":1,"featured_media":0,"parent":2058,"menu_order":0,"comment_status":"closed","ping_status":"closed","template":"","meta":{"footnotes":""},"class_list":["post-2142","page","type-page","status-publish","hentry"],"yoast_head":"<!-- This site is optimized with the Yoast SEO plugin v27.4 - https:\/\/yoast.com\/product\/yoast-seo-wordpress\/ -->\n<title>119 OBERKAMPF - batima.ch<\/title>\n<meta name=\"robots\" content=\"index, follow, max-snippet:-1, max-image-preview:large, max-video-preview:-1\" \/>\n<link rel=\"canonical\" href=\"https:\/\/batima.ch\/de\/vermaechtnis\/unsere-realisierungen\/119-oberkampf\/\" \/>\n<meta property=\"og:locale\" content=\"de_DE\" \/>\n<meta property=\"og:type\" content=\"article\" \/>\n<meta property=\"og:title\" content=\"119 OBERKAMPF - batima.ch\" \/>\n<meta property=\"og:description\" content=\"119 OBERKAMPF Die Rue Oberkampf 119 ist eine Hommage an die handwerkliche und industrielle Vergangenheit dieses historischen Pariser Viertels und steht gleichzeitig im Zeichen der Modernit\u00e4t des jungen und kosmopolitischen 11. Das sechsst\u00f6ckige Geb\u00e4ude an der Stra\u00dfe zeichnet sich durch seine Art-Deco-Fassade und die Stahlfenster im Industriestil aus und bietet eine Vielzahl an modernen Lofts. [&hellip;]\" \/>\n<meta property=\"og:url\" content=\"https:\/\/batima.ch\/de\/vermaechtnis\/unsere-realisierungen\/119-oberkampf\/\" \/>\n<meta property=\"og:site_name\" content=\"batima.ch\" \/>\n<meta property=\"article:modified_time\" content=\"2026-04-12T11:42:07+00:00\" \/>\n<meta property=\"og:image\" content=\"https:\/\/batima.ch\/wp-content\/uploads\/2026\/02\/MG_9644-scaled.jpg\" \/>\n\t<meta property=\"og:image:width\" content=\"1707\" \/>\n\t<meta property=\"og:image:height\" content=\"2560\" \/>\n\t<meta property=\"og:image:type\" content=\"image\/jpeg\" \/>\n<meta name=\"twitter:card\" content=\"summary_large_image\" \/>\n<meta name=\"twitter:label1\" content=\"Gesch\u00e4tzte Lesezeit\" \/>\n\t<meta name=\"twitter:data1\" content=\"1\u00a0Minute\" \/>\n<script type=\"application\/ld+json\" class=\"yoast-schema-graph\">{\"@context\":\"https:\\\/\\\/schema.org\",\"@graph\":[{\"@type\":\"WebPage\",\"@id\":\"https:\\\/\\\/batima.ch\\\/de\\\/vermaechtnis\\\/unsere-realisierungen\\\/119-oberkampf\\\/\",\"url\":\"https:\\\/\\\/batima.ch\\\/de\\\/vermaechtnis\\\/unsere-realisierungen\\\/119-oberkampf\\\/\",\"name\":\"119 OBERKAMPF - batima.ch\",\"isPartOf\":{\"@id\":\"https:\\\/\\\/batima.ch\\\/de\\\/#website\"},\"primaryImageOfPage\":{\"@id\":\"https:\\\/\\\/batima.ch\\\/de\\\/vermaechtnis\\\/unsere-realisierungen\\\/119-oberkampf\\\/#primaryimage\"},\"image\":{\"@id\":\"https:\\\/\\\/batima.ch\\\/de\\\/vermaechtnis\\\/unsere-realisierungen\\\/119-oberkampf\\\/#primaryimage\"},\"thumbnailUrl\":\"https:\\\/\\\/batima.ch\\\/wp-content\\\/uploads\\\/2026\\\/02\\\/MG_9644-scaled.jpg\",\"datePublished\":\"2025-12-10T13:11:41+00:00\",\"dateModified\":\"2026-04-12T11:42:07+00:00\",\"breadcrumb\":{\"@id\":\"https:\\\/\\\/batima.ch\\\/de\\\/vermaechtnis\\\/unsere-realisierungen\\\/119-oberkampf\\\/#breadcrumb\"},\"inLanguage\":\"de\",\"potentialAction\":[{\"@type\":\"ReadAction\",\"target\":[\"https:\\\/\\\/batima.ch\\\/de\\\/vermaechtnis\\\/unsere-realisierungen\\\/119-oberkampf\\\/\"]}]},{\"@type\":\"ImageObject\",\"inLanguage\":\"de\",\"@id\":\"https:\\\/\\\/batima.ch\\\/de\\\/vermaechtnis\\\/unsere-realisierungen\\\/119-oberkampf\\\/#primaryimage\",\"url\":\"https:\\\/\\\/batima.ch\\\/wp-content\\\/uploads\\\/2026\\\/02\\\/MG_9644-scaled.jpg\",\"contentUrl\":\"https:\\\/\\\/batima.ch\\\/wp-content\\\/uploads\\\/2026\\\/02\\\/MG_9644-scaled.jpg\"},{\"@type\":\"BreadcrumbList\",\"@id\":\"https:\\\/\\\/batima.ch\\\/de\\\/vermaechtnis\\\/unsere-realisierungen\\\/119-oberkampf\\\/#breadcrumb\",\"itemListElement\":[{\"@type\":\"ListItem\",\"position\":1,\"name\":\"Home\",\"item\":\"https:\\\/\\\/batima.ch\\\/de\\\/home\\\/\"},{\"@type\":\"ListItem\",\"position\":2,\"name\":\"VERM\u00c4CHTNIS\",\"item\":\"https:\\\/\\\/batima.ch\\\/de\\\/legacy\\\/\"},{\"@type\":\"ListItem\",\"position\":3,\"name\":\"UNSERE REALISIERUNGEN\",\"item\":\"https:\\\/\\\/batima.ch\\\/de\\\/legacy\\\/nos-realisations\\\/\"},{\"@type\":\"ListItem\",\"position\":4,\"name\":\"119 OBERKAMPF\"}]},{\"@type\":\"WebSite\",\"@id\":\"https:\\\/\\\/batima.ch\\\/de\\\/#website\",\"url\":\"https:\\\/\\\/batima.ch\\\/de\\\/\",\"name\":\"batima.ch\",\"description\":\"\",\"publisher\":{\"@id\":\"https:\\\/\\\/batima.ch\\\/de\\\/#organization\"},\"potentialAction\":[{\"@type\":\"SearchAction\",\"target\":{\"@type\":\"EntryPoint\",\"urlTemplate\":\"https:\\\/\\\/batima.ch\\\/de\\\/?s={search_term_string}\"},\"query-input\":{\"@type\":\"PropertyValueSpecification\",\"valueRequired\":true,\"valueName\":\"search_term_string\"}}],\"inLanguage\":\"de\"},{\"@type\":\"Organization\",\"@id\":\"https:\\\/\\\/batima.ch\\\/de\\\/#organization\",\"name\":\"Batima S.A\",\"url\":\"https:\\\/\\\/batima.ch\\\/de\\\/\",\"logo\":{\"@type\":\"ImageObject\",\"inLanguage\":\"de\",\"@id\":\"https:\\\/\\\/batima.ch\\\/de\\\/#\\\/schema\\\/logo\\\/image\\\/\",\"url\":\"https:\\\/\\\/batima.ch\\\/wp-content\\\/uploads\\\/2025\\\/11\\\/Asset-22.svg\",\"contentUrl\":\"https:\\\/\\\/batima.ch\\\/wp-content\\\/uploads\\\/2025\\\/11\\\/Asset-22.svg\",\"width\":733,\"height\":185,\"caption\":\"Batima S.A\"},\"image\":{\"@id\":\"https:\\\/\\\/batima.ch\\\/de\\\/#\\\/schema\\\/logo\\\/image\\\/\"},\"sameAs\":[\"https:\\\/\\\/www.instagram.com\\\/groupebatima\\\/\"]}]}<\/script>\n<!-- \/ Yoast SEO plugin. -->","yoast_head_json":{"title":"119 OBERKAMPF - batima.ch","robots":{"index":"index","follow":"follow","max-snippet":"max-snippet:-1","max-image-preview":"max-image-preview:large","max-video-preview":"max-video-preview:-1"},"canonical":"https:\/\/batima.ch\/de\/vermaechtnis\/unsere-realisierungen\/119-oberkampf\/","og_locale":"de_DE","og_type":"article","og_title":"119 OBERKAMPF - batima.ch","og_description":"119 OBERKAMPF Die Rue Oberkampf 119 ist eine Hommage an die handwerkliche und industrielle Vergangenheit dieses historischen Pariser Viertels und steht gleichzeitig im Zeichen der Modernit\u00e4t des jungen und kosmopolitischen 11. Das sechsst\u00f6ckige Geb\u00e4ude an der Stra\u00dfe zeichnet sich durch seine Art-Deco-Fassade und die Stahlfenster im Industriestil aus und bietet eine Vielzahl an modernen Lofts. [&hellip;]","og_url":"https:\/\/batima.ch\/de\/vermaechtnis\/unsere-realisierungen\/119-oberkampf\/","og_site_name":"batima.ch","article_modified_time":"2026-04-12T11:42:07+00:00","og_image":[{"width":1707,"height":2560,"url":"https:\/\/batima.ch\/wp-content\/uploads\/2026\/02\/MG_9644-scaled.jpg","type":"image\/jpeg"}],"twitter_card":"summary_large_image","twitter_misc":{"Gesch\u00e4tzte Lesezeit":"1\u00a0Minute"},"schema":{"@context":"https:\/\/schema.org","@graph":[{"@type":"WebPage","@id":"https:\/\/batima.ch\/de\/vermaechtnis\/unsere-realisierungen\/119-oberkampf\/","url":"https:\/\/batima.ch\/de\/vermaechtnis\/unsere-realisierungen\/119-oberkampf\/","name":"119 OBERKAMPF - batima.ch","isPartOf":{"@id":"https:\/\/batima.ch\/de\/#website"},"primaryImageOfPage":{"@id":"https:\/\/batima.ch\/de\/vermaechtnis\/unsere-realisierungen\/119-oberkampf\/#primaryimage"},"image":{"@id":"https:\/\/batima.ch\/de\/vermaechtnis\/unsere-realisierungen\/119-oberkampf\/#primaryimage"},"thumbnailUrl":"https:\/\/batima.ch\/wp-content\/uploads\/2026\/02\/MG_9644-scaled.jpg","datePublished":"2025-12-10T13:11:41+00:00","dateModified":"2026-04-12T11:42:07+00:00","breadcrumb":{"@id":"https:\/\/batima.ch\/de\/vermaechtnis\/unsere-realisierungen\/119-oberkampf\/#breadcrumb"},"inLanguage":"de","potentialAction":[{"@type":"ReadAction","target":["https:\/\/batima.ch\/de\/vermaechtnis\/unsere-realisierungen\/119-oberkampf\/"]}]},{"@type":"ImageObject","inLanguage":"de","@id":"https:\/\/batima.ch\/de\/vermaechtnis\/unsere-realisierungen\/119-oberkampf\/#primaryimage","url":"https:\/\/batima.ch\/wp-content\/uploads\/2026\/02\/MG_9644-scaled.jpg","contentUrl":"https:\/\/batima.ch\/wp-content\/uploads\/2026\/02\/MG_9644-scaled.jpg"},{"@type":"BreadcrumbList","@id":"https:\/\/batima.ch\/de\/vermaechtnis\/unsere-realisierungen\/119-oberkampf\/#breadcrumb","itemListElement":[{"@type":"ListItem","position":1,"name":"Home","item":"https:\/\/batima.ch\/de\/home\/"},{"@type":"ListItem","position":2,"name":"VERM\u00c4CHTNIS","item":"https:\/\/batima.ch\/de\/legacy\/"},{"@type":"ListItem","position":3,"name":"UNSERE REALISIERUNGEN","item":"https:\/\/batima.ch\/de\/legacy\/nos-realisations\/"},{"@type":"ListItem","position":4,"name":"119 OBERKAMPF"}]},{"@type":"WebSite","@id":"https:\/\/batima.ch\/de\/#website","url":"https:\/\/batima.ch\/de\/","name":"batima.ch","description":"","publisher":{"@id":"https:\/\/batima.ch\/de\/#organization"},"potentialAction":[{"@type":"SearchAction","target":{"@type":"EntryPoint","urlTemplate":"https:\/\/batima.ch\/de\/?s={search_term_string}"},"query-input":{"@type":"PropertyValueSpecification","valueRequired":true,"valueName":"search_term_string"}}],"inLanguage":"de"},{"@type":"Organization","@id":"https:\/\/batima.ch\/de\/#organization","name":"Batima S.A","url":"https:\/\/batima.ch\/de\/","logo":{"@type":"ImageObject","inLanguage":"de","@id":"https:\/\/batima.ch\/de\/#\/schema\/logo\/image\/","url":"https:\/\/batima.ch\/wp-content\/uploads\/2025\/11\/Asset-22.svg","contentUrl":"https:\/\/batima.ch\/wp-content\/uploads\/2025\/11\/Asset-22.svg","width":733,"height":185,"caption":"Batima S.A"},"image":{"@id":"https:\/\/batima.ch\/de\/#\/schema\/logo\/image\/"},"sameAs":["https:\/\/www.instagram.com\/groupebatima\/"]}]}},"_links":{"self":[{"href":"https:\/\/batima.ch\/de\/wp-json\/wp\/v2\/pages\/2142","targetHints":{"allow":["GET"]}}],"collection":[{"href":"https:\/\/batima.ch\/de\/wp-json\/wp\/v2\/pages"}],"about":[{"href":"https:\/\/batima.ch\/de\/wp-json\/wp\/v2\/types\/page"}],"author":[{"embeddable":true,"href":"https:\/\/batima.ch\/de\/wp-json\/wp\/v2\/users\/1"}],"replies":[{"embeddable":true,"href":"https:\/\/batima.ch\/de\/wp-json\/wp\/v2\/comments?post=2142"}],"version-history":[{"count":4,"href":"https:\/\/batima.ch\/de\/wp-json\/wp\/v2\/pages\/2142\/revisions"}],"predecessor-version":[{"id":3736,"href":"https:\/\/batima.ch\/de\/wp-json\/wp\/v2\/pages\/2142\/revisions\/3736"}],"up":[{"embeddable":true,"href":"https:\/\/batima.ch\/de\/wp-json\/wp\/v2\/pages\/2058"}],"wp:attachment":[{"href":"https:\/\/batima.ch\/de\/wp-json\/wp\/v2\/media?parent=2142"}],"curies":[{"name":"wp","href":"https:\/\/api.w.org\/{rel}","templated":true}]}}