{"id":2126,"date":"2025-12-10T13:08:10","date_gmt":"2025-12-10T13:08:10","guid":{"rendered":"https:\/\/dev.batima.ch\/unsere-realisierungen\/la-canopee\/"},"modified":"2026-04-12T11:36:57","modified_gmt":"2026-04-12T11:36:57","slug":"la-canopee","status":"publish","type":"page","link":"https:\/\/batima.ch\/de\/vermaechtnis\/unsere-realisierungen\/la-canopee\/","title":{"rendered":"LA CANOP\u00c9E"},"content":{"rendered":"\t\t<div data-elementor-type=\"wp-page\" data-elementor-id=\"2126\" class=\"elementor elementor-2126 elementor-336\" data-elementor-post-type=\"page\">\n\t\t\t\t<div class=\"elementor-element elementor-element-f8a6c4d e-flex e-con-boxed e-con e-parent\" data-id=\"f8a6c4d\" data-element_type=\"container\" data-settings=\"{&quot;background_background&quot;:&quot;classic&quot;}\">\n\t\t\t\t\t<div class=\"e-con-inner\">\n\t\t<div class=\"elementor-element elementor-element-323743e e-con-full e-flex e-con e-child\" data-id=\"323743e\" data-element_type=\"container\">\n\t\t\t\t<div class=\"elementor-element elementor-element-736e2d7 elementor-invisible elementor-widget elementor-widget-heading\" data-id=\"736e2d7\" data-element_type=\"widget\" data-settings=\"{&quot;_animation&quot;:&quot;fadeInLeft&quot;}\" data-widget_type=\"heading.default\">\n\t\t\t\t\t<h2 class=\"elementor-heading-title elementor-size-default\">LA CANOP\u00c9E<\/h2>\t\t\t\t<\/div>\n\t\t\t\t<div class=\"elementor-element elementor-element-5ca10c3 elementor-invisible elementor-widget elementor-widget-text-editor\" data-id=\"5ca10c3\" data-element_type=\"widget\" data-settings=\"{&quot;_animation&quot;:&quot;fadeInLeft&quot;}\" data-widget_type=\"text-editor.default\">\n\t\t\t\t\t\t\t\t\t<p data-start=\"74\" data-end=\"406\"><strong>Die Landschaft ist so vielf\u00e4ltig wie die Geb\u00e4ude<\/strong>, die als Inseln mit einer eigenen Pers\u00f6nlichkeit konzipiert wurden. Hier sind es halbkollektive Wohnungen mit gro\u00dfen Au\u00dfenbereichen und privatem Zugang. Hier sind die Geb\u00e4ude mit durchdachten Volumen, die gro\u00dfz\u00fcgige Volumen mit sch\u00f6nen Terrassen nach au\u00dfen enth\u00fcllen.  <\/p><p data-start=\"408\" data-end=\"887\">In jeder Wohnung wird <strong data-start=\"434\" data-end=\"479\">den Leistungen die gleiche Aufmerksamkeit geschenkt<\/strong>, die gleiche Sorgfalt bei der Fertigstellung und der Wille, modernen Komfort mit nachhaltigem Design in Einklang zu bringen. Begr\u00fcnte D\u00e4cher, nachhaltige Baumaterialien und umweltfreundliche Ausstattung, RT2012-20%-orientiertes Design.<br data-start=\"732\" data-end=\"735\"><strong data-start=\"735\" data-end=\"778\">Intelligente und vernetzte Wohnungen<\/strong>, in denen die Haustechnik Ihnen hilft, Komfort und Sicherheit zu gewinnen und gleichzeitig Ihre Energiekosten zu senken.<\/p>\t\t\t\t\t\t\t\t<\/div>\n\t\t\t\t<\/div>\n\t\t<div class=\"elementor-element elementor-element-2868f40 e-con-full e-flex elementor-invisible e-con e-child\" data-id=\"2868f40\" data-element_type=\"container\" data-settings=\"{&quot;background_background&quot;:&quot;classic&quot;,&quot;animation&quot;:&quot;fadeInRight&quot;}\">\n\t\t\t\t<\/div>\n\t\t\t\t\t<\/div>\n\t\t\t\t<\/div>\n\t\t<div class=\"elementor-element elementor-element-447b971 e-flex e-con-boxed elementor-invisible e-con e-parent\" data-id=\"447b971\" data-element_type=\"container\" data-settings=\"{&quot;animation&quot;:&quot;fadeInDown&quot;}\">\n\t\t\t\t\t<div class=\"e-con-inner\">\n\t\t\t\t<div class=\"elementor-element elementor-element-677dd8e elementor-widget elementor-widget-counter\" data-id=\"677dd8e\" data-element_type=\"widget\" data-widget_type=\"counter.default\">\n\t\t\t\t\t\t\t<div class=\"elementor-counter\">\n\t\t\t<div class=\"elementor-counter-title\">M2 GR\u00dcNFL\u00c4CHE <br> IM FREILAND<\/div>\t\t\t<div class=\"elementor-counter-number-wrapper\">\n\t\t\t\t<span class=\"elementor-counter-number-prefix\"><\/span>\n\t\t\t\t<span class=\"elementor-counter-number\" data-duration=\"2000\" data-to-value=\"8000\" data-from-value=\"0\" data-delimiter=\",\">0<\/span>\n\t\t\t\t<span class=\"elementor-counter-number-suffix\"><\/span>\n\t\t\t<\/div>\n\t\t<\/div>\n\t\t\t\t\t\t<\/div>\n\t\t\t\t<div class=\"elementor-element elementor-element-0c97c05 elementor-widget elementor-widget-counter\" data-id=\"0c97c05\" data-element_type=\"widget\" data-widget_type=\"counter.default\">\n\t\t\t\t\t\t\t<div class=\"elementor-counter\">\n\t\t\t<div class=\"elementor-counter-title\">GEPFLANZTE B\u00c4UME <br> AUF DER GESAMTEN <br>DES PROGRAMMS<\/div>\t\t\t<div class=\"elementor-counter-number-wrapper\">\n\t\t\t\t<span class=\"elementor-counter-number-prefix\"><\/span>\n\t\t\t\t<span class=\"elementor-counter-number\" data-duration=\"2000\" data-to-value=\"150\" data-from-value=\"0\" data-delimiter=\",\">0<\/span>\n\t\t\t\t<span class=\"elementor-counter-number-suffix\"><\/span>\n\t\t\t<\/div>\n\t\t<\/div>\n\t\t\t\t\t\t<\/div>\n\t\t\t\t<div class=\"elementor-element elementor-element-937f23f elementor-widget elementor-widget-counter\" data-id=\"937f23f\" data-element_type=\"widget\" data-widget_type=\"counter.default\">\n\t\t\t\t\t\t\t<div class=\"elementor-counter\">\n\t\t\t<div class=\"elementor-counter-title\">M2 GR\u00dcNFL\u00c4CHE AUF BODENPLATTEN UND H\u00c4NGENDEN G\u00c4RTEN<\/div>\t\t\t<div class=\"elementor-counter-number-wrapper\">\n\t\t\t\t<span class=\"elementor-counter-number-prefix\"><\/span>\n\t\t\t\t<span class=\"elementor-counter-number\" data-duration=\"2000\" data-to-value=\"5000\" data-from-value=\"0\" data-delimiter=\",\">0<\/span>\n\t\t\t\t<span class=\"elementor-counter-number-suffix\"><\/span>\n\t\t\t<\/div>\n\t\t<\/div>\n\t\t\t\t\t\t<\/div>\n\t\t\t\t\t<\/div>\n\t\t\t\t<\/div>\n\t\t<div class=\"elementor-element elementor-element-143ad37 e-flex e-con-boxed e-con e-parent\" data-id=\"143ad37\" data-element_type=\"container\" data-settings=\"{&quot;background_background&quot;:&quot;classic&quot;}\">\n\t\t\t\t\t<div class=\"e-con-inner\">\n\t\t<div class=\"elementor-element elementor-element-ae18095 e-con-full e-flex elementor-invisible e-con e-child\" data-id=\"ae18095\" data-element_type=\"container\" data-settings=\"{&quot;background_background&quot;:&quot;video&quot;,&quot;background_video_link&quot;:&quot;https:\\\/\\\/vimeo.com\\\/1169954752?share=copy&amp;fl=sv&amp;fe=ci&quot;,&quot;animation&quot;:&quot;fadeInLeft&quot;,&quot;background_play_on_mobile&quot;:&quot;yes&quot;}\">\n\t\t<div class=\"elementor-background-video-container\" aria-hidden=\"true\">\n\t\t\t\t\t\t\t<div class=\"elementor-background-video-embed\"><\/div>\n\t\t\t\t\t\t<\/div>\t\t<\/div>\n\t\t<div class=\"elementor-element elementor-element-65de1bb e-con-full e-flex e-con e-child\" data-id=\"65de1bb\" data-element_type=\"container\">\n\t\t\t\t<div class=\"elementor-element elementor-element-6527935 eael_vto-vertical-rl elementor-invisible elementor-widget elementor-widget-heading\" data-id=\"6527935\" data-element_type=\"widget\" data-settings=\"{&quot;_animation&quot;:&quot;fadeInUp&quot;}\" data-widget_type=\"heading.default\">\n\t\t\t\t\t<h2 class=\"elementor-heading-title elementor-size-default\">EINE GR\u00dcNE OASE <br><\/h2>\t\t\t\t<\/div>\n\t\t\t\t<div class=\"elementor-element elementor-element-f2c223e elementor-invisible elementor-widget elementor-widget-text-editor\" data-id=\"f2c223e\" data-element_type=\"widget\" data-settings=\"{&quot;_animation&quot;:&quot;fadeInRight&quot;}\" data-widget_type=\"text-editor.default\">\n\t\t\t\t\t\t\t\t\t<p style=\"text-align: left;\" data-start=\"74\" data-end=\"406\"><strong>Wenn es einen Ort gibt, der die Bezeichnung &#8222;Ort des Lebens&#8220; verdient, dann ist es La Canop\u00e9e<\/strong>, mit Dienstleistungen und Gemeinschaftsr\u00e4umen vor Ort, die den Alltag erleichtern und ein echtes Leben in der Nachbarschaft schaffen.  <\/p>\t\t\t\t\t\t\t\t<\/div>\n\t\t\t\t<\/div>\n\t\t\t\t\t<\/div>\n\t\t\t\t<\/div>\n\t\t<div class=\"elementor-element elementor-element-a92560e e-flex e-con-boxed e-con e-parent\" data-id=\"a92560e\" data-element_type=\"container\" data-settings=\"{&quot;background_background&quot;:&quot;classic&quot;}\">\n\t\t\t\t\t<div class=\"e-con-inner\">\n\t\t<div class=\"elementor-element elementor-element-ff0674f e-con-full e-flex e-con e-child\" data-id=\"ff0674f\" data-element_type=\"container\" data-settings=\"{&quot;background_background&quot;:&quot;classic&quot;}\">\n\t\t\t\t<div class=\"elementor-element elementor-element-0a0adcb elementor-invisible elementor-widget elementor-widget-heading\" data-id=\"0a0adcb\" data-element_type=\"widget\" data-settings=\"{&quot;_animation&quot;:&quot;fadeInLeft&quot;}\" data-widget_type=\"heading.default\">\n\t\t\t\t\t<h2 class=\"elementor-heading-title elementor-size-default\">VOR DEN TOREN VON <br>GEN\u00c8VE, AN DEN <br>UFERN DES FORON, <br>EIN GROSSER PARK, <br>H\u00c4NGENDE G\u00c4RTEN, <br>BAUMBESTANDENE ALLEEN <br>UND SCHATTIGE PL\u00c4TZE <br><\/h2>\t\t\t\t<\/div>\n\t\t\t\t<\/div>\n\t\t<div class=\"elementor-element elementor-element-135fe3c e-con-full e-flex e-con e-child\" data-id=\"135fe3c\" data-element_type=\"container\">\n\t\t\t\t<div class=\"elementor-element elementor-element-3fc6d4b gallery-spacing-custom elementor-invisible elementor-widget elementor-widget-image-gallery\" data-id=\"3fc6d4b\" data-element_type=\"widget\" data-settings=\"{&quot;_animation&quot;:&quot;fadeInRight&quot;}\" data-widget_type=\"image-gallery.default\">\n\t\t\t\t\t\t\t<div class=\"elementor-image-gallery\">\n\t\t\t<div id='gallery-1' class='gallery galleryid-2126 gallery-columns-2 gallery-size-full'><figure class='gallery-item'>\n\t\t\t<div class='gallery-icon portrait'>\n\t\t\t\t<a data-elementor-open-lightbox=\"yes\" data-elementor-lightbox-slideshow=\"3fc6d4b\" data-elementor-lightbox-title=\"la-canope-1_1 (1)\" data-e-action-hash=\"#elementor-action%3Aaction%3Dlightbox%26settings%3DeyJpZCI6MjEyNywidXJsIjoiaHR0cHM6XC9cL2JhdGltYS5jaFwvd3AtY29udGVudFwvdXBsb2Fkc1wvMjAyNlwvMDFcL2xhLWNhbm9wZS0xXzEtMS5qcGciLCJzbGlkZXNob3ciOiIzZmM2ZDRiIn0%3D\" href='https:\/\/batima.ch\/wp-content\/uploads\/2026\/01\/la-canope-1_1-1.jpg'><img loading=\"lazy\" decoding=\"async\" width=\"639\" height=\"1046\" src=\"https:\/\/batima.ch\/wp-content\/uploads\/2026\/01\/la-canope-1_1-1.jpg\" class=\"attachment-full size-full\" alt=\"\" srcset=\"https:\/\/batima.ch\/wp-content\/uploads\/2026\/01\/la-canope-1_1-1.jpg 639w, https:\/\/batima.ch\/wp-content\/uploads\/2026\/01\/la-canope-1_1-1-183x300.jpg 183w, https:\/\/batima.ch\/wp-content\/uploads\/2026\/01\/la-canope-1_1-1-626x1024.jpg 626w\" sizes=\"auto, (max-width: 639px) 100vw, 639px\" \/><\/a>\n\t\t\t<\/div><\/figure><figure class='gallery-item'>\n\t\t\t<div class='gallery-icon portrait'>\n\t\t\t\t<a data-elementor-open-lightbox=\"yes\" data-elementor-lightbox-slideshow=\"3fc6d4b\" data-elementor-lightbox-title=\"la-canope-2\" data-e-action-hash=\"#elementor-action%3Aaction%3Dlightbox%26settings%3DeyJpZCI6MjEzMSwidXJsIjoiaHR0cHM6XC9cL2JhdGltYS5jaFwvd3AtY29udGVudFwvdXBsb2Fkc1wvMjAyNlwvMDFcL2xhLWNhbm9wZS0yLmpwZyIsInNsaWRlc2hvdyI6IjNmYzZkNGIifQ%3D%3D\" href='https:\/\/batima.ch\/wp-content\/uploads\/2026\/01\/la-canope-2.jpg'><img loading=\"lazy\" decoding=\"async\" width=\"639\" height=\"1046\" src=\"https:\/\/batima.ch\/wp-content\/uploads\/2026\/01\/la-canope-2.jpg\" class=\"attachment-full size-full\" alt=\"\" srcset=\"https:\/\/batima.ch\/wp-content\/uploads\/2026\/01\/la-canope-2.jpg 639w, https:\/\/batima.ch\/wp-content\/uploads\/2026\/01\/la-canope-2-183x300.jpg 183w, https:\/\/batima.ch\/wp-content\/uploads\/2026\/01\/la-canope-2-626x1024.jpg 626w\" sizes=\"auto, (max-width: 639px) 100vw, 639px\" \/><\/a>\n\t\t\t<\/div><\/figure>\n\t\t<\/div>\n\t\t<\/div>\n\t\t\t\t\t\t<\/div>\n\t\t\t\t<\/div>\n\t\t\t\t\t<\/div>\n\t\t\t\t<\/div>\n\t\t<div class=\"elementor-element elementor-element-71de09c e-flex e-con-boxed e-con e-parent\" data-id=\"71de09c\" data-element_type=\"container\" data-settings=\"{&quot;background_background&quot;:&quot;classic&quot;}\">\n\t\t\t\t\t<div class=\"e-con-inner\">\n\t\t<div class=\"elementor-element elementor-element-1160cf0 e-con-full e-flex e-con e-child\" data-id=\"1160cf0\" data-element_type=\"container\" data-settings=\"{&quot;background_background&quot;:&quot;classic&quot;}\">\n\t\t\t\t<div class=\"elementor-element elementor-element-9079e9e elementor-invisible elementor-widget elementor-widget-text-editor\" data-id=\"9079e9e\" data-element_type=\"widget\" data-settings=\"{&quot;_animation&quot;:&quot;fadeInLeft&quot;}\" data-widget_type=\"text-editor.default\">\n\t\t\t\t\t\t\t\t\t<p><a href=\"https:\/\/batima.ch\/de\/vermaechtnis\/unsere-realisierungen\/\"> <strong>&gt; Entdecken Sie unsere <\/strong><strong>weiteren Referenzen<\/strong><\/a><\/p>\t\t\t\t\t\t\t\t<\/div>\n\t\t\t\t<\/div>\n\t\t<div class=\"elementor-element elementor-element-63adb3c e-con-full e-flex elementor-invisible e-con e-child\" data-id=\"63adb3c\" data-element_type=\"container\" data-settings=\"{&quot;background_background&quot;:&quot;video&quot;,&quot;background_video_link&quot;:&quot;https:\\\/\\\/vimeo.com\\\/1169954931\\\/f6ae2133a6?share=copy&amp;fl=sv&amp;fe=ci&quot;,&quot;animation&quot;:&quot;fadeInRight&quot;,&quot;background_play_on_mobile&quot;:&quot;yes&quot;}\">\n\t\t<div class=\"elementor-background-video-container\" aria-hidden=\"true\">\n\t\t\t\t\t\t\t<div class=\"elementor-background-video-embed\"><\/div>\n\t\t\t\t\t\t<\/div>\t\t<\/div>\n\t\t\t\t\t<\/div>\n\t\t\t\t<\/div>\n\t\t\t\t<\/div>\n\t\t","protected":false},"excerpt":{"rendered":"<p>LA CANOP\u00c9E Die Landschaft ist so vielf\u00e4ltig wie die Geb\u00e4ude, die als Inseln mit einer eigenen Pers\u00f6nlichkeit konzipiert wurden. Hier sind es halbkollektive Wohnungen mit gro\u00dfen Au\u00dfenbereichen und privatem Zugang. Hier sind die Geb\u00e4ude mit durchdachten Volumen, die gro\u00dfz\u00fcgige Volumen mit sch\u00f6nen Terrassen nach au\u00dfen enth\u00fcllen. In jeder Wohnung wird den Leistungen die gleiche Aufmerksamkeit [&hellip;]<\/p>\n","protected":false},"author":1,"featured_media":0,"parent":2058,"menu_order":0,"comment_status":"open","ping_status":"closed","template":"","meta":{"footnotes":""},"class_list":["post-2126","page","type-page","status-publish","hentry"],"yoast_head":"<!-- This site is optimized with the Yoast SEO plugin v27.4 - https:\/\/yoast.com\/product\/yoast-seo-wordpress\/ -->\n<title>LA CANOP\u00c9E - batima.ch<\/title>\n<meta name=\"robots\" content=\"index, follow, max-snippet:-1, max-image-preview:large, max-video-preview:-1\" \/>\n<link rel=\"canonical\" href=\"https:\/\/batima.ch\/de\/vermaechtnis\/unsere-realisierungen\/la-canopee\/\" \/>\n<meta property=\"og:locale\" content=\"de_DE\" \/>\n<meta property=\"og:type\" content=\"article\" \/>\n<meta property=\"og:title\" content=\"LA CANOP\u00c9E - batima.ch\" \/>\n<meta property=\"og:description\" content=\"LA CANOP\u00c9E Die Landschaft ist so vielf\u00e4ltig wie die Geb\u00e4ude, die als Inseln mit einer eigenen Pers\u00f6nlichkeit konzipiert wurden. Hier sind es halbkollektive Wohnungen mit gro\u00dfen Au\u00dfenbereichen und privatem Zugang. Hier sind die Geb\u00e4ude mit durchdachten Volumen, die gro\u00dfz\u00fcgige Volumen mit sch\u00f6nen Terrassen nach au\u00dfen enth\u00fcllen. In jeder Wohnung wird den Leistungen die gleiche Aufmerksamkeit [&hellip;]\" \/>\n<meta property=\"og:url\" content=\"https:\/\/batima.ch\/de\/vermaechtnis\/unsere-realisierungen\/la-canopee\/\" \/>\n<meta property=\"og:site_name\" content=\"batima.ch\" \/>\n<meta property=\"article:modified_time\" content=\"2026-04-12T11:36:57+00:00\" \/>\n<meta property=\"og:image\" content=\"https:\/\/batima.ch\/wp-content\/uploads\/2026\/01\/la-canope-1_1-1.jpg\" \/>\n<meta name=\"twitter:card\" content=\"summary_large_image\" \/>\n<meta name=\"twitter:label1\" content=\"Gesch\u00e4tzte Lesezeit\" \/>\n\t<meta name=\"twitter:data1\" content=\"1\u00a0Minute\" \/>\n<script type=\"application\/ld+json\" class=\"yoast-schema-graph\">{\"@context\":\"https:\\\/\\\/schema.org\",\"@graph\":[{\"@type\":\"WebPage\",\"@id\":\"https:\\\/\\\/batima.ch\\\/de\\\/vermaechtnis\\\/unsere-realisierungen\\\/la-canopee\\\/\",\"url\":\"https:\\\/\\\/batima.ch\\\/de\\\/vermaechtnis\\\/unsere-realisierungen\\\/la-canopee\\\/\",\"name\":\"LA CANOP\u00c9E - batima.ch\",\"isPartOf\":{\"@id\":\"https:\\\/\\\/batima.ch\\\/de\\\/#website\"},\"primaryImageOfPage\":{\"@id\":\"https:\\\/\\\/batima.ch\\\/de\\\/vermaechtnis\\\/unsere-realisierungen\\\/la-canopee\\\/#primaryimage\"},\"image\":{\"@id\":\"https:\\\/\\\/batima.ch\\\/de\\\/vermaechtnis\\\/unsere-realisierungen\\\/la-canopee\\\/#primaryimage\"},\"thumbnailUrl\":\"https:\\\/\\\/batima.ch\\\/wp-content\\\/uploads\\\/2026\\\/01\\\/la-canope-1_1-1.jpg\",\"datePublished\":\"2025-12-10T13:08:10+00:00\",\"dateModified\":\"2026-04-12T11:36:57+00:00\",\"breadcrumb\":{\"@id\":\"https:\\\/\\\/batima.ch\\\/de\\\/vermaechtnis\\\/unsere-realisierungen\\\/la-canopee\\\/#breadcrumb\"},\"inLanguage\":\"de\",\"potentialAction\":[{\"@type\":\"ReadAction\",\"target\":[\"https:\\\/\\\/batima.ch\\\/de\\\/vermaechtnis\\\/unsere-realisierungen\\\/la-canopee\\\/\"]}]},{\"@type\":\"ImageObject\",\"inLanguage\":\"de\",\"@id\":\"https:\\\/\\\/batima.ch\\\/de\\\/vermaechtnis\\\/unsere-realisierungen\\\/la-canopee\\\/#primaryimage\",\"url\":\"https:\\\/\\\/batima.ch\\\/wp-content\\\/uploads\\\/2026\\\/01\\\/la-canope-1_1-1.jpg\",\"contentUrl\":\"https:\\\/\\\/batima.ch\\\/wp-content\\\/uploads\\\/2026\\\/01\\\/la-canope-1_1-1.jpg\"},{\"@type\":\"BreadcrumbList\",\"@id\":\"https:\\\/\\\/batima.ch\\\/de\\\/vermaechtnis\\\/unsere-realisierungen\\\/la-canopee\\\/#breadcrumb\",\"itemListElement\":[{\"@type\":\"ListItem\",\"position\":1,\"name\":\"Home\",\"item\":\"https:\\\/\\\/batima.ch\\\/de\\\/home\\\/\"},{\"@type\":\"ListItem\",\"position\":2,\"name\":\"VERM\u00c4CHTNIS\",\"item\":\"https:\\\/\\\/batima.ch\\\/de\\\/legacy\\\/\"},{\"@type\":\"ListItem\",\"position\":3,\"name\":\"UNSERE REALISIERUNGEN\",\"item\":\"https:\\\/\\\/batima.ch\\\/de\\\/legacy\\\/nos-realisations\\\/\"},{\"@type\":\"ListItem\",\"position\":4,\"name\":\"LA CANOP\u00c9E\"}]},{\"@type\":\"WebSite\",\"@id\":\"https:\\\/\\\/batima.ch\\\/de\\\/#website\",\"url\":\"https:\\\/\\\/batima.ch\\\/de\\\/\",\"name\":\"batima.ch\",\"description\":\"\",\"publisher\":{\"@id\":\"https:\\\/\\\/batima.ch\\\/de\\\/#organization\"},\"potentialAction\":[{\"@type\":\"SearchAction\",\"target\":{\"@type\":\"EntryPoint\",\"urlTemplate\":\"https:\\\/\\\/batima.ch\\\/de\\\/?s={search_term_string}\"},\"query-input\":{\"@type\":\"PropertyValueSpecification\",\"valueRequired\":true,\"valueName\":\"search_term_string\"}}],\"inLanguage\":\"de\"},{\"@type\":\"Organization\",\"@id\":\"https:\\\/\\\/batima.ch\\\/de\\\/#organization\",\"name\":\"Batima S.A\",\"url\":\"https:\\\/\\\/batima.ch\\\/de\\\/\",\"logo\":{\"@type\":\"ImageObject\",\"inLanguage\":\"de\",\"@id\":\"https:\\\/\\\/batima.ch\\\/de\\\/#\\\/schema\\\/logo\\\/image\\\/\",\"url\":\"https:\\\/\\\/batima.ch\\\/wp-content\\\/uploads\\\/2025\\\/11\\\/Asset-22.svg\",\"contentUrl\":\"https:\\\/\\\/batima.ch\\\/wp-content\\\/uploads\\\/2025\\\/11\\\/Asset-22.svg\",\"width\":733,\"height\":185,\"caption\":\"Batima S.A\"},\"image\":{\"@id\":\"https:\\\/\\\/batima.ch\\\/de\\\/#\\\/schema\\\/logo\\\/image\\\/\"},\"sameAs\":[\"https:\\\/\\\/www.instagram.com\\\/groupebatima\\\/\"]}]}<\/script>\n<!-- \/ Yoast SEO plugin. -->","yoast_head_json":{"title":"LA CANOP\u00c9E - batima.ch","robots":{"index":"index","follow":"follow","max-snippet":"max-snippet:-1","max-image-preview":"max-image-preview:large","max-video-preview":"max-video-preview:-1"},"canonical":"https:\/\/batima.ch\/de\/vermaechtnis\/unsere-realisierungen\/la-canopee\/","og_locale":"de_DE","og_type":"article","og_title":"LA CANOP\u00c9E - batima.ch","og_description":"LA CANOP\u00c9E Die Landschaft ist so vielf\u00e4ltig wie die Geb\u00e4ude, die als Inseln mit einer eigenen Pers\u00f6nlichkeit konzipiert wurden. Hier sind es halbkollektive Wohnungen mit gro\u00dfen Au\u00dfenbereichen und privatem Zugang. Hier sind die Geb\u00e4ude mit durchdachten Volumen, die gro\u00dfz\u00fcgige Volumen mit sch\u00f6nen Terrassen nach au\u00dfen enth\u00fcllen. In jeder Wohnung wird den Leistungen die gleiche Aufmerksamkeit [&hellip;]","og_url":"https:\/\/batima.ch\/de\/vermaechtnis\/unsere-realisierungen\/la-canopee\/","og_site_name":"batima.ch","article_modified_time":"2026-04-12T11:36:57+00:00","og_image":[{"url":"https:\/\/batima.ch\/wp-content\/uploads\/2026\/01\/la-canope-1_1-1.jpg","type":"","width":"","height":""}],"twitter_card":"summary_large_image","twitter_misc":{"Gesch\u00e4tzte Lesezeit":"1\u00a0Minute"},"schema":{"@context":"https:\/\/schema.org","@graph":[{"@type":"WebPage","@id":"https:\/\/batima.ch\/de\/vermaechtnis\/unsere-realisierungen\/la-canopee\/","url":"https:\/\/batima.ch\/de\/vermaechtnis\/unsere-realisierungen\/la-canopee\/","name":"LA CANOP\u00c9E - batima.ch","isPartOf":{"@id":"https:\/\/batima.ch\/de\/#website"},"primaryImageOfPage":{"@id":"https:\/\/batima.ch\/de\/vermaechtnis\/unsere-realisierungen\/la-canopee\/#primaryimage"},"image":{"@id":"https:\/\/batima.ch\/de\/vermaechtnis\/unsere-realisierungen\/la-canopee\/#primaryimage"},"thumbnailUrl":"https:\/\/batima.ch\/wp-content\/uploads\/2026\/01\/la-canope-1_1-1.jpg","datePublished":"2025-12-10T13:08:10+00:00","dateModified":"2026-04-12T11:36:57+00:00","breadcrumb":{"@id":"https:\/\/batima.ch\/de\/vermaechtnis\/unsere-realisierungen\/la-canopee\/#breadcrumb"},"inLanguage":"de","potentialAction":[{"@type":"ReadAction","target":["https:\/\/batima.ch\/de\/vermaechtnis\/unsere-realisierungen\/la-canopee\/"]}]},{"@type":"ImageObject","inLanguage":"de","@id":"https:\/\/batima.ch\/de\/vermaechtnis\/unsere-realisierungen\/la-canopee\/#primaryimage","url":"https:\/\/batima.ch\/wp-content\/uploads\/2026\/01\/la-canope-1_1-1.jpg","contentUrl":"https:\/\/batima.ch\/wp-content\/uploads\/2026\/01\/la-canope-1_1-1.jpg"},{"@type":"BreadcrumbList","@id":"https:\/\/batima.ch\/de\/vermaechtnis\/unsere-realisierungen\/la-canopee\/#breadcrumb","itemListElement":[{"@type":"ListItem","position":1,"name":"Home","item":"https:\/\/batima.ch\/de\/home\/"},{"@type":"ListItem","position":2,"name":"VERM\u00c4CHTNIS","item":"https:\/\/batima.ch\/de\/legacy\/"},{"@type":"ListItem","position":3,"name":"UNSERE REALISIERUNGEN","item":"https:\/\/batima.ch\/de\/legacy\/nos-realisations\/"},{"@type":"ListItem","position":4,"name":"LA CANOP\u00c9E"}]},{"@type":"WebSite","@id":"https:\/\/batima.ch\/de\/#website","url":"https:\/\/batima.ch\/de\/","name":"batima.ch","description":"","publisher":{"@id":"https:\/\/batima.ch\/de\/#organization"},"potentialAction":[{"@type":"SearchAction","target":{"@type":"EntryPoint","urlTemplate":"https:\/\/batima.ch\/de\/?s={search_term_string}"},"query-input":{"@type":"PropertyValueSpecification","valueRequired":true,"valueName":"search_term_string"}}],"inLanguage":"de"},{"@type":"Organization","@id":"https:\/\/batima.ch\/de\/#organization","name":"Batima S.A","url":"https:\/\/batima.ch\/de\/","logo":{"@type":"ImageObject","inLanguage":"de","@id":"https:\/\/batima.ch\/de\/#\/schema\/logo\/image\/","url":"https:\/\/batima.ch\/wp-content\/uploads\/2025\/11\/Asset-22.svg","contentUrl":"https:\/\/batima.ch\/wp-content\/uploads\/2025\/11\/Asset-22.svg","width":733,"height":185,"caption":"Batima S.A"},"image":{"@id":"https:\/\/batima.ch\/de\/#\/schema\/logo\/image\/"},"sameAs":["https:\/\/www.instagram.com\/groupebatima\/"]}]}},"_links":{"self":[{"href":"https:\/\/batima.ch\/de\/wp-json\/wp\/v2\/pages\/2126","targetHints":{"allow":["GET"]}}],"collection":[{"href":"https:\/\/batima.ch\/de\/wp-json\/wp\/v2\/pages"}],"about":[{"href":"https:\/\/batima.ch\/de\/wp-json\/wp\/v2\/types\/page"}],"author":[{"embeddable":true,"href":"https:\/\/batima.ch\/de\/wp-json\/wp\/v2\/users\/1"}],"replies":[{"embeddable":true,"href":"https:\/\/batima.ch\/de\/wp-json\/wp\/v2\/comments?post=2126"}],"version-history":[{"count":6,"href":"https:\/\/batima.ch\/de\/wp-json\/wp\/v2\/pages\/2126\/revisions"}],"predecessor-version":[{"id":3724,"href":"https:\/\/batima.ch\/de\/wp-json\/wp\/v2\/pages\/2126\/revisions\/3724"}],"up":[{"embeddable":true,"href":"https:\/\/batima.ch\/de\/wp-json\/wp\/v2\/pages\/2058"}],"wp:attachment":[{"href":"https:\/\/batima.ch\/de\/wp-json\/wp\/v2\/media?parent=2126"}],"curies":[{"name":"wp","href":"https:\/\/api.w.org\/{rel}","templated":true}]}}