{"id":2086,"date":"2025-11-19T19:00:11","date_gmt":"2025-11-19T19:00:11","guid":{"rendered":"https:\/\/dev.batima.ch\/entwicklungsvision\/"},"modified":"2026-04-12T11:50:54","modified_gmt":"2026-04-12T11:50:54","slug":"entwicklungsvision","status":"publish","type":"page","link":"https:\/\/batima.ch\/de\/loesungen\/entwicklungsvision\/","title":{"rendered":"ENTWICKLUNGSVISION"},"content":{"rendered":"\t\t<div data-elementor-type=\"wp-post\" data-elementor-id=\"2086\" class=\"elementor elementor-2086 elementor-54\" data-elementor-post-type=\"page\">\n\t\t\t\t<div class=\"elementor-element elementor-element-4746ba0 e-flex e-con-boxed e-con e-parent\" data-id=\"4746ba0\" data-element_type=\"container\">\n\t\t\t\t\t<div class=\"e-con-inner\">\n\t\t<div class=\"elementor-element elementor-element-259b97e e-con-full e-flex e-con e-child\" data-id=\"259b97e\" data-element_type=\"container\">\n\t\t<div class=\"elementor-element elementor-element-70f8402 e-con-full e-flex elementor-invisible e-con e-child\" data-id=\"70f8402\" data-element_type=\"container\" data-settings=\"{&quot;animation&quot;:&quot;fadeInRight&quot;}\">\n\t\t\t\t<div class=\"elementor-element elementor-element-9558bfa elementor-invisible elementor-widget elementor-widget-heading\" data-id=\"9558bfa\" data-element_type=\"widget\" data-settings=\"{&quot;_animation&quot;:&quot;fadeInLeft&quot;}\" data-widget_type=\"heading.default\">\n\t\t\t\t\t<h2 class=\"elementor-heading-title elementor-size-default\">EINE ANDERE<br>VISION VON<br>ENTWICKLUNG-<br>PEMENT<\/h2>\t\t\t\t<\/div>\n\t\t\t\t<\/div>\n\t\t<div class=\"elementor-element elementor-element-2d0eb94 e-con-full e-flex elementor-invisible e-con e-child\" data-id=\"2d0eb94\" data-element_type=\"container\" data-settings=\"{&quot;animation&quot;:&quot;fadeInRight&quot;}\">\n\t\t\t\t<div class=\"elementor-element elementor-element-c2f9dcf elementor-invisible elementor-widget elementor-widget-text-editor\" data-id=\"c2f9dcf\" data-element_type=\"widget\" data-settings=\"{&quot;_animation&quot;:&quot;fadeInLeft&quot;}\" data-widget_type=\"text-editor.default\">\n\t\t\t\t\t\t\t\t\t<p>Als Bautr\u00e4ger und Bauunternehmer bieten wir kleinen, ma\u00dfgeschneiderten Projekten ein gro\u00dfes Netzwerk von multidisziplin\u00e4ren Spezialisten. <br> Batima-Projekte sind das Ergebnis von Zuh\u00f6ren und Dialog im Dienste einer Architektur, die nach den Grunds\u00e4tzen des Kulturerbes entworfen wurde.<br>Die Umwandlung einer Immobilie unter Ber\u00fccksichtigung der Geschichte des Ortes und der individuellen Werte. <\/p>\t\t\t\t\t\t\t\t<\/div>\n\t\t\t\t<\/div>\n\t\t\t\t<\/div>\n\t\t<div class=\"elementor-element elementor-element-74ba7b3 e-con-full e-flex e-con e-child\" data-id=\"74ba7b3\" data-element_type=\"container\" data-settings=\"{&quot;background_background&quot;:&quot;classic&quot;}\">\n\t\t\t\t<\/div>\n\t\t\t\t\t<\/div>\n\t\t\t\t<\/div>\n\t\t<div class=\"elementor-element elementor-element-fbb8e6f e-flex e-con-boxed e-con e-parent\" data-id=\"fbb8e6f\" data-element_type=\"container\" data-settings=\"{&quot;background_background&quot;:&quot;classic&quot;}\">\n\t\t\t\t\t<div class=\"e-con-inner\">\n\t\t<div class=\"elementor-element elementor-element-eb6d5a8 e-con-full e-flex e-con e-child\" data-id=\"eb6d5a8\" data-element_type=\"container\" data-settings=\"{&quot;background_background&quot;:&quot;classic&quot;}\">\n\t\t<div class=\"elementor-element elementor-element-ec01538 e-con-full e-flex e-con e-child\" data-id=\"ec01538\" data-element_type=\"container\">\n\t\t\t\t<div class=\"elementor-element elementor-element-fabf5d3 elementor-widget__width-initial elementor-invisible elementor-widget elementor-widget-heading\" data-id=\"fabf5d3\" data-element_type=\"widget\" data-settings=\"{&quot;_animation&quot;:&quot;fadeInLeft&quot;}\" data-widget_type=\"heading.default\">\n\t\t\t\t\t<h2 class=\"elementor-heading-title elementor-size-default\"><br>EINE IMMOBILIE IN<br>DEM RESPEKT<br>DER GESCHICHTE<br>DES ORTES UND<br>DEM TEILEN<br>DER INDIVIDUELLEN WERTE<br>UMZUWANDELN<\/h2>\t\t\t\t<\/div>\n\t\t\t\t<\/div>\n\t\t<div class=\"elementor-element elementor-element-2f5e1ac e-con-full e-flex e-con e-child\" data-id=\"2f5e1ac\" data-element_type=\"container\" data-settings=\"{&quot;background_background&quot;:&quot;classic&quot;}\">\n\t\t\t\t<\/div>\n\t\t<div class=\"elementor-element elementor-element-4b47e70 e-con-full e-flex e-con e-child\" data-id=\"4b47e70\" data-element_type=\"container\">\n\t\t\t\t<div class=\"elementor-element elementor-element-2977c34 eael_vto-vertical-lr elementor-invisible elementor-widget elementor-widget-heading\" data-id=\"2977c34\" data-element_type=\"widget\" data-settings=\"{&quot;_animation&quot;:&quot;fadeInUp&quot;}\" data-widget_type=\"heading.default\">\n\t\t\t\t\t<h2 class=\"elementor-heading-title elementor-size-default\">DIE KUNST DES BAUENS<\/h2>\t\t\t\t<\/div>\n\t\t\t\t<\/div>\n\t\t\t\t<\/div>\n\t\t\t\t\t<\/div>\n\t\t\t\t<\/div>\n\t\t<div class=\"elementor-element elementor-element-af55406 e-flex e-con-boxed e-con e-parent\" data-id=\"af55406\" data-element_type=\"container\">\n\t\t\t\t\t<div class=\"e-con-inner\">\n\t\t\t\t<div class=\"elementor-element elementor-element-b20c8f2 elementor-invisible elementor-widget elementor-widget-text-editor\" data-id=\"b20c8f2\" data-element_type=\"widget\" data-settings=\"{&quot;_animation&quot;:&quot;fadeInDown&quot;}\" data-widget_type=\"text-editor.default\">\n\t\t\t\t\t\t\t\t\t<p>LES + BATIMA<\/p>\t\t\t\t\t\t\t\t<\/div>\n\t\t\t\t\t<\/div>\n\t\t\t\t<\/div>\n\t\t<div class=\"elementor-element elementor-element-6e59171 e-flex e-con-boxed elementor-invisible e-con e-parent\" data-id=\"6e59171\" data-element_type=\"container\" data-settings=\"{&quot;animation&quot;:&quot;fadeInDown&quot;}\">\n\t\t\t\t\t<div class=\"e-con-inner\">\n\t\t<div class=\"elementor-element elementor-element-60bab9b e-con-full e-flex e-con e-child\" data-id=\"60bab9b\" data-element_type=\"container\">\n\t\t\t\t<div class=\"elementor-element elementor-element-f6a3ebc elementor-widget elementor-widget-image\" data-id=\"f6a3ebc\" data-element_type=\"widget\" data-widget_type=\"image.default\">\n\t\t\t\t\t\t\t\t\t\t\t\t\t\t\t<img loading=\"lazy\" decoding=\"async\" width=\"150\" height=\"150\" src=\"https:\/\/batima.ch\/wp-content\/uploads\/2026\/03\/Asset-21-1-150x150.png\" class=\"elementor-animation-grow attachment-thumbnail size-thumbnail wp-image-3147\" alt=\"\" srcset=\"https:\/\/batima.ch\/wp-content\/uploads\/2026\/03\/Asset-21-1-150x150.png 150w, https:\/\/batima.ch\/wp-content\/uploads\/2026\/03\/Asset-21-1.png 179w\" sizes=\"auto, (max-width: 150px) 100vw, 150px\" \/>\t\t\t\t\t\t\t\t\t\t\t\t\t\t\t<\/div>\n\t\t\t\t<div class=\"elementor-element elementor-element-88c1a7c elementor-widget elementor-widget-text-editor\" data-id=\"88c1a7c\" data-element_type=\"widget\" data-widget_type=\"text-editor.default\">\n\t\t\t\t\t\t\t\t\t<p>KLEINES TEAM<\/p><p>PASSIONIERT<\/p>\t\t\t\t\t\t\t\t<\/div>\n\t\t\t\t<\/div>\n\t\t<div class=\"elementor-element elementor-element-1a50373 e-con-full e-flex e-con e-child\" data-id=\"1a50373\" data-element_type=\"container\">\n\t\t\t\t<div class=\"elementor-element elementor-element-278d3ad elementor-widget elementor-widget-image\" data-id=\"278d3ad\" data-element_type=\"widget\" data-widget_type=\"image.default\">\n\t\t\t\t\t\t\t\t\t\t\t\t\t\t\t<img loading=\"lazy\" decoding=\"async\" width=\"150\" height=\"150\" src=\"https:\/\/batima.ch\/wp-content\/uploads\/2026\/03\/Asset-24-2-150x150.png\" class=\"elementor-animation-grow attachment-thumbnail size-thumbnail wp-image-3150\" alt=\"\" srcset=\"https:\/\/batima.ch\/wp-content\/uploads\/2026\/03\/Asset-24-2-150x150.png 150w, https:\/\/batima.ch\/wp-content\/uploads\/2026\/03\/Asset-24-2.png 179w\" sizes=\"auto, (max-width: 150px) 100vw, 150px\" \/>\t\t\t\t\t\t\t\t\t\t\t\t\t\t\t<\/div>\n\t\t\t\t<div class=\"elementor-element elementor-element-2389fc7 elementor-widget elementor-widget-text-editor\" data-id=\"2389fc7\" data-element_type=\"widget\" data-widget_type=\"text-editor.default\">\n\t\t\t\t\t\t\t\t\t<p>BEGLEITUNG<\/p><p>PERSONALISIERT<\/p>\t\t\t\t\t\t\t\t<\/div>\n\t\t\t\t<\/div>\n\t\t<div class=\"elementor-element elementor-element-7686b0e e-con-full e-flex e-con e-child\" data-id=\"7686b0e\" data-element_type=\"container\">\n\t\t\t\t<div class=\"elementor-element elementor-element-72d37e3 elementor-widget elementor-widget-image\" data-id=\"72d37e3\" data-element_type=\"widget\" data-widget_type=\"image.default\">\n\t\t\t\t\t\t\t\t\t\t\t\t\t\t\t<img loading=\"lazy\" decoding=\"async\" width=\"150\" height=\"150\" src=\"https:\/\/batima.ch\/wp-content\/uploads\/2026\/03\/Asset-22-150x150.png\" class=\"elementor-animation-grow attachment-thumbnail size-thumbnail wp-image-3148\" alt=\"\" srcset=\"https:\/\/batima.ch\/wp-content\/uploads\/2026\/03\/Asset-22-150x150.png 150w, https:\/\/batima.ch\/wp-content\/uploads\/2026\/03\/Asset-22.png 179w\" sizes=\"auto, (max-width: 150px) 100vw, 150px\" \/>\t\t\t\t\t\t\t\t\t\t\t\t\t\t\t<\/div>\n\t\t\t\t<div class=\"elementor-element elementor-element-5bbe825 elementor-widget elementor-widget-text-editor\" data-id=\"5bbe825\" data-element_type=\"widget\" data-widget_type=\"text-editor.default\">\n\t\t\t\t\t\t\t\t\t<p>GROSSES NETZWERK<\/p><p>VON SPEZIALISTEN<\/p>\t\t\t\t\t\t\t\t<\/div>\n\t\t\t\t<\/div>\n\t\t<div class=\"elementor-element elementor-element-58be2c0 e-con-full e-flex e-con e-child\" data-id=\"58be2c0\" data-element_type=\"container\">\n\t\t\t\t<div class=\"elementor-element elementor-element-2979653 elementor-widget elementor-widget-image\" data-id=\"2979653\" data-element_type=\"widget\" data-widget_type=\"image.default\">\n\t\t\t\t\t\t\t\t\t\t\t\t\t\t\t<img loading=\"lazy\" decoding=\"async\" width=\"150\" height=\"150\" src=\"https:\/\/batima.ch\/wp-content\/uploads\/2026\/03\/Asset-23-150x150.png\" class=\"elementor-animation-grow attachment-thumbnail size-thumbnail wp-image-3149\" alt=\"\" srcset=\"https:\/\/batima.ch\/wp-content\/uploads\/2026\/03\/Asset-23-150x150.png 150w, https:\/\/batima.ch\/wp-content\/uploads\/2026\/03\/Asset-23.png 179w\" sizes=\"auto, (max-width: 150px) 100vw, 150px\" \/>\t\t\t\t\t\t\t\t\t\t\t\t\t\t\t<\/div>\n\t\t\t\t<div class=\"elementor-element elementor-element-bed0d96 elementor-widget elementor-widget-text-editor\" data-id=\"bed0d96\" data-element_type=\"widget\" data-widget_type=\"text-editor.default\">\n\t\t\t\t\t\t\t\t\t<p>60 JAHRE<\/p><p>ERFAHRUNG<\/p>\t\t\t\t\t\t\t\t<\/div>\n\t\t\t\t<\/div>\n\t\t<div class=\"elementor-element elementor-element-f1c9163 e-con-full e-flex e-con e-child\" data-id=\"f1c9163\" data-element_type=\"container\">\n\t\t\t\t<div class=\"elementor-element elementor-element-c24a7c4 elementor-widget elementor-widget-image\" data-id=\"c24a7c4\" data-element_type=\"widget\" data-widget_type=\"image.default\">\n\t\t\t\t\t\t\t\t\t\t\t\t\t\t\t<img loading=\"lazy\" decoding=\"async\" width=\"150\" height=\"150\" src=\"https:\/\/batima.ch\/wp-content\/uploads\/2026\/03\/Asset-25-150x150.png\" class=\"elementor-animation-grow attachment-thumbnail size-thumbnail wp-image-3151\" alt=\"\" srcset=\"https:\/\/batima.ch\/wp-content\/uploads\/2026\/03\/Asset-25-150x150.png 150w, https:\/\/batima.ch\/wp-content\/uploads\/2026\/03\/Asset-25.png 179w\" sizes=\"auto, (max-width: 150px) 100vw, 150px\" \/>\t\t\t\t\t\t\t\t\t\t\t\t\t\t\t<\/div>\n\t\t\t\t<div class=\"elementor-element elementor-element-e992fd2 elementor-widget elementor-widget-text-editor\" data-id=\"e992fd2\" data-element_type=\"widget\" data-widget_type=\"text-editor.default\">\n\t\t\t\t\t\t\t\t\t<p>ETHIK DER<\/p><p>KONSTRUKTION<\/p>\t\t\t\t\t\t\t\t<\/div>\n\t\t\t\t<\/div>\n\t\t\t\t\t<\/div>\n\t\t\t\t<\/div>\n\t\t<div class=\"elementor-element elementor-element-373425e e-flex e-con-boxed e-con e-parent\" data-id=\"373425e\" data-element_type=\"container\" data-settings=\"{&quot;background_background&quot;:&quot;video&quot;,&quot;background_video_link&quot;:&quot;https:\\\/\\\/vimeo.com\\\/1170309382?share=copy&amp;fl=sv&amp;fe=ci&quot;,&quot;background_play_on_mobile&quot;:&quot;yes&quot;}\">\n\t\t\t\t\t<div class=\"e-con-inner\">\n\t\t<div class=\"elementor-background-video-container\" aria-hidden=\"true\">\n\t\t\t\t\t\t\t<div class=\"elementor-background-video-embed\"><\/div>\n\t\t\t\t\t\t<\/div>\t\t\t<\/div>\n\t\t\t\t<\/div>\n\t\t<div class=\"elementor-element elementor-element-58c6071 e-flex e-con-boxed elementor-invisible e-con e-parent\" data-id=\"58c6071\" data-element_type=\"container\" data-settings=\"{&quot;animation&quot;:&quot;fadeInUp&quot;}\">\n\t\t\t\t\t<div class=\"e-con-inner\">\n\t\t\t\t<div class=\"elementor-element elementor-element-c261044 elementor-widget__width-initial elementor-widget elementor-widget-heading\" data-id=\"c261044\" data-element_type=\"widget\" data-widget_type=\"heading.default\">\n\t\t\t\t\t<h2 class=\"elementor-heading-title elementor-size-default\"><br>\"ANGETRIEBEN VON EINER LANGFRISTIGEN VISION,\n, DR\u00dcCKT UNSER FAMILIENUNTERNEHMEN\nEINE PHILOSOPHIE DER IMMOBILIENENTWICKLUNG\nAUS, DIE STRENGE\nKONZEPTION, QUALIT\u00c4T DER AUSF\u00dcHRUNG UND\nGEIST DER VERANTWORTUNG GEGEN\u00dcBER DEN\nZUK\u00dcNFTIGEN GENERATIONEN VEREINT\".<br><br>\n<\/h2>\t\t\t\t<\/div>\n\t\t\t\t\t<\/div>\n\t\t\t\t<\/div>\n\t\t\t\t<\/div>\n\t\t","protected":false},"excerpt":{"rendered":"<p>EINE ANDEREVISION VONENTWICKLUNG-PEMENT Als Bautr\u00e4ger und Bauunternehmer bieten wir kleinen, ma\u00dfgeschneiderten Projekten ein gro\u00dfes Netzwerk von multidisziplin\u00e4ren Spezialisten. Batima-Projekte sind das Ergebnis von Zuh\u00f6ren und Dialog im Dienste einer Architektur, die nach den Grunds\u00e4tzen des Kulturerbes entworfen wurde.Die Umwandlung einer Immobilie unter Ber\u00fccksichtigung der Geschichte des Ortes und der individuellen Werte. EINE IMMOBILIE INDEM RESPEKTDER [&hellip;]<\/p>\n","protected":false},"author":1,"featured_media":0,"parent":2228,"menu_order":0,"comment_status":"closed","ping_status":"closed","template":"elementor_header_footer","meta":{"footnotes":""},"class_list":["post-2086","page","type-page","status-publish","hentry"],"yoast_head":"<!-- This site is optimized with the Yoast SEO plugin v27.4 - https:\/\/yoast.com\/product\/yoast-seo-wordpress\/ -->\n<title>ENTWICKLUNGSVISION - batima.ch<\/title>\n<meta name=\"robots\" content=\"index, follow, max-snippet:-1, max-image-preview:large, max-video-preview:-1\" \/>\n<link rel=\"canonical\" href=\"https:\/\/batima.ch\/de\/loesungen\/entwicklungsvision\/\" \/>\n<meta property=\"og:locale\" content=\"de_DE\" \/>\n<meta property=\"og:type\" content=\"article\" \/>\n<meta property=\"og:title\" content=\"ENTWICKLUNGSVISION - batima.ch\" \/>\n<meta property=\"og:description\" content=\"EINE ANDEREVISION VONENTWICKLUNG-PEMENT Als Bautr\u00e4ger und Bauunternehmer bieten wir kleinen, ma\u00dfgeschneiderten Projekten ein gro\u00dfes Netzwerk von multidisziplin\u00e4ren Spezialisten. Batima-Projekte sind das Ergebnis von Zuh\u00f6ren und Dialog im Dienste einer Architektur, die nach den Grunds\u00e4tzen des Kulturerbes entworfen wurde.Die Umwandlung einer Immobilie unter Ber\u00fccksichtigung der Geschichte des Ortes und der individuellen Werte. EINE IMMOBILIE INDEM RESPEKTDER [&hellip;]\" \/>\n<meta property=\"og:url\" content=\"https:\/\/batima.ch\/de\/loesungen\/entwicklungsvision\/\" \/>\n<meta property=\"og:site_name\" content=\"batima.ch\" \/>\n<meta property=\"article:modified_time\" content=\"2026-04-12T11:50:54+00:00\" \/>\n<meta property=\"og:image\" content=\"https:\/\/batima.ch\/wp-content\/uploads\/2026\/03\/Asset-21-1.png\" \/>\n\t<meta property=\"og:image:width\" content=\"179\" \/>\n\t<meta property=\"og:image:height\" content=\"179\" \/>\n\t<meta property=\"og:image:type\" content=\"image\/png\" \/>\n<meta name=\"twitter:card\" content=\"summary_large_image\" \/>\n<meta name=\"twitter:label1\" content=\"Gesch\u00e4tzte Lesezeit\" \/>\n\t<meta name=\"twitter:data1\" content=\"1\u00a0Minute\" \/>\n<script type=\"application\/ld+json\" class=\"yoast-schema-graph\">{\"@context\":\"https:\\\/\\\/schema.org\",\"@graph\":[{\"@type\":\"WebPage\",\"@id\":\"https:\\\/\\\/batima.ch\\\/de\\\/loesungen\\\/entwicklungsvision\\\/\",\"url\":\"https:\\\/\\\/batima.ch\\\/de\\\/loesungen\\\/entwicklungsvision\\\/\",\"name\":\"ENTWICKLUNGSVISION - batima.ch\",\"isPartOf\":{\"@id\":\"https:\\\/\\\/batima.ch\\\/de\\\/#website\"},\"primaryImageOfPage\":{\"@id\":\"https:\\\/\\\/batima.ch\\\/de\\\/loesungen\\\/entwicklungsvision\\\/#primaryimage\"},\"image\":{\"@id\":\"https:\\\/\\\/batima.ch\\\/de\\\/loesungen\\\/entwicklungsvision\\\/#primaryimage\"},\"thumbnailUrl\":\"https:\\\/\\\/batima.ch\\\/wp-content\\\/uploads\\\/2026\\\/03\\\/Asset-21-1-150x150.png\",\"datePublished\":\"2025-11-19T19:00:11+00:00\",\"dateModified\":\"2026-04-12T11:50:54+00:00\",\"breadcrumb\":{\"@id\":\"https:\\\/\\\/batima.ch\\\/de\\\/loesungen\\\/entwicklungsvision\\\/#breadcrumb\"},\"inLanguage\":\"de\",\"potentialAction\":[{\"@type\":\"ReadAction\",\"target\":[\"https:\\\/\\\/batima.ch\\\/de\\\/loesungen\\\/entwicklungsvision\\\/\"]}]},{\"@type\":\"ImageObject\",\"inLanguage\":\"de\",\"@id\":\"https:\\\/\\\/batima.ch\\\/de\\\/loesungen\\\/entwicklungsvision\\\/#primaryimage\",\"url\":\"https:\\\/\\\/batima.ch\\\/wp-content\\\/uploads\\\/2026\\\/03\\\/Asset-21-1-150x150.png\",\"contentUrl\":\"https:\\\/\\\/batima.ch\\\/wp-content\\\/uploads\\\/2026\\\/03\\\/Asset-21-1-150x150.png\"},{\"@type\":\"BreadcrumbList\",\"@id\":\"https:\\\/\\\/batima.ch\\\/de\\\/loesungen\\\/entwicklungsvision\\\/#breadcrumb\",\"itemListElement\":[{\"@type\":\"ListItem\",\"position\":1,\"name\":\"Home\",\"item\":\"https:\\\/\\\/batima.ch\\\/de\\\/\"},{\"@type\":\"ListItem\",\"position\":2,\"name\":\"L\u00d6SUNGEN\",\"item\":\"https:\\\/\\\/batima.ch\\\/de\\\/solutions\\\/\"},{\"@type\":\"ListItem\",\"position\":3,\"name\":\"ENTWICKLUNGSVISION\"}]},{\"@type\":\"WebSite\",\"@id\":\"https:\\\/\\\/batima.ch\\\/de\\\/#website\",\"url\":\"https:\\\/\\\/batima.ch\\\/de\\\/\",\"name\":\"batima.ch\",\"description\":\"\",\"publisher\":{\"@id\":\"https:\\\/\\\/batima.ch\\\/de\\\/#organization\"},\"potentialAction\":[{\"@type\":\"SearchAction\",\"target\":{\"@type\":\"EntryPoint\",\"urlTemplate\":\"https:\\\/\\\/batima.ch\\\/de\\\/?s={search_term_string}\"},\"query-input\":{\"@type\":\"PropertyValueSpecification\",\"valueRequired\":true,\"valueName\":\"search_term_string\"}}],\"inLanguage\":\"de\"},{\"@type\":\"Organization\",\"@id\":\"https:\\\/\\\/batima.ch\\\/de\\\/#organization\",\"name\":\"Batima S.A\",\"url\":\"https:\\\/\\\/batima.ch\\\/de\\\/\",\"logo\":{\"@type\":\"ImageObject\",\"inLanguage\":\"de\",\"@id\":\"https:\\\/\\\/batima.ch\\\/de\\\/#\\\/schema\\\/logo\\\/image\\\/\",\"url\":\"https:\\\/\\\/batima.ch\\\/wp-content\\\/uploads\\\/2025\\\/11\\\/Asset-22.svg\",\"contentUrl\":\"https:\\\/\\\/batima.ch\\\/wp-content\\\/uploads\\\/2025\\\/11\\\/Asset-22.svg\",\"width\":733,\"height\":185,\"caption\":\"Batima S.A\"},\"image\":{\"@id\":\"https:\\\/\\\/batima.ch\\\/de\\\/#\\\/schema\\\/logo\\\/image\\\/\"},\"sameAs\":[\"https:\\\/\\\/www.instagram.com\\\/groupebatima\\\/\"]}]}<\/script>\n<!-- \/ Yoast SEO plugin. -->","yoast_head_json":{"title":"ENTWICKLUNGSVISION - batima.ch","robots":{"index":"index","follow":"follow","max-snippet":"max-snippet:-1","max-image-preview":"max-image-preview:large","max-video-preview":"max-video-preview:-1"},"canonical":"https:\/\/batima.ch\/de\/loesungen\/entwicklungsvision\/","og_locale":"de_DE","og_type":"article","og_title":"ENTWICKLUNGSVISION - batima.ch","og_description":"EINE ANDEREVISION VONENTWICKLUNG-PEMENT Als Bautr\u00e4ger und Bauunternehmer bieten wir kleinen, ma\u00dfgeschneiderten Projekten ein gro\u00dfes Netzwerk von multidisziplin\u00e4ren Spezialisten. Batima-Projekte sind das Ergebnis von Zuh\u00f6ren und Dialog im Dienste einer Architektur, die nach den Grunds\u00e4tzen des Kulturerbes entworfen wurde.Die Umwandlung einer Immobilie unter Ber\u00fccksichtigung der Geschichte des Ortes und der individuellen Werte. EINE IMMOBILIE INDEM RESPEKTDER [&hellip;]","og_url":"https:\/\/batima.ch\/de\/loesungen\/entwicklungsvision\/","og_site_name":"batima.ch","article_modified_time":"2026-04-12T11:50:54+00:00","og_image":[{"width":179,"height":179,"url":"https:\/\/batima.ch\/wp-content\/uploads\/2026\/03\/Asset-21-1.png","type":"image\/png"}],"twitter_card":"summary_large_image","twitter_misc":{"Gesch\u00e4tzte Lesezeit":"1\u00a0Minute"},"schema":{"@context":"https:\/\/schema.org","@graph":[{"@type":"WebPage","@id":"https:\/\/batima.ch\/de\/loesungen\/entwicklungsvision\/","url":"https:\/\/batima.ch\/de\/loesungen\/entwicklungsvision\/","name":"ENTWICKLUNGSVISION - batima.ch","isPartOf":{"@id":"https:\/\/batima.ch\/de\/#website"},"primaryImageOfPage":{"@id":"https:\/\/batima.ch\/de\/loesungen\/entwicklungsvision\/#primaryimage"},"image":{"@id":"https:\/\/batima.ch\/de\/loesungen\/entwicklungsvision\/#primaryimage"},"thumbnailUrl":"https:\/\/batima.ch\/wp-content\/uploads\/2026\/03\/Asset-21-1-150x150.png","datePublished":"2025-11-19T19:00:11+00:00","dateModified":"2026-04-12T11:50:54+00:00","breadcrumb":{"@id":"https:\/\/batima.ch\/de\/loesungen\/entwicklungsvision\/#breadcrumb"},"inLanguage":"de","potentialAction":[{"@type":"ReadAction","target":["https:\/\/batima.ch\/de\/loesungen\/entwicklungsvision\/"]}]},{"@type":"ImageObject","inLanguage":"de","@id":"https:\/\/batima.ch\/de\/loesungen\/entwicklungsvision\/#primaryimage","url":"https:\/\/batima.ch\/wp-content\/uploads\/2026\/03\/Asset-21-1-150x150.png","contentUrl":"https:\/\/batima.ch\/wp-content\/uploads\/2026\/03\/Asset-21-1-150x150.png"},{"@type":"BreadcrumbList","@id":"https:\/\/batima.ch\/de\/loesungen\/entwicklungsvision\/#breadcrumb","itemListElement":[{"@type":"ListItem","position":1,"name":"Home","item":"https:\/\/batima.ch\/de\/"},{"@type":"ListItem","position":2,"name":"L\u00d6SUNGEN","item":"https:\/\/batima.ch\/de\/solutions\/"},{"@type":"ListItem","position":3,"name":"ENTWICKLUNGSVISION"}]},{"@type":"WebSite","@id":"https:\/\/batima.ch\/de\/#website","url":"https:\/\/batima.ch\/de\/","name":"batima.ch","description":"","publisher":{"@id":"https:\/\/batima.ch\/de\/#organization"},"potentialAction":[{"@type":"SearchAction","target":{"@type":"EntryPoint","urlTemplate":"https:\/\/batima.ch\/de\/?s={search_term_string}"},"query-input":{"@type":"PropertyValueSpecification","valueRequired":true,"valueName":"search_term_string"}}],"inLanguage":"de"},{"@type":"Organization","@id":"https:\/\/batima.ch\/de\/#organization","name":"Batima S.A","url":"https:\/\/batima.ch\/de\/","logo":{"@type":"ImageObject","inLanguage":"de","@id":"https:\/\/batima.ch\/de\/#\/schema\/logo\/image\/","url":"https:\/\/batima.ch\/wp-content\/uploads\/2025\/11\/Asset-22.svg","contentUrl":"https:\/\/batima.ch\/wp-content\/uploads\/2025\/11\/Asset-22.svg","width":733,"height":185,"caption":"Batima S.A"},"image":{"@id":"https:\/\/batima.ch\/de\/#\/schema\/logo\/image\/"},"sameAs":["https:\/\/www.instagram.com\/groupebatima\/"]}]}},"_links":{"self":[{"href":"https:\/\/batima.ch\/de\/wp-json\/wp\/v2\/pages\/2086","targetHints":{"allow":["GET"]}}],"collection":[{"href":"https:\/\/batima.ch\/de\/wp-json\/wp\/v2\/pages"}],"about":[{"href":"https:\/\/batima.ch\/de\/wp-json\/wp\/v2\/types\/page"}],"author":[{"embeddable":true,"href":"https:\/\/batima.ch\/de\/wp-json\/wp\/v2\/users\/1"}],"replies":[{"embeddable":true,"href":"https:\/\/batima.ch\/de\/wp-json\/wp\/v2\/comments?post=2086"}],"version-history":[{"count":6,"href":"https:\/\/batima.ch\/de\/wp-json\/wp\/v2\/pages\/2086\/revisions"}],"predecessor-version":[{"id":3754,"href":"https:\/\/batima.ch\/de\/wp-json\/wp\/v2\/pages\/2086\/revisions\/3754"}],"up":[{"embeddable":true,"href":"https:\/\/batima.ch\/de\/wp-json\/wp\/v2\/pages\/2228"}],"wp:attachment":[{"href":"https:\/\/batima.ch\/de\/wp-json\/wp\/v2\/media?parent=2086"}],"curies":[{"name":"wp","href":"https:\/\/api.w.org\/{rel}","templated":true}]}}