{"id":2053,"date":"2025-11-19T19:00:11","date_gmt":"2025-11-19T19:00:11","guid":{"rendered":"https:\/\/dev.batima.ch\/familiengeschichte\/"},"modified":"2026-04-15T08:48:09","modified_gmt":"2026-04-15T08:48:09","slug":"familiengeschichte","status":"publish","type":"page","link":"https:\/\/batima.ch\/de\/vermaechtnis\/familiengeschichte\/","title":{"rendered":"FAMILIENGESCHICHTE"},"content":{"rendered":"\t\t<div data-elementor-type=\"wp-post\" data-elementor-id=\"2053\" class=\"elementor elementor-2053 elementor-61\" data-elementor-post-type=\"page\">\n\t\t\t\t<div class=\"elementor-element elementor-element-ec1e72d e-flex e-con-boxed e-con e-parent\" data-id=\"ec1e72d\" data-element_type=\"container\">\n\t\t\t\t\t<div class=\"e-con-inner\">\n\t\t<div class=\"elementor-element elementor-element-8b6b47d e-con-full e-flex e-con e-child\" data-id=\"8b6b47d\" data-element_type=\"container\">\n\t\t\t\t<div class=\"elementor-element elementor-element-9a7207f elementor-invisible elementor-widget elementor-widget-heading\" data-id=\"9a7207f\" data-element_type=\"widget\" data-settings=\"{&quot;_animation&quot;:&quot;fadeInLeft&quot;}\" data-widget_type=\"heading.default\">\n\t\t\t\t\t<h2 class=\"elementor-heading-title elementor-size-default\">EINE FAMILIENGESCHICHTE<br><\/h2>\t\t\t\t<\/div>\n\t\t<div class=\"elementor-element elementor-element-f10a09c e-con-full e-flex e-con e-child\" data-id=\"f10a09c\" data-element_type=\"container\">\n\t\t\t\t<div class=\"elementor-element elementor-element-7620143 elementor-invisible elementor-widget elementor-widget-text-editor\" data-id=\"7620143\" data-element_type=\"widget\" data-settings=\"{&quot;_animation&quot;:&quot;fadeInLeft&quot;}\" data-widget_type=\"text-editor.default\">\n\t\t\t\t\t\t\t\t\t<p>1965 gr\u00fcndete Gabriel Aknin das Unternehmen Batima mit der Absicht, die Immobilienentwicklung, die sich damals im Umbruch befand, mit der Zeit in Einklang zu bringen. Seine ersten Projekte, die <strong>Einfallsreichtum, Kreativit\u00e4t, unternehmerische Agilit\u00e4t und soziologisches Denken<\/strong> in sich vereinten, begr\u00fcndeten seinen Ruf, der sich im Laufe der Jahre in bedeutenden Projekten niederschlug. <\/p><p>Seine beiden S\u00f6hne, Yves und Gilles Aknin, sorgen seit mehr als 25 Jahren f\u00fcr den Fortbestand dieser Vision, die den Bed\u00fcrfnissen des Marktes entspricht, in einem kontinuierlichen Prozess der Verbesserung.<\/p>\t\t\t\t\t\t\t\t<\/div>\n\t\t\t\t<\/div>\n\t\t\t\t<div class=\"elementor-element elementor-element-237f3d1 elementor-widget elementor-widget-image\" data-id=\"237f3d1\" data-element_type=\"widget\" data-widget_type=\"image.default\">\n\t\t\t\t\t\t\t\t\t\t\t\t\t\t\t<img decoding=\"async\" src=\"https:\/\/batima.ch\/wp-content\/uploads\/2025\/12\/Asset-5.jpg\" title=\"\" alt=\"\" loading=\"lazy\" \/>\t\t\t\t\t\t\t\t\t\t\t\t\t\t\t<\/div>\n\t\t\t\t<\/div>\n\t\t<div class=\"elementor-element elementor-element-0d6bc7e e-con-full e-flex e-con e-child\" data-id=\"0d6bc7e\" data-element_type=\"container\" data-settings=\"{&quot;background_background&quot;:&quot;classic&quot;}\">\n\t\t\t\t<div class=\"elementor-element elementor-element-ea667d2 elementor-hidden-desktop elementor-hidden-tablet elementor-widget elementor-widget-heading\" data-id=\"ea667d2\" data-element_type=\"widget\" data-widget_type=\"heading.default\">\n\t\t\t\t\t<h2 class=\"elementor-heading-title elementor-size-default\">61 JAHRE<br>AUS LEIDENSCHAFT<br>IMMOBILIEN<br>VOM VATER ZUM SOHN<\/h2>\t\t\t\t<\/div>\n\t\t\t\t<div class=\"elementor-element elementor-element-7572416 elementor-hidden-mobile elementor-widget elementor-widget-heading\" data-id=\"7572416\" data-element_type=\"widget\" data-widget_type=\"heading.default\">\n\t\t\t\t\t<h2 class=\"elementor-heading-title elementor-size-default\">61 JAHRE<br>AUS LEIDENSCHAFT<br>IMMOBILIEN<br>VOM VATER ZUM SOHN<\/h2>\t\t\t\t<\/div>\n\t\t\t\t<\/div>\n\t\t\t\t\t<\/div>\n\t\t\t\t<\/div>\n\t\t<div class=\"elementor-element elementor-element-2ae63c2 e-flex e-con-boxed e-con e-parent\" data-id=\"2ae63c2\" data-element_type=\"container\">\n\t\t\t\t\t<div class=\"e-con-inner\">\n\t\t\t\t<div class=\"elementor-element elementor-element-79127b9 elementor-align-center elementor-widget elementor-widget-button\" data-id=\"79127b9\" data-element_type=\"widget\" data-widget_type=\"button.default\">\n\t\t\t\t\t\t\t\t\t\t<a class=\"elementor-button elementor-button-link elementor-size-sm\" href=\"https:\/\/batima.ch\/wp-content\/uploads\/2026\/02\/BATIMA_Histoire-de-famille.pdf\" target=\"_blank\">\n\t\t\t\t\t\t<span class=\"elementor-button-content-wrapper\">\n\t\t\t\t\t\t\t\t\t<span class=\"elementor-button-text\">BROSCH\u00dcRE HERUNTERLADEN<\/span>\n\t\t\t\t\t<\/span>\n\t\t\t\t\t<\/a>\n\t\t\t\t\t\t\t\t<\/div>\n\t\t\t\t\t<\/div>\n\t\t\t\t<\/div>\n\t\t<div class=\"elementor-element elementor-element-b598b0f e-flex e-con-boxed e-con e-parent\" data-id=\"b598b0f\" data-element_type=\"container\" data-settings=\"{&quot;background_background&quot;:&quot;classic&quot;}\">\n\t\t\t\t\t<div class=\"e-con-inner\">\n\t\t<div class=\"elementor-element elementor-element-f7e61a7 e-con-full e-flex e-con e-child\" data-id=\"f7e61a7\" data-element_type=\"container\">\n\t\t\t\t<div class=\"elementor-element elementor-element-05edc68 elementor-widget elementor-widget-heading\" data-id=\"05edc68\" data-element_type=\"widget\" data-widget_type=\"heading.default\">\n\t\t\t\t\t<h2 class=\"elementor-heading-title elementor-size-default\">EINEN SINN F\u00dcR KONKRETE<br>,<br>IN VERBINDUNG MIT<br>EINE SOLIDE<br>F\u00c4HIGKEIT ZUR<br>INNOVATION,<\/h2>\t\t\t\t<\/div>\n\t\t\t\t<div class=\"elementor-element elementor-element-0d23639 elementor-widget elementor-widget-heading\" data-id=\"0d23639\" data-element_type=\"widget\" data-widget_type=\"heading.default\">\n\t\t\t\t\t<h2 class=\"elementor-heading-title elementor-size-default\">DIE UNTERSCHRIFT VON<br>GABRIEL AKNIN<\/h2>\t\t\t\t<\/div>\n\t\t\t\t<\/div>\n\t\t<div class=\"elementor-element elementor-element-3d0c419 e-con-full elementor-hidden-mobile e-flex e-con e-child\" data-id=\"3d0c419\" data-element_type=\"container\">\n\t\t\t\t<\/div>\n\t\t<div class=\"elementor-element elementor-element-f0a1619 e-con-full elementor-hidden-mobile e-flex e-con e-child\" data-id=\"f0a1619\" data-element_type=\"container\">\n\t\t\t\t<\/div>\n\t\t\t\t\t<\/div>\n\t\t\t\t<\/div>\n\t\t<div class=\"elementor-element elementor-element-851f16f e-flex e-con-boxed e-con e-parent\" data-id=\"851f16f\" data-element_type=\"container\">\n\t\t\t\t\t<div class=\"e-con-inner\">\n\t\t\t\t\t<\/div>\n\t\t\t\t<\/div>\n\t\t<div class=\"elementor-element elementor-element-6a19044 e-flex e-con-boxed e-con e-parent\" data-id=\"6a19044\" data-element_type=\"container\">\n\t\t\t\t\t<div class=\"e-con-inner\">\n\t\t<div class=\"elementor-element elementor-element-8f4ccb5 e-con-full e-flex e-con e-child\" data-id=\"8f4ccb5\" data-element_type=\"container\">\n\t\t\t\t<div class=\"elementor-element elementor-element-2ffb6f2 elementor-invisible elementor-widget elementor-widget-heading\" data-id=\"2ffb6f2\" data-element_type=\"widget\" data-settings=\"{&quot;_animation&quot;:&quot;fadeInLeft&quot;}\" data-widget_type=\"heading.default\">\n\t\t\t\t\t<h2 class=\"elementor-heading-title elementor-size-default\">UNSERE PHILOSOPHIE<\/h2>\t\t\t\t<\/div>\n\t\t\t\t<div class=\"elementor-element elementor-element-1de06b0 elementor-invisible elementor-widget elementor-widget-text-editor\" data-id=\"1de06b0\" data-element_type=\"widget\" data-settings=\"{&quot;_animation&quot;:&quot;fadeInLeft&quot;}\" data-widget_type=\"text-editor.default\">\n\t\t\t\t\t\t\t\t\t<p>Die von uns angewandte Erbschaftslogik besteht darin, dass <strong>wir eine Transaktion so durchf\u00fchren, als ob wir sie selbst behalten w\u00fcrden<\/strong>, was manchmal der Fall ist. Ein weiteres Merkmal unserer T\u00e4tigkeit ist, dass wir den Grundst\u00fccksverk\u00e4ufern anbieten, eine oder mehrere Wohnungen in dem neuen Komplex zu behalten. Dies beeinflusst nicht nur seine Wahrnehmung, sondern auch unsere, da es den Qualit\u00e4tsbegriff in einen langfristigen Horizont einbettet.  <\/p>\t\t\t\t\t\t\t\t<\/div>\n\t\t\t\t<\/div>\n\t\t<div class=\"elementor-element elementor-element-201d570 e-con-full e-flex e-con e-child\" data-id=\"201d570\" data-element_type=\"container\" data-settings=\"{&quot;background_background&quot;:&quot;classic&quot;}\">\n\t\t\t\t<\/div>\n\t\t\t\t\t<\/div>\n\t\t\t\t<\/div>\n\t\t<div class=\"elementor-element elementor-element-afde48a e-flex e-con-boxed e-con e-parent\" data-id=\"afde48a\" data-element_type=\"container\">\n\t\t\t\t\t<div class=\"e-con-inner\">\n\t\t<div class=\"elementor-element elementor-element-6c8ff02 e-con-full e-flex e-con e-child\" data-id=\"6c8ff02\" data-element_type=\"container\" data-settings=\"{&quot;background_background&quot;:&quot;classic&quot;}\">\n\t\t\t\t<\/div>\n\t\t<div class=\"elementor-element elementor-element-6468915 e-con-full elementor-hidden-mobile e-flex e-con e-child\" data-id=\"6468915\" data-element_type=\"container\" data-settings=\"{&quot;background_background&quot;:&quot;classic&quot;}\">\n\t\t\t\t<\/div>\n\t\t\t\t\t<\/div>\n\t\t\t\t<\/div>\n\t\t<div class=\"elementor-element elementor-element-c2b3315 e-flex e-con-boxed e-con e-parent\" data-id=\"c2b3315\" data-element_type=\"container\">\n\t\t\t\t\t<div class=\"e-con-inner\">\n\t\t\t\t<div class=\"elementor-element elementor-element-9fd1011 elementor-invisible elementor-widget elementor-widget-heading\" data-id=\"9fd1011\" data-element_type=\"widget\" data-settings=\"{&quot;_animation&quot;:&quot;fadeInUp&quot;}\" data-widget_type=\"heading.default\">\n\t\t\t\t\t<h2 class=\"elementor-heading-title elementor-size-default\">\nUNSER ZIEL IST ES, ZUK\u00dcNFTIGE STANDARDS ZU ANTIZIPIEREN, INDEM WIR BEREITS HEUTE EHRGEIZIGE PRINZIPIEN DER NACHHALTIGKEIT, DER ENERGIEEFFIZIENZ\nUND DES WOHLBEFINDENS IN JEDER PHASE DES PROJEKTS UMSETZEN.<\/h2>\t\t\t\t<\/div>\n\t\t\t\t<div class=\"elementor-element elementor-element-2ff2740 elementor-invisible elementor-widget elementor-widget-heading\" data-id=\"2ff2740\" data-element_type=\"widget\" data-settings=\"{&quot;_animation&quot;:&quot;fadeInUp&quot;}\" data-widget_type=\"heading.default\">\n\t\t\t\t\t<h2 class=\"elementor-heading-title elementor-size-default\">YVES UND GILLES AKNIN<\/h2>\t\t\t\t<\/div>\n\t\t\t\t\t<\/div>\n\t\t\t\t<\/div>\n\t\t<div class=\"elementor-element elementor-element-e72a1c7 e-flex e-con-boxed e-con e-parent\" data-id=\"e72a1c7\" data-element_type=\"container\">\n\t\t\t\t\t<div class=\"e-con-inner\">\n\t\t\t\t<div class=\"elementor-element elementor-element-fb0fc47 elementor-widget elementor-widget-spacer\" data-id=\"fb0fc47\" data-element_type=\"widget\" data-widget_type=\"spacer.default\">\n\t\t\t\t\t\t\t<div class=\"elementor-spacer\">\n\t\t\t<div class=\"elementor-spacer-inner\"><\/div>\n\t\t<\/div>\n\t\t\t\t\t\t<\/div>\n\t\t\t\t\t<\/div>\n\t\t\t\t<\/div>\n\t\t\t\t<\/div>\n\t\t","protected":false},"excerpt":{"rendered":"<p>EINE FAMILIENGESCHICHTE 1965 gr\u00fcndete Gabriel Aknin das Unternehmen Batima mit der Absicht, die Immobilienentwicklung, die sich damals im Umbruch befand, mit der Zeit in Einklang zu bringen. Seine ersten Projekte, die Einfallsreichtum, Kreativit\u00e4t, unternehmerische Agilit\u00e4t und soziologisches Denken in sich vereinten, begr\u00fcndeten seinen Ruf, der sich im Laufe der Jahre in bedeutenden Projekten niederschlug. Seine [&hellip;]<\/p>\n","protected":false},"author":1,"featured_media":0,"parent":2260,"menu_order":0,"comment_status":"closed","ping_status":"closed","template":"","meta":{"footnotes":""},"class_list":["post-2053","page","type-page","status-publish","hentry"],"yoast_head":"<!-- This site is optimized with the Yoast SEO plugin v27.4 - https:\/\/yoast.com\/product\/yoast-seo-wordpress\/ -->\n<title>FAMILIENGESCHICHTE - batima.ch<\/title>\n<meta name=\"robots\" content=\"index, follow, max-snippet:-1, max-image-preview:large, max-video-preview:-1\" \/>\n<link rel=\"canonical\" href=\"https:\/\/batima.ch\/de\/vermaechtnis\/familiengeschichte\/\" \/>\n<meta property=\"og:locale\" content=\"de_DE\" \/>\n<meta property=\"og:type\" content=\"article\" \/>\n<meta property=\"og:title\" content=\"FAMILIENGESCHICHTE - batima.ch\" \/>\n<meta property=\"og:description\" content=\"EINE FAMILIENGESCHICHTE 1965 gr\u00fcndete Gabriel Aknin das Unternehmen Batima mit der Absicht, die Immobilienentwicklung, die sich damals im Umbruch befand, mit der Zeit in Einklang zu bringen. Seine ersten Projekte, die Einfallsreichtum, Kreativit\u00e4t, unternehmerische Agilit\u00e4t und soziologisches Denken in sich vereinten, begr\u00fcndeten seinen Ruf, der sich im Laufe der Jahre in bedeutenden Projekten niederschlug. Seine [&hellip;]\" \/>\n<meta property=\"og:url\" content=\"https:\/\/batima.ch\/de\/vermaechtnis\/familiengeschichte\/\" \/>\n<meta property=\"og:site_name\" content=\"batima.ch\" \/>\n<meta property=\"article:modified_time\" content=\"2026-04-15T08:48:09+00:00\" \/>\n<meta property=\"og:image\" content=\"https:\/\/batima.ch\/wp-content\/uploads\/2025\/12\/Asset-5.jpg\" \/>\n<meta name=\"twitter:card\" content=\"summary_large_image\" \/>\n<meta name=\"twitter:label1\" content=\"Gesch\u00e4tzte Lesezeit\" \/>\n\t<meta name=\"twitter:data1\" content=\"1\u00a0Minute\" \/>\n<script type=\"application\/ld+json\" class=\"yoast-schema-graph\">{\"@context\":\"https:\\\/\\\/schema.org\",\"@graph\":[{\"@type\":\"WebPage\",\"@id\":\"https:\\\/\\\/batima.ch\\\/de\\\/vermaechtnis\\\/familiengeschichte\\\/\",\"url\":\"https:\\\/\\\/batima.ch\\\/de\\\/vermaechtnis\\\/familiengeschichte\\\/\",\"name\":\"FAMILIENGESCHICHTE - batima.ch\",\"isPartOf\":{\"@id\":\"https:\\\/\\\/batima.ch\\\/de\\\/#website\"},\"primaryImageOfPage\":{\"@id\":\"https:\\\/\\\/batima.ch\\\/de\\\/vermaechtnis\\\/familiengeschichte\\\/#primaryimage\"},\"image\":{\"@id\":\"https:\\\/\\\/batima.ch\\\/de\\\/vermaechtnis\\\/familiengeschichte\\\/#primaryimage\"},\"thumbnailUrl\":\"https:\\\/\\\/batima.ch\\\/wp-content\\\/uploads\\\/2025\\\/12\\\/Asset-5.jpg\",\"datePublished\":\"2025-11-19T19:00:11+00:00\",\"dateModified\":\"2026-04-15T08:48:09+00:00\",\"breadcrumb\":{\"@id\":\"https:\\\/\\\/batima.ch\\\/de\\\/vermaechtnis\\\/familiengeschichte\\\/#breadcrumb\"},\"inLanguage\":\"de\",\"potentialAction\":[{\"@type\":\"ReadAction\",\"target\":[\"https:\\\/\\\/batima.ch\\\/de\\\/vermaechtnis\\\/familiengeschichte\\\/\"]}]},{\"@type\":\"ImageObject\",\"inLanguage\":\"de\",\"@id\":\"https:\\\/\\\/batima.ch\\\/de\\\/vermaechtnis\\\/familiengeschichte\\\/#primaryimage\",\"url\":\"https:\\\/\\\/batima.ch\\\/wp-content\\\/uploads\\\/2025\\\/12\\\/Asset-5.jpg\",\"contentUrl\":\"https:\\\/\\\/batima.ch\\\/wp-content\\\/uploads\\\/2025\\\/12\\\/Asset-5.jpg\"},{\"@type\":\"BreadcrumbList\",\"@id\":\"https:\\\/\\\/batima.ch\\\/de\\\/vermaechtnis\\\/familiengeschichte\\\/#breadcrumb\",\"itemListElement\":[{\"@type\":\"ListItem\",\"position\":1,\"name\":\"Home\",\"item\":\"https:\\\/\\\/batima.ch\\\/de\\\/\"},{\"@type\":\"ListItem\",\"position\":2,\"name\":\"VERM\u00c4CHTNIS\",\"item\":\"https:\\\/\\\/batima.ch\\\/de\\\/legacy\\\/\"},{\"@type\":\"ListItem\",\"position\":3,\"name\":\"FAMILIENGESCHICHTE\"}]},{\"@type\":\"WebSite\",\"@id\":\"https:\\\/\\\/batima.ch\\\/de\\\/#website\",\"url\":\"https:\\\/\\\/batima.ch\\\/de\\\/\",\"name\":\"batima.ch\",\"description\":\"\",\"publisher\":{\"@id\":\"https:\\\/\\\/batima.ch\\\/de\\\/#organization\"},\"potentialAction\":[{\"@type\":\"SearchAction\",\"target\":{\"@type\":\"EntryPoint\",\"urlTemplate\":\"https:\\\/\\\/batima.ch\\\/de\\\/?s={search_term_string}\"},\"query-input\":{\"@type\":\"PropertyValueSpecification\",\"valueRequired\":true,\"valueName\":\"search_term_string\"}}],\"inLanguage\":\"de\"},{\"@type\":\"Organization\",\"@id\":\"https:\\\/\\\/batima.ch\\\/de\\\/#organization\",\"name\":\"Batima S.A\",\"url\":\"https:\\\/\\\/batima.ch\\\/de\\\/\",\"logo\":{\"@type\":\"ImageObject\",\"inLanguage\":\"de\",\"@id\":\"https:\\\/\\\/batima.ch\\\/de\\\/#\\\/schema\\\/logo\\\/image\\\/\",\"url\":\"https:\\\/\\\/batima.ch\\\/wp-content\\\/uploads\\\/2025\\\/11\\\/Asset-22.svg\",\"contentUrl\":\"https:\\\/\\\/batima.ch\\\/wp-content\\\/uploads\\\/2025\\\/11\\\/Asset-22.svg\",\"width\":733,\"height\":185,\"caption\":\"Batima S.A\"},\"image\":{\"@id\":\"https:\\\/\\\/batima.ch\\\/de\\\/#\\\/schema\\\/logo\\\/image\\\/\"},\"sameAs\":[\"https:\\\/\\\/www.instagram.com\\\/groupebatima\\\/\"]}]}<\/script>\n<!-- \/ Yoast SEO plugin. -->","yoast_head_json":{"title":"FAMILIENGESCHICHTE - batima.ch","robots":{"index":"index","follow":"follow","max-snippet":"max-snippet:-1","max-image-preview":"max-image-preview:large","max-video-preview":"max-video-preview:-1"},"canonical":"https:\/\/batima.ch\/de\/vermaechtnis\/familiengeschichte\/","og_locale":"de_DE","og_type":"article","og_title":"FAMILIENGESCHICHTE - batima.ch","og_description":"EINE FAMILIENGESCHICHTE 1965 gr\u00fcndete Gabriel Aknin das Unternehmen Batima mit der Absicht, die Immobilienentwicklung, die sich damals im Umbruch befand, mit der Zeit in Einklang zu bringen. Seine ersten Projekte, die Einfallsreichtum, Kreativit\u00e4t, unternehmerische Agilit\u00e4t und soziologisches Denken in sich vereinten, begr\u00fcndeten seinen Ruf, der sich im Laufe der Jahre in bedeutenden Projekten niederschlug. Seine [&hellip;]","og_url":"https:\/\/batima.ch\/de\/vermaechtnis\/familiengeschichte\/","og_site_name":"batima.ch","article_modified_time":"2026-04-15T08:48:09+00:00","og_image":[{"url":"https:\/\/batima.ch\/wp-content\/uploads\/2025\/12\/Asset-5.jpg","type":"","width":"","height":""}],"twitter_card":"summary_large_image","twitter_misc":{"Gesch\u00e4tzte Lesezeit":"1\u00a0Minute"},"schema":{"@context":"https:\/\/schema.org","@graph":[{"@type":"WebPage","@id":"https:\/\/batima.ch\/de\/vermaechtnis\/familiengeschichte\/","url":"https:\/\/batima.ch\/de\/vermaechtnis\/familiengeschichte\/","name":"FAMILIENGESCHICHTE - batima.ch","isPartOf":{"@id":"https:\/\/batima.ch\/de\/#website"},"primaryImageOfPage":{"@id":"https:\/\/batima.ch\/de\/vermaechtnis\/familiengeschichte\/#primaryimage"},"image":{"@id":"https:\/\/batima.ch\/de\/vermaechtnis\/familiengeschichte\/#primaryimage"},"thumbnailUrl":"https:\/\/batima.ch\/wp-content\/uploads\/2025\/12\/Asset-5.jpg","datePublished":"2025-11-19T19:00:11+00:00","dateModified":"2026-04-15T08:48:09+00:00","breadcrumb":{"@id":"https:\/\/batima.ch\/de\/vermaechtnis\/familiengeschichte\/#breadcrumb"},"inLanguage":"de","potentialAction":[{"@type":"ReadAction","target":["https:\/\/batima.ch\/de\/vermaechtnis\/familiengeschichte\/"]}]},{"@type":"ImageObject","inLanguage":"de","@id":"https:\/\/batima.ch\/de\/vermaechtnis\/familiengeschichte\/#primaryimage","url":"https:\/\/batima.ch\/wp-content\/uploads\/2025\/12\/Asset-5.jpg","contentUrl":"https:\/\/batima.ch\/wp-content\/uploads\/2025\/12\/Asset-5.jpg"},{"@type":"BreadcrumbList","@id":"https:\/\/batima.ch\/de\/vermaechtnis\/familiengeschichte\/#breadcrumb","itemListElement":[{"@type":"ListItem","position":1,"name":"Home","item":"https:\/\/batima.ch\/de\/"},{"@type":"ListItem","position":2,"name":"VERM\u00c4CHTNIS","item":"https:\/\/batima.ch\/de\/legacy\/"},{"@type":"ListItem","position":3,"name":"FAMILIENGESCHICHTE"}]},{"@type":"WebSite","@id":"https:\/\/batima.ch\/de\/#website","url":"https:\/\/batima.ch\/de\/","name":"batima.ch","description":"","publisher":{"@id":"https:\/\/batima.ch\/de\/#organization"},"potentialAction":[{"@type":"SearchAction","target":{"@type":"EntryPoint","urlTemplate":"https:\/\/batima.ch\/de\/?s={search_term_string}"},"query-input":{"@type":"PropertyValueSpecification","valueRequired":true,"valueName":"search_term_string"}}],"inLanguage":"de"},{"@type":"Organization","@id":"https:\/\/batima.ch\/de\/#organization","name":"Batima S.A","url":"https:\/\/batima.ch\/de\/","logo":{"@type":"ImageObject","inLanguage":"de","@id":"https:\/\/batima.ch\/de\/#\/schema\/logo\/image\/","url":"https:\/\/batima.ch\/wp-content\/uploads\/2025\/11\/Asset-22.svg","contentUrl":"https:\/\/batima.ch\/wp-content\/uploads\/2025\/11\/Asset-22.svg","width":733,"height":185,"caption":"Batima S.A"},"image":{"@id":"https:\/\/batima.ch\/de\/#\/schema\/logo\/image\/"},"sameAs":["https:\/\/www.instagram.com\/groupebatima\/"]}]}},"_links":{"self":[{"href":"https:\/\/batima.ch\/de\/wp-json\/wp\/v2\/pages\/2053","targetHints":{"allow":["GET"]}}],"collection":[{"href":"https:\/\/batima.ch\/de\/wp-json\/wp\/v2\/pages"}],"about":[{"href":"https:\/\/batima.ch\/de\/wp-json\/wp\/v2\/types\/page"}],"author":[{"embeddable":true,"href":"https:\/\/batima.ch\/de\/wp-json\/wp\/v2\/users\/1"}],"replies":[{"embeddable":true,"href":"https:\/\/batima.ch\/de\/wp-json\/wp\/v2\/comments?post=2053"}],"version-history":[{"count":23,"href":"https:\/\/batima.ch\/de\/wp-json\/wp\/v2\/pages\/2053\/revisions"}],"predecessor-version":[{"id":3868,"href":"https:\/\/batima.ch\/de\/wp-json\/wp\/v2\/pages\/2053\/revisions\/3868"}],"up":[{"embeddable":true,"href":"https:\/\/batima.ch\/de\/wp-json\/wp\/v2\/pages\/2260"}],"wp:attachment":[{"href":"https:\/\/batima.ch\/de\/wp-json\/wp\/v2\/media?parent=2053"}],"curies":[{"name":"wp","href":"https:\/\/api.w.org\/{rel}","templated":true}]}}