{"id":1989,"date":"2025-12-17T09:53:38","date_gmt":"2025-12-17T09:53:38","guid":{"rendered":"https:\/\/dev.batima.ch\/paris-16\/"},"modified":"2026-04-12T11:47:57","modified_gmt":"2026-04-12T11:47:57","slug":"paris-16","status":"publish","type":"page","link":"https:\/\/batima.ch\/de\/vermaechtnis\/unsere-realisierungen\/paris-16\/","title":{"rendered":"PARIS 16."},"content":{"rendered":"\t\t<div data-elementor-type=\"wp-page\" data-elementor-id=\"1989\" class=\"elementor elementor-1989 elementor-398\" data-elementor-post-type=\"page\">\n\t\t\t\t<div class=\"elementor-element elementor-element-60d70ca e-flex e-con-boxed e-con e-parent\" data-id=\"60d70ca\" data-element_type=\"container\" data-settings=\"{&quot;background_background&quot;:&quot;classic&quot;}\">\n\t\t\t\t\t<div class=\"e-con-inner\">\n\t\t<div class=\"elementor-element elementor-element-9e3a56f e-con-full e-flex e-con e-child\" data-id=\"9e3a56f\" data-element_type=\"container\">\n\t\t\t\t<div class=\"elementor-element elementor-element-f5ef406 elementor-invisible elementor-widget elementor-widget-heading\" data-id=\"f5ef406\" data-element_type=\"widget\" data-settings=\"{&quot;_animation&quot;:&quot;fadeInLeft&quot;}\" data-widget_type=\"heading.default\">\n\t\t\t\t\t<h2 class=\"elementor-heading-title elementor-size-default\">PARIS 16.<\/h2>\t\t\t\t<\/div>\n\t\t\t\t<div class=\"elementor-element elementor-element-0e367a6 elementor-invisible elementor-widget elementor-widget-text-editor\" data-id=\"0e367a6\" data-element_type=\"widget\" data-settings=\"{&quot;_animation&quot;:&quot;fadeInLeft&quot;}\" data-widget_type=\"text-editor.default\">\n\t\t\t\t\t\t\t\t\t<p>Ende der 60er- und Anfang der 70er-Jahre verdichtet sich Paris weiter, und das Stadtgef\u00fcge einiger Randviertel wandelt sich nach und nach, um neue Bewohner aufzunehmen.<\/p><p>Im 16<sup>.<\/sup> Arrondissement beteiligt sich Batima aktiv an diesem Wandel, indem einige der letzten Eigent\u00fcmer von Stadtpalais in den Bau hochwertiger Mehrfamilienh\u00e4user einbezogen werden.<\/p><p>Durch die Weiterentwicklung des Systems der Sachleistung erm\u00f6glicht Batima Eigent\u00fcmern von Immobilien, die ihren Bed\u00fcrfnissen nicht mehr entsprechen und zu kostspielig im Unterhalt geworden sind, zeitgem\u00e4\u00dfe Wohnungen zu beziehen und ihr Grundverm\u00f6gen in renditestarke Immobilien zu \u00fcberf\u00fchren.<\/p>\t\t\t\t\t\t\t\t<\/div>\n\t\t\t\t<\/div>\n\t\t<div class=\"elementor-element elementor-element-ae712f2 e-con-full e-flex elementor-invisible e-con e-child\" data-id=\"ae712f2\" data-element_type=\"container\" data-settings=\"{&quot;background_background&quot;:&quot;classic&quot;,&quot;animation&quot;:&quot;fadeInRight&quot;}\">\n\t\t\t\t<\/div>\n\t\t\t\t\t<\/div>\n\t\t\t\t<\/div>\n\t\t<div class=\"elementor-element elementor-element-70b1821 e-flex e-con-boxed elementor-invisible e-con e-parent\" data-id=\"70b1821\" data-element_type=\"container\" data-settings=\"{&quot;animation&quot;:&quot;fadeInDown&quot;}\">\n\t\t\t\t\t<div class=\"e-con-inner\">\n\t\t\t\t<div class=\"elementor-element elementor-element-c459c8f elementor-widget elementor-widget-counter\" data-id=\"c459c8f\" data-element_type=\"widget\" data-widget_type=\"counter.default\">\n\t\t\t\t\t\t\t<div class=\"elementor-counter\">\n\t\t\t<div class=\"elementor-counter-title\">m\u00b2 WOHN-<br>FL\u00c4CHE<\/div>\t\t\t<div class=\"elementor-counter-number-wrapper\">\n\t\t\t\t<span class=\"elementor-counter-number-prefix\"><\/span>\n\t\t\t\t<span class=\"elementor-counter-number\" data-duration=\"2000\" data-to-value=\"7000\" data-from-value=\"0\" data-delimiter=\",\">0<\/span>\n\t\t\t\t<span class=\"elementor-counter-number-suffix\"><\/span>\n\t\t\t<\/div>\n\t\t<\/div>\n\t\t\t\t\t\t<\/div>\n\t\t\t\t<div class=\"elementor-element elementor-element-5fb7321 elementor-widget elementor-widget-counter\" data-id=\"5fb7321\" data-element_type=\"widget\" data-widget_type=\"counter.default\">\n\t\t\t\t\t\t\t<div class=\"elementor-counter\">\n\t\t\t<div class=\"elementor-counter-title\">REALISIERTE <br>WOHNUNGEN<\/div>\t\t\t<div class=\"elementor-counter-number-wrapper\">\n\t\t\t\t<span class=\"elementor-counter-number-prefix\"><\/span>\n\t\t\t\t<span class=\"elementor-counter-number\" data-duration=\"2000\" data-to-value=\"450\" data-from-value=\"0\" data-delimiter=\",\">0<\/span>\n\t\t\t\t<span class=\"elementor-counter-number-suffix\"><\/span>\n\t\t\t<\/div>\n\t\t<\/div>\n\t\t\t\t\t\t<\/div>\n\t\t\t\t<div class=\"elementor-element elementor-element-a5ae7be elementor-widget elementor-widget-counter\" data-id=\"a5ae7be\" data-element_type=\"widget\" data-widget_type=\"counter.default\">\n\t\t\t\t\t\t\t<div class=\"elementor-counter\">\n\t\t\t<div class=\"elementor-counter-title\">GEB\u00c4UDE <br>IN F\u00dcNF JAHREN<\/div>\t\t\t<div class=\"elementor-counter-number-wrapper\">\n\t\t\t\t<span class=\"elementor-counter-number-prefix\"><\/span>\n\t\t\t\t<span class=\"elementor-counter-number\" data-duration=\"2000\" data-to-value=\"6\" data-from-value=\"0\" data-delimiter=\",\">0<\/span>\n\t\t\t\t<span class=\"elementor-counter-number-suffix\"><\/span>\n\t\t\t<\/div>\n\t\t<\/div>\n\t\t\t\t\t\t<\/div>\n\t\t\t\t\t<\/div>\n\t\t\t\t<\/div>\n\t\t<div class=\"elementor-element elementor-element-1aea8ce e-flex e-con-boxed e-con e-parent\" data-id=\"1aea8ce\" data-element_type=\"container\" data-settings=\"{&quot;background_background&quot;:&quot;classic&quot;}\">\n\t\t\t\t\t<div class=\"e-con-inner\">\n\t\t<div class=\"elementor-element elementor-element-c3f2ffe e-con-full e-flex elementor-invisible e-con e-child\" data-id=\"c3f2ffe\" data-element_type=\"container\" data-settings=\"{&quot;background_background&quot;:&quot;classic&quot;,&quot;animation&quot;:&quot;fadeInLeft&quot;}\">\n\t\t\t\t<\/div>\n\t\t<div class=\"elementor-element elementor-element-0c17030 e-con-full e-flex e-con e-child\" data-id=\"0c17030\" data-element_type=\"container\">\n\t\t\t\t<div class=\"elementor-element elementor-element-d6a2d31 eael_vto-vertical-rl elementor-invisible elementor-widget elementor-widget-heading\" data-id=\"d6a2d31\" data-element_type=\"widget\" data-settings=\"{&quot;_animation&quot;:&quot;fadeInUp&quot;}\" data-widget_type=\"heading.default\">\n\t\t\t\t\t<h2 class=\"elementor-heading-title elementor-size-default\">VERDICHTUNG <br>UMGESTALTUNG<\/h2>\t\t\t\t<\/div>\n\t\t\t\t<div class=\"elementor-element elementor-element-a193bfe elementor-invisible elementor-widget elementor-widget-text-editor\" data-id=\"a193bfe\" data-element_type=\"widget\" data-settings=\"{&quot;_animation&quot;:&quot;fadeInRight&quot;}\" data-widget_type=\"text-editor.default\">\n\t\t\t\t\t\t\t\t\t<p>LE S\u00c9R\u00c9NISSIME<\/p><p>Paris 16<sup>.<\/sup> | Frankreich<\/p><p>RUE DE LA TOUR<\/p><p>Paris 16<sup>.<\/sup> | Frankreich<\/p><p>RUE DU RANELAGH<\/p><p>Paris 16<sup>.<\/sup> | Frankreich<\/p><p>RUE CORTAMBERT<\/p><p>Paris 16<sup>.<\/sup> | Frankreich<\/p>\t\t\t\t\t\t\t\t<\/div>\n\t\t\t\t<\/div>\n\t\t\t\t\t<\/div>\n\t\t\t\t<\/div>\n\t\t<div class=\"elementor-element elementor-element-0821b6e e-flex e-con-boxed e-con e-parent\" data-id=\"0821b6e\" data-element_type=\"container\" data-settings=\"{&quot;background_background&quot;:&quot;classic&quot;}\">\n\t\t\t\t\t<div class=\"e-con-inner\">\n\t\t<div class=\"elementor-element elementor-element-d0094a7 e-con-full e-flex e-con e-child\" data-id=\"d0094a7\" data-element_type=\"container\" data-settings=\"{&quot;background_background&quot;:&quot;classic&quot;}\">\n\t\t\t\t<div class=\"elementor-element elementor-element-7305092 elementor-invisible elementor-widget elementor-widget-heading\" data-id=\"7305092\" data-element_type=\"widget\" data-settings=\"{&quot;_animation&quot;:&quot;fadeInLeft&quot;}\" data-widget_type=\"heading.default\">\n\t\t\t\t\t<h2 class=\"elementor-heading-title elementor-size-default\">ENDE DER 60ER-JAHRE <br>DAS STADTGEF\u00dcGE <br>EINIGER <br>RANDVIERTEL <br>WANDELT SICH<br>\n<\/h2>\t\t\t\t<\/div>\n\t\t\t\t<\/div>\n\t\t<div class=\"elementor-element elementor-element-ec490b7 e-con-full e-flex e-con e-child\" data-id=\"ec490b7\" data-element_type=\"container\">\n\t\t\t\t<div class=\"elementor-element elementor-element-c9ee50e gallery-spacing-custom elementor-invisible elementor-widget elementor-widget-image-gallery\" data-id=\"c9ee50e\" data-element_type=\"widget\" data-settings=\"{&quot;_animation&quot;:&quot;fadeInRight&quot;}\" data-widget_type=\"image-gallery.default\">\n\t\t\t\t\t\t\t<div class=\"elementor-image-gallery\">\n\t\t\t<div id='gallery-1' class='gallery galleryid-1989 gallery-columns-2 gallery-size-full'><figure class='gallery-item'>\n\t\t\t<div class='gallery-icon portrait'>\n\t\t\t\t<a data-elementor-open-lightbox=\"yes\" data-elementor-lightbox-slideshow=\"c9ee50e\" data-elementor-lightbox-title=\"Adobe Scan 14. Okt. 2025 (16).pdf\" data-e-action-hash=\"#elementor-action%3Aaction%3Dlightbox%26settings%3DeyJpZCI6MTk4NiwidXJsIjoiaHR0cHM6XC9cL2JhdGltYS5jaFwvd3AtY29udGVudFwvdXBsb2Fkc1wvMjAyNlwvMDJcL1Jlc2lkZW5jZS1sYS1Ub3VyLVBoaWxpcHBlLUxlLUJlbC1zY2FsZWQuanBnIiwic2xpZGVzaG93IjoiYzllZTUwZSJ9\" href='https:\/\/batima.ch\/wp-content\/uploads\/2026\/02\/Residence-la-Tour-Philippe-Le-Bel-scaled.jpg'><img width=\"2441\" height=\"2560\" src=\"https:\/\/batima.ch\/wp-content\/uploads\/2026\/02\/Residence-la-Tour-Philippe-Le-Bel-scaled.jpg\" class=\"attachment-full size-full\" alt=\"\" decoding=\"async\" fetchpriority=\"high\" srcset=\"https:\/\/batima.ch\/wp-content\/uploads\/2026\/02\/Residence-la-Tour-Philippe-Le-Bel-scaled.jpg 2441w, https:\/\/batima.ch\/wp-content\/uploads\/2026\/02\/Residence-la-Tour-Philippe-Le-Bel-286x300.jpg 286w, https:\/\/batima.ch\/wp-content\/uploads\/2026\/02\/Residence-la-Tour-Philippe-Le-Bel-977x1024.jpg 977w, https:\/\/batima.ch\/wp-content\/uploads\/2026\/02\/Residence-la-Tour-Philippe-Le-Bel-768x805.jpg 768w, https:\/\/batima.ch\/wp-content\/uploads\/2026\/02\/Residence-la-Tour-Philippe-Le-Bel-1465x1536.jpg 1465w, https:\/\/batima.ch\/wp-content\/uploads\/2026\/02\/Residence-la-Tour-Philippe-Le-Bel-1953x2048.jpg 1953w\" sizes=\"(max-width: 2441px) 100vw, 2441px\" \/><\/a>\n\t\t\t<\/div><\/figure><figure class='gallery-item'>\n\t\t\t<div class='gallery-icon portrait'>\n\t\t\t\t<a data-elementor-open-lightbox=\"yes\" data-elementor-lightbox-slideshow=\"c9ee50e\" data-elementor-lightbox-title=\"Le Serenissime\" data-e-action-hash=\"#elementor-action%3Aaction%3Dlightbox%26settings%3DeyJpZCI6MTk4NywidXJsIjoiaHR0cHM6XC9cL2JhdGltYS5jaFwvd3AtY29udGVudFwvdXBsb2Fkc1wvMjAyNlwvMDJcL0xlLVNlcmVuaXNzaW1lLXNjYWxlZC5qcGciLCJzbGlkZXNob3ciOiJjOWVlNTBlIn0%3D\" href='https:\/\/batima.ch\/wp-content\/uploads\/2026\/02\/Le-Serenissime-scaled.jpg'><img loading=\"lazy\" width=\"1873\" height=\"2560\" src=\"https:\/\/batima.ch\/wp-content\/uploads\/2026\/02\/Le-Serenissime-scaled.jpg\" class=\"attachment-full size-full\" alt=\"\" decoding=\"async\" srcset=\"https:\/\/batima.ch\/wp-content\/uploads\/2026\/02\/Le-Serenissime-scaled.jpg 1873w, https:\/\/batima.ch\/wp-content\/uploads\/2026\/02\/Le-Serenissime-220x300.jpg 220w, https:\/\/batima.ch\/wp-content\/uploads\/2026\/02\/Le-Serenissime-749x1024.jpg 749w, https:\/\/batima.ch\/wp-content\/uploads\/2026\/02\/Le-Serenissime-768x1050.jpg 768w, https:\/\/batima.ch\/wp-content\/uploads\/2026\/02\/Le-Serenissime-1124x1536.jpg 1124w, https:\/\/batima.ch\/wp-content\/uploads\/2026\/02\/Le-Serenissime-1499x2048.jpg 1499w\" sizes=\"auto, (max-width: 1873px) 100vw, 1873px\" \/><\/a>\n\t\t\t<\/div><\/figure>\n\t\t<\/div>\n\t\t<\/div>\n\t\t\t\t\t\t<\/div>\n\t\t\t\t<\/div>\n\t\t\t\t\t<\/div>\n\t\t\t\t<\/div>\n\t\t<div class=\"elementor-element elementor-element-f492738 e-flex e-con-boxed e-con e-parent\" data-id=\"f492738\" data-element_type=\"container\" data-settings=\"{&quot;background_background&quot;:&quot;classic&quot;}\">\n\t\t\t\t\t<div class=\"e-con-inner\">\n\t\t<div class=\"elementor-element elementor-element-4d0db0b e-con-full e-flex e-con e-child\" data-id=\"4d0db0b\" data-element_type=\"container\" data-settings=\"{&quot;background_background&quot;:&quot;classic&quot;}\">\n\t\t\t\t<div class=\"elementor-element elementor-element-40d730f elementor-invisible elementor-widget elementor-widget-text-editor\" data-id=\"40d730f\" data-element_type=\"widget\" data-settings=\"{&quot;_animation&quot;:&quot;fadeInLeft&quot;}\" data-widget_type=\"text-editor.default\">\n\t\t\t\t\t\t\t\t\t<p><a href=\"https:\/\/batima.ch\/de\/vermaechtnis\/unsere-realisierungen\/\"> <strong>&gt; Entdecken Sie unsere <\/strong><strong>weiteren Referenzen<\/strong><\/a><\/p>\t\t\t\t\t\t\t\t<\/div>\n\t\t\t\t<\/div>\n\t\t<div class=\"elementor-element elementor-element-a9a626e e-con-full e-flex elementor-invisible e-con e-child\" data-id=\"a9a626e\" data-element_type=\"container\" data-settings=\"{&quot;background_background&quot;:&quot;classic&quot;,&quot;animation&quot;:&quot;fadeInRight&quot;}\">\n\t\t\t\t<\/div>\n\t\t\t\t\t<\/div>\n\t\t\t\t<\/div>\n\t\t\t\t<\/div>\n\t\t","protected":false},"excerpt":{"rendered":"<p>PARIS 16. Ende der 60er- und Anfang der 70er-Jahre verdichtet sich Paris weiter, und das Stadtgef\u00fcge einiger Randviertel wandelt sich nach und nach, um neue Bewohner aufzunehmen. Im 16. Arrondissement beteiligt sich Batima aktiv an diesem Wandel, indem einige der letzten Eigent\u00fcmer von Stadtpalais in den Bau hochwertiger Mehrfamilienh\u00e4user einbezogen werden. Durch die Weiterentwicklung des [&hellip;]<\/p>\n","protected":false},"author":1,"featured_media":0,"parent":2058,"menu_order":0,"comment_status":"closed","ping_status":"closed","template":"","meta":{"footnotes":""},"class_list":["post-1989","page","type-page","status-publish","hentry"],"yoast_head":"<!-- This site is optimized with the Yoast SEO plugin v27.4 - https:\/\/yoast.com\/product\/yoast-seo-wordpress\/ -->\n<title>PARIS 16. - batima.ch<\/title>\n<meta name=\"robots\" content=\"index, follow, max-snippet:-1, max-image-preview:large, max-video-preview:-1\" \/>\n<link rel=\"canonical\" href=\"https:\/\/batima.ch\/de\/vermaechtnis\/unsere-realisierungen\/paris-16\/\" \/>\n<meta property=\"og:locale\" content=\"de_DE\" \/>\n<meta property=\"og:type\" content=\"article\" \/>\n<meta property=\"og:title\" content=\"PARIS 16. - batima.ch\" \/>\n<meta property=\"og:description\" content=\"PARIS 16. Ende der 60er- und Anfang der 70er-Jahre verdichtet sich Paris weiter, und das Stadtgef\u00fcge einiger Randviertel wandelt sich nach und nach, um neue Bewohner aufzunehmen. Im 16. Arrondissement beteiligt sich Batima aktiv an diesem Wandel, indem einige der letzten Eigent\u00fcmer von Stadtpalais in den Bau hochwertiger Mehrfamilienh\u00e4user einbezogen werden. Durch die Weiterentwicklung des [&hellip;]\" \/>\n<meta property=\"og:url\" content=\"https:\/\/batima.ch\/de\/vermaechtnis\/unsere-realisierungen\/paris-16\/\" \/>\n<meta property=\"og:site_name\" content=\"batima.ch\" \/>\n<meta property=\"article:modified_time\" content=\"2026-04-12T11:47:57+00:00\" \/>\n<meta property=\"og:image\" content=\"https:\/\/batima.ch\/wp-content\/uploads\/2026\/02\/Residence-la-Tour-Philippe-Le-Bel-scaled.jpg\" \/>\n<meta name=\"twitter:card\" content=\"summary_large_image\" \/>\n<meta name=\"twitter:label1\" content=\"Gesch\u00e4tzte Lesezeit\" \/>\n\t<meta name=\"twitter:data1\" content=\"1\u00a0Minute\" \/>\n<script type=\"application\/ld+json\" class=\"yoast-schema-graph\">{\"@context\":\"https:\\\/\\\/schema.org\",\"@graph\":[{\"@type\":\"WebPage\",\"@id\":\"https:\\\/\\\/batima.ch\\\/de\\\/vermaechtnis\\\/unsere-realisierungen\\\/paris-16\\\/\",\"url\":\"https:\\\/\\\/batima.ch\\\/de\\\/vermaechtnis\\\/unsere-realisierungen\\\/paris-16\\\/\",\"name\":\"PARIS 16. - batima.ch\",\"isPartOf\":{\"@id\":\"https:\\\/\\\/batima.ch\\\/de\\\/#website\"},\"primaryImageOfPage\":{\"@id\":\"https:\\\/\\\/batima.ch\\\/de\\\/vermaechtnis\\\/unsere-realisierungen\\\/paris-16\\\/#primaryimage\"},\"image\":{\"@id\":\"https:\\\/\\\/batima.ch\\\/de\\\/vermaechtnis\\\/unsere-realisierungen\\\/paris-16\\\/#primaryimage\"},\"thumbnailUrl\":\"https:\\\/\\\/batima.ch\\\/wp-content\\\/uploads\\\/2026\\\/02\\\/Residence-la-Tour-Philippe-Le-Bel-scaled.jpg\",\"datePublished\":\"2025-12-17T09:53:38+00:00\",\"dateModified\":\"2026-04-12T11:47:57+00:00\",\"breadcrumb\":{\"@id\":\"https:\\\/\\\/batima.ch\\\/de\\\/vermaechtnis\\\/unsere-realisierungen\\\/paris-16\\\/#breadcrumb\"},\"inLanguage\":\"de\",\"potentialAction\":[{\"@type\":\"ReadAction\",\"target\":[\"https:\\\/\\\/batima.ch\\\/de\\\/vermaechtnis\\\/unsere-realisierungen\\\/paris-16\\\/\"]}]},{\"@type\":\"ImageObject\",\"inLanguage\":\"de\",\"@id\":\"https:\\\/\\\/batima.ch\\\/de\\\/vermaechtnis\\\/unsere-realisierungen\\\/paris-16\\\/#primaryimage\",\"url\":\"https:\\\/\\\/batima.ch\\\/wp-content\\\/uploads\\\/2026\\\/02\\\/Residence-la-Tour-Philippe-Le-Bel-scaled.jpg\",\"contentUrl\":\"https:\\\/\\\/batima.ch\\\/wp-content\\\/uploads\\\/2026\\\/02\\\/Residence-la-Tour-Philippe-Le-Bel-scaled.jpg\"},{\"@type\":\"BreadcrumbList\",\"@id\":\"https:\\\/\\\/batima.ch\\\/de\\\/vermaechtnis\\\/unsere-realisierungen\\\/paris-16\\\/#breadcrumb\",\"itemListElement\":[{\"@type\":\"ListItem\",\"position\":1,\"name\":\"Home\",\"item\":\"https:\\\/\\\/batima.ch\\\/de\\\/\"},{\"@type\":\"ListItem\",\"position\":2,\"name\":\"VERM\u00c4CHTNIS\",\"item\":\"https:\\\/\\\/batima.ch\\\/de\\\/legacy\\\/\"},{\"@type\":\"ListItem\",\"position\":3,\"name\":\"UNSERE REALISIERUNGEN\",\"item\":\"https:\\\/\\\/batima.ch\\\/de\\\/legacy\\\/nos-realisations\\\/\"},{\"@type\":\"ListItem\",\"position\":4,\"name\":\"PARIS 16.\"}]},{\"@type\":\"WebSite\",\"@id\":\"https:\\\/\\\/batima.ch\\\/de\\\/#website\",\"url\":\"https:\\\/\\\/batima.ch\\\/de\\\/\",\"name\":\"batima.ch\",\"description\":\"\",\"publisher\":{\"@id\":\"https:\\\/\\\/batima.ch\\\/de\\\/#organization\"},\"potentialAction\":[{\"@type\":\"SearchAction\",\"target\":{\"@type\":\"EntryPoint\",\"urlTemplate\":\"https:\\\/\\\/batima.ch\\\/de\\\/?s={search_term_string}\"},\"query-input\":{\"@type\":\"PropertyValueSpecification\",\"valueRequired\":true,\"valueName\":\"search_term_string\"}}],\"inLanguage\":\"de\"},{\"@type\":\"Organization\",\"@id\":\"https:\\\/\\\/batima.ch\\\/de\\\/#organization\",\"name\":\"Batima S.A\",\"url\":\"https:\\\/\\\/batima.ch\\\/de\\\/\",\"logo\":{\"@type\":\"ImageObject\",\"inLanguage\":\"de\",\"@id\":\"https:\\\/\\\/batima.ch\\\/de\\\/#\\\/schema\\\/logo\\\/image\\\/\",\"url\":\"https:\\\/\\\/batima.ch\\\/wp-content\\\/uploads\\\/2025\\\/11\\\/Asset-22.svg\",\"contentUrl\":\"https:\\\/\\\/batima.ch\\\/wp-content\\\/uploads\\\/2025\\\/11\\\/Asset-22.svg\",\"width\":733,\"height\":185,\"caption\":\"Batima S.A\"},\"image\":{\"@id\":\"https:\\\/\\\/batima.ch\\\/de\\\/#\\\/schema\\\/logo\\\/image\\\/\"},\"sameAs\":[\"https:\\\/\\\/www.instagram.com\\\/groupebatima\\\/\"]}]}<\/script>\n<!-- \/ Yoast SEO plugin. -->","yoast_head_json":{"title":"PARIS 16. - batima.ch","robots":{"index":"index","follow":"follow","max-snippet":"max-snippet:-1","max-image-preview":"max-image-preview:large","max-video-preview":"max-video-preview:-1"},"canonical":"https:\/\/batima.ch\/de\/vermaechtnis\/unsere-realisierungen\/paris-16\/","og_locale":"de_DE","og_type":"article","og_title":"PARIS 16. - batima.ch","og_description":"PARIS 16. Ende der 60er- und Anfang der 70er-Jahre verdichtet sich Paris weiter, und das Stadtgef\u00fcge einiger Randviertel wandelt sich nach und nach, um neue Bewohner aufzunehmen. Im 16. Arrondissement beteiligt sich Batima aktiv an diesem Wandel, indem einige der letzten Eigent\u00fcmer von Stadtpalais in den Bau hochwertiger Mehrfamilienh\u00e4user einbezogen werden. Durch die Weiterentwicklung des [&hellip;]","og_url":"https:\/\/batima.ch\/de\/vermaechtnis\/unsere-realisierungen\/paris-16\/","og_site_name":"batima.ch","article_modified_time":"2026-04-12T11:47:57+00:00","og_image":[{"url":"https:\/\/batima.ch\/wp-content\/uploads\/2026\/02\/Residence-la-Tour-Philippe-Le-Bel-scaled.jpg","type":"","width":"","height":""}],"twitter_card":"summary_large_image","twitter_misc":{"Gesch\u00e4tzte Lesezeit":"1\u00a0Minute"},"schema":{"@context":"https:\/\/schema.org","@graph":[{"@type":"WebPage","@id":"https:\/\/batima.ch\/de\/vermaechtnis\/unsere-realisierungen\/paris-16\/","url":"https:\/\/batima.ch\/de\/vermaechtnis\/unsere-realisierungen\/paris-16\/","name":"PARIS 16. - batima.ch","isPartOf":{"@id":"https:\/\/batima.ch\/de\/#website"},"primaryImageOfPage":{"@id":"https:\/\/batima.ch\/de\/vermaechtnis\/unsere-realisierungen\/paris-16\/#primaryimage"},"image":{"@id":"https:\/\/batima.ch\/de\/vermaechtnis\/unsere-realisierungen\/paris-16\/#primaryimage"},"thumbnailUrl":"https:\/\/batima.ch\/wp-content\/uploads\/2026\/02\/Residence-la-Tour-Philippe-Le-Bel-scaled.jpg","datePublished":"2025-12-17T09:53:38+00:00","dateModified":"2026-04-12T11:47:57+00:00","breadcrumb":{"@id":"https:\/\/batima.ch\/de\/vermaechtnis\/unsere-realisierungen\/paris-16\/#breadcrumb"},"inLanguage":"de","potentialAction":[{"@type":"ReadAction","target":["https:\/\/batima.ch\/de\/vermaechtnis\/unsere-realisierungen\/paris-16\/"]}]},{"@type":"ImageObject","inLanguage":"de","@id":"https:\/\/batima.ch\/de\/vermaechtnis\/unsere-realisierungen\/paris-16\/#primaryimage","url":"https:\/\/batima.ch\/wp-content\/uploads\/2026\/02\/Residence-la-Tour-Philippe-Le-Bel-scaled.jpg","contentUrl":"https:\/\/batima.ch\/wp-content\/uploads\/2026\/02\/Residence-la-Tour-Philippe-Le-Bel-scaled.jpg"},{"@type":"BreadcrumbList","@id":"https:\/\/batima.ch\/de\/vermaechtnis\/unsere-realisierungen\/paris-16\/#breadcrumb","itemListElement":[{"@type":"ListItem","position":1,"name":"Home","item":"https:\/\/batima.ch\/de\/"},{"@type":"ListItem","position":2,"name":"VERM\u00c4CHTNIS","item":"https:\/\/batima.ch\/de\/legacy\/"},{"@type":"ListItem","position":3,"name":"UNSERE REALISIERUNGEN","item":"https:\/\/batima.ch\/de\/legacy\/nos-realisations\/"},{"@type":"ListItem","position":4,"name":"PARIS 16."}]},{"@type":"WebSite","@id":"https:\/\/batima.ch\/de\/#website","url":"https:\/\/batima.ch\/de\/","name":"batima.ch","description":"","publisher":{"@id":"https:\/\/batima.ch\/de\/#organization"},"potentialAction":[{"@type":"SearchAction","target":{"@type":"EntryPoint","urlTemplate":"https:\/\/batima.ch\/de\/?s={search_term_string}"},"query-input":{"@type":"PropertyValueSpecification","valueRequired":true,"valueName":"search_term_string"}}],"inLanguage":"de"},{"@type":"Organization","@id":"https:\/\/batima.ch\/de\/#organization","name":"Batima S.A","url":"https:\/\/batima.ch\/de\/","logo":{"@type":"ImageObject","inLanguage":"de","@id":"https:\/\/batima.ch\/de\/#\/schema\/logo\/image\/","url":"https:\/\/batima.ch\/wp-content\/uploads\/2025\/11\/Asset-22.svg","contentUrl":"https:\/\/batima.ch\/wp-content\/uploads\/2025\/11\/Asset-22.svg","width":733,"height":185,"caption":"Batima S.A"},"image":{"@id":"https:\/\/batima.ch\/de\/#\/schema\/logo\/image\/"},"sameAs":["https:\/\/www.instagram.com\/groupebatima\/"]}]}},"_links":{"self":[{"href":"https:\/\/batima.ch\/de\/wp-json\/wp\/v2\/pages\/1989","targetHints":{"allow":["GET"]}}],"collection":[{"href":"https:\/\/batima.ch\/de\/wp-json\/wp\/v2\/pages"}],"about":[{"href":"https:\/\/batima.ch\/de\/wp-json\/wp\/v2\/types\/page"}],"author":[{"embeddable":true,"href":"https:\/\/batima.ch\/de\/wp-json\/wp\/v2\/users\/1"}],"replies":[{"embeddable":true,"href":"https:\/\/batima.ch\/de\/wp-json\/wp\/v2\/comments?post=1989"}],"version-history":[{"count":5,"href":"https:\/\/batima.ch\/de\/wp-json\/wp\/v2\/pages\/1989\/revisions"}],"predecessor-version":[{"id":3748,"href":"https:\/\/batima.ch\/de\/wp-json\/wp\/v2\/pages\/1989\/revisions\/3748"}],"up":[{"embeddable":true,"href":"https:\/\/batima.ch\/de\/wp-json\/wp\/v2\/pages\/2058"}],"wp:attachment":[{"href":"https:\/\/batima.ch\/de\/wp-json\/wp\/v2\/media?parent=1989"}],"curies":[{"name":"wp","href":"https:\/\/api.w.org\/{rel}","templated":true}]}}